{"id":8515,"date":"2020-05-19T15:18:50","date_gmt":"2020-05-19T15:18:50","guid":{"rendered":"https:\/\/guitarradegranada.com\/producto\/prudencio-saez-1-fp-guitar-22\/"},"modified":"2020-05-19T15:18:50","modified_gmt":"2020-05-19T15:18:50","slug":"prudencio-saez-1-fp-guitar-22","status":"publish","type":"product","link":"https:\/\/guitarradegranada.com\/en\/product\/prudencio-saez-1-fp-guitar-22\/","title":{"rendered":"Prudencio Saez 1-FP Guitar (22)"},"content":{"rendered":"<div id=\"short_description_content\" class=\"rte align_justify\">\n<p>The <strong>guitar Prudencio Saez 22<\/strong> is a flamenco guitar built in Spain with quality materials.<\/p>\n<p>It is an intermediate flamenco model of Prudencio Saez guitars. Special attention has been paid to the action of the guitar with the student and the player in mind. <\/p>\n<p>The sound is rich, with lots of attack and well balanced. The solid Cypress body gives good projection and a very flamenco sound and the solid Spruce top gives the guitar a professional sound. <\/p>\n<div class=\"tab-content responsive bugMargins\">\n<div id=\"tab-1\" class=\"JS_contentTab tab-pane fade in active\" data-tabid=\"tab-Caracter\u00edsticas\">\n<div class=\"ovhd prod_desc col-md-8 col-sm-12 col-xs-12\">\n<p>Therefore it is impossible to get this quality at a better price. That is why it is so desirable and popular. <\/p>\n<p><strong>*Includes transparent knockout installed.<\/strong><\/p>\n<\/div>\n<\/div>\n<\/div>\n<div class=\"clearfix\">\n<div class=\"clearfix\"><strong>Technical specifications:<\/strong><\/div>\n<div>\n<div class=\"box1\">\n<div><\/div>\n<div class=\"box1_cnt\">\n<table class=\"table3 w100\" width=\"251\">\n<tbody>\n<tr>\n<td class=\"t4\"><strong>Top<\/strong><\/td>\n<td class=\"t2\">Solid spruce<\/td>\n<\/tr>\n<tr>\n<td class=\"t4\"><strong>Back and sides<\/strong><\/td>\n<td class=\"t2\">Solid cypress<\/td>\n<\/tr>\n<tr>\n<td class=\"t4\"><strong>Mast<\/strong><\/td>\n<td class=\"t2\">Cedar<\/td>\n<\/tr>\n<tr>\n<td class=\"t4\"><strong>Varnishing<\/strong><\/td>\n<td class=\"t2\">Polyurethane<\/td>\n<\/tr>\n<tr>\n<td class=\"t4\"><strong>Scale<\/strong><\/td>\n<td class=\"t2\">650 mm<\/td>\n<\/tr>\n<\/tbody>\n<\/table>\n<\/div>\n<\/div>\n<div class=\"clear\"><\/div>\n<\/div>\n<\/div>\n<p>&nbsp;<\/p>\n<\/div>\n","protected":false},"excerpt":{"rendered":"<p><img loading=\"lazy\" decoding=\"async\" class=\"alignnone wp-image-1907\" src=\"https:\/\/guitarradegranada.com\/wp-content\/uploads\/2020\/05\/prudencio-saez-170-arce-e1590775781831-300x165.jpg\" alt=\"Prudencio Saez\" width=\"161\" height=\"89\" srcset=\"https:\/\/guitarradegranada.com\/wp-content\/uploads\/2020\/05\/prudencio-saez-170-arce-e1590775781831-300x165.jpg 300w, https:\/\/guitarradegranada.com\/wp-content\/uploads\/2020\/05\/prudencio-saez-170-arce-e1590775781831-629x346.jpg 629w, https:\/\/guitarradegranada.com\/wp-content\/uploads\/2020\/05\/prudencio-saez-170-arce-e1590775781831-64x35.jpg 64w, https:\/\/guitarradegranada.com\/wp-content\/uploads\/2020\/05\/prudencio-saez-170-arce-e1590775781831-768x422.jpg 768w, https:\/\/guitarradegranada.com\/wp-content\/uploads\/2020\/05\/prudencio-saez-170-arce-e1590775781831-560x308.jpg 560w, https:\/\/guitarradegranada.com\/wp-content\/uploads\/2020\/05\/prudencio-saez-170-arce-e1590775781831.jpg 800w\" sizes=\"auto, (max-width: 161px) 100vw, 161px\" \/><\/p>\n<p>Flamenco guitar built 100% Spain. Flamenco intermediate model of Prudencio S\u00e1ez guitars. <\/p>\n","protected":false},"featured_media":1186,"template":"","meta":{"_coblocks_attr":"","_coblocks_dimensions":"","_coblocks_responsive_height":"","_coblocks_accordion_ie_support":"","_crdt_document":"","jetpack_publicize_message":"","jetpack_publicize_feature_enabled":true,"jetpack_social_post_already_shared":true,"jetpack_social_options":{"image_generator_settings":{"template":"highway","default_image_id":0,"font":"","enabled":false},"version":2},"_wpas_customize_per_network":false},"product_brand":[],"product_cat":[50518905,50518898],"product_tag":[50518940,50519025],"class_list":{"0":"post-8515","1":"product","2":"type-product","3":"status-publish","4":"has-post-thumbnail","6":"product_cat-flamenco-studio-guitars","7":"product_cat-classical-and-flamenco-guitars","8":"product_tag-flamenco-guitar","9":"product_tag-prudencio-saez-22","10":"product_shipping_class-guitar-shipment","12":"first","13":"instock","14":"sale","15":"taxable","16":"shipping-taxable","17":"purchasable","18":"product-type-simple"},"bundled_by":[],"bundle_stock_status":"instock","bundle_stock_quantity":null,"bundle_virtual":false,"bundle_layout":"","bundle_add_to_cart_form_location":"","bundle_editable_in_cart":false,"bundle_sold_individually_context":"","bundle_item_grouping":"","bundle_min_size":"","bundle_max_size":"","bundle_price":[],"bundled_items":[],"bundle_sell_ids":[],"group_of_quantity":0,"min_quantity":0,"max_quantity":"","exclude_order_quantity_value_rules":"no","exclude_category_quantity_rules":"no","combine_variations":"no","exclude_global_add_ons":[],"addons":[],"yoast_head":"<!-- This site is optimized with the Yoast SEO plugin v27.4 - https:\/\/yoast.com\/product\/yoast-seo-wordpress\/ -->\n<title>\u25b7 Prudencio Saez 1-FP Guitar (22) - LA GUITARRER\u00cdA DE GRANADA%.<\/title>\n<meta name=\"description\" content=\"\ud83c\udfb8 Flamenco guitar built 100% in Spain. Solid Cypress body. Powerful, clean and colorful sound. | \u2708\ufe0f Free shipping 24\/48h.\" \/>\n<meta name=\"robots\" content=\"index, follow, max-snippet:-1, max-image-preview:large, max-video-preview:-1\" \/>\n<link rel=\"canonical\" href=\"https:\/\/guitarradegranada.com\/en\/product\/prudencio-saez-1-fp-guitar-22\/\" \/>\n<meta property=\"og:locale\" content=\"en_US\" \/>\n<meta property=\"og:type\" content=\"article\" \/>\n<meta property=\"og:title\" content=\"\u25b7 Prudencio Saez 1-FP Guitar (22) - LA GUITARRER\u00cdA DE GRANADA%.\" \/>\n<meta property=\"og:description\" content=\"\ud83c\udfb8 Flamenco guitar built 100% in Spain. Solid Cypress body. Powerful, clean and colorful sound. | \u2708\ufe0f Free shipping 24\/48h.\" \/>\n<meta property=\"og:url\" content=\"https:\/\/guitarradegranada.com\/en\/product\/prudencio-saez-1-fp-guitar-22\/\" \/>\n<meta property=\"og:site_name\" content=\"LA GUITARRER\u00cdA DE GRANADA\" \/>\n<meta property=\"og:image\" content=\"https:\/\/i0.wp.com\/guitarradegranada.com\/wp-content\/uploads\/2020\/05\/prudencio-saez-22.jpg?fit=1059%2C1059&ssl=1\" \/>\n\t<meta property=\"og:image:width\" content=\"1059\" \/>\n\t<meta property=\"og:image:height\" content=\"1059\" \/>\n\t<meta property=\"og:image:type\" content=\"image\/jpeg\" \/>\n<meta name=\"twitter:card\" content=\"summary_large_image\" \/>\n<meta name=\"twitter:label1\" content=\"Est. reading time\" \/>\n\t<meta name=\"twitter:data1\" content=\"1 minute\" \/>\n<script type=\"application\/ld+json\" class=\"yoast-schema-graph\">{\"@context\":\"https:\\\/\\\/schema.org\",\"@graph\":[{\"@type\":\"WebPage\",\"@id\":\"https:\\\/\\\/guitarradegranada.com\\\/en\\\/product\\\/prudencio-saez-1-fp-guitar-22\\\/\",\"url\":\"https:\\\/\\\/guitarradegranada.com\\\/en\\\/product\\\/prudencio-saez-1-fp-guitar-22\\\/\",\"name\":\"\u25b7 Prudencio Saez 1-FP Guitar (22) - LA GUITARRER\u00cdA DE GRANADA%.\",\"isPartOf\":{\"@id\":\"https:\\\/\\\/guitarradegranada.com\\\/en\\\/#website\"},\"primaryImageOfPage\":{\"@id\":\"https:\\\/\\\/guitarradegranada.com\\\/en\\\/product\\\/prudencio-saez-1-fp-guitar-22\\\/#primaryimage\"},\"image\":{\"@id\":\"https:\\\/\\\/guitarradegranada.com\\\/en\\\/product\\\/prudencio-saez-1-fp-guitar-22\\\/#primaryimage\"},\"thumbnailUrl\":\"https:\\\/\\\/guitarradegranada.com\\\/wp-content\\\/uploads\\\/2020\\\/05\\\/prudencio-saez-22.jpg\",\"datePublished\":\"2020-05-19T15:18:50+00:00\",\"description\":\"\ud83c\udfb8 Flamenco guitar built 100% in Spain. Solid Cypress body. Powerful, clean and colorful sound. | \u2708\ufe0f Free shipping 24\\\/48h.\",\"breadcrumb\":{\"@id\":\"https:\\\/\\\/guitarradegranada.com\\\/en\\\/product\\\/prudencio-saez-1-fp-guitar-22\\\/#breadcrumb\"},\"inLanguage\":\"en-US\",\"potentialAction\":[{\"@type\":\"ReadAction\",\"target\":[\"https:\\\/\\\/guitarradegranada.com\\\/en\\\/product\\\/prudencio-saez-1-fp-guitar-22\\\/\"]}]},{\"@type\":\"ImageObject\",\"inLanguage\":\"en-US\",\"@id\":\"https:\\\/\\\/guitarradegranada.com\\\/en\\\/product\\\/prudencio-saez-1-fp-guitar-22\\\/#primaryimage\",\"url\":\"https:\\\/\\\/guitarradegranada.com\\\/wp-content\\\/uploads\\\/2020\\\/05\\\/prudencio-saez-22.jpg\",\"contentUrl\":\"https:\\\/\\\/guitarradegranada.com\\\/wp-content\\\/uploads\\\/2020\\\/05\\\/prudencio-saez-22.jpg\",\"width\":1059,\"height\":1059,\"caption\":\"Prudencio Saez 22\"},{\"@type\":\"BreadcrumbList\",\"@id\":\"https:\\\/\\\/guitarradegranada.com\\\/en\\\/product\\\/prudencio-saez-1-fp-guitar-22\\\/#breadcrumb\",\"itemListElement\":[{\"@type\":\"ListItem\",\"position\":1,\"name\":\"Portada\",\"item\":\"https:\\\/\\\/guitarradegranada.com\\\/en\\\/\"},{\"@type\":\"ListItem\",\"position\":2,\"name\":\"Store\",\"item\":\"https:\\\/\\\/guitarradegranada.com\\\/en\\\/store\\\/\"},{\"@type\":\"ListItem\",\"position\":3,\"name\":\"Prudencio Saez 1-FP Guitar (22)\"}]},{\"@type\":\"WebSite\",\"@id\":\"https:\\\/\\\/guitarradegranada.com\\\/en\\\/#website\",\"url\":\"https:\\\/\\\/guitarradegranada.com\\\/en\\\/\",\"name\":\"LA GUITARRER\u00cdA DE GRANADA\",\"description\":\"La Guitarrer\u00eda de Granada es un taller de lutheria artesano y una tienda d\u00f3nde puedes encontrar guitarras artesanas flamencas, cl\u00e1sicas y todos los accesorios para guitarristas\",\"publisher\":{\"@id\":\"https:\\\/\\\/guitarradegranada.com\\\/en\\\/#organization\"},\"potentialAction\":[{\"@type\":\"SearchAction\",\"target\":{\"@type\":\"EntryPoint\",\"urlTemplate\":\"https:\\\/\\\/guitarradegranada.com\\\/en\\\/?s={search_term_string}\"},\"query-input\":{\"@type\":\"PropertyValueSpecification\",\"valueRequired\":true,\"valueName\":\"search_term_string\"}}],\"inLanguage\":\"en-US\"},{\"@type\":\"Organization\",\"@id\":\"https:\\\/\\\/guitarradegranada.com\\\/en\\\/#organization\",\"name\":\"Guitarra de Granada\",\"url\":\"https:\\\/\\\/guitarradegranada.com\\\/en\\\/\",\"logo\":{\"@type\":\"ImageObject\",\"inLanguage\":\"en-US\",\"@id\":\"https:\\\/\\\/guitarradegranada.com\\\/en\\\/#\\\/schema\\\/logo\\\/image\\\/\",\"url\":\"https:\\\/\\\/guitarradegranada.com\\\/wp-content\\\/uploads\\\/2020\\\/05\\\/Logo-Guitarra-de-Granada.png\",\"contentUrl\":\"https:\\\/\\\/guitarradegranada.com\\\/wp-content\\\/uploads\\\/2020\\\/05\\\/Logo-Guitarra-de-Granada.png\",\"width\":1314,\"height\":219,\"caption\":\"Guitarra de Granada\"},\"image\":{\"@id\":\"https:\\\/\\\/guitarradegranada.com\\\/en\\\/#\\\/schema\\\/logo\\\/image\\\/\"}}]}<\/script>\n<!-- \/ Yoast SEO plugin. -->","yoast_head_json":{"title":"\u25b7 Prudencio Saez 1-FP Guitar (22) - LA GUITARRER\u00cdA DE GRANADA%.","description":"\ud83c\udfb8 Flamenco guitar built 100% in Spain. Solid Cypress body. Powerful, clean and colorful sound. | \u2708\ufe0f Free shipping 24\/48h.","robots":{"index":"index","follow":"follow","max-snippet":"max-snippet:-1","max-image-preview":"max-image-preview:large","max-video-preview":"max-video-preview:-1"},"canonical":"https:\/\/guitarradegranada.com\/en\/product\/prudencio-saez-1-fp-guitar-22\/","og_locale":"en_US","og_type":"article","og_title":"\u25b7 Prudencio Saez 1-FP Guitar (22) - LA GUITARRER\u00cdA DE GRANADA%.","og_description":"\ud83c\udfb8 Flamenco guitar built 100% in Spain. Solid Cypress body. Powerful, clean and colorful sound. | \u2708\ufe0f Free shipping 24\/48h.","og_url":"https:\/\/guitarradegranada.com\/en\/product\/prudencio-saez-1-fp-guitar-22\/","og_site_name":"LA GUITARRER\u00cdA DE GRANADA","og_image":[{"width":1059,"height":1059,"url":"https:\/\/i0.wp.com\/guitarradegranada.com\/wp-content\/uploads\/2020\/05\/prudencio-saez-22.jpg?fit=1059%2C1059&ssl=1","type":"image\/jpeg"}],"twitter_card":"summary_large_image","twitter_misc":{"Est. reading time":"1 minute"},"schema":{"@context":"https:\/\/schema.org","@graph":[{"@type":"WebPage","@id":"https:\/\/guitarradegranada.com\/en\/product\/prudencio-saez-1-fp-guitar-22\/","url":"https:\/\/guitarradegranada.com\/en\/product\/prudencio-saez-1-fp-guitar-22\/","name":"\u25b7 Prudencio Saez 1-FP Guitar (22) - LA GUITARRER\u00cdA DE GRANADA%.","isPartOf":{"@id":"https:\/\/guitarradegranada.com\/en\/#website"},"primaryImageOfPage":{"@id":"https:\/\/guitarradegranada.com\/en\/product\/prudencio-saez-1-fp-guitar-22\/#primaryimage"},"image":{"@id":"https:\/\/guitarradegranada.com\/en\/product\/prudencio-saez-1-fp-guitar-22\/#primaryimage"},"thumbnailUrl":"https:\/\/guitarradegranada.com\/wp-content\/uploads\/2020\/05\/prudencio-saez-22.jpg","datePublished":"2020-05-19T15:18:50+00:00","description":"\ud83c\udfb8 Flamenco guitar built 100% in Spain. Solid Cypress body. Powerful, clean and colorful sound. | \u2708\ufe0f Free shipping 24\/48h.","breadcrumb":{"@id":"https:\/\/guitarradegranada.com\/en\/product\/prudencio-saez-1-fp-guitar-22\/#breadcrumb"},"inLanguage":"en-US","potentialAction":[{"@type":"ReadAction","target":["https:\/\/guitarradegranada.com\/en\/product\/prudencio-saez-1-fp-guitar-22\/"]}]},{"@type":"ImageObject","inLanguage":"en-US","@id":"https:\/\/guitarradegranada.com\/en\/product\/prudencio-saez-1-fp-guitar-22\/#primaryimage","url":"https:\/\/guitarradegranada.com\/wp-content\/uploads\/2020\/05\/prudencio-saez-22.jpg","contentUrl":"https:\/\/guitarradegranada.com\/wp-content\/uploads\/2020\/05\/prudencio-saez-22.jpg","width":1059,"height":1059,"caption":"Prudencio Saez 22"},{"@type":"BreadcrumbList","@id":"https:\/\/guitarradegranada.com\/en\/product\/prudencio-saez-1-fp-guitar-22\/#breadcrumb","itemListElement":[{"@type":"ListItem","position":1,"name":"Portada","item":"https:\/\/guitarradegranada.com\/en\/"},{"@type":"ListItem","position":2,"name":"Store","item":"https:\/\/guitarradegranada.com\/en\/store\/"},{"@type":"ListItem","position":3,"name":"Prudencio Saez 1-FP Guitar (22)"}]},{"@type":"WebSite","@id":"https:\/\/guitarradegranada.com\/en\/#website","url":"https:\/\/guitarradegranada.com\/en\/","name":"LA GUITARRER\u00cdA DE GRANADA","description":"La Guitarrer\u00eda de Granada es un taller de lutheria artesano y una tienda d\u00f3nde puedes encontrar guitarras artesanas flamencas, cl\u00e1sicas y todos los accesorios para guitarristas","publisher":{"@id":"https:\/\/guitarradegranada.com\/en\/#organization"},"potentialAction":[{"@type":"SearchAction","target":{"@type":"EntryPoint","urlTemplate":"https:\/\/guitarradegranada.com\/en\/?s={search_term_string}"},"query-input":{"@type":"PropertyValueSpecification","valueRequired":true,"valueName":"search_term_string"}}],"inLanguage":"en-US"},{"@type":"Organization","@id":"https:\/\/guitarradegranada.com\/en\/#organization","name":"Guitarra de Granada","url":"https:\/\/guitarradegranada.com\/en\/","logo":{"@type":"ImageObject","inLanguage":"en-US","@id":"https:\/\/guitarradegranada.com\/en\/#\/schema\/logo\/image\/","url":"https:\/\/guitarradegranada.com\/wp-content\/uploads\/2020\/05\/Logo-Guitarra-de-Granada.png","contentUrl":"https:\/\/guitarradegranada.com\/wp-content\/uploads\/2020\/05\/Logo-Guitarra-de-Granada.png","width":1314,"height":219,"caption":"Guitarra de Granada"},"image":{"@id":"https:\/\/guitarradegranada.com\/en\/#\/schema\/logo\/image\/"}}]}},"jetpack_publicize_connections":[],"jetpack_sharing_enabled":true,"amp_enabled":true,"_links":{"self":[{"href":"https:\/\/guitarradegranada.com\/en\/wp-json\/wp\/v2\/product\/8515","targetHints":{"allow":["GET"]}}],"collection":[{"href":"https:\/\/guitarradegranada.com\/en\/wp-json\/wp\/v2\/product"}],"about":[{"href":"https:\/\/guitarradegranada.com\/en\/wp-json\/wp\/v2\/types\/product"}],"wp:featuredmedia":[{"embeddable":true,"href":"https:\/\/guitarradegranada.com\/en\/wp-json\/wp\/v2\/media\/1186"}],"wp:attachment":[{"href":"https:\/\/guitarradegranada.com\/en\/wp-json\/wp\/v2\/media?parent=8515"}],"wp:term":[{"taxonomy":"product_brand","embeddable":true,"href":"https:\/\/guitarradegranada.com\/en\/wp-json\/wp\/v2\/product_brand?post=8515"},{"taxonomy":"product_cat","embeddable":true,"href":"https:\/\/guitarradegranada.com\/en\/wp-json\/wp\/v2\/product_cat?post=8515"},{"taxonomy":"product_tag","embeddable":true,"href":"https:\/\/guitarradegranada.com\/en\/wp-json\/wp\/v2\/product_tag?post=8515"}],"curies":[{"name":"wp","href":"https:\/\/api.w.org\/{rel}","templated":true}]}}