{"id":8508,"date":"2020-05-12T12:21:37","date_gmt":"2020-05-12T12:21:37","guid":{"rendered":"https:\/\/guitarradegranada.com\/producto\/dunlop-lemon-oil-65\/"},"modified":"2020-05-12T12:21:37","modified_gmt":"2020-05-12T12:21:37","slug":"dunlop-lemon-oil-65","status":"publish","type":"product","link":"https:\/\/guitarradegranada.com\/en\/product\/dunlop-lemon-oil-65\/","title":{"rendered":"Dunlop Lemon Oil 65"},"content":{"rendered":"<p><strong>Dunlop 65 Ultimate Lemon Oil<\/strong> 118 ml is an oil that will quickly and easily nourish and clean your fretboard, making your fretboard look like new.<span id=\"result_box\" lang=\"es\">It provides an invisible seal against stains and moisture.<\/span> <\/p>\n<p>The hydration of the fingerboard with lemon oil has a rejuvenating effect on the wood, visible from the first application.<\/p>\n<p>This bottle of Dunlop 65 lemon oil will allow you to treat and take care of your instrument for a long time since you only need to apply a very small amount of product. NOT SUITABLE for maple fingerboards. <\/p>\n<p>Application procedure:<\/p>\n<ul>\n<li>Remove the strings from the instrument to facilitate the application.<\/li>\n<li>Clean all traces of dust.<\/li>\n<li>Invert the bottle and gently press the dab-o-matic applicator against the fingerboard, rubbing it in. DO NOT SQUEEZE THE BOTTLE. <\/li>\n<li>The oil will be absorbed little by little as you spread it, be careful not to pour an excessive amount, a little is enough.<\/li>\n<li>To finish, wipe off any excess oil with a clean cloth.<\/li>\n<\/ul>\n","protected":false},"excerpt":{"rendered":"<p><img loading=\"lazy\" decoding=\"async\" class=\"alignnone wp-image-1941\" src=\"https:\/\/guitarradegranada.com\/wp-content\/uploads\/2020\/05\/unnamed-300x70.jpg\" alt=\"Dunlop logo\" width=\"176\" height=\"41\"><\/p>\n<p>118ml bottle with applicator. Nourishes and cleans your fretboard quickly and easily. <\/p>\n","protected":false},"featured_media":1010,"template":"","meta":{"_coblocks_attr":"","_coblocks_dimensions":"","_coblocks_responsive_height":"","_coblocks_accordion_ie_support":"","_crdt_document":"","jetpack_publicize_message":"","jetpack_publicize_feature_enabled":true,"jetpack_social_post_already_shared":true,"jetpack_social_options":{"image_generator_settings":{"template":"highway","default_image_id":0,"font":"","enabled":false},"version":2},"_wpas_customize_per_network":false},"product_brand":[],"product_cat":[50518879,50518888],"product_tag":[50519003,50519024],"class_list":{"0":"post-8508","1":"product","2":"type-product","3":"status-publish","4":"has-post-thumbnail","6":"product_cat-guitar-accessories","7":"product_cat-cleaning-and-care","8":"product_tag-dunlop-65","9":"product_tag-lemon-oil","10":"product_shipping_class-small-accessories","12":"first","13":"instock","14":"sale","15":"featured","16":"taxable","17":"shipping-taxable","18":"purchasable","19":"product-type-simple"},"bundled_by":[],"bundle_stock_status":"instock","bundle_stock_quantity":null,"bundle_virtual":false,"bundle_layout":"","bundle_add_to_cart_form_location":"","bundle_editable_in_cart":false,"bundle_sold_individually_context":"","bundle_item_grouping":"","bundle_min_size":"","bundle_max_size":"","bundle_price":[],"bundled_items":[],"bundle_sell_ids":[],"group_of_quantity":0,"min_quantity":0,"max_quantity":"","exclude_order_quantity_value_rules":"no","exclude_category_quantity_rules":"no","combine_variations":"no","exclude_global_add_ons":[],"addons":[],"yoast_head":"<!-- This site is optimized with the Yoast SEO plugin v27.4 - https:\/\/yoast.com\/product\/yoast-seo-wordpress\/ -->\n<title>Dunlop Lemon Oil 65 - LA GUITARRER\u00cdA DE GRANADA<\/title>\n<meta name=\"description\" content=\"Dunlop 65 Ultimate Lemon Oil 118 ml will allow you to quickly and easily nourish and clean your fretboard, making your fretboard look like new.\" \/>\n<meta name=\"robots\" content=\"index, follow, max-snippet:-1, max-image-preview:large, max-video-preview:-1\" \/>\n<link rel=\"canonical\" href=\"https:\/\/guitarradegranada.com\/en\/product\/dunlop-lemon-oil-65\/\" \/>\n<meta property=\"og:locale\" content=\"en_US\" \/>\n<meta property=\"og:type\" content=\"article\" \/>\n<meta property=\"og:title\" content=\"Dunlop Lemon Oil 65 - LA GUITARRER\u00cdA DE GRANADA\" \/>\n<meta property=\"og:description\" content=\"Dunlop 65 Ultimate Lemon Oil 118 ml will allow you to quickly and easily nourish and clean your fretboard, making your fretboard look like new.\" \/>\n<meta property=\"og:url\" content=\"https:\/\/guitarradegranada.com\/en\/product\/dunlop-lemon-oil-65\/\" \/>\n<meta property=\"og:site_name\" content=\"LA GUITARRER\u00cdA DE GRANADA\" \/>\n<meta property=\"og:image\" content=\"https:\/\/i0.wp.com\/guitarradegranada.com\/wp-content\/uploads\/2020\/05\/aceite-limon.jpg?fit=330%2C600&ssl=1\" \/>\n\t<meta property=\"og:image:width\" content=\"330\" \/>\n\t<meta property=\"og:image:height\" content=\"600\" \/>\n\t<meta property=\"og:image:type\" content=\"image\/jpeg\" \/>\n<meta name=\"twitter:card\" content=\"summary_large_image\" \/>\n<meta name=\"twitter:label1\" content=\"Est. reading time\" \/>\n\t<meta name=\"twitter:data1\" content=\"1 minute\" \/>\n<script type=\"application\/ld+json\" class=\"yoast-schema-graph\">{\"@context\":\"https:\\\/\\\/schema.org\",\"@graph\":[{\"@type\":\"WebPage\",\"@id\":\"https:\\\/\\\/guitarradegranada.com\\\/en\\\/product\\\/dunlop-lemon-oil-65\\\/\",\"url\":\"https:\\\/\\\/guitarradegranada.com\\\/en\\\/product\\\/dunlop-lemon-oil-65\\\/\",\"name\":\"Dunlop Lemon Oil 65 - LA GUITARRER\u00cdA DE GRANADA\",\"isPartOf\":{\"@id\":\"https:\\\/\\\/guitarradegranada.com\\\/en\\\/#website\"},\"primaryImageOfPage\":{\"@id\":\"https:\\\/\\\/guitarradegranada.com\\\/en\\\/product\\\/dunlop-lemon-oil-65\\\/#primaryimage\"},\"image\":{\"@id\":\"https:\\\/\\\/guitarradegranada.com\\\/en\\\/product\\\/dunlop-lemon-oil-65\\\/#primaryimage\"},\"thumbnailUrl\":\"https:\\\/\\\/guitarradegranada.com\\\/wp-content\\\/uploads\\\/2020\\\/05\\\/aceite-limon.jpg\",\"datePublished\":\"2020-05-12T12:21:37+00:00\",\"description\":\"Dunlop 65 Ultimate Lemon Oil 118 ml will allow you to quickly and easily nourish and clean your fretboard, making your fretboard look like new.\",\"breadcrumb\":{\"@id\":\"https:\\\/\\\/guitarradegranada.com\\\/en\\\/product\\\/dunlop-lemon-oil-65\\\/#breadcrumb\"},\"inLanguage\":\"en-US\",\"potentialAction\":[{\"@type\":\"ReadAction\",\"target\":[\"https:\\\/\\\/guitarradegranada.com\\\/en\\\/product\\\/dunlop-lemon-oil-65\\\/\"]}]},{\"@type\":\"ImageObject\",\"inLanguage\":\"en-US\",\"@id\":\"https:\\\/\\\/guitarradegranada.com\\\/en\\\/product\\\/dunlop-lemon-oil-65\\\/#primaryimage\",\"url\":\"https:\\\/\\\/guitarradegranada.com\\\/wp-content\\\/uploads\\\/2020\\\/05\\\/aceite-limon.jpg\",\"contentUrl\":\"https:\\\/\\\/guitarradegranada.com\\\/wp-content\\\/uploads\\\/2020\\\/05\\\/aceite-limon.jpg\",\"width\":330,\"height\":600,\"caption\":\"Dunlop lemon oil\"},{\"@type\":\"BreadcrumbList\",\"@id\":\"https:\\\/\\\/guitarradegranada.com\\\/en\\\/product\\\/dunlop-lemon-oil-65\\\/#breadcrumb\",\"itemListElement\":[{\"@type\":\"ListItem\",\"position\":1,\"name\":\"Portada\",\"item\":\"https:\\\/\\\/guitarradegranada.com\\\/en\\\/\"},{\"@type\":\"ListItem\",\"position\":2,\"name\":\"Store\",\"item\":\"https:\\\/\\\/guitarradegranada.com\\\/en\\\/store\\\/\"},{\"@type\":\"ListItem\",\"position\":3,\"name\":\"Dunlop Lemon Oil 65\"}]},{\"@type\":\"WebSite\",\"@id\":\"https:\\\/\\\/guitarradegranada.com\\\/en\\\/#website\",\"url\":\"https:\\\/\\\/guitarradegranada.com\\\/en\\\/\",\"name\":\"LA GUITARRER\u00cdA DE GRANADA\",\"description\":\"La Guitarrer\u00eda de Granada es un taller de lutheria artesano y una tienda d\u00f3nde puedes encontrar guitarras artesanas flamencas, cl\u00e1sicas y todos los accesorios para guitarristas\",\"publisher\":{\"@id\":\"https:\\\/\\\/guitarradegranada.com\\\/en\\\/#organization\"},\"potentialAction\":[{\"@type\":\"SearchAction\",\"target\":{\"@type\":\"EntryPoint\",\"urlTemplate\":\"https:\\\/\\\/guitarradegranada.com\\\/en\\\/?s={search_term_string}\"},\"query-input\":{\"@type\":\"PropertyValueSpecification\",\"valueRequired\":true,\"valueName\":\"search_term_string\"}}],\"inLanguage\":\"en-US\"},{\"@type\":\"Organization\",\"@id\":\"https:\\\/\\\/guitarradegranada.com\\\/en\\\/#organization\",\"name\":\"Guitarra de Granada\",\"url\":\"https:\\\/\\\/guitarradegranada.com\\\/en\\\/\",\"logo\":{\"@type\":\"ImageObject\",\"inLanguage\":\"en-US\",\"@id\":\"https:\\\/\\\/guitarradegranada.com\\\/en\\\/#\\\/schema\\\/logo\\\/image\\\/\",\"url\":\"https:\\\/\\\/guitarradegranada.com\\\/wp-content\\\/uploads\\\/2020\\\/05\\\/Logo-Guitarra-de-Granada.png\",\"contentUrl\":\"https:\\\/\\\/guitarradegranada.com\\\/wp-content\\\/uploads\\\/2020\\\/05\\\/Logo-Guitarra-de-Granada.png\",\"width\":1314,\"height\":219,\"caption\":\"Guitarra de Granada\"},\"image\":{\"@id\":\"https:\\\/\\\/guitarradegranada.com\\\/en\\\/#\\\/schema\\\/logo\\\/image\\\/\"}}]}<\/script>\n<!-- \/ Yoast SEO plugin. -->","yoast_head_json":{"title":"Dunlop Lemon Oil 65 - LA GUITARRER\u00cdA DE GRANADA","description":"Dunlop 65 Ultimate Lemon Oil 118 ml will allow you to quickly and easily nourish and clean your fretboard, making your fretboard look like new.","robots":{"index":"index","follow":"follow","max-snippet":"max-snippet:-1","max-image-preview":"max-image-preview:large","max-video-preview":"max-video-preview:-1"},"canonical":"https:\/\/guitarradegranada.com\/en\/product\/dunlop-lemon-oil-65\/","og_locale":"en_US","og_type":"article","og_title":"Dunlop Lemon Oil 65 - LA GUITARRER\u00cdA DE GRANADA","og_description":"Dunlop 65 Ultimate Lemon Oil 118 ml will allow you to quickly and easily nourish and clean your fretboard, making your fretboard look like new.","og_url":"https:\/\/guitarradegranada.com\/en\/product\/dunlop-lemon-oil-65\/","og_site_name":"LA GUITARRER\u00cdA DE GRANADA","og_image":[{"width":330,"height":600,"url":"https:\/\/i0.wp.com\/guitarradegranada.com\/wp-content\/uploads\/2020\/05\/aceite-limon.jpg?fit=330%2C600&ssl=1","type":"image\/jpeg"}],"twitter_card":"summary_large_image","twitter_misc":{"Est. reading time":"1 minute"},"schema":{"@context":"https:\/\/schema.org","@graph":[{"@type":"WebPage","@id":"https:\/\/guitarradegranada.com\/en\/product\/dunlop-lemon-oil-65\/","url":"https:\/\/guitarradegranada.com\/en\/product\/dunlop-lemon-oil-65\/","name":"Dunlop Lemon Oil 65 - LA GUITARRER\u00cdA DE GRANADA","isPartOf":{"@id":"https:\/\/guitarradegranada.com\/en\/#website"},"primaryImageOfPage":{"@id":"https:\/\/guitarradegranada.com\/en\/product\/dunlop-lemon-oil-65\/#primaryimage"},"image":{"@id":"https:\/\/guitarradegranada.com\/en\/product\/dunlop-lemon-oil-65\/#primaryimage"},"thumbnailUrl":"https:\/\/guitarradegranada.com\/wp-content\/uploads\/2020\/05\/aceite-limon.jpg","datePublished":"2020-05-12T12:21:37+00:00","description":"Dunlop 65 Ultimate Lemon Oil 118 ml will allow you to quickly and easily nourish and clean your fretboard, making your fretboard look like new.","breadcrumb":{"@id":"https:\/\/guitarradegranada.com\/en\/product\/dunlop-lemon-oil-65\/#breadcrumb"},"inLanguage":"en-US","potentialAction":[{"@type":"ReadAction","target":["https:\/\/guitarradegranada.com\/en\/product\/dunlop-lemon-oil-65\/"]}]},{"@type":"ImageObject","inLanguage":"en-US","@id":"https:\/\/guitarradegranada.com\/en\/product\/dunlop-lemon-oil-65\/#primaryimage","url":"https:\/\/guitarradegranada.com\/wp-content\/uploads\/2020\/05\/aceite-limon.jpg","contentUrl":"https:\/\/guitarradegranada.com\/wp-content\/uploads\/2020\/05\/aceite-limon.jpg","width":330,"height":600,"caption":"Dunlop lemon oil"},{"@type":"BreadcrumbList","@id":"https:\/\/guitarradegranada.com\/en\/product\/dunlop-lemon-oil-65\/#breadcrumb","itemListElement":[{"@type":"ListItem","position":1,"name":"Portada","item":"https:\/\/guitarradegranada.com\/en\/"},{"@type":"ListItem","position":2,"name":"Store","item":"https:\/\/guitarradegranada.com\/en\/store\/"},{"@type":"ListItem","position":3,"name":"Dunlop Lemon Oil 65"}]},{"@type":"WebSite","@id":"https:\/\/guitarradegranada.com\/en\/#website","url":"https:\/\/guitarradegranada.com\/en\/","name":"LA GUITARRER\u00cdA DE GRANADA","description":"La Guitarrer\u00eda de Granada es un taller de lutheria artesano y una tienda d\u00f3nde puedes encontrar guitarras artesanas flamencas, cl\u00e1sicas y todos los accesorios para guitarristas","publisher":{"@id":"https:\/\/guitarradegranada.com\/en\/#organization"},"potentialAction":[{"@type":"SearchAction","target":{"@type":"EntryPoint","urlTemplate":"https:\/\/guitarradegranada.com\/en\/?s={search_term_string}"},"query-input":{"@type":"PropertyValueSpecification","valueRequired":true,"valueName":"search_term_string"}}],"inLanguage":"en-US"},{"@type":"Organization","@id":"https:\/\/guitarradegranada.com\/en\/#organization","name":"Guitarra de Granada","url":"https:\/\/guitarradegranada.com\/en\/","logo":{"@type":"ImageObject","inLanguage":"en-US","@id":"https:\/\/guitarradegranada.com\/en\/#\/schema\/logo\/image\/","url":"https:\/\/guitarradegranada.com\/wp-content\/uploads\/2020\/05\/Logo-Guitarra-de-Granada.png","contentUrl":"https:\/\/guitarradegranada.com\/wp-content\/uploads\/2020\/05\/Logo-Guitarra-de-Granada.png","width":1314,"height":219,"caption":"Guitarra de Granada"},"image":{"@id":"https:\/\/guitarradegranada.com\/en\/#\/schema\/logo\/image\/"}}]}},"jetpack_publicize_connections":[],"jetpack_sharing_enabled":true,"amp_enabled":true,"_links":{"self":[{"href":"https:\/\/guitarradegranada.com\/en\/wp-json\/wp\/v2\/product\/8508","targetHints":{"allow":["GET"]}}],"collection":[{"href":"https:\/\/guitarradegranada.com\/en\/wp-json\/wp\/v2\/product"}],"about":[{"href":"https:\/\/guitarradegranada.com\/en\/wp-json\/wp\/v2\/types\/product"}],"wp:featuredmedia":[{"embeddable":true,"href":"https:\/\/guitarradegranada.com\/en\/wp-json\/wp\/v2\/media\/1010"}],"wp:attachment":[{"href":"https:\/\/guitarradegranada.com\/en\/wp-json\/wp\/v2\/media?parent=8508"}],"wp:term":[{"taxonomy":"product_brand","embeddable":true,"href":"https:\/\/guitarradegranada.com\/en\/wp-json\/wp\/v2\/product_brand?post=8508"},{"taxonomy":"product_cat","embeddable":true,"href":"https:\/\/guitarradegranada.com\/en\/wp-json\/wp\/v2\/product_cat?post=8508"},{"taxonomy":"product_tag","embeddable":true,"href":"https:\/\/guitarradegranada.com\/en\/wp-json\/wp\/v2\/product_tag?post=8508"}],"curies":[{"name":"wp","href":"https:\/\/api.w.org\/{rel}","templated":true}]}}