{"id":8466,"date":"2020-06-10T21:26:02","date_gmt":"2020-06-10T21:26:02","guid":{"rendered":"https:\/\/guitarradegranada.com\/producto\/knobloch-double-silver-nylon-qz-500adq\/"},"modified":"2020-06-10T21:26:02","modified_gmt":"2020-06-10T21:26:02","slug":"knobloch-double-silver-nylon-qz-500adq","status":"publish","type":"product","link":"https:\/\/guitarradegranada.com\/en\/product\/knobloch-double-silver-nylon-qz-500adq\/","title":{"rendered":"Knobloch Double Silver Nylon QZ 500ADQ"},"content":{"rendered":"<div><strong> Knobloch Double Silver Nylon QZ 40ADQ <\/strong>string set for classical and flamenco guitar. High tension. <\/div>\n<div><\/div>\n<div>Knobloch strings have already made a name for themselves in the industry thanks to their sound quality. The <strong>Knobloch Double Silver Nylon QZ<\/strong> strings stand out for their musical expressiveness, providing more security and comfort in the interpretation. Knobloch Actives strings offer a great sound volume thanks to the use of noble materials.  <\/div>\n<div><\/div>\n<div>In this <strong>Silver Nylon<\/strong> series <strong>Knobloch<\/strong> adapts and balances the basses for nylon lovers with the new generation of thinner and sweeter Nylon Q.Z. premiums. This guarantees extreme playability and good vibrato. Its perfect balance makes the tension of the strings unnoticeable.  <\/div>\n<div><\/div>\n<div>As in other Knobloch references, we also have a great resistance and durability for intensive touch thanks to the selection and control of high quality materials.<\/div>\n<div><\/div>\n<div>The result is a balanced volume and string diameters, providing a round and crisp overall sound.<\/div>\n","protected":false},"excerpt":{"rendered":"<p><img loading=\"lazy\" decoding=\"async\" class=\"alignnone wp-image-2165\" src=\"https:\/\/guitarradegranada.com\/wp-content\/uploads\/2020\/06\/Knobloch-300x276-1.png\" alt=\"Knobloch logo\" width=\"110\" height=\"101\" srcset=\"https:\/\/guitarradegranada.com\/wp-content\/uploads\/2020\/06\/Knobloch-300x276-1.png 300w, https:\/\/guitarradegranada.com\/wp-content\/uploads\/2020\/06\/Knobloch-300x276-1-64x59.png 64w\" sizes=\"auto, (max-width: 110px) 100vw, 110px\" \/><\/p>\n<p>The <strong>Knobloch Double Silver Nylon QZ<\/strong> with its new QZ Nylon premiums stand out for their musical expressiveness, providing more safety and comfort in playing.<\/p>\n","protected":false},"featured_media":2186,"template":"","meta":{"_coblocks_attr":"","_coblocks_dimensions":"","_coblocks_responsive_height":"","_coblocks_accordion_ie_support":"","_crdt_document":"","jetpack_post_was_ever_published":false,"jetpack_publicize_message":"","jetpack_publicize_feature_enabled":true,"jetpack_social_post_already_shared":true,"jetpack_social_options":{"image_generator_settings":{"template":"highway","default_image_id":0,"font":"","enabled":false},"version":2},"_wpas_customize_per_network":false},"product_brand":[],"product_cat":[50518879,50518884,50518885],"product_tag":[50518921,50518966,50518965],"class_list":{"0":"post-8466","1":"product","2":"type-product","3":"status-publish","4":"has-post-thumbnail","6":"product_cat-guitar-accessories","7":"product_cat-classical-guitar-strings","8":"product_cat-flamenco-guitar-strings","9":"product_tag-accesorios","10":"product_tag-classical-guitar-strings","11":"product_tag-flamenco-guitar-strings","12":"product_shipping_class-cejillas-artesanas","14":"first","15":"instock","16":"sale","17":"featured","18":"taxable","19":"shipping-taxable","20":"purchasable","21":"product-type-simple"},"bundled_by":[],"bundle_stock_status":"instock","bundle_stock_quantity":null,"bundle_virtual":false,"bundle_layout":"","bundle_add_to_cart_form_location":"","bundle_editable_in_cart":false,"bundle_sold_individually_context":"","bundle_item_grouping":"","bundle_min_size":"","bundle_max_size":"","bundle_price":[],"bundled_items":[],"bundle_sell_ids":[],"group_of_quantity":0,"min_quantity":0,"max_quantity":"","exclude_order_quantity_value_rules":"no","exclude_category_quantity_rules":"no","combine_variations":"no","exclude_global_add_ons":[],"addons":[],"yoast_head":"<!-- This site is optimized with the Yoast SEO plugin v27.3 - https:\/\/yoast.com\/product\/yoast-seo-wordpress\/ -->\n<title>\u25b7 Knobloch Double Silver Nylon QZ 500ADQ - LA GUITARRER\u00cdA DE GRANADA%.<\/title>\n<meta name=\"description\" content=\"The Knobloch Double Silver Nylon QZ 500ADQ stand out for their musical expressiveness, providing more security and comfort in the interpretation. High tension.\" \/>\n<meta name=\"robots\" content=\"index, follow, max-snippet:-1, max-image-preview:large, max-video-preview:-1\" \/>\n<link rel=\"canonical\" href=\"https:\/\/guitarradegranada.com\/en\/product\/knobloch-double-silver-nylon-qz-500adq\/\" \/>\n<meta property=\"og:locale\" content=\"en_US\" \/>\n<meta property=\"og:type\" content=\"article\" \/>\n<meta property=\"og:title\" content=\"\u25b7 Knobloch Double Silver Nylon QZ 500ADQ - LA GUITARRER\u00cdA DE GRANADA%.\" \/>\n<meta property=\"og:description\" content=\"The Knobloch Double Silver Nylon QZ 500ADQ stand out for their musical expressiveness, providing more security and comfort in the interpretation. High tension.\" \/>\n<meta property=\"og:url\" content=\"https:\/\/guitarradegranada.com\/en\/product\/knobloch-double-silver-nylon-qz-500adq\/\" \/>\n<meta property=\"og:site_name\" content=\"LA GUITARRER\u00cdA DE GRANADA\" \/>\n<meta property=\"og:image\" content=\"https:\/\/i0.wp.com\/guitarradegranada.com\/wp-content\/uploads\/2020\/06\/15081695_800.jpg?fit=600%2C600&ssl=1\" \/>\n\t<meta property=\"og:image:width\" content=\"600\" \/>\n\t<meta property=\"og:image:height\" content=\"600\" \/>\n\t<meta property=\"og:image:type\" content=\"image\/jpeg\" \/>\n<meta name=\"twitter:card\" content=\"summary_large_image\" \/>\n<meta name=\"twitter:label1\" content=\"Est. reading time\" \/>\n\t<meta name=\"twitter:data1\" content=\"1 minute\" \/>\n<script type=\"application\/ld+json\" class=\"yoast-schema-graph\">{\"@context\":\"https:\\\/\\\/schema.org\",\"@graph\":[{\"@type\":\"WebPage\",\"@id\":\"https:\\\/\\\/guitarradegranada.com\\\/en\\\/product\\\/knobloch-double-silver-nylon-qz-500adq\\\/\",\"url\":\"https:\\\/\\\/guitarradegranada.com\\\/en\\\/product\\\/knobloch-double-silver-nylon-qz-500adq\\\/\",\"name\":\"\u25b7 Knobloch Double Silver Nylon QZ 500ADQ - LA GUITARRER\u00cdA DE GRANADA%.\",\"isPartOf\":{\"@id\":\"https:\\\/\\\/guitarradegranada.com\\\/en\\\/#website\"},\"primaryImageOfPage\":{\"@id\":\"https:\\\/\\\/guitarradegranada.com\\\/en\\\/product\\\/knobloch-double-silver-nylon-qz-500adq\\\/#primaryimage\"},\"image\":{\"@id\":\"https:\\\/\\\/guitarradegranada.com\\\/en\\\/product\\\/knobloch-double-silver-nylon-qz-500adq\\\/#primaryimage\"},\"thumbnailUrl\":\"https:\\\/\\\/guitarradegranada.com\\\/wp-content\\\/uploads\\\/2020\\\/06\\\/15081695_800.jpg\",\"datePublished\":\"2020-06-10T21:26:02+00:00\",\"description\":\"The Knobloch Double Silver Nylon QZ 500ADQ stand out for their musical expressiveness, providing more security and comfort in the interpretation. High tension.\",\"breadcrumb\":{\"@id\":\"https:\\\/\\\/guitarradegranada.com\\\/en\\\/product\\\/knobloch-double-silver-nylon-qz-500adq\\\/#breadcrumb\"},\"inLanguage\":\"en-US\",\"potentialAction\":[{\"@type\":\"ReadAction\",\"target\":[\"https:\\\/\\\/guitarradegranada.com\\\/en\\\/product\\\/knobloch-double-silver-nylon-qz-500adq\\\/\"]}]},{\"@type\":\"ImageObject\",\"inLanguage\":\"en-US\",\"@id\":\"https:\\\/\\\/guitarradegranada.com\\\/en\\\/product\\\/knobloch-double-silver-nylon-qz-500adq\\\/#primaryimage\",\"url\":\"https:\\\/\\\/guitarradegranada.com\\\/wp-content\\\/uploads\\\/2020\\\/06\\\/15081695_800.jpg\",\"contentUrl\":\"https:\\\/\\\/guitarradegranada.com\\\/wp-content\\\/uploads\\\/2020\\\/06\\\/15081695_800.jpg\",\"width\":600,\"height\":600,\"caption\":\"Knobloch Double Silver Nylon QZ 500ADQ\"},{\"@type\":\"BreadcrumbList\",\"@id\":\"https:\\\/\\\/guitarradegranada.com\\\/en\\\/product\\\/knobloch-double-silver-nylon-qz-500adq\\\/#breadcrumb\",\"itemListElement\":[{\"@type\":\"ListItem\",\"position\":1,\"name\":\"Portada\",\"item\":\"https:\\\/\\\/guitarradegranada.com\\\/en\\\/\"},{\"@type\":\"ListItem\",\"position\":2,\"name\":\"Store\",\"item\":\"https:\\\/\\\/guitarradegranada.com\\\/en\\\/store\\\/\"},{\"@type\":\"ListItem\",\"position\":3,\"name\":\"Knobloch Double Silver Nylon QZ 500ADQ\"}]},{\"@type\":\"WebSite\",\"@id\":\"https:\\\/\\\/guitarradegranada.com\\\/en\\\/#website\",\"url\":\"https:\\\/\\\/guitarradegranada.com\\\/en\\\/\",\"name\":\"LA GUITARRER\u00cdA DE GRANADA\",\"description\":\"La Guitarrer\u00eda de Granada es un taller de lutheria artesano y una tienda d\u00f3nde puedes encontrar guitarras artesanas flamencas, cl\u00e1sicas y todos los accesorios para guitarristas\",\"publisher\":{\"@id\":\"https:\\\/\\\/guitarradegranada.com\\\/en\\\/#organization\"},\"potentialAction\":[{\"@type\":\"SearchAction\",\"target\":{\"@type\":\"EntryPoint\",\"urlTemplate\":\"https:\\\/\\\/guitarradegranada.com\\\/en\\\/?s={search_term_string}\"},\"query-input\":{\"@type\":\"PropertyValueSpecification\",\"valueRequired\":true,\"valueName\":\"search_term_string\"}}],\"inLanguage\":\"en-US\"},{\"@type\":\"Organization\",\"@id\":\"https:\\\/\\\/guitarradegranada.com\\\/en\\\/#organization\",\"name\":\"Guitarra de Granada\",\"url\":\"https:\\\/\\\/guitarradegranada.com\\\/en\\\/\",\"logo\":{\"@type\":\"ImageObject\",\"inLanguage\":\"en-US\",\"@id\":\"https:\\\/\\\/guitarradegranada.com\\\/en\\\/#\\\/schema\\\/logo\\\/image\\\/\",\"url\":\"https:\\\/\\\/guitarradegranada.com\\\/wp-content\\\/uploads\\\/2020\\\/05\\\/Logo-Guitarra-de-Granada.png\",\"contentUrl\":\"https:\\\/\\\/guitarradegranada.com\\\/wp-content\\\/uploads\\\/2020\\\/05\\\/Logo-Guitarra-de-Granada.png\",\"width\":1314,\"height\":219,\"caption\":\"Guitarra de Granada\"},\"image\":{\"@id\":\"https:\\\/\\\/guitarradegranada.com\\\/en\\\/#\\\/schema\\\/logo\\\/image\\\/\"}}]}<\/script>\n<!-- \/ Yoast SEO plugin. -->","yoast_head_json":{"title":"\u25b7 Knobloch Double Silver Nylon QZ 500ADQ - LA GUITARRER\u00cdA DE GRANADA%.","description":"The Knobloch Double Silver Nylon QZ 500ADQ stand out for their musical expressiveness, providing more security and comfort in the interpretation. High tension.","robots":{"index":"index","follow":"follow","max-snippet":"max-snippet:-1","max-image-preview":"max-image-preview:large","max-video-preview":"max-video-preview:-1"},"canonical":"https:\/\/guitarradegranada.com\/en\/product\/knobloch-double-silver-nylon-qz-500adq\/","og_locale":"en_US","og_type":"article","og_title":"\u25b7 Knobloch Double Silver Nylon QZ 500ADQ - LA GUITARRER\u00cdA DE GRANADA%.","og_description":"The Knobloch Double Silver Nylon QZ 500ADQ stand out for their musical expressiveness, providing more security and comfort in the interpretation. High tension.","og_url":"https:\/\/guitarradegranada.com\/en\/product\/knobloch-double-silver-nylon-qz-500adq\/","og_site_name":"LA GUITARRER\u00cdA DE GRANADA","og_image":[{"width":600,"height":600,"url":"https:\/\/i0.wp.com\/guitarradegranada.com\/wp-content\/uploads\/2020\/06\/15081695_800.jpg?fit=600%2C600&ssl=1","type":"image\/jpeg"}],"twitter_card":"summary_large_image","twitter_misc":{"Est. reading time":"1 minute"},"schema":{"@context":"https:\/\/schema.org","@graph":[{"@type":"WebPage","@id":"https:\/\/guitarradegranada.com\/en\/product\/knobloch-double-silver-nylon-qz-500adq\/","url":"https:\/\/guitarradegranada.com\/en\/product\/knobloch-double-silver-nylon-qz-500adq\/","name":"\u25b7 Knobloch Double Silver Nylon QZ 500ADQ - LA GUITARRER\u00cdA DE GRANADA%.","isPartOf":{"@id":"https:\/\/guitarradegranada.com\/en\/#website"},"primaryImageOfPage":{"@id":"https:\/\/guitarradegranada.com\/en\/product\/knobloch-double-silver-nylon-qz-500adq\/#primaryimage"},"image":{"@id":"https:\/\/guitarradegranada.com\/en\/product\/knobloch-double-silver-nylon-qz-500adq\/#primaryimage"},"thumbnailUrl":"https:\/\/guitarradegranada.com\/wp-content\/uploads\/2020\/06\/15081695_800.jpg","datePublished":"2020-06-10T21:26:02+00:00","description":"The Knobloch Double Silver Nylon QZ 500ADQ stand out for their musical expressiveness, providing more security and comfort in the interpretation. High tension.","breadcrumb":{"@id":"https:\/\/guitarradegranada.com\/en\/product\/knobloch-double-silver-nylon-qz-500adq\/#breadcrumb"},"inLanguage":"en-US","potentialAction":[{"@type":"ReadAction","target":["https:\/\/guitarradegranada.com\/en\/product\/knobloch-double-silver-nylon-qz-500adq\/"]}]},{"@type":"ImageObject","inLanguage":"en-US","@id":"https:\/\/guitarradegranada.com\/en\/product\/knobloch-double-silver-nylon-qz-500adq\/#primaryimage","url":"https:\/\/guitarradegranada.com\/wp-content\/uploads\/2020\/06\/15081695_800.jpg","contentUrl":"https:\/\/guitarradegranada.com\/wp-content\/uploads\/2020\/06\/15081695_800.jpg","width":600,"height":600,"caption":"Knobloch Double Silver Nylon QZ 500ADQ"},{"@type":"BreadcrumbList","@id":"https:\/\/guitarradegranada.com\/en\/product\/knobloch-double-silver-nylon-qz-500adq\/#breadcrumb","itemListElement":[{"@type":"ListItem","position":1,"name":"Portada","item":"https:\/\/guitarradegranada.com\/en\/"},{"@type":"ListItem","position":2,"name":"Store","item":"https:\/\/guitarradegranada.com\/en\/store\/"},{"@type":"ListItem","position":3,"name":"Knobloch Double Silver Nylon QZ 500ADQ"}]},{"@type":"WebSite","@id":"https:\/\/guitarradegranada.com\/en\/#website","url":"https:\/\/guitarradegranada.com\/en\/","name":"LA GUITARRER\u00cdA DE GRANADA","description":"La Guitarrer\u00eda de Granada es un taller de lutheria artesano y una tienda d\u00f3nde puedes encontrar guitarras artesanas flamencas, cl\u00e1sicas y todos los accesorios para guitarristas","publisher":{"@id":"https:\/\/guitarradegranada.com\/en\/#organization"},"potentialAction":[{"@type":"SearchAction","target":{"@type":"EntryPoint","urlTemplate":"https:\/\/guitarradegranada.com\/en\/?s={search_term_string}"},"query-input":{"@type":"PropertyValueSpecification","valueRequired":true,"valueName":"search_term_string"}}],"inLanguage":"en-US"},{"@type":"Organization","@id":"https:\/\/guitarradegranada.com\/en\/#organization","name":"Guitarra de Granada","url":"https:\/\/guitarradegranada.com\/en\/","logo":{"@type":"ImageObject","inLanguage":"en-US","@id":"https:\/\/guitarradegranada.com\/en\/#\/schema\/logo\/image\/","url":"https:\/\/guitarradegranada.com\/wp-content\/uploads\/2020\/05\/Logo-Guitarra-de-Granada.png","contentUrl":"https:\/\/guitarradegranada.com\/wp-content\/uploads\/2020\/05\/Logo-Guitarra-de-Granada.png","width":1314,"height":219,"caption":"Guitarra de Granada"},"image":{"@id":"https:\/\/guitarradegranada.com\/en\/#\/schema\/logo\/image\/"}}]}},"jetpack_publicize_connections":[],"jetpack_sharing_enabled":true,"amp_enabled":true,"_links":{"self":[{"href":"https:\/\/guitarradegranada.com\/en\/wp-json\/wp\/v2\/product\/8466","targetHints":{"allow":["GET"]}}],"collection":[{"href":"https:\/\/guitarradegranada.com\/en\/wp-json\/wp\/v2\/product"}],"about":[{"href":"https:\/\/guitarradegranada.com\/en\/wp-json\/wp\/v2\/types\/product"}],"wp:featuredmedia":[{"embeddable":true,"href":"https:\/\/guitarradegranada.com\/en\/wp-json\/wp\/v2\/media\/2186"}],"wp:attachment":[{"href":"https:\/\/guitarradegranada.com\/en\/wp-json\/wp\/v2\/media?parent=8466"}],"wp:term":[{"taxonomy":"product_brand","embeddable":true,"href":"https:\/\/guitarradegranada.com\/en\/wp-json\/wp\/v2\/product_brand?post=8466"},{"taxonomy":"product_cat","embeddable":true,"href":"https:\/\/guitarradegranada.com\/en\/wp-json\/wp\/v2\/product_cat?post=8466"},{"taxonomy":"product_tag","embeddable":true,"href":"https:\/\/guitarradegranada.com\/en\/wp-json\/wp\/v2\/product_tag?post=8466"}],"curies":[{"name":"wp","href":"https:\/\/api.w.org\/{rel}","templated":true}]}}