{"id":8458,"date":"2020-06-10T14:05:16","date_gmt":"2020-06-10T14:05:16","guid":{"rendered":"https:\/\/guitarradegranada.com\/producto\/ergoplay-professional-ep80001-stand\/"},"modified":"2020-06-10T14:05:16","modified_gmt":"2020-06-10T14:05:16","slug":"ergoplay-professional-ep80001-stand","status":"publish","type":"product","link":"https:\/\/guitarradegranada.com\/en\/product\/ergoplay-professional-ep80001-stand\/","title":{"rendered":"Ergoplay Professional EP80001 Stand"},"content":{"rendered":"<p>The <strong>Ergoplay Professional EP80001 guitar stand<\/strong> allows you to play guitar for hours in a comfortable and ergonomic posture.<\/p>\n<p>It incorporates a system of 3 interchangeable suction cups that adjusts to the sides of the guitar.<\/p>\n<p>Comfortable 235 mm foam rubber support for the guitarist&#8217;s thigh. Balanced weight distribution of the guitar. <\/p>\n<p>The height and tilt of the guitar can be adjusted independently.<\/p>\n<ul>\n<li>Constructed of metal with rubber coating.<\/li>\n<li>Adjustable to the sides of the guitar by means of suction cups.<\/li>\n<li>Adjustable height and tilt.<\/li>\n<li>Also suitable for laminate and porous lacquered surfaces.<\/li>\n<li>Color: Black.<\/li>\n<li>Height: from 135mm to 205mm. <\/li>\n<li>Thigh support 235mm.<\/li>\n<\/ul>\n<p>Made in Germany<\/p>\n","protected":false},"excerpt":{"rendered":"<p><img loading=\"lazy\" decoding=\"async\" class=\"alignnone wp-image-2141\" src=\"https:\/\/guitarradegranada.com\/wp-content\/uploads\/2020\/06\/1001479-medium_default-1.png\" alt=\"Ergoplay\" width=\"86\" height=\"50\" srcset=\"https:\/\/guitarradegranada.com\/wp-content\/uploads\/2020\/06\/1001479-medium_default-1.png 248w, https:\/\/guitarradegranada.com\/wp-content\/uploads\/2020\/06\/1001479-medium_default-1-64x37.png 64w\" sizes=\"auto, (max-width: 86px) 100vw, 86px\" \/><\/p>\n<p>Ergoplay Professional EP80001 allows you to play guitar for hours in a comfortable and ergonomic posture.<\/p>\n","protected":false},"featured_media":2132,"template":"","meta":{"_coblocks_attr":"","_coblocks_dimensions":"","_coblocks_responsive_height":"","_coblocks_accordion_ie_support":"","_crdt_document":"","jetpack_publicize_message":"","jetpack_publicize_feature_enabled":true,"jetpack_social_post_already_shared":true,"jetpack_social_options":{"image_generator_settings":{"template":"highway","default_image_id":0,"font":"","enabled":false},"version":2},"_wpas_customize_per_network":false},"product_brand":[],"product_cat":[50518879,50518891],"product_tag":[50518921,50518959],"class_list":{"0":"post-8458","1":"product","2":"type-product","3":"status-publish","4":"has-post-thumbnail","6":"product_cat-guitar-accessories","7":"product_cat-supports","8":"product_tag-accesorios","9":"product_tag-supports","10":"product_shipping_class-medium-accessories","12":"first","13":"instock","14":"sale","15":"featured","16":"taxable","17":"shipping-taxable","18":"purchasable","19":"product-type-simple"},"bundled_by":[],"bundle_stock_status":"instock","bundle_stock_quantity":null,"bundle_virtual":false,"bundle_layout":"","bundle_add_to_cart_form_location":"","bundle_editable_in_cart":false,"bundle_sold_individually_context":"","bundle_item_grouping":"","bundle_min_size":"","bundle_max_size":"","bundle_price":[],"bundled_items":[],"bundle_sell_ids":[],"group_of_quantity":0,"min_quantity":0,"max_quantity":"","exclude_order_quantity_value_rules":"no","exclude_category_quantity_rules":"no","combine_variations":"no","exclude_global_add_ons":[],"addons":[],"yoast_head":"<!-- This site is optimized with the Yoast SEO plugin v27.4 - https:\/\/yoast.com\/product\/yoast-seo-wordpress\/ -->\n<title>\u25b7 Ergoplay Professional EP80001 Stand - LA GUITARRER\u00cdA DE GRANADA%.<\/title>\n<meta name=\"description\" content=\"The Ergoplay Professional EP80001 guitar stand allows you to play guitar for hours in a comfortable and ergonomic posture.\" \/>\n<meta name=\"robots\" content=\"index, follow, max-snippet:-1, max-image-preview:large, max-video-preview:-1\" \/>\n<link rel=\"canonical\" href=\"https:\/\/guitarradegranada.com\/en\/product\/ergoplay-professional-ep80001-stand\/\" \/>\n<meta property=\"og:locale\" content=\"en_US\" \/>\n<meta property=\"og:type\" content=\"article\" \/>\n<meta property=\"og:title\" content=\"\u25b7 Ergoplay Professional EP80001 Stand - LA GUITARRER\u00cdA DE GRANADA%.\" \/>\n<meta property=\"og:description\" content=\"The Ergoplay Professional EP80001 guitar stand allows you to play guitar for hours in a comfortable and ergonomic posture.\" \/>\n<meta property=\"og:url\" content=\"https:\/\/guitarradegranada.com\/en\/product\/ergoplay-professional-ep80001-stand\/\" \/>\n<meta property=\"og:site_name\" content=\"LA GUITARRER\u00cdA DE GRANADA\" \/>\n<meta property=\"og:image\" content=\"https:\/\/i0.wp.com\/guitarradegranada.com\/wp-content\/uploads\/2020\/06\/ErgoPlay-Professional-1-1600_f1470157-05b8-418a-9d6d-0a694dd62136.jpg?fit=1920%2C1400&ssl=1\" \/>\n\t<meta property=\"og:image:width\" content=\"1920\" \/>\n\t<meta property=\"og:image:height\" content=\"1400\" \/>\n\t<meta property=\"og:image:type\" content=\"image\/jpeg\" \/>\n<meta name=\"twitter:card\" content=\"summary_large_image\" \/>\n<meta name=\"twitter:label1\" content=\"Est. reading time\" \/>\n\t<meta name=\"twitter:data1\" content=\"1 minute\" \/>\n<script type=\"application\/ld+json\" class=\"yoast-schema-graph\">{\"@context\":\"https:\\\/\\\/schema.org\",\"@graph\":[{\"@type\":\"WebPage\",\"@id\":\"https:\\\/\\\/guitarradegranada.com\\\/en\\\/product\\\/ergoplay-professional-ep80001-stand\\\/\",\"url\":\"https:\\\/\\\/guitarradegranada.com\\\/en\\\/product\\\/ergoplay-professional-ep80001-stand\\\/\",\"name\":\"\u25b7 Ergoplay Professional EP80001 Stand - LA GUITARRER\u00cdA DE GRANADA%.\",\"isPartOf\":{\"@id\":\"https:\\\/\\\/guitarradegranada.com\\\/en\\\/#website\"},\"primaryImageOfPage\":{\"@id\":\"https:\\\/\\\/guitarradegranada.com\\\/en\\\/product\\\/ergoplay-professional-ep80001-stand\\\/#primaryimage\"},\"image\":{\"@id\":\"https:\\\/\\\/guitarradegranada.com\\\/en\\\/product\\\/ergoplay-professional-ep80001-stand\\\/#primaryimage\"},\"thumbnailUrl\":\"https:\\\/\\\/guitarradegranada.com\\\/wp-content\\\/uploads\\\/2020\\\/06\\\/ErgoPlay-Professional-1-1600_f1470157-05b8-418a-9d6d-0a694dd62136.jpg\",\"datePublished\":\"2020-06-10T14:05:16+00:00\",\"description\":\"The Ergoplay Professional EP80001 guitar stand allows you to play guitar for hours in a comfortable and ergonomic posture.\",\"breadcrumb\":{\"@id\":\"https:\\\/\\\/guitarradegranada.com\\\/en\\\/product\\\/ergoplay-professional-ep80001-stand\\\/#breadcrumb\"},\"inLanguage\":\"en-US\",\"potentialAction\":[{\"@type\":\"ReadAction\",\"target\":[\"https:\\\/\\\/guitarradegranada.com\\\/en\\\/product\\\/ergoplay-professional-ep80001-stand\\\/\"]}]},{\"@type\":\"ImageObject\",\"inLanguage\":\"en-US\",\"@id\":\"https:\\\/\\\/guitarradegranada.com\\\/en\\\/product\\\/ergoplay-professional-ep80001-stand\\\/#primaryimage\",\"url\":\"https:\\\/\\\/guitarradegranada.com\\\/wp-content\\\/uploads\\\/2020\\\/06\\\/ErgoPlay-Professional-1-1600_f1470157-05b8-418a-9d6d-0a694dd62136.jpg\",\"contentUrl\":\"https:\\\/\\\/guitarradegranada.com\\\/wp-content\\\/uploads\\\/2020\\\/06\\\/ErgoPlay-Professional-1-1600_f1470157-05b8-418a-9d6d-0a694dd62136.jpg\",\"width\":1920,\"height\":1400,\"caption\":\"Ergoplay Professional EP80001\"},{\"@type\":\"BreadcrumbList\",\"@id\":\"https:\\\/\\\/guitarradegranada.com\\\/en\\\/product\\\/ergoplay-professional-ep80001-stand\\\/#breadcrumb\",\"itemListElement\":[{\"@type\":\"ListItem\",\"position\":1,\"name\":\"Portada\",\"item\":\"https:\\\/\\\/guitarradegranada.com\\\/en\\\/\"},{\"@type\":\"ListItem\",\"position\":2,\"name\":\"Store\",\"item\":\"https:\\\/\\\/guitarradegranada.com\\\/en\\\/store\\\/\"},{\"@type\":\"ListItem\",\"position\":3,\"name\":\"Ergoplay Professional EP80001 Stand\"}]},{\"@type\":\"WebSite\",\"@id\":\"https:\\\/\\\/guitarradegranada.com\\\/en\\\/#website\",\"url\":\"https:\\\/\\\/guitarradegranada.com\\\/en\\\/\",\"name\":\"LA GUITARRER\u00cdA DE GRANADA\",\"description\":\"La Guitarrer\u00eda de Granada es un taller de lutheria artesano y una tienda d\u00f3nde puedes encontrar guitarras artesanas flamencas, cl\u00e1sicas y todos los accesorios para guitarristas\",\"publisher\":{\"@id\":\"https:\\\/\\\/guitarradegranada.com\\\/en\\\/#organization\"},\"potentialAction\":[{\"@type\":\"SearchAction\",\"target\":{\"@type\":\"EntryPoint\",\"urlTemplate\":\"https:\\\/\\\/guitarradegranada.com\\\/en\\\/?s={search_term_string}\"},\"query-input\":{\"@type\":\"PropertyValueSpecification\",\"valueRequired\":true,\"valueName\":\"search_term_string\"}}],\"inLanguage\":\"en-US\"},{\"@type\":\"Organization\",\"@id\":\"https:\\\/\\\/guitarradegranada.com\\\/en\\\/#organization\",\"name\":\"Guitarra de Granada\",\"url\":\"https:\\\/\\\/guitarradegranada.com\\\/en\\\/\",\"logo\":{\"@type\":\"ImageObject\",\"inLanguage\":\"en-US\",\"@id\":\"https:\\\/\\\/guitarradegranada.com\\\/en\\\/#\\\/schema\\\/logo\\\/image\\\/\",\"url\":\"https:\\\/\\\/guitarradegranada.com\\\/wp-content\\\/uploads\\\/2020\\\/05\\\/Logo-Guitarra-de-Granada.png\",\"contentUrl\":\"https:\\\/\\\/guitarradegranada.com\\\/wp-content\\\/uploads\\\/2020\\\/05\\\/Logo-Guitarra-de-Granada.png\",\"width\":1314,\"height\":219,\"caption\":\"Guitarra de Granada\"},\"image\":{\"@id\":\"https:\\\/\\\/guitarradegranada.com\\\/en\\\/#\\\/schema\\\/logo\\\/image\\\/\"}}]}<\/script>\n<!-- \/ Yoast SEO plugin. -->","yoast_head_json":{"title":"\u25b7 Ergoplay Professional EP80001 Stand - LA GUITARRER\u00cdA DE GRANADA%.","description":"The Ergoplay Professional EP80001 guitar stand allows you to play guitar for hours in a comfortable and ergonomic posture.","robots":{"index":"index","follow":"follow","max-snippet":"max-snippet:-1","max-image-preview":"max-image-preview:large","max-video-preview":"max-video-preview:-1"},"canonical":"https:\/\/guitarradegranada.com\/en\/product\/ergoplay-professional-ep80001-stand\/","og_locale":"en_US","og_type":"article","og_title":"\u25b7 Ergoplay Professional EP80001 Stand - LA GUITARRER\u00cdA DE GRANADA%.","og_description":"The Ergoplay Professional EP80001 guitar stand allows you to play guitar for hours in a comfortable and ergonomic posture.","og_url":"https:\/\/guitarradegranada.com\/en\/product\/ergoplay-professional-ep80001-stand\/","og_site_name":"LA GUITARRER\u00cdA DE GRANADA","og_image":[{"width":1920,"height":1400,"url":"https:\/\/i0.wp.com\/guitarradegranada.com\/wp-content\/uploads\/2020\/06\/ErgoPlay-Professional-1-1600_f1470157-05b8-418a-9d6d-0a694dd62136.jpg?fit=1920%2C1400&ssl=1","type":"image\/jpeg"}],"twitter_card":"summary_large_image","twitter_misc":{"Est. reading time":"1 minute"},"schema":{"@context":"https:\/\/schema.org","@graph":[{"@type":"WebPage","@id":"https:\/\/guitarradegranada.com\/en\/product\/ergoplay-professional-ep80001-stand\/","url":"https:\/\/guitarradegranada.com\/en\/product\/ergoplay-professional-ep80001-stand\/","name":"\u25b7 Ergoplay Professional EP80001 Stand - LA GUITARRER\u00cdA DE GRANADA%.","isPartOf":{"@id":"https:\/\/guitarradegranada.com\/en\/#website"},"primaryImageOfPage":{"@id":"https:\/\/guitarradegranada.com\/en\/product\/ergoplay-professional-ep80001-stand\/#primaryimage"},"image":{"@id":"https:\/\/guitarradegranada.com\/en\/product\/ergoplay-professional-ep80001-stand\/#primaryimage"},"thumbnailUrl":"https:\/\/guitarradegranada.com\/wp-content\/uploads\/2020\/06\/ErgoPlay-Professional-1-1600_f1470157-05b8-418a-9d6d-0a694dd62136.jpg","datePublished":"2020-06-10T14:05:16+00:00","description":"The Ergoplay Professional EP80001 guitar stand allows you to play guitar for hours in a comfortable and ergonomic posture.","breadcrumb":{"@id":"https:\/\/guitarradegranada.com\/en\/product\/ergoplay-professional-ep80001-stand\/#breadcrumb"},"inLanguage":"en-US","potentialAction":[{"@type":"ReadAction","target":["https:\/\/guitarradegranada.com\/en\/product\/ergoplay-professional-ep80001-stand\/"]}]},{"@type":"ImageObject","inLanguage":"en-US","@id":"https:\/\/guitarradegranada.com\/en\/product\/ergoplay-professional-ep80001-stand\/#primaryimage","url":"https:\/\/guitarradegranada.com\/wp-content\/uploads\/2020\/06\/ErgoPlay-Professional-1-1600_f1470157-05b8-418a-9d6d-0a694dd62136.jpg","contentUrl":"https:\/\/guitarradegranada.com\/wp-content\/uploads\/2020\/06\/ErgoPlay-Professional-1-1600_f1470157-05b8-418a-9d6d-0a694dd62136.jpg","width":1920,"height":1400,"caption":"Ergoplay Professional EP80001"},{"@type":"BreadcrumbList","@id":"https:\/\/guitarradegranada.com\/en\/product\/ergoplay-professional-ep80001-stand\/#breadcrumb","itemListElement":[{"@type":"ListItem","position":1,"name":"Portada","item":"https:\/\/guitarradegranada.com\/en\/"},{"@type":"ListItem","position":2,"name":"Store","item":"https:\/\/guitarradegranada.com\/en\/store\/"},{"@type":"ListItem","position":3,"name":"Ergoplay Professional EP80001 Stand"}]},{"@type":"WebSite","@id":"https:\/\/guitarradegranada.com\/en\/#website","url":"https:\/\/guitarradegranada.com\/en\/","name":"LA GUITARRER\u00cdA DE GRANADA","description":"La Guitarrer\u00eda de Granada es un taller de lutheria artesano y una tienda d\u00f3nde puedes encontrar guitarras artesanas flamencas, cl\u00e1sicas y todos los accesorios para guitarristas","publisher":{"@id":"https:\/\/guitarradegranada.com\/en\/#organization"},"potentialAction":[{"@type":"SearchAction","target":{"@type":"EntryPoint","urlTemplate":"https:\/\/guitarradegranada.com\/en\/?s={search_term_string}"},"query-input":{"@type":"PropertyValueSpecification","valueRequired":true,"valueName":"search_term_string"}}],"inLanguage":"en-US"},{"@type":"Organization","@id":"https:\/\/guitarradegranada.com\/en\/#organization","name":"Guitarra de Granada","url":"https:\/\/guitarradegranada.com\/en\/","logo":{"@type":"ImageObject","inLanguage":"en-US","@id":"https:\/\/guitarradegranada.com\/en\/#\/schema\/logo\/image\/","url":"https:\/\/guitarradegranada.com\/wp-content\/uploads\/2020\/05\/Logo-Guitarra-de-Granada.png","contentUrl":"https:\/\/guitarradegranada.com\/wp-content\/uploads\/2020\/05\/Logo-Guitarra-de-Granada.png","width":1314,"height":219,"caption":"Guitarra de Granada"},"image":{"@id":"https:\/\/guitarradegranada.com\/en\/#\/schema\/logo\/image\/"}}]}},"jetpack_publicize_connections":[],"jetpack_sharing_enabled":true,"amp_enabled":true,"_links":{"self":[{"href":"https:\/\/guitarradegranada.com\/en\/wp-json\/wp\/v2\/product\/8458","targetHints":{"allow":["GET"]}}],"collection":[{"href":"https:\/\/guitarradegranada.com\/en\/wp-json\/wp\/v2\/product"}],"about":[{"href":"https:\/\/guitarradegranada.com\/en\/wp-json\/wp\/v2\/types\/product"}],"wp:featuredmedia":[{"embeddable":true,"href":"https:\/\/guitarradegranada.com\/en\/wp-json\/wp\/v2\/media\/2132"}],"wp:attachment":[{"href":"https:\/\/guitarradegranada.com\/en\/wp-json\/wp\/v2\/media?parent=8458"}],"wp:term":[{"taxonomy":"product_brand","embeddable":true,"href":"https:\/\/guitarradegranada.com\/en\/wp-json\/wp\/v2\/product_brand?post=8458"},{"taxonomy":"product_cat","embeddable":true,"href":"https:\/\/guitarradegranada.com\/en\/wp-json\/wp\/v2\/product_cat?post=8458"},{"taxonomy":"product_tag","embeddable":true,"href":"https:\/\/guitarradegranada.com\/en\/wp-json\/wp\/v2\/product_tag?post=8458"}],"curies":[{"name":"wp","href":"https:\/\/api.w.org\/{rel}","templated":true}]}}