{"id":8443,"date":"2020-06-10T20:49:58","date_gmt":"2020-06-10T20:49:58","guid":{"rendered":"https:\/\/guitarradegranada.com\/producto\/knobloch-sn-nylon-400adn\/"},"modified":"2020-06-10T20:49:58","modified_gmt":"2020-06-10T20:49:58","slug":"knobloch-sn-nylon-400adn","status":"publish","type":"product","link":"https:\/\/guitarradegranada.com\/en\/product\/knobloch-sn-nylon-400adn\/","title":{"rendered":"Knobloch SN Nylon 400ADN"},"content":{"rendered":"<div class=\"rte\">\n<div>Set of <strong>Knobloch Classical Actives SN Nylon 400ADN <\/strong>strings for classical and flamenco guitar. Medium-high tension. <\/div>\n<div><\/div>\n<div>The <strong>Knobloch Actives<\/strong> range encourages the guitarist&#8217;s musical expression, bringing more safety and comfort to the performance.<\/div>\n<div>Knobloch Actives strings offer a wide range of colors and a great sound volume thanks to the use of noble materials as well as an extreme ease of playing and good vibrato. Their perfect balance makes the tension of the strings unnoticeable. <\/div>\n<div>High resistance and durability for intensive touch thanks to the selection and control of high quality materials.<\/div>\n<div>The <strong>Nylon SN trebles<\/strong> have a more archaic sound without losing volume. The material is traditional nylon with a slightly larger string diameter. This combination adds sweetness to the sound and provides a soft, comfortable feeling in the fingers.  <\/div>\n<div>Combined with <strong>Double Silver C.X<\/strong>. basses, they favor a smooth, easy and precise touch. <\/div>\n<div><\/div>\n<\/div>\n<div>For those looking to capture the warmth of the classic and familiar guitar sound, the Nylon SN delivers a rounded sound and impeccable intonation.<\/div>\n<div class=\"rte\">\n<div><\/div>\n<\/div>\n","protected":false},"excerpt":{"rendered":"<p><img loading=\"lazy\" decoding=\"async\" class=\"alignnone wp-image-2165\" src=\"https:\/\/guitarradegranada.com\/wp-content\/uploads\/2020\/06\/Knobloch-300x276-1.png\" alt=\"Knobloch logo\" width=\"123\" height=\"113\" srcset=\"https:\/\/guitarradegranada.com\/wp-content\/uploads\/2020\/06\/Knobloch-300x276-1.png 300w, https:\/\/guitarradegranada.com\/wp-content\/uploads\/2020\/06\/Knobloch-300x276-1-64x59.png 64w\" sizes=\"auto, (max-width: 123px) 100vw, 123px\" \/><\/p>\n<p><span class=\"st\">Set of classical\/flamenco guitar strings Knobloch Actives 400ADN Nylon SN. Medium-high tension.<br \/>\n<\/span><\/p>\n","protected":false},"featured_media":2171,"template":"","meta":{"_coblocks_attr":"","_coblocks_dimensions":"","_coblocks_responsive_height":"","_coblocks_accordion_ie_support":"","_crdt_document":"","jetpack_publicize_message":"","jetpack_publicize_feature_enabled":true,"jetpack_social_post_already_shared":true,"jetpack_social_options":{"image_generator_settings":{"template":"highway","default_image_id":0,"font":"","enabled":false},"version":2},"_wpas_customize_per_network":false},"product_brand":[],"product_cat":[50518879,50518884,50518885],"product_tag":[],"class_list":{"0":"post-8443","1":"product","2":"type-product","3":"status-publish","4":"has-post-thumbnail","6":"product_cat-guitar-accessories","7":"product_cat-classical-guitar-strings","8":"product_cat-flamenco-guitar-strings","9":"product_shipping_class-cejillas-artesanas","11":"first","12":"instock","13":"sale","14":"featured","15":"taxable","16":"shipping-taxable","17":"purchasable","18":"product-type-simple"},"bundled_by":[],"bundle_stock_status":"instock","bundle_stock_quantity":null,"bundle_virtual":false,"bundle_layout":"","bundle_add_to_cart_form_location":"","bundle_editable_in_cart":false,"bundle_sold_individually_context":"","bundle_item_grouping":"","bundle_min_size":"","bundle_max_size":"","bundle_price":[],"bundled_items":[],"bundle_sell_ids":[],"group_of_quantity":0,"min_quantity":0,"max_quantity":"","exclude_order_quantity_value_rules":"no","exclude_category_quantity_rules":"no","combine_variations":"no","exclude_global_add_ons":[],"addons":[],"yoast_head":"<!-- This site is optimized with the Yoast SEO plugin v27.4 - https:\/\/yoast.com\/product\/yoast-seo-wordpress\/ -->\n<title>\u25b7 Knobloch SN Nylon 400ADN - LA GUITARRER\u00cdA DE GRANADA%.<\/title>\n<meta name=\"description\" content=\"Knobloch SN Nylon 400ADN string set for classical and flamenco guitar consisting of Double Silver basses and SN Nylon trebles.\" \/>\n<meta name=\"robots\" content=\"index, follow, max-snippet:-1, max-image-preview:large, max-video-preview:-1\" \/>\n<link rel=\"canonical\" href=\"https:\/\/guitarradegranada.com\/en\/product\/knobloch-sn-nylon-400adn\/\" \/>\n<meta property=\"og:locale\" content=\"en_US\" \/>\n<meta property=\"og:type\" content=\"article\" \/>\n<meta property=\"og:title\" content=\"\u25b7 Knobloch SN Nylon 400ADN - LA GUITARRER\u00cdA DE GRANADA%.\" \/>\n<meta property=\"og:description\" content=\"Knobloch SN Nylon 400ADN string set for classical and flamenco guitar consisting of Double Silver basses and SN Nylon trebles.\" \/>\n<meta property=\"og:url\" content=\"https:\/\/guitarradegranada.com\/en\/product\/knobloch-sn-nylon-400adn\/\" \/>\n<meta property=\"og:site_name\" content=\"LA GUITARRER\u00cdA DE GRANADA\" \/>\n<meta property=\"og:image\" content=\"https:\/\/i0.wp.com\/guitarradegranada.com\/wp-content\/uploads\/2020\/06\/15081815_800.jpg?fit=600%2C600&ssl=1\" \/>\n\t<meta property=\"og:image:width\" content=\"600\" \/>\n\t<meta property=\"og:image:height\" content=\"600\" \/>\n\t<meta property=\"og:image:type\" content=\"image\/jpeg\" \/>\n<meta name=\"twitter:card\" content=\"summary_large_image\" \/>\n<meta name=\"twitter:label1\" content=\"Est. reading time\" \/>\n\t<meta name=\"twitter:data1\" content=\"1 minute\" \/>\n<script type=\"application\/ld+json\" class=\"yoast-schema-graph\">{\"@context\":\"https:\\\/\\\/schema.org\",\"@graph\":[{\"@type\":\"WebPage\",\"@id\":\"https:\\\/\\\/guitarradegranada.com\\\/en\\\/product\\\/knobloch-sn-nylon-400adn\\\/\",\"url\":\"https:\\\/\\\/guitarradegranada.com\\\/en\\\/product\\\/knobloch-sn-nylon-400adn\\\/\",\"name\":\"\u25b7 Knobloch SN Nylon 400ADN - LA GUITARRER\u00cdA DE GRANADA%.\",\"isPartOf\":{\"@id\":\"https:\\\/\\\/guitarradegranada.com\\\/en\\\/#website\"},\"primaryImageOfPage\":{\"@id\":\"https:\\\/\\\/guitarradegranada.com\\\/en\\\/product\\\/knobloch-sn-nylon-400adn\\\/#primaryimage\"},\"image\":{\"@id\":\"https:\\\/\\\/guitarradegranada.com\\\/en\\\/product\\\/knobloch-sn-nylon-400adn\\\/#primaryimage\"},\"thumbnailUrl\":\"https:\\\/\\\/guitarradegranada.com\\\/wp-content\\\/uploads\\\/2020\\\/06\\\/15081815_800.jpg\",\"datePublished\":\"2020-06-10T20:49:58+00:00\",\"description\":\"Knobloch SN Nylon 400ADN string set for classical and flamenco guitar consisting of Double Silver basses and SN Nylon trebles.\",\"breadcrumb\":{\"@id\":\"https:\\\/\\\/guitarradegranada.com\\\/en\\\/product\\\/knobloch-sn-nylon-400adn\\\/#breadcrumb\"},\"inLanguage\":\"en-US\",\"potentialAction\":[{\"@type\":\"ReadAction\",\"target\":[\"https:\\\/\\\/guitarradegranada.com\\\/en\\\/product\\\/knobloch-sn-nylon-400adn\\\/\"]}]},{\"@type\":\"ImageObject\",\"inLanguage\":\"en-US\",\"@id\":\"https:\\\/\\\/guitarradegranada.com\\\/en\\\/product\\\/knobloch-sn-nylon-400adn\\\/#primaryimage\",\"url\":\"https:\\\/\\\/guitarradegranada.com\\\/wp-content\\\/uploads\\\/2020\\\/06\\\/15081815_800.jpg\",\"contentUrl\":\"https:\\\/\\\/guitarradegranada.com\\\/wp-content\\\/uploads\\\/2020\\\/06\\\/15081815_800.jpg\",\"width\":600,\"height\":600,\"caption\":\"Knobloch SN Nylon 400ADN\"},{\"@type\":\"BreadcrumbList\",\"@id\":\"https:\\\/\\\/guitarradegranada.com\\\/en\\\/product\\\/knobloch-sn-nylon-400adn\\\/#breadcrumb\",\"itemListElement\":[{\"@type\":\"ListItem\",\"position\":1,\"name\":\"Portada\",\"item\":\"https:\\\/\\\/guitarradegranada.com\\\/en\\\/\"},{\"@type\":\"ListItem\",\"position\":2,\"name\":\"Store\",\"item\":\"https:\\\/\\\/guitarradegranada.com\\\/en\\\/store\\\/\"},{\"@type\":\"ListItem\",\"position\":3,\"name\":\"Knobloch SN Nylon 400ADN\"}]},{\"@type\":\"WebSite\",\"@id\":\"https:\\\/\\\/guitarradegranada.com\\\/en\\\/#website\",\"url\":\"https:\\\/\\\/guitarradegranada.com\\\/en\\\/\",\"name\":\"LA GUITARRER\u00cdA DE GRANADA\",\"description\":\"La Guitarrer\u00eda de Granada es un taller de lutheria artesano y una tienda d\u00f3nde puedes encontrar guitarras artesanas flamencas, cl\u00e1sicas y todos los accesorios para guitarristas\",\"publisher\":{\"@id\":\"https:\\\/\\\/guitarradegranada.com\\\/en\\\/#organization\"},\"potentialAction\":[{\"@type\":\"SearchAction\",\"target\":{\"@type\":\"EntryPoint\",\"urlTemplate\":\"https:\\\/\\\/guitarradegranada.com\\\/en\\\/?s={search_term_string}\"},\"query-input\":{\"@type\":\"PropertyValueSpecification\",\"valueRequired\":true,\"valueName\":\"search_term_string\"}}],\"inLanguage\":\"en-US\"},{\"@type\":\"Organization\",\"@id\":\"https:\\\/\\\/guitarradegranada.com\\\/en\\\/#organization\",\"name\":\"Guitarra de Granada\",\"url\":\"https:\\\/\\\/guitarradegranada.com\\\/en\\\/\",\"logo\":{\"@type\":\"ImageObject\",\"inLanguage\":\"en-US\",\"@id\":\"https:\\\/\\\/guitarradegranada.com\\\/en\\\/#\\\/schema\\\/logo\\\/image\\\/\",\"url\":\"https:\\\/\\\/guitarradegranada.com\\\/wp-content\\\/uploads\\\/2020\\\/05\\\/Logo-Guitarra-de-Granada.png\",\"contentUrl\":\"https:\\\/\\\/guitarradegranada.com\\\/wp-content\\\/uploads\\\/2020\\\/05\\\/Logo-Guitarra-de-Granada.png\",\"width\":1314,\"height\":219,\"caption\":\"Guitarra de Granada\"},\"image\":{\"@id\":\"https:\\\/\\\/guitarradegranada.com\\\/en\\\/#\\\/schema\\\/logo\\\/image\\\/\"}}]}<\/script>\n<!-- \/ Yoast SEO plugin. -->","yoast_head_json":{"title":"\u25b7 Knobloch SN Nylon 400ADN - LA GUITARRER\u00cdA DE GRANADA%.","description":"Knobloch SN Nylon 400ADN string set for classical and flamenco guitar consisting of Double Silver basses and SN Nylon trebles.","robots":{"index":"index","follow":"follow","max-snippet":"max-snippet:-1","max-image-preview":"max-image-preview:large","max-video-preview":"max-video-preview:-1"},"canonical":"https:\/\/guitarradegranada.com\/en\/product\/knobloch-sn-nylon-400adn\/","og_locale":"en_US","og_type":"article","og_title":"\u25b7 Knobloch SN Nylon 400ADN - LA GUITARRER\u00cdA DE GRANADA%.","og_description":"Knobloch SN Nylon 400ADN string set for classical and flamenco guitar consisting of Double Silver basses and SN Nylon trebles.","og_url":"https:\/\/guitarradegranada.com\/en\/product\/knobloch-sn-nylon-400adn\/","og_site_name":"LA GUITARRER\u00cdA DE GRANADA","og_image":[{"width":600,"height":600,"url":"https:\/\/i0.wp.com\/guitarradegranada.com\/wp-content\/uploads\/2020\/06\/15081815_800.jpg?fit=600%2C600&ssl=1","type":"image\/jpeg"}],"twitter_card":"summary_large_image","twitter_misc":{"Est. reading time":"1 minute"},"schema":{"@context":"https:\/\/schema.org","@graph":[{"@type":"WebPage","@id":"https:\/\/guitarradegranada.com\/en\/product\/knobloch-sn-nylon-400adn\/","url":"https:\/\/guitarradegranada.com\/en\/product\/knobloch-sn-nylon-400adn\/","name":"\u25b7 Knobloch SN Nylon 400ADN - LA GUITARRER\u00cdA DE GRANADA%.","isPartOf":{"@id":"https:\/\/guitarradegranada.com\/en\/#website"},"primaryImageOfPage":{"@id":"https:\/\/guitarradegranada.com\/en\/product\/knobloch-sn-nylon-400adn\/#primaryimage"},"image":{"@id":"https:\/\/guitarradegranada.com\/en\/product\/knobloch-sn-nylon-400adn\/#primaryimage"},"thumbnailUrl":"https:\/\/guitarradegranada.com\/wp-content\/uploads\/2020\/06\/15081815_800.jpg","datePublished":"2020-06-10T20:49:58+00:00","description":"Knobloch SN Nylon 400ADN string set for classical and flamenco guitar consisting of Double Silver basses and SN Nylon trebles.","breadcrumb":{"@id":"https:\/\/guitarradegranada.com\/en\/product\/knobloch-sn-nylon-400adn\/#breadcrumb"},"inLanguage":"en-US","potentialAction":[{"@type":"ReadAction","target":["https:\/\/guitarradegranada.com\/en\/product\/knobloch-sn-nylon-400adn\/"]}]},{"@type":"ImageObject","inLanguage":"en-US","@id":"https:\/\/guitarradegranada.com\/en\/product\/knobloch-sn-nylon-400adn\/#primaryimage","url":"https:\/\/guitarradegranada.com\/wp-content\/uploads\/2020\/06\/15081815_800.jpg","contentUrl":"https:\/\/guitarradegranada.com\/wp-content\/uploads\/2020\/06\/15081815_800.jpg","width":600,"height":600,"caption":"Knobloch SN Nylon 400ADN"},{"@type":"BreadcrumbList","@id":"https:\/\/guitarradegranada.com\/en\/product\/knobloch-sn-nylon-400adn\/#breadcrumb","itemListElement":[{"@type":"ListItem","position":1,"name":"Portada","item":"https:\/\/guitarradegranada.com\/en\/"},{"@type":"ListItem","position":2,"name":"Store","item":"https:\/\/guitarradegranada.com\/en\/store\/"},{"@type":"ListItem","position":3,"name":"Knobloch SN Nylon 400ADN"}]},{"@type":"WebSite","@id":"https:\/\/guitarradegranada.com\/en\/#website","url":"https:\/\/guitarradegranada.com\/en\/","name":"LA GUITARRER\u00cdA DE GRANADA","description":"La Guitarrer\u00eda de Granada es un taller de lutheria artesano y una tienda d\u00f3nde puedes encontrar guitarras artesanas flamencas, cl\u00e1sicas y todos los accesorios para guitarristas","publisher":{"@id":"https:\/\/guitarradegranada.com\/en\/#organization"},"potentialAction":[{"@type":"SearchAction","target":{"@type":"EntryPoint","urlTemplate":"https:\/\/guitarradegranada.com\/en\/?s={search_term_string}"},"query-input":{"@type":"PropertyValueSpecification","valueRequired":true,"valueName":"search_term_string"}}],"inLanguage":"en-US"},{"@type":"Organization","@id":"https:\/\/guitarradegranada.com\/en\/#organization","name":"Guitarra de Granada","url":"https:\/\/guitarradegranada.com\/en\/","logo":{"@type":"ImageObject","inLanguage":"en-US","@id":"https:\/\/guitarradegranada.com\/en\/#\/schema\/logo\/image\/","url":"https:\/\/guitarradegranada.com\/wp-content\/uploads\/2020\/05\/Logo-Guitarra-de-Granada.png","contentUrl":"https:\/\/guitarradegranada.com\/wp-content\/uploads\/2020\/05\/Logo-Guitarra-de-Granada.png","width":1314,"height":219,"caption":"Guitarra de Granada"},"image":{"@id":"https:\/\/guitarradegranada.com\/en\/#\/schema\/logo\/image\/"}}]}},"jetpack_publicize_connections":[],"jetpack_sharing_enabled":true,"amp_enabled":true,"_links":{"self":[{"href":"https:\/\/guitarradegranada.com\/en\/wp-json\/wp\/v2\/product\/8443","targetHints":{"allow":["GET"]}}],"collection":[{"href":"https:\/\/guitarradegranada.com\/en\/wp-json\/wp\/v2\/product"}],"about":[{"href":"https:\/\/guitarradegranada.com\/en\/wp-json\/wp\/v2\/types\/product"}],"wp:featuredmedia":[{"embeddable":true,"href":"https:\/\/guitarradegranada.com\/en\/wp-json\/wp\/v2\/media\/2171"}],"wp:attachment":[{"href":"https:\/\/guitarradegranada.com\/en\/wp-json\/wp\/v2\/media?parent=8443"}],"wp:term":[{"taxonomy":"product_brand","embeddable":true,"href":"https:\/\/guitarradegranada.com\/en\/wp-json\/wp\/v2\/product_brand?post=8443"},{"taxonomy":"product_cat","embeddable":true,"href":"https:\/\/guitarradegranada.com\/en\/wp-json\/wp\/v2\/product_cat?post=8443"},{"taxonomy":"product_tag","embeddable":true,"href":"https:\/\/guitarradegranada.com\/en\/wp-json\/wp\/v2\/product_tag?post=8443"}],"curies":[{"name":"wp","href":"https:\/\/api.w.org\/{rel}","templated":true}]}}