{"id":8430,"date":"2020-06-06T23:57:56","date_gmt":"2020-06-06T23:57:56","guid":{"rendered":"https:\/\/guitarradegranada.com\/producto\/hercules-gsp-38wb-plus-bracket\/"},"modified":"2020-06-06T23:57:56","modified_gmt":"2020-06-06T23:57:56","slug":"hercules-gsp-38wb-plus-bracket","status":"publish","type":"product","link":"https:\/\/guitarradegranada.com\/en\/product\/hercules-gsp-38wb-plus-bracket\/","title":{"rendered":"Hercules GSP-38WB PLUS Bracket"},"content":{"rendered":"<p>The new <strong>Hercules GSP-38WB PLUS stand<\/strong> with a wooden base to be screwed to the wall with an auto-rotate mechanism allows you to hang guitars and basses with different types of headstock. Suitable for classical and flamenco guitars. <\/p>\n<p>It has a short arm.<\/p>\n<p>Valid for guitar necks from 40 mm to 52 mm. Includes a supplement to adapt to 28 mm necks (Ukuleles, mandolins and banjos). <\/p>\n<p>The Auto Grab System securely locks your instrument and prevents it from falling.<\/p>\n<p>Its specially formulated SFF rubber completely covers the neck and protects the instrument&#8217;s varnish.<\/p>\n<p>Load capacity: 7kg<\/p>\n<p>&nbsp;<\/p>\n<p><strong> <\/strong><\/p>\n","protected":false},"excerpt":{"rendered":"<p><img loading=\"lazy\" decoding=\"async\" class=\"alignnone wp-image-2072 \" src=\"https:\/\/guitarradegranada.com\/wp-content\/uploads\/2020\/06\/Pro-audio-Logos-for-TLE_Hercules-1-e1591487487646-300x73.png\" alt=\"\" width=\"189\" height=\"46\"><\/p>\n<p>Improved version of the most secure and best-selling Hercules wall mount. Guitar stand to be screwed to the wall. Valid for classical and flamenco guitars with necks from 40 mm to 52 mm.  <\/p>\n","protected":false},"featured_media":2073,"template":"","meta":{"_coblocks_attr":"","_coblocks_dimensions":"","_coblocks_responsive_height":"","_coblocks_accordion_ie_support":"","_crdt_document":"","jetpack_publicize_message":"","jetpack_publicize_feature_enabled":true,"jetpack_social_post_already_shared":true,"jetpack_social_options":{"image_generator_settings":{"template":"highway","default_image_id":0,"font":"","enabled":false},"version":2},"_wpas_customize_per_network":false},"product_brand":[],"product_cat":[50518879,50518891],"product_tag":[50518921,50518959],"class_list":{"0":"post-8430","1":"product","2":"type-product","3":"status-publish","4":"has-post-thumbnail","6":"product_cat-guitar-accessories","7":"product_cat-supports","8":"product_tag-accesorios","9":"product_tag-supports","10":"product_shipping_class-medium-accessories","12":"first","13":"instock","14":"sale","15":"featured","16":"taxable","17":"shipping-taxable","18":"purchasable","19":"product-type-simple"},"bundled_by":[],"bundle_stock_status":"instock","bundle_stock_quantity":null,"bundle_virtual":false,"bundle_layout":"","bundle_add_to_cart_form_location":"","bundle_editable_in_cart":false,"bundle_sold_individually_context":"","bundle_item_grouping":"","bundle_min_size":"","bundle_max_size":"","bundle_price":[],"bundled_items":[],"bundle_sell_ids":[],"group_of_quantity":0,"min_quantity":0,"max_quantity":"","exclude_order_quantity_value_rules":"no","exclude_category_quantity_rules":"no","combine_variations":"no","exclude_global_add_ons":[],"addons":[],"yoast_head":"<!-- This site is optimized with the Yoast SEO plugin v27.5 - https:\/\/yoast.com\/product\/yoast-seo-wordpress\/ -->\n<title>\u25b7 Hercules GSP-38WB PLUS Bracket - LA GUITARRER\u00cdA DE GRANADA%.<\/title>\n<meta name=\"description\" content=\"The Hercules GSP-38WB PLUS with wooden base to be screwed to the wall and self-rotating allows you to hang guitars safely with the Auto Grab system.\" \/>\n<meta name=\"robots\" content=\"index, follow, max-snippet:-1, max-image-preview:large, max-video-preview:-1\" \/>\n<link rel=\"canonical\" href=\"https:\/\/guitarradegranada.com\/en\/product\/hercules-gsp-38wb-plus-bracket\/\" \/>\n<meta property=\"og:locale\" content=\"en_US\" \/>\n<meta property=\"og:type\" content=\"article\" \/>\n<meta property=\"og:title\" content=\"\u25b7 Hercules GSP-38WB PLUS Bracket - LA GUITARRER\u00cdA DE GRANADA%.\" \/>\n<meta property=\"og:description\" content=\"The Hercules GSP-38WB PLUS with wooden base to be screwed to the wall and self-rotating allows you to hang guitars safely with the Auto Grab system.\" \/>\n<meta property=\"og:url\" content=\"https:\/\/guitarradegranada.com\/en\/product\/hercules-gsp-38wb-plus-bracket\/\" \/>\n<meta property=\"og:site_name\" content=\"LA GUITARRER\u00cdA DE GRANADA\" \/>\n<meta property=\"og:image\" content=\"https:\/\/i0.wp.com\/guitarradegranada.com\/wp-content\/uploads\/2020\/06\/gsp38wb-plus_1_hr.jpg?fit=1144%2C998&ssl=1\" \/>\n\t<meta property=\"og:image:width\" content=\"1144\" \/>\n\t<meta property=\"og:image:height\" content=\"998\" \/>\n\t<meta property=\"og:image:type\" content=\"image\/jpeg\" \/>\n<meta name=\"twitter:card\" content=\"summary_large_image\" \/>\n<script type=\"application\/ld+json\" class=\"yoast-schema-graph\">{\"@context\":\"https:\\\/\\\/schema.org\",\"@graph\":[{\"@type\":\"WebPage\",\"@id\":\"https:\\\/\\\/guitarradegranada.com\\\/en\\\/product\\\/hercules-gsp-38wb-plus-bracket\\\/\",\"url\":\"https:\\\/\\\/guitarradegranada.com\\\/en\\\/product\\\/hercules-gsp-38wb-plus-bracket\\\/\",\"name\":\"\u25b7 Hercules GSP-38WB PLUS Bracket - LA GUITARRER\u00cdA DE GRANADA%.\",\"isPartOf\":{\"@id\":\"https:\\\/\\\/guitarradegranada.com\\\/en\\\/#website\"},\"primaryImageOfPage\":{\"@id\":\"https:\\\/\\\/guitarradegranada.com\\\/en\\\/product\\\/hercules-gsp-38wb-plus-bracket\\\/#primaryimage\"},\"image\":{\"@id\":\"https:\\\/\\\/guitarradegranada.com\\\/en\\\/product\\\/hercules-gsp-38wb-plus-bracket\\\/#primaryimage\"},\"thumbnailUrl\":\"https:\\\/\\\/guitarradegranada.com\\\/wp-content\\\/uploads\\\/2020\\\/06\\\/gsp38wb-plus_1_hr.jpg\",\"datePublished\":\"2020-06-06T23:57:56+00:00\",\"description\":\"The Hercules GSP-38WB PLUS with wooden base to be screwed to the wall and self-rotating allows you to hang guitars safely with the Auto Grab system.\",\"breadcrumb\":{\"@id\":\"https:\\\/\\\/guitarradegranada.com\\\/en\\\/product\\\/hercules-gsp-38wb-plus-bracket\\\/#breadcrumb\"},\"inLanguage\":\"en-US\",\"potentialAction\":[{\"@type\":\"ReadAction\",\"target\":[\"https:\\\/\\\/guitarradegranada.com\\\/en\\\/product\\\/hercules-gsp-38wb-plus-bracket\\\/\"]}]},{\"@type\":\"ImageObject\",\"inLanguage\":\"en-US\",\"@id\":\"https:\\\/\\\/guitarradegranada.com\\\/en\\\/product\\\/hercules-gsp-38wb-plus-bracket\\\/#primaryimage\",\"url\":\"https:\\\/\\\/guitarradegranada.com\\\/wp-content\\\/uploads\\\/2020\\\/06\\\/gsp38wb-plus_1_hr.jpg\",\"contentUrl\":\"https:\\\/\\\/guitarradegranada.com\\\/wp-content\\\/uploads\\\/2020\\\/06\\\/gsp38wb-plus_1_hr.jpg\",\"width\":1144,\"height\":998,\"caption\":\"Hercules GSP38WB\"},{\"@type\":\"BreadcrumbList\",\"@id\":\"https:\\\/\\\/guitarradegranada.com\\\/en\\\/product\\\/hercules-gsp-38wb-plus-bracket\\\/#breadcrumb\",\"itemListElement\":[{\"@type\":\"ListItem\",\"position\":1,\"name\":\"Portada\",\"item\":\"https:\\\/\\\/guitarradegranada.com\\\/en\\\/\"},{\"@type\":\"ListItem\",\"position\":2,\"name\":\"Store\",\"item\":\"https:\\\/\\\/guitarradegranada.com\\\/en\\\/store\\\/\"},{\"@type\":\"ListItem\",\"position\":3,\"name\":\"Hercules GSP-38WB PLUS Bracket\"}]},{\"@type\":\"WebSite\",\"@id\":\"https:\\\/\\\/guitarradegranada.com\\\/en\\\/#website\",\"url\":\"https:\\\/\\\/guitarradegranada.com\\\/en\\\/\",\"name\":\"LA GUITARRER\u00cdA DE GRANADA\",\"description\":\"La Guitarrer\u00eda de Granada es un taller de lutheria artesano y una tienda d\u00f3nde puedes encontrar guitarras artesanas flamencas, cl\u00e1sicas y todos los accesorios para guitarristas\",\"publisher\":{\"@id\":\"https:\\\/\\\/guitarradegranada.com\\\/en\\\/#organization\"},\"potentialAction\":[{\"@type\":\"SearchAction\",\"target\":{\"@type\":\"EntryPoint\",\"urlTemplate\":\"https:\\\/\\\/guitarradegranada.com\\\/en\\\/?s={search_term_string}\"},\"query-input\":{\"@type\":\"PropertyValueSpecification\",\"valueRequired\":true,\"valueName\":\"search_term_string\"}}],\"inLanguage\":\"en-US\"},{\"@type\":\"Organization\",\"@id\":\"https:\\\/\\\/guitarradegranada.com\\\/en\\\/#organization\",\"name\":\"Guitarra de Granada\",\"url\":\"https:\\\/\\\/guitarradegranada.com\\\/en\\\/\",\"logo\":{\"@type\":\"ImageObject\",\"inLanguage\":\"en-US\",\"@id\":\"https:\\\/\\\/guitarradegranada.com\\\/en\\\/#\\\/schema\\\/logo\\\/image\\\/\",\"url\":\"https:\\\/\\\/guitarradegranada.com\\\/wp-content\\\/uploads\\\/2020\\\/05\\\/Logo-Guitarra-de-Granada.png\",\"contentUrl\":\"https:\\\/\\\/guitarradegranada.com\\\/wp-content\\\/uploads\\\/2020\\\/05\\\/Logo-Guitarra-de-Granada.png\",\"width\":1314,\"height\":219,\"caption\":\"Guitarra de Granada\"},\"image\":{\"@id\":\"https:\\\/\\\/guitarradegranada.com\\\/en\\\/#\\\/schema\\\/logo\\\/image\\\/\"}}]}<\/script>\n<!-- \/ Yoast SEO plugin. -->","yoast_head_json":{"title":"\u25b7 Hercules GSP-38WB PLUS Bracket - LA GUITARRER\u00cdA DE GRANADA%.","description":"The Hercules GSP-38WB PLUS with wooden base to be screwed to the wall and self-rotating allows you to hang guitars safely with the Auto Grab system.","robots":{"index":"index","follow":"follow","max-snippet":"max-snippet:-1","max-image-preview":"max-image-preview:large","max-video-preview":"max-video-preview:-1"},"canonical":"https:\/\/guitarradegranada.com\/en\/product\/hercules-gsp-38wb-plus-bracket\/","og_locale":"en_US","og_type":"article","og_title":"\u25b7 Hercules GSP-38WB PLUS Bracket - LA GUITARRER\u00cdA DE GRANADA%.","og_description":"The Hercules GSP-38WB PLUS with wooden base to be screwed to the wall and self-rotating allows you to hang guitars safely with the Auto Grab system.","og_url":"https:\/\/guitarradegranada.com\/en\/product\/hercules-gsp-38wb-plus-bracket\/","og_site_name":"LA GUITARRER\u00cdA DE GRANADA","og_image":[{"width":1144,"height":998,"url":"https:\/\/i0.wp.com\/guitarradegranada.com\/wp-content\/uploads\/2020\/06\/gsp38wb-plus_1_hr.jpg?fit=1144%2C998&ssl=1","type":"image\/jpeg"}],"twitter_card":"summary_large_image","schema":{"@context":"https:\/\/schema.org","@graph":[{"@type":"WebPage","@id":"https:\/\/guitarradegranada.com\/en\/product\/hercules-gsp-38wb-plus-bracket\/","url":"https:\/\/guitarradegranada.com\/en\/product\/hercules-gsp-38wb-plus-bracket\/","name":"\u25b7 Hercules GSP-38WB PLUS Bracket - LA GUITARRER\u00cdA DE GRANADA%.","isPartOf":{"@id":"https:\/\/guitarradegranada.com\/en\/#website"},"primaryImageOfPage":{"@id":"https:\/\/guitarradegranada.com\/en\/product\/hercules-gsp-38wb-plus-bracket\/#primaryimage"},"image":{"@id":"https:\/\/guitarradegranada.com\/en\/product\/hercules-gsp-38wb-plus-bracket\/#primaryimage"},"thumbnailUrl":"https:\/\/guitarradegranada.com\/wp-content\/uploads\/2020\/06\/gsp38wb-plus_1_hr.jpg","datePublished":"2020-06-06T23:57:56+00:00","description":"The Hercules GSP-38WB PLUS with wooden base to be screwed to the wall and self-rotating allows you to hang guitars safely with the Auto Grab system.","breadcrumb":{"@id":"https:\/\/guitarradegranada.com\/en\/product\/hercules-gsp-38wb-plus-bracket\/#breadcrumb"},"inLanguage":"en-US","potentialAction":[{"@type":"ReadAction","target":["https:\/\/guitarradegranada.com\/en\/product\/hercules-gsp-38wb-plus-bracket\/"]}]},{"@type":"ImageObject","inLanguage":"en-US","@id":"https:\/\/guitarradegranada.com\/en\/product\/hercules-gsp-38wb-plus-bracket\/#primaryimage","url":"https:\/\/guitarradegranada.com\/wp-content\/uploads\/2020\/06\/gsp38wb-plus_1_hr.jpg","contentUrl":"https:\/\/guitarradegranada.com\/wp-content\/uploads\/2020\/06\/gsp38wb-plus_1_hr.jpg","width":1144,"height":998,"caption":"Hercules GSP38WB"},{"@type":"BreadcrumbList","@id":"https:\/\/guitarradegranada.com\/en\/product\/hercules-gsp-38wb-plus-bracket\/#breadcrumb","itemListElement":[{"@type":"ListItem","position":1,"name":"Portada","item":"https:\/\/guitarradegranada.com\/en\/"},{"@type":"ListItem","position":2,"name":"Store","item":"https:\/\/guitarradegranada.com\/en\/store\/"},{"@type":"ListItem","position":3,"name":"Hercules GSP-38WB PLUS Bracket"}]},{"@type":"WebSite","@id":"https:\/\/guitarradegranada.com\/en\/#website","url":"https:\/\/guitarradegranada.com\/en\/","name":"LA GUITARRER\u00cdA DE GRANADA","description":"La Guitarrer\u00eda de Granada es un taller de lutheria artesano y una tienda d\u00f3nde puedes encontrar guitarras artesanas flamencas, cl\u00e1sicas y todos los accesorios para guitarristas","publisher":{"@id":"https:\/\/guitarradegranada.com\/en\/#organization"},"potentialAction":[{"@type":"SearchAction","target":{"@type":"EntryPoint","urlTemplate":"https:\/\/guitarradegranada.com\/en\/?s={search_term_string}"},"query-input":{"@type":"PropertyValueSpecification","valueRequired":true,"valueName":"search_term_string"}}],"inLanguage":"en-US"},{"@type":"Organization","@id":"https:\/\/guitarradegranada.com\/en\/#organization","name":"Guitarra de Granada","url":"https:\/\/guitarradegranada.com\/en\/","logo":{"@type":"ImageObject","inLanguage":"en-US","@id":"https:\/\/guitarradegranada.com\/en\/#\/schema\/logo\/image\/","url":"https:\/\/guitarradegranada.com\/wp-content\/uploads\/2020\/05\/Logo-Guitarra-de-Granada.png","contentUrl":"https:\/\/guitarradegranada.com\/wp-content\/uploads\/2020\/05\/Logo-Guitarra-de-Granada.png","width":1314,"height":219,"caption":"Guitarra de Granada"},"image":{"@id":"https:\/\/guitarradegranada.com\/en\/#\/schema\/logo\/image\/"}}]}},"jetpack_publicize_connections":[],"jetpack_sharing_enabled":true,"amp_enabled":true,"_links":{"self":[{"href":"https:\/\/guitarradegranada.com\/en\/wp-json\/wp\/v2\/product\/8430","targetHints":{"allow":["GET"]}}],"collection":[{"href":"https:\/\/guitarradegranada.com\/en\/wp-json\/wp\/v2\/product"}],"about":[{"href":"https:\/\/guitarradegranada.com\/en\/wp-json\/wp\/v2\/types\/product"}],"wp:featuredmedia":[{"embeddable":true,"href":"https:\/\/guitarradegranada.com\/en\/wp-json\/wp\/v2\/media\/2073"}],"wp:attachment":[{"href":"https:\/\/guitarradegranada.com\/en\/wp-json\/wp\/v2\/media?parent=8430"}],"wp:term":[{"taxonomy":"product_brand","embeddable":true,"href":"https:\/\/guitarradegranada.com\/en\/wp-json\/wp\/v2\/product_brand?post=8430"},{"taxonomy":"product_cat","embeddable":true,"href":"https:\/\/guitarradegranada.com\/en\/wp-json\/wp\/v2\/product_cat?post=8430"},{"taxonomy":"product_tag","embeddable":true,"href":"https:\/\/guitarradegranada.com\/en\/wp-json\/wp\/v2\/product_tag?post=8430"}],"curies":[{"name":"wp","href":"https:\/\/api.w.org\/{rel}","templated":true}]}}