{"id":8351,"date":"2020-06-12T16:59:45","date_gmt":"2020-06-12T16:59:45","guid":{"rendered":"https:\/\/guitarradegranada.com\/producto\/savarez-new-cristal-500crj\/"},"modified":"2020-06-12T16:59:45","modified_gmt":"2020-06-12T16:59:45","slug":"savarez-new-cristal-500crj","status":"publish","type":"product","link":"https:\/\/guitarradegranada.com\/en\/product\/savarez-new-cristal-500crj\/","title":{"rendered":"Savarez NEW CRISTAL 500CRJ"},"content":{"rendered":"<p><strong>Savarez 500CRJ New Cristal<\/strong> string set for classical and flamenco guitar. Strong tension basses and high tension trebles. <strong><br \/>\n<\/strong><\/p>\n<p>This set is composed of <strong>New Cristal<\/strong> trebles and<strong> Corum<\/strong> basses.<\/p>\n<p><strong> New Cristal<\/strong>trebles are made from a new and improved nylon: the amount of crystallinity of the string has been optimized and there is a perfect relationship between the molecules. Thanks to high-tech methods, it is possible to produce a high quality string of transparent nylon, as transparent as crystal, whose intonation is perfect. This nylon is not ground by mechanical means in order to maintain a smooth surface. A surface treatment and a computer control with laser beams and photoelectric cells allow a high precision and regularity of the gauge with a higher elongation and crystallization rate, providing a very clear, clean and concentrated sound. This new nylon is a great success and a real improvement in sound clarity.    <\/p>\n<p><strong>Corum&#8217;<\/strong> s silver-plated strings represent a second revolution in the guitar world. They are the only ones that offer exceptional flexibility associated with adequate stiffness. They also offer improved flexibility compared to traditional strings.  <\/p>\n<p>Savarez manufactures strings with greater flexibility than any other manufacturer in the world, offering a very fast and accurate response.<\/p>\n<p>&nbsp;<\/p>\n","protected":false},"excerpt":{"rendered":"<p><img loading=\"lazy\" decoding=\"async\" class=\"alignnone wp-image-1900\" src=\"https:\/\/guitarradegranada.com\/wp-content\/uploads\/2020\/05\/savarez-logo-300x133.jpg\" alt=\"Savarez\" width=\"151\" height=\"67\"><\/p>\n<p>Set of strings for classical\/flamenco guitar<strong> Savarez Corum New Cristal 500CR<\/strong>. Medium tension. Composed of <strong>Corum<\/strong> bass strings and <strong>New Cristal<\/strong> strings in light nylon. Perfect for those who prefer non-carbon trebles.   <\/p>\n","protected":false},"featured_media":2215,"template":"","meta":{"_coblocks_attr":"","_coblocks_dimensions":"","_coblocks_responsive_height":"","_coblocks_accordion_ie_support":"","_crdt_document":"","jetpack_publicize_message":"","jetpack_publicize_feature_enabled":true,"jetpack_social_post_already_shared":true,"jetpack_social_options":{"image_generator_settings":{"template":"highway","default_image_id":0,"font":"","enabled":false},"version":2},"_wpas_customize_per_network":false},"product_brand":[],"product_cat":[50518879,50518884,50518885],"product_tag":[50518966,50518965,50519001],"class_list":{"0":"post-8351","1":"product","2":"type-product","3":"status-publish","4":"has-post-thumbnail","6":"product_cat-guitar-accessories","7":"product_cat-classical-guitar-strings","8":"product_cat-flamenco-guitar-strings","9":"product_tag-classical-guitar-strings","10":"product_tag-flamenco-guitar-strings","11":"product_tag-savarez","12":"product_shipping_class-cejillas-artesanas","14":"first","15":"instock","16":"featured","17":"taxable","18":"shipping-taxable","19":"purchasable","20":"product-type-simple"},"bundled_by":[],"bundle_stock_status":"instock","bundle_stock_quantity":null,"bundle_virtual":false,"bundle_layout":"","bundle_add_to_cart_form_location":"","bundle_editable_in_cart":false,"bundle_sold_individually_context":"","bundle_item_grouping":"","bundle_min_size":"","bundle_max_size":"","bundle_price":[],"bundled_items":[],"bundle_sell_ids":[],"group_of_quantity":0,"min_quantity":0,"max_quantity":"","exclude_order_quantity_value_rules":"no","exclude_category_quantity_rules":"no","combine_variations":"no","exclude_global_add_ons":[],"addons":[],"yoast_head":"<!-- This site is optimized with the Yoast SEO plugin v27.5 - https:\/\/yoast.com\/product\/yoast-seo-wordpress\/ -->\n<title>\u25b7 Savarez NEW CRISTAL 500CRJ - LA GUITARRER\u00cdA DE GRANADA%.<\/title>\n<meta name=\"description\" content=\"Set of Savarez 500CR New Cristal strings for classical and flamenco guitar of medium tension. New Cristal trebles and Corum basses.\" \/>\n<meta name=\"robots\" content=\"index, follow, max-snippet:-1, max-image-preview:large, max-video-preview:-1\" \/>\n<link rel=\"canonical\" href=\"https:\/\/guitarradegranada.com\/en\/product\/savarez-new-cristal-500crj\/\" \/>\n<meta property=\"og:locale\" content=\"en_US\" \/>\n<meta property=\"og:type\" content=\"article\" \/>\n<meta property=\"og:title\" content=\"\u25b7 Savarez NEW CRISTAL 500CRJ - LA GUITARRER\u00cdA DE GRANADA%.\" \/>\n<meta property=\"og:description\" content=\"Set of Savarez 500CR New Cristal strings for classical and flamenco guitar of medium tension. New Cristal trebles and Corum basses.\" \/>\n<meta property=\"og:url\" content=\"https:\/\/guitarradegranada.com\/en\/product\/savarez-new-cristal-500crj\/\" \/>\n<meta property=\"og:site_name\" content=\"LA GUITARRER\u00cdA DE GRANADA\" \/>\n<meta property=\"og:image\" content=\"https:\/\/i0.wp.com\/guitarradegranada.com\/wp-content\/uploads\/2020\/06\/11094735_800-e1597423893359.jpg?fit=300%2C233&ssl=1\" \/>\n\t<meta property=\"og:image:width\" content=\"300\" \/>\n\t<meta property=\"og:image:height\" content=\"233\" \/>\n\t<meta property=\"og:image:type\" content=\"image\/jpeg\" \/>\n<meta name=\"twitter:card\" content=\"summary_large_image\" \/>\n<meta name=\"twitter:label1\" content=\"Est. reading time\" \/>\n\t<meta name=\"twitter:data1\" content=\"1 minute\" \/>\n<script type=\"application\/ld+json\" class=\"yoast-schema-graph\">{\"@context\":\"https:\\\/\\\/schema.org\",\"@graph\":[{\"@type\":\"WebPage\",\"@id\":\"https:\\\/\\\/guitarradegranada.com\\\/en\\\/product\\\/savarez-new-cristal-500crj\\\/\",\"url\":\"https:\\\/\\\/guitarradegranada.com\\\/en\\\/product\\\/savarez-new-cristal-500crj\\\/\",\"name\":\"\u25b7 Savarez NEW CRISTAL 500CRJ - LA GUITARRER\u00cdA DE GRANADA%.\",\"isPartOf\":{\"@id\":\"https:\\\/\\\/guitarradegranada.com\\\/en\\\/#website\"},\"primaryImageOfPage\":{\"@id\":\"https:\\\/\\\/guitarradegranada.com\\\/en\\\/product\\\/savarez-new-cristal-500crj\\\/#primaryimage\"},\"image\":{\"@id\":\"https:\\\/\\\/guitarradegranada.com\\\/en\\\/product\\\/savarez-new-cristal-500crj\\\/#primaryimage\"},\"thumbnailUrl\":\"https:\\\/\\\/guitarradegranada.com\\\/wp-content\\\/uploads\\\/2020\\\/06\\\/11094735_800-e1597423893359.jpg\",\"datePublished\":\"2020-06-12T16:59:45+00:00\",\"description\":\"Set of Savarez 500CR New Cristal strings for classical and flamenco guitar of medium tension. New Cristal trebles and Corum basses.\",\"breadcrumb\":{\"@id\":\"https:\\\/\\\/guitarradegranada.com\\\/en\\\/product\\\/savarez-new-cristal-500crj\\\/#breadcrumb\"},\"inLanguage\":\"en-US\",\"potentialAction\":[{\"@type\":\"ReadAction\",\"target\":[\"https:\\\/\\\/guitarradegranada.com\\\/en\\\/product\\\/savarez-new-cristal-500crj\\\/\"]}]},{\"@type\":\"ImageObject\",\"inLanguage\":\"en-US\",\"@id\":\"https:\\\/\\\/guitarradegranada.com\\\/en\\\/product\\\/savarez-new-cristal-500crj\\\/#primaryimage\",\"url\":\"https:\\\/\\\/guitarradegranada.com\\\/wp-content\\\/uploads\\\/2020\\\/06\\\/11094735_800-e1597423893359.jpg\",\"contentUrl\":\"https:\\\/\\\/guitarradegranada.com\\\/wp-content\\\/uploads\\\/2020\\\/06\\\/11094735_800-e1597423893359.jpg\",\"width\":300,\"height\":233,\"caption\":\"Savarez Corum New Cristal 500CRJ\"},{\"@type\":\"BreadcrumbList\",\"@id\":\"https:\\\/\\\/guitarradegranada.com\\\/en\\\/product\\\/savarez-new-cristal-500crj\\\/#breadcrumb\",\"itemListElement\":[{\"@type\":\"ListItem\",\"position\":1,\"name\":\"Portada\",\"item\":\"https:\\\/\\\/guitarradegranada.com\\\/en\\\/\"},{\"@type\":\"ListItem\",\"position\":2,\"name\":\"Store\",\"item\":\"https:\\\/\\\/guitarradegranada.com\\\/en\\\/store\\\/\"},{\"@type\":\"ListItem\",\"position\":3,\"name\":\"Savarez NEW CRISTAL 500CRJ\"}]},{\"@type\":\"WebSite\",\"@id\":\"https:\\\/\\\/guitarradegranada.com\\\/en\\\/#website\",\"url\":\"https:\\\/\\\/guitarradegranada.com\\\/en\\\/\",\"name\":\"LA GUITARRER\u00cdA DE GRANADA\",\"description\":\"La Guitarrer\u00eda de Granada es un taller de lutheria artesano y una tienda d\u00f3nde puedes encontrar guitarras artesanas flamencas, cl\u00e1sicas y todos los accesorios para guitarristas\",\"publisher\":{\"@id\":\"https:\\\/\\\/guitarradegranada.com\\\/en\\\/#organization\"},\"potentialAction\":[{\"@type\":\"SearchAction\",\"target\":{\"@type\":\"EntryPoint\",\"urlTemplate\":\"https:\\\/\\\/guitarradegranada.com\\\/en\\\/?s={search_term_string}\"},\"query-input\":{\"@type\":\"PropertyValueSpecification\",\"valueRequired\":true,\"valueName\":\"search_term_string\"}}],\"inLanguage\":\"en-US\"},{\"@type\":\"Organization\",\"@id\":\"https:\\\/\\\/guitarradegranada.com\\\/en\\\/#organization\",\"name\":\"Guitarra de Granada\",\"url\":\"https:\\\/\\\/guitarradegranada.com\\\/en\\\/\",\"logo\":{\"@type\":\"ImageObject\",\"inLanguage\":\"en-US\",\"@id\":\"https:\\\/\\\/guitarradegranada.com\\\/en\\\/#\\\/schema\\\/logo\\\/image\\\/\",\"url\":\"https:\\\/\\\/guitarradegranada.com\\\/wp-content\\\/uploads\\\/2020\\\/05\\\/Logo-Guitarra-de-Granada.png\",\"contentUrl\":\"https:\\\/\\\/guitarradegranada.com\\\/wp-content\\\/uploads\\\/2020\\\/05\\\/Logo-Guitarra-de-Granada.png\",\"width\":1314,\"height\":219,\"caption\":\"Guitarra de Granada\"},\"image\":{\"@id\":\"https:\\\/\\\/guitarradegranada.com\\\/en\\\/#\\\/schema\\\/logo\\\/image\\\/\"}}]}<\/script>\n<!-- \/ Yoast SEO plugin. -->","yoast_head_json":{"title":"\u25b7 Savarez NEW CRISTAL 500CRJ - LA GUITARRER\u00cdA DE GRANADA%.","description":"Set of Savarez 500CR New Cristal strings for classical and flamenco guitar of medium tension. New Cristal trebles and Corum basses.","robots":{"index":"index","follow":"follow","max-snippet":"max-snippet:-1","max-image-preview":"max-image-preview:large","max-video-preview":"max-video-preview:-1"},"canonical":"https:\/\/guitarradegranada.com\/en\/product\/savarez-new-cristal-500crj\/","og_locale":"en_US","og_type":"article","og_title":"\u25b7 Savarez NEW CRISTAL 500CRJ - LA GUITARRER\u00cdA DE GRANADA%.","og_description":"Set of Savarez 500CR New Cristal strings for classical and flamenco guitar of medium tension. New Cristal trebles and Corum basses.","og_url":"https:\/\/guitarradegranada.com\/en\/product\/savarez-new-cristal-500crj\/","og_site_name":"LA GUITARRER\u00cdA DE GRANADA","og_image":[{"width":300,"height":233,"url":"https:\/\/i0.wp.com\/guitarradegranada.com\/wp-content\/uploads\/2020\/06\/11094735_800-e1597423893359.jpg?fit=300%2C233&ssl=1","type":"image\/jpeg"}],"twitter_card":"summary_large_image","twitter_misc":{"Est. reading time":"1 minute"},"schema":{"@context":"https:\/\/schema.org","@graph":[{"@type":"WebPage","@id":"https:\/\/guitarradegranada.com\/en\/product\/savarez-new-cristal-500crj\/","url":"https:\/\/guitarradegranada.com\/en\/product\/savarez-new-cristal-500crj\/","name":"\u25b7 Savarez NEW CRISTAL 500CRJ - LA GUITARRER\u00cdA DE GRANADA%.","isPartOf":{"@id":"https:\/\/guitarradegranada.com\/en\/#website"},"primaryImageOfPage":{"@id":"https:\/\/guitarradegranada.com\/en\/product\/savarez-new-cristal-500crj\/#primaryimage"},"image":{"@id":"https:\/\/guitarradegranada.com\/en\/product\/savarez-new-cristal-500crj\/#primaryimage"},"thumbnailUrl":"https:\/\/guitarradegranada.com\/wp-content\/uploads\/2020\/06\/11094735_800-e1597423893359.jpg","datePublished":"2020-06-12T16:59:45+00:00","description":"Set of Savarez 500CR New Cristal strings for classical and flamenco guitar of medium tension. New Cristal trebles and Corum basses.","breadcrumb":{"@id":"https:\/\/guitarradegranada.com\/en\/product\/savarez-new-cristal-500crj\/#breadcrumb"},"inLanguage":"en-US","potentialAction":[{"@type":"ReadAction","target":["https:\/\/guitarradegranada.com\/en\/product\/savarez-new-cristal-500crj\/"]}]},{"@type":"ImageObject","inLanguage":"en-US","@id":"https:\/\/guitarradegranada.com\/en\/product\/savarez-new-cristal-500crj\/#primaryimage","url":"https:\/\/guitarradegranada.com\/wp-content\/uploads\/2020\/06\/11094735_800-e1597423893359.jpg","contentUrl":"https:\/\/guitarradegranada.com\/wp-content\/uploads\/2020\/06\/11094735_800-e1597423893359.jpg","width":300,"height":233,"caption":"Savarez Corum New Cristal 500CRJ"},{"@type":"BreadcrumbList","@id":"https:\/\/guitarradegranada.com\/en\/product\/savarez-new-cristal-500crj\/#breadcrumb","itemListElement":[{"@type":"ListItem","position":1,"name":"Portada","item":"https:\/\/guitarradegranada.com\/en\/"},{"@type":"ListItem","position":2,"name":"Store","item":"https:\/\/guitarradegranada.com\/en\/store\/"},{"@type":"ListItem","position":3,"name":"Savarez NEW CRISTAL 500CRJ"}]},{"@type":"WebSite","@id":"https:\/\/guitarradegranada.com\/en\/#website","url":"https:\/\/guitarradegranada.com\/en\/","name":"LA GUITARRER\u00cdA DE GRANADA","description":"La Guitarrer\u00eda de Granada es un taller de lutheria artesano y una tienda d\u00f3nde puedes encontrar guitarras artesanas flamencas, cl\u00e1sicas y todos los accesorios para guitarristas","publisher":{"@id":"https:\/\/guitarradegranada.com\/en\/#organization"},"potentialAction":[{"@type":"SearchAction","target":{"@type":"EntryPoint","urlTemplate":"https:\/\/guitarradegranada.com\/en\/?s={search_term_string}"},"query-input":{"@type":"PropertyValueSpecification","valueRequired":true,"valueName":"search_term_string"}}],"inLanguage":"en-US"},{"@type":"Organization","@id":"https:\/\/guitarradegranada.com\/en\/#organization","name":"Guitarra de Granada","url":"https:\/\/guitarradegranada.com\/en\/","logo":{"@type":"ImageObject","inLanguage":"en-US","@id":"https:\/\/guitarradegranada.com\/en\/#\/schema\/logo\/image\/","url":"https:\/\/guitarradegranada.com\/wp-content\/uploads\/2020\/05\/Logo-Guitarra-de-Granada.png","contentUrl":"https:\/\/guitarradegranada.com\/wp-content\/uploads\/2020\/05\/Logo-Guitarra-de-Granada.png","width":1314,"height":219,"caption":"Guitarra de Granada"},"image":{"@id":"https:\/\/guitarradegranada.com\/en\/#\/schema\/logo\/image\/"}}]}},"jetpack_publicize_connections":[],"jetpack_sharing_enabled":true,"amp_enabled":true,"_links":{"self":[{"href":"https:\/\/guitarradegranada.com\/en\/wp-json\/wp\/v2\/product\/8351","targetHints":{"allow":["GET"]}}],"collection":[{"href":"https:\/\/guitarradegranada.com\/en\/wp-json\/wp\/v2\/product"}],"about":[{"href":"https:\/\/guitarradegranada.com\/en\/wp-json\/wp\/v2\/types\/product"}],"wp:featuredmedia":[{"embeddable":true,"href":"https:\/\/guitarradegranada.com\/en\/wp-json\/wp\/v2\/media\/2215"}],"wp:attachment":[{"href":"https:\/\/guitarradegranada.com\/en\/wp-json\/wp\/v2\/media?parent=8351"}],"wp:term":[{"taxonomy":"product_brand","embeddable":true,"href":"https:\/\/guitarradegranada.com\/en\/wp-json\/wp\/v2\/product_brand?post=8351"},{"taxonomy":"product_cat","embeddable":true,"href":"https:\/\/guitarradegranada.com\/en\/wp-json\/wp\/v2\/product_cat?post=8351"},{"taxonomy":"product_tag","embeddable":true,"href":"https:\/\/guitarradegranada.com\/en\/wp-json\/wp\/v2\/product_tag?post=8351"}],"curies":[{"name":"wp","href":"https:\/\/api.w.org\/{rel}","templated":true}]}}