{"id":8343,"date":"2020-06-11T14:31:39","date_gmt":"2020-06-11T14:31:39","guid":{"rendered":"https:\/\/guitarradegranada.com\/producto\/knobloch-actives-cx-carbon-300adc\/"},"modified":"2020-06-11T14:31:39","modified_gmt":"2020-06-11T14:31:39","slug":"knobloch-actives-cx-carbon-300adc","status":"publish","type":"product","link":"https:\/\/guitarradegranada.com\/en\/product\/knobloch-actives-cx-carbon-300adc\/","title":{"rendered":"Knobloch Actives CX Carbon 300ADC"},"content":{"rendered":"<p><strong> Knobloch Actives CX Carbon 300ADC<\/strong> string set for classical and flamenco guitar. Medium tension. <\/p>\n<section id=\"idTab1\" class=\"page-product-box\">For guitarists who want to add intensity and volume to their playing, <strong>Carbon CX<\/strong> trebles are ideal. They bring brightness and clarity to the sound and increase projection. Made with high-density materials, Carbon CXs have a smaller diameter and a more crystalline sound. They are ideal for players looking to increase the projection and intensity of their sound. Knobloch Strings are the result of many years of research, applying the most sophisticated technology and using the highest quality materials that allow for better vibrations. Our strings increase the volume and quality of the sound of the guitar, prolonging the note and enhancing the range of sounds offered by the instrument. KNOBLOCH ACTIVES professional strings offer:- Increased brightness and power of sound     <\/p>\n<p>&#8211; Octave purity and tuning constancy<\/p>\n<p>&#8211; Extreme ease of touch<\/p>\n<p>&#8211; High Strength and Durability<\/p>\n<p>Made in Spain.<\/p>\n<\/section>\n","protected":false},"excerpt":{"rendered":"<p><img loading=\"lazy\" decoding=\"async\" class=\"alignnone wp-image-2165\" src=\"https:\/\/guitarradegranada.com\/wp-content\/uploads\/2020\/06\/Knobloch-300x276-1.png\" alt=\"Knobloch logo\" width=\"110\" height=\"101\" srcset=\"https:\/\/i0.wp.com\/guitarradegranada.com\/wp-content\/uploads\/2020\/06\/Knobloch-300x276-1.png?w=300&amp;ssl=1 300w, https:\/\/i0.wp.com\/guitarradegranada.com\/wp-content\/uploads\/2020\/06\/Knobloch-300x276-1.png?resize=64%2C59&amp;ssl=1 64w\" sizes=\"auto, (max-width: 110px) 100vw, 110px\" \/><\/p>\n<p>Set of <strong>Knobloch Actives 300ADC <\/strong>medium tension strings. Carbon CX trebles. They stand out for their musical expressiveness, providing more security and comfort in the interpretation.  <\/p>\n","protected":false},"featured_media":2198,"template":"","meta":{"_coblocks_attr":"","_coblocks_dimensions":"","_coblocks_responsive_height":"","_coblocks_accordion_ie_support":"","_crdt_document":"","jetpack_post_was_ever_published":false,"jetpack_publicize_message":"","jetpack_publicize_feature_enabled":true,"jetpack_social_post_already_shared":true,"jetpack_social_options":{"image_generator_settings":{"template":"highway","default_image_id":0,"font":"","enabled":false},"version":2},"_wpas_customize_per_network":false},"product_brand":[],"product_cat":[50518879,50518884,50518885],"product_tag":[50518921,50518966,50518965,50519007],"class_list":{"0":"post-8343","1":"product","2":"type-product","3":"status-publish","4":"has-post-thumbnail","6":"product_cat-guitar-accessories","7":"product_cat-classical-guitar-strings","8":"product_cat-flamenco-guitar-strings","9":"product_tag-accesorios","10":"product_tag-classical-guitar-strings","11":"product_tag-flamenco-guitar-strings","12":"product_tag-knobloch","13":"product_shipping_class-cejillas-artesanas","15":"first","16":"instock","17":"sale","18":"featured","19":"taxable","20":"shipping-taxable","21":"purchasable","22":"product-type-simple"},"bundled_by":[],"bundle_stock_status":"instock","bundle_stock_quantity":null,"bundle_virtual":false,"bundle_layout":"","bundle_add_to_cart_form_location":"","bundle_editable_in_cart":false,"bundle_sold_individually_context":"","bundle_item_grouping":"","bundle_min_size":"","bundle_max_size":"","bundle_price":[],"bundled_items":[],"bundle_sell_ids":[],"group_of_quantity":0,"min_quantity":0,"max_quantity":"","exclude_order_quantity_value_rules":"no","exclude_category_quantity_rules":"no","combine_variations":"no","exclude_global_add_ons":[],"addons":[],"yoast_head":"<!-- This site is optimized with the Yoast SEO plugin v27.3 - https:\/\/yoast.com\/product\/yoast-seo-wordpress\/ -->\n<title>\u25b7 Knobloch Actives CX Carbon 300ADC - LA GUITARRER\u00cdA DE GRANADA%.<\/title>\n<meta name=\"description\" content=\"Knobloch Actives CX Carbon 400ADC carbon set for classical and flamenco medium tension guitar. Adds intensity and volume to your playing.\" \/>\n<meta name=\"robots\" content=\"index, follow, max-snippet:-1, max-image-preview:large, max-video-preview:-1\" \/>\n<link rel=\"canonical\" href=\"https:\/\/guitarradegranada.com\/en\/product\/knobloch-actives-cx-carbon-300adc\/\" \/>\n<meta property=\"og:locale\" content=\"en_US\" \/>\n<meta property=\"og:type\" content=\"article\" \/>\n<meta property=\"og:title\" content=\"\u25b7 Knobloch Actives CX Carbon 300ADC - LA GUITARRER\u00cdA DE GRANADA%.\" \/>\n<meta property=\"og:description\" content=\"Knobloch Actives CX Carbon 400ADC carbon set for classical and flamenco medium tension guitar. Adds intensity and volume to your playing.\" \/>\n<meta property=\"og:url\" content=\"https:\/\/guitarradegranada.com\/en\/product\/knobloch-actives-cx-carbon-300adc\/\" \/>\n<meta property=\"og:site_name\" content=\"LA GUITARRER\u00cdA DE GRANADA\" \/>\n<meta property=\"og:image\" content=\"https:\/\/i0.wp.com\/guitarradegranada.com\/wp-content\/uploads\/2020\/06\/15081735_800.jpg?fit=600%2C600&ssl=1\" \/>\n\t<meta property=\"og:image:width\" content=\"600\" \/>\n\t<meta property=\"og:image:height\" content=\"600\" \/>\n\t<meta property=\"og:image:type\" content=\"image\/jpeg\" \/>\n<meta name=\"twitter:card\" content=\"summary_large_image\" \/>\n<meta name=\"twitter:label1\" content=\"Est. reading time\" \/>\n\t<meta name=\"twitter:data1\" content=\"1 minute\" \/>\n<script type=\"application\/ld+json\" class=\"yoast-schema-graph\">{\"@context\":\"https:\\\/\\\/schema.org\",\"@graph\":[{\"@type\":\"WebPage\",\"@id\":\"https:\\\/\\\/guitarradegranada.com\\\/en\\\/product\\\/knobloch-actives-cx-carbon-300adc\\\/\",\"url\":\"https:\\\/\\\/guitarradegranada.com\\\/en\\\/product\\\/knobloch-actives-cx-carbon-300adc\\\/\",\"name\":\"\u25b7 Knobloch Actives CX Carbon 300ADC - LA GUITARRER\u00cdA DE GRANADA%.\",\"isPartOf\":{\"@id\":\"https:\\\/\\\/guitarradegranada.com\\\/en\\\/#website\"},\"primaryImageOfPage\":{\"@id\":\"https:\\\/\\\/guitarradegranada.com\\\/en\\\/product\\\/knobloch-actives-cx-carbon-300adc\\\/#primaryimage\"},\"image\":{\"@id\":\"https:\\\/\\\/guitarradegranada.com\\\/en\\\/product\\\/knobloch-actives-cx-carbon-300adc\\\/#primaryimage\"},\"thumbnailUrl\":\"https:\\\/\\\/i0.wp.com\\\/guitarradegranada.com\\\/wp-content\\\/uploads\\\/2020\\\/06\\\/15081735_800.jpg?fit=600%2C600&ssl=1\",\"datePublished\":\"2020-06-11T14:31:39+00:00\",\"description\":\"Knobloch Actives CX Carbon 400ADC carbon set for classical and flamenco medium tension guitar. Adds intensity and volume to your playing.\",\"breadcrumb\":{\"@id\":\"https:\\\/\\\/guitarradegranada.com\\\/en\\\/product\\\/knobloch-actives-cx-carbon-300adc\\\/#breadcrumb\"},\"inLanguage\":\"en-US\",\"potentialAction\":[{\"@type\":\"ReadAction\",\"target\":[\"https:\\\/\\\/guitarradegranada.com\\\/en\\\/product\\\/knobloch-actives-cx-carbon-300adc\\\/\"]}]},{\"@type\":\"ImageObject\",\"inLanguage\":\"en-US\",\"@id\":\"https:\\\/\\\/guitarradegranada.com\\\/en\\\/product\\\/knobloch-actives-cx-carbon-300adc\\\/#primaryimage\",\"url\":\"https:\\\/\\\/i0.wp.com\\\/guitarradegranada.com\\\/wp-content\\\/uploads\\\/2020\\\/06\\\/15081735_800.jpg?fit=600%2C600&ssl=1\",\"contentUrl\":\"https:\\\/\\\/i0.wp.com\\\/guitarradegranada.com\\\/wp-content\\\/uploads\\\/2020\\\/06\\\/15081735_800.jpg?fit=600%2C600&ssl=1\",\"width\":600,\"height\":600,\"caption\":\"Knobloch Carbon CX 300ADC\"},{\"@type\":\"BreadcrumbList\",\"@id\":\"https:\\\/\\\/guitarradegranada.com\\\/en\\\/product\\\/knobloch-actives-cx-carbon-300adc\\\/#breadcrumb\",\"itemListElement\":[{\"@type\":\"ListItem\",\"position\":1,\"name\":\"Portada\",\"item\":\"https:\\\/\\\/guitarradegranada.com\\\/en\\\/\"},{\"@type\":\"ListItem\",\"position\":2,\"name\":\"Store\",\"item\":\"https:\\\/\\\/guitarradegranada.com\\\/en\\\/store\\\/\"},{\"@type\":\"ListItem\",\"position\":3,\"name\":\"Knobloch Actives CX Carbon 300ADC\"}]},{\"@type\":\"WebSite\",\"@id\":\"https:\\\/\\\/guitarradegranada.com\\\/en\\\/#website\",\"url\":\"https:\\\/\\\/guitarradegranada.com\\\/en\\\/\",\"name\":\"LA GUITARRER\u00cdA DE GRANADA\",\"description\":\"La Guitarrer\u00eda de Granada es un taller de lutheria artesano y una tienda d\u00f3nde puedes encontrar guitarras artesanas flamencas, cl\u00e1sicas y todos los accesorios para guitarristas\",\"publisher\":{\"@id\":\"https:\\\/\\\/guitarradegranada.com\\\/en\\\/#organization\"},\"potentialAction\":[{\"@type\":\"SearchAction\",\"target\":{\"@type\":\"EntryPoint\",\"urlTemplate\":\"https:\\\/\\\/guitarradegranada.com\\\/en\\\/?s={search_term_string}\"},\"query-input\":{\"@type\":\"PropertyValueSpecification\",\"valueRequired\":true,\"valueName\":\"search_term_string\"}}],\"inLanguage\":\"en-US\"},{\"@type\":\"Organization\",\"@id\":\"https:\\\/\\\/guitarradegranada.com\\\/en\\\/#organization\",\"name\":\"Guitarra de Granada\",\"url\":\"https:\\\/\\\/guitarradegranada.com\\\/en\\\/\",\"logo\":{\"@type\":\"ImageObject\",\"inLanguage\":\"en-US\",\"@id\":\"https:\\\/\\\/guitarradegranada.com\\\/en\\\/#\\\/schema\\\/logo\\\/image\\\/\",\"url\":\"https:\\\/\\\/guitarradegranada.com\\\/wp-content\\\/uploads\\\/2020\\\/05\\\/Logo-Guitarra-de-Granada.png\",\"contentUrl\":\"https:\\\/\\\/guitarradegranada.com\\\/wp-content\\\/uploads\\\/2020\\\/05\\\/Logo-Guitarra-de-Granada.png\",\"width\":1314,\"height\":219,\"caption\":\"Guitarra de Granada\"},\"image\":{\"@id\":\"https:\\\/\\\/guitarradegranada.com\\\/en\\\/#\\\/schema\\\/logo\\\/image\\\/\"}}]}<\/script>\n<!-- \/ Yoast SEO plugin. -->","yoast_head_json":{"title":"\u25b7 Knobloch Actives CX Carbon 300ADC - LA GUITARRER\u00cdA DE GRANADA%.","description":"Knobloch Actives CX Carbon 400ADC carbon set for classical and flamenco medium tension guitar. Adds intensity and volume to your playing.","robots":{"index":"index","follow":"follow","max-snippet":"max-snippet:-1","max-image-preview":"max-image-preview:large","max-video-preview":"max-video-preview:-1"},"canonical":"https:\/\/guitarradegranada.com\/en\/product\/knobloch-actives-cx-carbon-300adc\/","og_locale":"en_US","og_type":"article","og_title":"\u25b7 Knobloch Actives CX Carbon 300ADC - LA GUITARRER\u00cdA DE GRANADA%.","og_description":"Knobloch Actives CX Carbon 400ADC carbon set for classical and flamenco medium tension guitar. Adds intensity and volume to your playing.","og_url":"https:\/\/guitarradegranada.com\/en\/product\/knobloch-actives-cx-carbon-300adc\/","og_site_name":"LA GUITARRER\u00cdA DE GRANADA","og_image":[{"width":600,"height":600,"url":"https:\/\/i0.wp.com\/guitarradegranada.com\/wp-content\/uploads\/2020\/06\/15081735_800.jpg?fit=600%2C600&ssl=1","type":"image\/jpeg"}],"twitter_card":"summary_large_image","twitter_misc":{"Est. reading time":"1 minute"},"schema":{"@context":"https:\/\/schema.org","@graph":[{"@type":"WebPage","@id":"https:\/\/guitarradegranada.com\/en\/product\/knobloch-actives-cx-carbon-300adc\/","url":"https:\/\/guitarradegranada.com\/en\/product\/knobloch-actives-cx-carbon-300adc\/","name":"\u25b7 Knobloch Actives CX Carbon 300ADC - LA GUITARRER\u00cdA DE GRANADA%.","isPartOf":{"@id":"https:\/\/guitarradegranada.com\/en\/#website"},"primaryImageOfPage":{"@id":"https:\/\/guitarradegranada.com\/en\/product\/knobloch-actives-cx-carbon-300adc\/#primaryimage"},"image":{"@id":"https:\/\/guitarradegranada.com\/en\/product\/knobloch-actives-cx-carbon-300adc\/#primaryimage"},"thumbnailUrl":"https:\/\/i0.wp.com\/guitarradegranada.com\/wp-content\/uploads\/2020\/06\/15081735_800.jpg?fit=600%2C600&ssl=1","datePublished":"2020-06-11T14:31:39+00:00","description":"Knobloch Actives CX Carbon 400ADC carbon set for classical and flamenco medium tension guitar. Adds intensity and volume to your playing.","breadcrumb":{"@id":"https:\/\/guitarradegranada.com\/en\/product\/knobloch-actives-cx-carbon-300adc\/#breadcrumb"},"inLanguage":"en-US","potentialAction":[{"@type":"ReadAction","target":["https:\/\/guitarradegranada.com\/en\/product\/knobloch-actives-cx-carbon-300adc\/"]}]},{"@type":"ImageObject","inLanguage":"en-US","@id":"https:\/\/guitarradegranada.com\/en\/product\/knobloch-actives-cx-carbon-300adc\/#primaryimage","url":"https:\/\/i0.wp.com\/guitarradegranada.com\/wp-content\/uploads\/2020\/06\/15081735_800.jpg?fit=600%2C600&ssl=1","contentUrl":"https:\/\/i0.wp.com\/guitarradegranada.com\/wp-content\/uploads\/2020\/06\/15081735_800.jpg?fit=600%2C600&ssl=1","width":600,"height":600,"caption":"Knobloch Carbon CX 300ADC"},{"@type":"BreadcrumbList","@id":"https:\/\/guitarradegranada.com\/en\/product\/knobloch-actives-cx-carbon-300adc\/#breadcrumb","itemListElement":[{"@type":"ListItem","position":1,"name":"Portada","item":"https:\/\/guitarradegranada.com\/en\/"},{"@type":"ListItem","position":2,"name":"Store","item":"https:\/\/guitarradegranada.com\/en\/store\/"},{"@type":"ListItem","position":3,"name":"Knobloch Actives CX Carbon 300ADC"}]},{"@type":"WebSite","@id":"https:\/\/guitarradegranada.com\/en\/#website","url":"https:\/\/guitarradegranada.com\/en\/","name":"LA GUITARRER\u00cdA DE GRANADA","description":"La Guitarrer\u00eda de Granada es un taller de lutheria artesano y una tienda d\u00f3nde puedes encontrar guitarras artesanas flamencas, cl\u00e1sicas y todos los accesorios para guitarristas","publisher":{"@id":"https:\/\/guitarradegranada.com\/en\/#organization"},"potentialAction":[{"@type":"SearchAction","target":{"@type":"EntryPoint","urlTemplate":"https:\/\/guitarradegranada.com\/en\/?s={search_term_string}"},"query-input":{"@type":"PropertyValueSpecification","valueRequired":true,"valueName":"search_term_string"}}],"inLanguage":"en-US"},{"@type":"Organization","@id":"https:\/\/guitarradegranada.com\/en\/#organization","name":"Guitarra de Granada","url":"https:\/\/guitarradegranada.com\/en\/","logo":{"@type":"ImageObject","inLanguage":"en-US","@id":"https:\/\/guitarradegranada.com\/en\/#\/schema\/logo\/image\/","url":"https:\/\/guitarradegranada.com\/wp-content\/uploads\/2020\/05\/Logo-Guitarra-de-Granada.png","contentUrl":"https:\/\/guitarradegranada.com\/wp-content\/uploads\/2020\/05\/Logo-Guitarra-de-Granada.png","width":1314,"height":219,"caption":"Guitarra de Granada"},"image":{"@id":"https:\/\/guitarradegranada.com\/en\/#\/schema\/logo\/image\/"}}]}},"jetpack_publicize_connections":[],"jetpack_sharing_enabled":true,"amp_enabled":true,"_links":{"self":[{"href":"https:\/\/guitarradegranada.com\/en\/wp-json\/wp\/v2\/product\/8343","targetHints":{"allow":["GET"]}}],"collection":[{"href":"https:\/\/guitarradegranada.com\/en\/wp-json\/wp\/v2\/product"}],"about":[{"href":"https:\/\/guitarradegranada.com\/en\/wp-json\/wp\/v2\/types\/product"}],"wp:featuredmedia":[{"embeddable":true,"href":"https:\/\/guitarradegranada.com\/en\/wp-json\/wp\/v2\/media\/2198"}],"wp:attachment":[{"href":"https:\/\/guitarradegranada.com\/en\/wp-json\/wp\/v2\/media?parent=8343"}],"wp:term":[{"taxonomy":"product_brand","embeddable":true,"href":"https:\/\/guitarradegranada.com\/en\/wp-json\/wp\/v2\/product_brand?post=8343"},{"taxonomy":"product_cat","embeddable":true,"href":"https:\/\/guitarradegranada.com\/en\/wp-json\/wp\/v2\/product_cat?post=8343"},{"taxonomy":"product_tag","embeddable":true,"href":"https:\/\/guitarradegranada.com\/en\/wp-json\/wp\/v2\/product_tag?post=8343"}],"curies":[{"name":"wp","href":"https:\/\/api.w.org\/{rel}","templated":true}]}}