{"id":8319,"date":"2020-06-07T10:56:49","date_gmt":"2020-06-07T10:56:49","guid":{"rendered":"https:\/\/guitarradegranada.com\/producto\/dunlop-platinum-cleaner-polish-chamois-kit\/"},"modified":"2020-06-07T10:56:49","modified_gmt":"2020-06-07T10:56:49","slug":"dunlop-platinum-cleaner-polish-chamois-kit","status":"publish","type":"product","link":"https:\/\/guitarradegranada.com\/en\/product\/dunlop-platinum-cleaner-polish-chamois-kit\/","title":{"rendered":"Dunlop Platinum Cleaner Polish + Chamois Kit"},"content":{"rendered":"<p><strong>Dunlop Platinum Cleaner Polish<\/strong> is a high quality silicone-free cleaner and polish that keeps your instrument clean and shiny.<\/p>\n<p>This kit includes a <strong>Platinum 65 microfiber cloth<\/strong> which is the perfect applicator for all Platinum 65 products.<\/p>\n<p>Platium 65 cleaner incorporates Montan wax, which<span lang=\"es\"> is the latest innovation in the automotive industry. It is a wax for fossilized plants appreciated for its ease of use and shine. So your instrument will shine brighter for longer. <\/span> <\/p>\n<ul>\n<li>Harmless for your instrument<\/li>\n<li>Protective microlayer<\/li>\n<li>Montan wax for extra shine<\/li>\n<li>118 ml atomizer<\/li>\n<\/ul>\n<p><span class=\"embed-youtube\" style=\"text-align:center; display: block;\"><iframe loading=\"lazy\" class=\"youtube-player\" width=\"1020\" height=\"574\" src=\"https:\/\/www.youtube.com\/embed\/xubBfHBZmIg?version=3&#038;rel=1&#038;showsearch=0&#038;showinfo=1&#038;iv_load_policy=1&#038;fs=1&#038;hl=en-US&#038;autohide=2&#038;wmode=transparent\" allowfullscreen=\"true\" style=\"border:0;\" sandbox=\"allow-scripts allow-same-origin allow-popups allow-presentation allow-popups-to-escape-sandbox\"><\/iframe><\/span><\/p>\n","protected":false},"excerpt":{"rendered":"<p><img loading=\"lazy\" decoding=\"async\" class=\"alignnone wp-image-1941\" src=\"https:\/\/guitarradegranada.com\/wp-content\/uploads\/2020\/05\/unnamed-300x70.jpg\" alt=\"Dunlop logo\" width=\"189\" height=\"44\"><\/p>\n<p>Dunlop Platinum Cleaner Polish 118ml and Platinum 65 Microfiber Cloth Kit.<\/p>\n","protected":false},"featured_media":2091,"template":"","meta":{"_coblocks_attr":"","_coblocks_dimensions":"","_coblocks_responsive_height":"","_coblocks_accordion_ie_support":"","_crdt_document":"","jetpack_publicize_message":"","jetpack_publicize_feature_enabled":true,"jetpack_social_post_already_shared":true,"jetpack_social_options":{"image_generator_settings":{"template":"highway","default_image_id":0,"font":"","enabled":false},"version":2},"_wpas_customize_per_network":false},"product_brand":[],"product_cat":[50518879,50518888],"product_tag":[50518921,50518957],"class_list":{"0":"post-8319","1":"product","2":"type-product","3":"status-publish","4":"has-post-thumbnail","6":"product_cat-guitar-accessories","7":"product_cat-cleaning-and-care","8":"product_tag-accesorios","9":"product_tag-cleaning-and-care","10":"product_shipping_class-small-accessories","12":"first","13":"instock","14":"sale","15":"featured","16":"taxable","17":"shipping-taxable","18":"purchasable","19":"product-type-simple"},"bundled_by":[],"bundle_stock_status":"instock","bundle_stock_quantity":null,"bundle_virtual":false,"bundle_layout":"","bundle_add_to_cart_form_location":"","bundle_editable_in_cart":false,"bundle_sold_individually_context":"","bundle_item_grouping":"","bundle_min_size":"","bundle_max_size":"","bundle_price":[],"bundled_items":[],"bundle_sell_ids":[],"group_of_quantity":0,"min_quantity":0,"max_quantity":"","exclude_order_quantity_value_rules":"no","exclude_category_quantity_rules":"no","combine_variations":"no","exclude_global_add_ons":[],"addons":[],"yoast_head":"<!-- This site is optimized with the Yoast SEO plugin v27.4 - https:\/\/yoast.com\/product\/yoast-seo-wordpress\/ -->\n<title>\u25b7 Dunlop Platinum Cleaner Polish + Chamois Kit - LA GUITARRER\u00cdA DE GRANADA%.<\/title>\n<meta name=\"description\" content=\"Dunlop Platinum Cleaner Polish Kit is a high quality cleaner and polish including Platinum 65 microfiber cloth.\" \/>\n<meta name=\"robots\" content=\"index, follow, max-snippet:-1, max-image-preview:large, max-video-preview:-1\" \/>\n<link rel=\"canonical\" href=\"https:\/\/guitarradegranada.com\/en\/product\/dunlop-platinum-cleaner-polish-chamois-kit\/\" \/>\n<meta property=\"og:locale\" content=\"en_US\" \/>\n<meta property=\"og:type\" content=\"article\" \/>\n<meta property=\"og:title\" content=\"\u25b7 Dunlop Platinum Cleaner Polish + Chamois Kit - LA GUITARRER\u00cdA DE GRANADA%.\" \/>\n<meta property=\"og:description\" content=\"Dunlop Platinum Cleaner Polish Kit is a high quality cleaner and polish including Platinum 65 microfiber cloth.\" \/>\n<meta property=\"og:url\" content=\"https:\/\/guitarradegranada.com\/en\/product\/dunlop-platinum-cleaner-polish-chamois-kit\/\" \/>\n<meta property=\"og:site_name\" content=\"LA GUITARRER\u00cdA DE GRANADA\" \/>\n<meta property=\"og:image\" content=\"https:\/\/i0.wp.com\/guitarradegranada.com\/wp-content\/uploads\/2020\/06\/Captura-de-pantalla-2020-06-07-a-las-12.39.34.png?fit=1727%2C1388&ssl=1\" \/>\n\t<meta property=\"og:image:width\" content=\"1727\" \/>\n\t<meta property=\"og:image:height\" content=\"1388\" \/>\n\t<meta property=\"og:image:type\" content=\"image\/png\" \/>\n<meta name=\"twitter:card\" content=\"summary_large_image\" \/>\n<script type=\"application\/ld+json\" class=\"yoast-schema-graph\">{\"@context\":\"https:\\\/\\\/schema.org\",\"@graph\":[{\"@type\":\"WebPage\",\"@id\":\"https:\\\/\\\/guitarradegranada.com\\\/en\\\/product\\\/dunlop-platinum-cleaner-polish-chamois-kit\\\/\",\"url\":\"https:\\\/\\\/guitarradegranada.com\\\/en\\\/product\\\/dunlop-platinum-cleaner-polish-chamois-kit\\\/\",\"name\":\"\u25b7 Dunlop Platinum Cleaner Polish + Chamois Kit - LA GUITARRER\u00cdA DE GRANADA%.\",\"isPartOf\":{\"@id\":\"https:\\\/\\\/guitarradegranada.com\\\/en\\\/#website\"},\"primaryImageOfPage\":{\"@id\":\"https:\\\/\\\/guitarradegranada.com\\\/en\\\/product\\\/dunlop-platinum-cleaner-polish-chamois-kit\\\/#primaryimage\"},\"image\":{\"@id\":\"https:\\\/\\\/guitarradegranada.com\\\/en\\\/product\\\/dunlop-platinum-cleaner-polish-chamois-kit\\\/#primaryimage\"},\"thumbnailUrl\":\"https:\\\/\\\/guitarradegranada.com\\\/wp-content\\\/uploads\\\/2020\\\/06\\\/Captura-de-pantalla-2020-06-07-a-las-12.39.34.png\",\"datePublished\":\"2020-06-07T10:56:49+00:00\",\"description\":\"Dunlop Platinum Cleaner Polish Kit is a high quality cleaner and polish including Platinum 65 microfiber cloth.\",\"breadcrumb\":{\"@id\":\"https:\\\/\\\/guitarradegranada.com\\\/en\\\/product\\\/dunlop-platinum-cleaner-polish-chamois-kit\\\/#breadcrumb\"},\"inLanguage\":\"en-US\",\"potentialAction\":[{\"@type\":\"ReadAction\",\"target\":[\"https:\\\/\\\/guitarradegranada.com\\\/en\\\/product\\\/dunlop-platinum-cleaner-polish-chamois-kit\\\/\"]}]},{\"@type\":\"ImageObject\",\"inLanguage\":\"en-US\",\"@id\":\"https:\\\/\\\/guitarradegranada.com\\\/en\\\/product\\\/dunlop-platinum-cleaner-polish-chamois-kit\\\/#primaryimage\",\"url\":\"https:\\\/\\\/guitarradegranada.com\\\/wp-content\\\/uploads\\\/2020\\\/06\\\/Captura-de-pantalla-2020-06-07-a-las-12.39.34.png\",\"contentUrl\":\"https:\\\/\\\/guitarradegranada.com\\\/wp-content\\\/uploads\\\/2020\\\/06\\\/Captura-de-pantalla-2020-06-07-a-las-12.39.34.png\",\"width\":1727,\"height\":1388,\"caption\":\"Dunlop Platinum Cleaner Polish + Gamuza\"},{\"@type\":\"BreadcrumbList\",\"@id\":\"https:\\\/\\\/guitarradegranada.com\\\/en\\\/product\\\/dunlop-platinum-cleaner-polish-chamois-kit\\\/#breadcrumb\",\"itemListElement\":[{\"@type\":\"ListItem\",\"position\":1,\"name\":\"Portada\",\"item\":\"https:\\\/\\\/guitarradegranada.com\\\/en\\\/\"},{\"@type\":\"ListItem\",\"position\":2,\"name\":\"Store\",\"item\":\"https:\\\/\\\/guitarradegranada.com\\\/en\\\/store\\\/\"},{\"@type\":\"ListItem\",\"position\":3,\"name\":\"Dunlop Platinum Cleaner Polish + Chamois Kit\"}]},{\"@type\":\"WebSite\",\"@id\":\"https:\\\/\\\/guitarradegranada.com\\\/en\\\/#website\",\"url\":\"https:\\\/\\\/guitarradegranada.com\\\/en\\\/\",\"name\":\"LA GUITARRER\u00cdA DE GRANADA\",\"description\":\"La Guitarrer\u00eda de Granada es un taller de lutheria artesano y una tienda d\u00f3nde puedes encontrar guitarras artesanas flamencas, cl\u00e1sicas y todos los accesorios para guitarristas\",\"publisher\":{\"@id\":\"https:\\\/\\\/guitarradegranada.com\\\/en\\\/#organization\"},\"potentialAction\":[{\"@type\":\"SearchAction\",\"target\":{\"@type\":\"EntryPoint\",\"urlTemplate\":\"https:\\\/\\\/guitarradegranada.com\\\/en\\\/?s={search_term_string}\"},\"query-input\":{\"@type\":\"PropertyValueSpecification\",\"valueRequired\":true,\"valueName\":\"search_term_string\"}}],\"inLanguage\":\"en-US\"},{\"@type\":\"Organization\",\"@id\":\"https:\\\/\\\/guitarradegranada.com\\\/en\\\/#organization\",\"name\":\"Guitarra de Granada\",\"url\":\"https:\\\/\\\/guitarradegranada.com\\\/en\\\/\",\"logo\":{\"@type\":\"ImageObject\",\"inLanguage\":\"en-US\",\"@id\":\"https:\\\/\\\/guitarradegranada.com\\\/en\\\/#\\\/schema\\\/logo\\\/image\\\/\",\"url\":\"https:\\\/\\\/guitarradegranada.com\\\/wp-content\\\/uploads\\\/2020\\\/05\\\/Logo-Guitarra-de-Granada.png\",\"contentUrl\":\"https:\\\/\\\/guitarradegranada.com\\\/wp-content\\\/uploads\\\/2020\\\/05\\\/Logo-Guitarra-de-Granada.png\",\"width\":1314,\"height\":219,\"caption\":\"Guitarra de Granada\"},\"image\":{\"@id\":\"https:\\\/\\\/guitarradegranada.com\\\/en\\\/#\\\/schema\\\/logo\\\/image\\\/\"}}]}<\/script>\n<!-- \/ Yoast SEO plugin. -->","yoast_head_json":{"title":"\u25b7 Dunlop Platinum Cleaner Polish + Chamois Kit - LA GUITARRER\u00cdA DE GRANADA%.","description":"Dunlop Platinum Cleaner Polish Kit is a high quality cleaner and polish including Platinum 65 microfiber cloth.","robots":{"index":"index","follow":"follow","max-snippet":"max-snippet:-1","max-image-preview":"max-image-preview:large","max-video-preview":"max-video-preview:-1"},"canonical":"https:\/\/guitarradegranada.com\/en\/product\/dunlop-platinum-cleaner-polish-chamois-kit\/","og_locale":"en_US","og_type":"article","og_title":"\u25b7 Dunlop Platinum Cleaner Polish + Chamois Kit - LA GUITARRER\u00cdA DE GRANADA%.","og_description":"Dunlop Platinum Cleaner Polish Kit is a high quality cleaner and polish including Platinum 65 microfiber cloth.","og_url":"https:\/\/guitarradegranada.com\/en\/product\/dunlop-platinum-cleaner-polish-chamois-kit\/","og_site_name":"LA GUITARRER\u00cdA DE GRANADA","og_image":[{"width":1727,"height":1388,"url":"https:\/\/i0.wp.com\/guitarradegranada.com\/wp-content\/uploads\/2020\/06\/Captura-de-pantalla-2020-06-07-a-las-12.39.34.png?fit=1727%2C1388&ssl=1","type":"image\/png"}],"twitter_card":"summary_large_image","schema":{"@context":"https:\/\/schema.org","@graph":[{"@type":"WebPage","@id":"https:\/\/guitarradegranada.com\/en\/product\/dunlop-platinum-cleaner-polish-chamois-kit\/","url":"https:\/\/guitarradegranada.com\/en\/product\/dunlop-platinum-cleaner-polish-chamois-kit\/","name":"\u25b7 Dunlop Platinum Cleaner Polish + Chamois Kit - LA GUITARRER\u00cdA DE GRANADA%.","isPartOf":{"@id":"https:\/\/guitarradegranada.com\/en\/#website"},"primaryImageOfPage":{"@id":"https:\/\/guitarradegranada.com\/en\/product\/dunlop-platinum-cleaner-polish-chamois-kit\/#primaryimage"},"image":{"@id":"https:\/\/guitarradegranada.com\/en\/product\/dunlop-platinum-cleaner-polish-chamois-kit\/#primaryimage"},"thumbnailUrl":"https:\/\/guitarradegranada.com\/wp-content\/uploads\/2020\/06\/Captura-de-pantalla-2020-06-07-a-las-12.39.34.png","datePublished":"2020-06-07T10:56:49+00:00","description":"Dunlop Platinum Cleaner Polish Kit is a high quality cleaner and polish including Platinum 65 microfiber cloth.","breadcrumb":{"@id":"https:\/\/guitarradegranada.com\/en\/product\/dunlop-platinum-cleaner-polish-chamois-kit\/#breadcrumb"},"inLanguage":"en-US","potentialAction":[{"@type":"ReadAction","target":["https:\/\/guitarradegranada.com\/en\/product\/dunlop-platinum-cleaner-polish-chamois-kit\/"]}]},{"@type":"ImageObject","inLanguage":"en-US","@id":"https:\/\/guitarradegranada.com\/en\/product\/dunlop-platinum-cleaner-polish-chamois-kit\/#primaryimage","url":"https:\/\/guitarradegranada.com\/wp-content\/uploads\/2020\/06\/Captura-de-pantalla-2020-06-07-a-las-12.39.34.png","contentUrl":"https:\/\/guitarradegranada.com\/wp-content\/uploads\/2020\/06\/Captura-de-pantalla-2020-06-07-a-las-12.39.34.png","width":1727,"height":1388,"caption":"Dunlop Platinum Cleaner Polish + Gamuza"},{"@type":"BreadcrumbList","@id":"https:\/\/guitarradegranada.com\/en\/product\/dunlop-platinum-cleaner-polish-chamois-kit\/#breadcrumb","itemListElement":[{"@type":"ListItem","position":1,"name":"Portada","item":"https:\/\/guitarradegranada.com\/en\/"},{"@type":"ListItem","position":2,"name":"Store","item":"https:\/\/guitarradegranada.com\/en\/store\/"},{"@type":"ListItem","position":3,"name":"Dunlop Platinum Cleaner Polish + Chamois Kit"}]},{"@type":"WebSite","@id":"https:\/\/guitarradegranada.com\/en\/#website","url":"https:\/\/guitarradegranada.com\/en\/","name":"LA GUITARRER\u00cdA DE GRANADA","description":"La Guitarrer\u00eda de Granada es un taller de lutheria artesano y una tienda d\u00f3nde puedes encontrar guitarras artesanas flamencas, cl\u00e1sicas y todos los accesorios para guitarristas","publisher":{"@id":"https:\/\/guitarradegranada.com\/en\/#organization"},"potentialAction":[{"@type":"SearchAction","target":{"@type":"EntryPoint","urlTemplate":"https:\/\/guitarradegranada.com\/en\/?s={search_term_string}"},"query-input":{"@type":"PropertyValueSpecification","valueRequired":true,"valueName":"search_term_string"}}],"inLanguage":"en-US"},{"@type":"Organization","@id":"https:\/\/guitarradegranada.com\/en\/#organization","name":"Guitarra de Granada","url":"https:\/\/guitarradegranada.com\/en\/","logo":{"@type":"ImageObject","inLanguage":"en-US","@id":"https:\/\/guitarradegranada.com\/en\/#\/schema\/logo\/image\/","url":"https:\/\/guitarradegranada.com\/wp-content\/uploads\/2020\/05\/Logo-Guitarra-de-Granada.png","contentUrl":"https:\/\/guitarradegranada.com\/wp-content\/uploads\/2020\/05\/Logo-Guitarra-de-Granada.png","width":1314,"height":219,"caption":"Guitarra de Granada"},"image":{"@id":"https:\/\/guitarradegranada.com\/en\/#\/schema\/logo\/image\/"}}]}},"jetpack_publicize_connections":[],"jetpack_sharing_enabled":true,"amp_enabled":true,"_links":{"self":[{"href":"https:\/\/guitarradegranada.com\/en\/wp-json\/wp\/v2\/product\/8319","targetHints":{"allow":["GET"]}}],"collection":[{"href":"https:\/\/guitarradegranada.com\/en\/wp-json\/wp\/v2\/product"}],"about":[{"href":"https:\/\/guitarradegranada.com\/en\/wp-json\/wp\/v2\/types\/product"}],"wp:featuredmedia":[{"embeddable":true,"href":"https:\/\/guitarradegranada.com\/en\/wp-json\/wp\/v2\/media\/2091"}],"wp:attachment":[{"href":"https:\/\/guitarradegranada.com\/en\/wp-json\/wp\/v2\/media?parent=8319"}],"wp:term":[{"taxonomy":"product_brand","embeddable":true,"href":"https:\/\/guitarradegranada.com\/en\/wp-json\/wp\/v2\/product_brand?post=8319"},{"taxonomy":"product_cat","embeddable":true,"href":"https:\/\/guitarradegranada.com\/en\/wp-json\/wp\/v2\/product_cat?post=8319"},{"taxonomy":"product_tag","embeddable":true,"href":"https:\/\/guitarradegranada.com\/en\/wp-json\/wp\/v2\/product_tag?post=8319"}],"curies":[{"name":"wp","href":"https:\/\/api.w.org\/{rel}","templated":true}]}}