{"id":8277,"date":"2020-05-29T16:52:22","date_gmt":"2020-05-29T16:52:22","guid":{"rendered":"https:\/\/guitarradegranada.com\/producto\/savarez-corum-500arj-strings\/"},"modified":"2020-05-29T16:52:22","modified_gmt":"2020-05-29T16:52:22","slug":"savarez-corum-500arj-strings","status":"publish","type":"product","link":"https:\/\/guitarradegranada.com\/en\/product\/savarez-corum-500arj-strings\/","title":{"rendered":"Savarez Corum 500ARJ Strings"},"content":{"rendered":"<p><strong>Savarez Corum Alliance 500-ARJ<\/strong> set of 6 strings for classical\/flamenco guitar with mixed tension.<\/p>\n<p>Strong tension on bass strings and medium tension on trebles to facilitate strumming.<\/p>\n<p>This set is composed of <strong>KF Alliance Composite<\/strong> (E-Mi, B-Si, G-Sol) fluorocarbon <strong>bonuses<\/strong> and <strong>Corum beads<\/strong> that offer exceptional flexibility in conjunction with stability.<\/p>\n<p>KF Premiums are ropes made from composite materials. KF Alliance composite fibers have the same density and elongation as &#8220;gut&#8221;. The density is higher than that of polyamide ropes and they are thinner than nylon ropes and can withstand tensions up to 35 kg. The internal friction between molecules is very low, thus increasing its durability.   <\/p>\n<p>Corum&#8217;s silver-plated strings represent a second revolution in the guitar world. They are the only ones to offer exceptional flexibility associated with adequate stiffness. They also offer improved flexibility compared to traditional strings.   Savarez manufactures strings with greater flexibility than any other manufacturer in the world, offering a very fast and accurate response. The Corum basses offer a perfect balance and match perfectly with the Savarez exclusive KF Alliance trebles. The third string, G, guarantees the homogeneous transition between the B of the second string and the D of the fourth string, and is perfectly balanced with the other strings of the set in terms of sound quality. There is no need to resort to a twisted G to balance the set.  <\/p>\n<p><strong>Acoustic characteristics:<\/strong> Clarity and purity of sound, richness of timbre, great sensitivity, power, projection and long sound duration. Its design produces a reduction of the internal friction of the string which translates into a stable vibration with a higher level and longer lasting sound. <\/p>\n","protected":false},"excerpt":{"rendered":"<p style=\"text-align: left\"><img loading=\"lazy\" decoding=\"async\" class=\"wp-image-1900 alignleft\" src=\"https:\/\/guitarradegranada.com\/wp-content\/uploads\/2020\/05\/savarez-logo-300x133.jpg\" alt=\"Savarez\" width=\"171\" height=\"76\"><\/p>\n<p>&nbsp;<\/p>\n<p>&nbsp;<\/p>\n<p>&nbsp;<\/p>\n<p style=\"text-align: left\">Set of 6 strings for classical\/flamenco guitar Savarez Corum Alliance 500-ARJ mixed tension.<\/p>\n","protected":false},"featured_media":1902,"template":"","meta":{"_coblocks_attr":"","_coblocks_dimensions":"","_coblocks_responsive_height":"","_coblocks_accordion_ie_support":"","_crdt_document":"","jetpack_publicize_message":"","jetpack_publicize_feature_enabled":true,"jetpack_social_post_already_shared":true,"jetpack_social_options":{"image_generator_settings":{"template":"highway","default_image_id":0,"font":"","enabled":false},"version":2},"_wpas_customize_per_network":false},"product_brand":[],"product_cat":[50518879,50518884,50518885],"product_tag":[50518966,50518965,50519001],"class_list":{"0":"post-8277","1":"product","2":"type-product","3":"status-publish","4":"has-post-thumbnail","6":"product_cat-guitar-accessories","7":"product_cat-classical-guitar-strings","8":"product_cat-flamenco-guitar-strings","9":"product_tag-classical-guitar-strings","10":"product_tag-flamenco-guitar-strings","11":"product_tag-savarez","12":"product_shipping_class-cejillas-artesanas","14":"first","15":"instock","16":"featured","17":"taxable","18":"shipping-taxable","19":"purchasable","20":"product-type-simple"},"bundled_by":[],"bundle_stock_status":"instock","bundle_stock_quantity":null,"bundle_virtual":false,"bundle_layout":"","bundle_add_to_cart_form_location":"","bundle_editable_in_cart":false,"bundle_sold_individually_context":"","bundle_item_grouping":"","bundle_min_size":"","bundle_max_size":"","bundle_price":[],"bundled_items":[],"bundle_sell_ids":[],"group_of_quantity":0,"min_quantity":0,"max_quantity":"","exclude_order_quantity_value_rules":"no","exclude_category_quantity_rules":"no","combine_variations":"no","exclude_global_add_ons":[],"addons":[],"yoast_head":"<!-- This site is optimized with the Yoast SEO plugin v27.4 - https:\/\/yoast.com\/product\/yoast-seo-wordpress\/ -->\n<title>\u25b7 Savarez Corum 500ARJ Strings - LA GUITARRER\u00cdA DE GRANADA%.<\/title>\n<meta name=\"description\" content=\"Set of strings for classical\/flamenco guitar Savarez Corum Alliance 500ARJ. Mixed tension. Strong in basses and medium in the trebles.\" \/>\n<meta name=\"robots\" content=\"index, follow, max-snippet:-1, max-image-preview:large, max-video-preview:-1\" \/>\n<link rel=\"canonical\" href=\"https:\/\/guitarradegranada.com\/en\/product\/savarez-corum-500arj-strings\/\" \/>\n<meta property=\"og:locale\" content=\"en_US\" \/>\n<meta property=\"og:type\" content=\"article\" \/>\n<meta property=\"og:title\" content=\"\u25b7 Savarez Corum 500ARJ Strings - LA GUITARRER\u00cdA DE GRANADA%.\" \/>\n<meta property=\"og:description\" content=\"Set of strings for classical\/flamenco guitar Savarez Corum Alliance 500ARJ. Mixed tension. Strong in basses and medium in the trebles.\" \/>\n<meta property=\"og:url\" content=\"https:\/\/guitarradegranada.com\/en\/product\/savarez-corum-500arj-strings\/\" \/>\n<meta property=\"og:site_name\" content=\"LA GUITARRER\u00cdA DE GRANADA\" \/>\n<meta property=\"og:image\" content=\"https:\/\/i0.wp.com\/guitarradegranada.com\/wp-content\/uploads\/2020\/05\/savarez-corum-.jpg?fit=717%2C600&ssl=1\" \/>\n\t<meta property=\"og:image:width\" content=\"717\" \/>\n\t<meta property=\"og:image:height\" content=\"600\" \/>\n\t<meta property=\"og:image:type\" content=\"image\/jpeg\" \/>\n<meta name=\"twitter:card\" content=\"summary_large_image\" \/>\n<meta name=\"twitter:label1\" content=\"Est. reading time\" \/>\n\t<meta name=\"twitter:data1\" content=\"1 minute\" \/>\n<script type=\"application\/ld+json\" class=\"yoast-schema-graph\">{\"@context\":\"https:\\\/\\\/schema.org\",\"@graph\":[{\"@type\":\"WebPage\",\"@id\":\"https:\\\/\\\/guitarradegranada.com\\\/en\\\/product\\\/savarez-corum-500arj-strings\\\/\",\"url\":\"https:\\\/\\\/guitarradegranada.com\\\/en\\\/product\\\/savarez-corum-500arj-strings\\\/\",\"name\":\"\u25b7 Savarez Corum 500ARJ Strings - LA GUITARRER\u00cdA DE GRANADA%.\",\"isPartOf\":{\"@id\":\"https:\\\/\\\/guitarradegranada.com\\\/en\\\/#website\"},\"primaryImageOfPage\":{\"@id\":\"https:\\\/\\\/guitarradegranada.com\\\/en\\\/product\\\/savarez-corum-500arj-strings\\\/#primaryimage\"},\"image\":{\"@id\":\"https:\\\/\\\/guitarradegranada.com\\\/en\\\/product\\\/savarez-corum-500arj-strings\\\/#primaryimage\"},\"thumbnailUrl\":\"https:\\\/\\\/guitarradegranada.com\\\/wp-content\\\/uploads\\\/2020\\\/05\\\/savarez-corum-.jpg\",\"datePublished\":\"2020-05-29T16:52:22+00:00\",\"description\":\"Set of strings for classical\\\/flamenco guitar Savarez Corum Alliance 500ARJ. Mixed tension. Strong in basses and medium in the trebles.\",\"breadcrumb\":{\"@id\":\"https:\\\/\\\/guitarradegranada.com\\\/en\\\/product\\\/savarez-corum-500arj-strings\\\/#breadcrumb\"},\"inLanguage\":\"en-US\",\"potentialAction\":[{\"@type\":\"ReadAction\",\"target\":[\"https:\\\/\\\/guitarradegranada.com\\\/en\\\/product\\\/savarez-corum-500arj-strings\\\/\"]}]},{\"@type\":\"ImageObject\",\"inLanguage\":\"en-US\",\"@id\":\"https:\\\/\\\/guitarradegranada.com\\\/en\\\/product\\\/savarez-corum-500arj-strings\\\/#primaryimage\",\"url\":\"https:\\\/\\\/guitarradegranada.com\\\/wp-content\\\/uploads\\\/2020\\\/05\\\/savarez-corum-.jpg\",\"contentUrl\":\"https:\\\/\\\/guitarradegranada.com\\\/wp-content\\\/uploads\\\/2020\\\/05\\\/savarez-corum-.jpg\",\"width\":717,\"height\":600,\"caption\":\"Cuerdas Savarez Corum 500ARJ\"},{\"@type\":\"BreadcrumbList\",\"@id\":\"https:\\\/\\\/guitarradegranada.com\\\/en\\\/product\\\/savarez-corum-500arj-strings\\\/#breadcrumb\",\"itemListElement\":[{\"@type\":\"ListItem\",\"position\":1,\"name\":\"Portada\",\"item\":\"https:\\\/\\\/guitarradegranada.com\\\/en\\\/\"},{\"@type\":\"ListItem\",\"position\":2,\"name\":\"Store\",\"item\":\"https:\\\/\\\/guitarradegranada.com\\\/en\\\/store\\\/\"},{\"@type\":\"ListItem\",\"position\":3,\"name\":\"Savarez Corum 500ARJ Strings\"}]},{\"@type\":\"WebSite\",\"@id\":\"https:\\\/\\\/guitarradegranada.com\\\/en\\\/#website\",\"url\":\"https:\\\/\\\/guitarradegranada.com\\\/en\\\/\",\"name\":\"LA GUITARRER\u00cdA DE GRANADA\",\"description\":\"La Guitarrer\u00eda de Granada es un taller de lutheria artesano y una tienda d\u00f3nde puedes encontrar guitarras artesanas flamencas, cl\u00e1sicas y todos los accesorios para guitarristas\",\"publisher\":{\"@id\":\"https:\\\/\\\/guitarradegranada.com\\\/en\\\/#organization\"},\"potentialAction\":[{\"@type\":\"SearchAction\",\"target\":{\"@type\":\"EntryPoint\",\"urlTemplate\":\"https:\\\/\\\/guitarradegranada.com\\\/en\\\/?s={search_term_string}\"},\"query-input\":{\"@type\":\"PropertyValueSpecification\",\"valueRequired\":true,\"valueName\":\"search_term_string\"}}],\"inLanguage\":\"en-US\"},{\"@type\":\"Organization\",\"@id\":\"https:\\\/\\\/guitarradegranada.com\\\/en\\\/#organization\",\"name\":\"Guitarra de Granada\",\"url\":\"https:\\\/\\\/guitarradegranada.com\\\/en\\\/\",\"logo\":{\"@type\":\"ImageObject\",\"inLanguage\":\"en-US\",\"@id\":\"https:\\\/\\\/guitarradegranada.com\\\/en\\\/#\\\/schema\\\/logo\\\/image\\\/\",\"url\":\"https:\\\/\\\/guitarradegranada.com\\\/wp-content\\\/uploads\\\/2020\\\/05\\\/Logo-Guitarra-de-Granada.png\",\"contentUrl\":\"https:\\\/\\\/guitarradegranada.com\\\/wp-content\\\/uploads\\\/2020\\\/05\\\/Logo-Guitarra-de-Granada.png\",\"width\":1314,\"height\":219,\"caption\":\"Guitarra de Granada\"},\"image\":{\"@id\":\"https:\\\/\\\/guitarradegranada.com\\\/en\\\/#\\\/schema\\\/logo\\\/image\\\/\"}}]}<\/script>\n<!-- \/ Yoast SEO plugin. -->","yoast_head_json":{"title":"\u25b7 Savarez Corum 500ARJ Strings - LA GUITARRER\u00cdA DE GRANADA%.","description":"Set of strings for classical\/flamenco guitar Savarez Corum Alliance 500ARJ. Mixed tension. Strong in basses and medium in the trebles.","robots":{"index":"index","follow":"follow","max-snippet":"max-snippet:-1","max-image-preview":"max-image-preview:large","max-video-preview":"max-video-preview:-1"},"canonical":"https:\/\/guitarradegranada.com\/en\/product\/savarez-corum-500arj-strings\/","og_locale":"en_US","og_type":"article","og_title":"\u25b7 Savarez Corum 500ARJ Strings - LA GUITARRER\u00cdA DE GRANADA%.","og_description":"Set of strings for classical\/flamenco guitar Savarez Corum Alliance 500ARJ. Mixed tension. Strong in basses and medium in the trebles.","og_url":"https:\/\/guitarradegranada.com\/en\/product\/savarez-corum-500arj-strings\/","og_site_name":"LA GUITARRER\u00cdA DE GRANADA","og_image":[{"width":717,"height":600,"url":"https:\/\/i0.wp.com\/guitarradegranada.com\/wp-content\/uploads\/2020\/05\/savarez-corum-.jpg?fit=717%2C600&ssl=1","type":"image\/jpeg"}],"twitter_card":"summary_large_image","twitter_misc":{"Est. reading time":"1 minute"},"schema":{"@context":"https:\/\/schema.org","@graph":[{"@type":"WebPage","@id":"https:\/\/guitarradegranada.com\/en\/product\/savarez-corum-500arj-strings\/","url":"https:\/\/guitarradegranada.com\/en\/product\/savarez-corum-500arj-strings\/","name":"\u25b7 Savarez Corum 500ARJ Strings - LA GUITARRER\u00cdA DE GRANADA%.","isPartOf":{"@id":"https:\/\/guitarradegranada.com\/en\/#website"},"primaryImageOfPage":{"@id":"https:\/\/guitarradegranada.com\/en\/product\/savarez-corum-500arj-strings\/#primaryimage"},"image":{"@id":"https:\/\/guitarradegranada.com\/en\/product\/savarez-corum-500arj-strings\/#primaryimage"},"thumbnailUrl":"https:\/\/guitarradegranada.com\/wp-content\/uploads\/2020\/05\/savarez-corum-.jpg","datePublished":"2020-05-29T16:52:22+00:00","description":"Set of strings for classical\/flamenco guitar Savarez Corum Alliance 500ARJ. Mixed tension. Strong in basses and medium in the trebles.","breadcrumb":{"@id":"https:\/\/guitarradegranada.com\/en\/product\/savarez-corum-500arj-strings\/#breadcrumb"},"inLanguage":"en-US","potentialAction":[{"@type":"ReadAction","target":["https:\/\/guitarradegranada.com\/en\/product\/savarez-corum-500arj-strings\/"]}]},{"@type":"ImageObject","inLanguage":"en-US","@id":"https:\/\/guitarradegranada.com\/en\/product\/savarez-corum-500arj-strings\/#primaryimage","url":"https:\/\/guitarradegranada.com\/wp-content\/uploads\/2020\/05\/savarez-corum-.jpg","contentUrl":"https:\/\/guitarradegranada.com\/wp-content\/uploads\/2020\/05\/savarez-corum-.jpg","width":717,"height":600,"caption":"Cuerdas Savarez Corum 500ARJ"},{"@type":"BreadcrumbList","@id":"https:\/\/guitarradegranada.com\/en\/product\/savarez-corum-500arj-strings\/#breadcrumb","itemListElement":[{"@type":"ListItem","position":1,"name":"Portada","item":"https:\/\/guitarradegranada.com\/en\/"},{"@type":"ListItem","position":2,"name":"Store","item":"https:\/\/guitarradegranada.com\/en\/store\/"},{"@type":"ListItem","position":3,"name":"Savarez Corum 500ARJ Strings"}]},{"@type":"WebSite","@id":"https:\/\/guitarradegranada.com\/en\/#website","url":"https:\/\/guitarradegranada.com\/en\/","name":"LA GUITARRER\u00cdA DE GRANADA","description":"La Guitarrer\u00eda de Granada es un taller de lutheria artesano y una tienda d\u00f3nde puedes encontrar guitarras artesanas flamencas, cl\u00e1sicas y todos los accesorios para guitarristas","publisher":{"@id":"https:\/\/guitarradegranada.com\/en\/#organization"},"potentialAction":[{"@type":"SearchAction","target":{"@type":"EntryPoint","urlTemplate":"https:\/\/guitarradegranada.com\/en\/?s={search_term_string}"},"query-input":{"@type":"PropertyValueSpecification","valueRequired":true,"valueName":"search_term_string"}}],"inLanguage":"en-US"},{"@type":"Organization","@id":"https:\/\/guitarradegranada.com\/en\/#organization","name":"Guitarra de Granada","url":"https:\/\/guitarradegranada.com\/en\/","logo":{"@type":"ImageObject","inLanguage":"en-US","@id":"https:\/\/guitarradegranada.com\/en\/#\/schema\/logo\/image\/","url":"https:\/\/guitarradegranada.com\/wp-content\/uploads\/2020\/05\/Logo-Guitarra-de-Granada.png","contentUrl":"https:\/\/guitarradegranada.com\/wp-content\/uploads\/2020\/05\/Logo-Guitarra-de-Granada.png","width":1314,"height":219,"caption":"Guitarra de Granada"},"image":{"@id":"https:\/\/guitarradegranada.com\/en\/#\/schema\/logo\/image\/"}}]}},"jetpack_publicize_connections":[],"jetpack_sharing_enabled":true,"amp_enabled":true,"_links":{"self":[{"href":"https:\/\/guitarradegranada.com\/en\/wp-json\/wp\/v2\/product\/8277","targetHints":{"allow":["GET"]}}],"collection":[{"href":"https:\/\/guitarradegranada.com\/en\/wp-json\/wp\/v2\/product"}],"about":[{"href":"https:\/\/guitarradegranada.com\/en\/wp-json\/wp\/v2\/types\/product"}],"wp:featuredmedia":[{"embeddable":true,"href":"https:\/\/guitarradegranada.com\/en\/wp-json\/wp\/v2\/media\/1902"}],"wp:attachment":[{"href":"https:\/\/guitarradegranada.com\/en\/wp-json\/wp\/v2\/media?parent=8277"}],"wp:term":[{"taxonomy":"product_brand","embeddable":true,"href":"https:\/\/guitarradegranada.com\/en\/wp-json\/wp\/v2\/product_brand?post=8277"},{"taxonomy":"product_cat","embeddable":true,"href":"https:\/\/guitarradegranada.com\/en\/wp-json\/wp\/v2\/product_cat?post=8277"},{"taxonomy":"product_tag","embeddable":true,"href":"https:\/\/guitarradegranada.com\/en\/wp-json\/wp\/v2\/product_tag?post=8277"}],"curies":[{"name":"wp","href":"https:\/\/api.w.org\/{rel}","templated":true}]}}