{"id":8268,"date":"2020-05-29T16:08:16","date_gmt":"2020-05-29T16:08:16","guid":{"rendered":"https:\/\/guitarradegranada.com\/producto\/alhambra-flamenco-guitar-3f\/"},"modified":"2020-05-29T16:08:16","modified_gmt":"2020-05-29T16:08:16","slug":"alhambra-flamenco-guitar-3f","status":"publish","type":"product","link":"https:\/\/guitarradegranada.com\/en\/product\/alhambra-flamenco-guitar-3f\/","title":{"rendered":"Alhambra Flamenco Guitar 3F"},"content":{"rendered":"<p>The <strong>Alhambra 3F flamenco guitar<\/strong> is an affordable guitar with all the quality of Alhambra Guitars.<\/p>\n<p>The 3F is an ideal model for students and for anyone who wants to have a comfortable and good sounding flamenco guitar.<\/p>\n<p>It incorporates a solid German Spruce top, Sycamore body, Samanguila neck with Indian Rosewood fingerboard and nickel-plated headstock. A good guitar for beginners in flamenco. With pickguard installed.  <\/p>\n<p>Melamine has been used for the construction of the bridges, both for the saddle and the nut, a highly sound-transmitting synthetic material that contributes to a round and defined sound.<\/p>\n<p>Therefore, it is a good choice for students looking for a versatile, comfortable instrument with a wonderful tone.<\/p>\n<div class=\"box1\">\n<div class=\"box1_t\"><strong>Technical specifications:<\/strong><\/div>\n<div><\/div>\n<div class=\"box1_cnt\">\n<table class=\"table3 w100\" width=\"250\">\n<tbody>\n<tr>\n<td class=\"t4\"><strong>Top<\/strong><\/td>\n<td class=\"t2\">Solid spruce<\/td>\n<\/tr>\n<tr>\n<td class=\"t4\"><strong>Mast<\/strong><\/td>\n<td class=\"t2\">Samanguila<\/td>\n<\/tr>\n<tr>\n<td class=\"t4\"><strong>Rings and Back<\/strong><\/td>\n<td class=\"t2\">Sycamore<\/td>\n<\/tr>\n<tr>\n<td class=\"t4\"><strong>Fingerboard<\/strong><\/td>\n<td class=\"t2\">Indian rosewood<\/td>\n<\/tr>\n<tr>\n<td class=\"t4\"><strong>Scale<\/strong><\/td>\n<td class=\"t2\">650 mm<\/td>\n<\/tr>\n<\/tbody>\n<\/table>\n<\/div>\n<\/div>\n<div class=\"clear\"><\/div>\n","protected":false},"excerpt":{"rendered":"<p><img loading=\"lazy\" decoding=\"async\" class=\"wp-image-1876 alignleft\" src=\"https:\/\/guitarradegranada.com\/wp-content\/uploads\/2020\/05\/guitarras-alhambra-logo-300x94.png\" alt=\"Alhambra Guitars\" width=\"147\" height=\"46\"><\/p>\n<p>&nbsp;<\/p>\n<p>&nbsp;<\/p>\n<p>The 3F model is a great choice for beginners. Flamenco sound and a very good quality finish. <\/p>\n","protected":false},"featured_media":1891,"template":"","meta":{"_coblocks_attr":"","_coblocks_dimensions":"","_coblocks_responsive_height":"","_coblocks_accordion_ie_support":"","_crdt_document":"","jetpack_publicize_message":"","jetpack_publicize_feature_enabled":true,"jetpack_social_post_already_shared":true,"jetpack_social_options":{"image_generator_settings":{"template":"highway","default_image_id":0,"font":"","enabled":false},"version":2},"_wpas_customize_per_network":false},"product_brand":[],"product_cat":[50518903,50518905,50518898],"product_tag":[50518990,50518940],"class_list":{"0":"post-8268","1":"product","2":"type-product","3":"status-publish","4":"has-post-thumbnail","6":"product_cat-flamenco-guitars","7":"product_cat-flamenco-studio-guitars","8":"product_cat-classical-and-flamenco-guitars","9":"product_tag-alhambra-guitars","10":"product_tag-flamenco-guitar","11":"product_shipping_class-guitar-shipment","13":"first","14":"outofstock","15":"sale","16":"featured","17":"taxable","18":"shipping-taxable","19":"purchasable","20":"product-type-simple"},"bundled_by":[],"bundle_stock_status":"outofstock","bundle_stock_quantity":null,"bundle_virtual":false,"bundle_layout":"","bundle_add_to_cart_form_location":"","bundle_editable_in_cart":false,"bundle_sold_individually_context":"","bundle_item_grouping":"","bundle_min_size":"","bundle_max_size":"","bundle_price":[],"bundled_items":[],"bundle_sell_ids":[],"group_of_quantity":0,"min_quantity":0,"max_quantity":"","exclude_order_quantity_value_rules":"no","exclude_category_quantity_rules":"no","combine_variations":"no","exclude_global_add_ons":[],"addons":[],"yoast_head":"<!-- This site is optimized with the Yoast SEO plugin v27.4 - https:\/\/yoast.com\/product\/yoast-seo-wordpress\/ -->\n<title>\u25b7 Alhambra Flamenco Guitar 3F - LA GUITARRER\u00cdA DE GRANADA%.<\/title>\n<meta name=\"description\" content=\"The Alhambra 3f flamenco guitar is a very versatile instrument ideal for flamenco students. Very good quality finish.\" \/>\n<meta name=\"robots\" content=\"index, follow, max-snippet:-1, max-image-preview:large, max-video-preview:-1\" \/>\n<link rel=\"canonical\" href=\"https:\/\/guitarradegranada.com\/en\/product\/alhambra-flamenco-guitar-3f\/\" \/>\n<meta property=\"og:locale\" content=\"en_US\" \/>\n<meta property=\"og:type\" content=\"article\" \/>\n<meta property=\"og:title\" content=\"\u25b7 Alhambra Flamenco Guitar 3F - LA GUITARRER\u00cdA DE GRANADA%.\" \/>\n<meta property=\"og:description\" content=\"The Alhambra 3f flamenco guitar is a very versatile instrument ideal for flamenco students. Very good quality finish.\" \/>\n<meta property=\"og:url\" content=\"https:\/\/guitarradegranada.com\/en\/product\/alhambra-flamenco-guitar-3f\/\" \/>\n<meta property=\"og:site_name\" content=\"LA GUITARRER\u00cdA DE GRANADA\" \/>\n<meta property=\"og:image\" content=\"https:\/\/i0.wp.com\/guitarradegranada.com\/wp-content\/uploads\/2020\/05\/alhambra-3f-guitarra-flamenca.jpg?fit=765%2C765&ssl=1\" \/>\n\t<meta property=\"og:image:width\" content=\"765\" \/>\n\t<meta property=\"og:image:height\" content=\"765\" \/>\n\t<meta property=\"og:image:type\" content=\"image\/jpeg\" \/>\n<meta name=\"twitter:card\" content=\"summary_large_image\" \/>\n<meta name=\"twitter:label1\" content=\"Est. reading time\" \/>\n\t<meta name=\"twitter:data1\" content=\"1 minute\" \/>\n<script type=\"application\/ld+json\" class=\"yoast-schema-graph\">{\"@context\":\"https:\\\/\\\/schema.org\",\"@graph\":[{\"@type\":\"WebPage\",\"@id\":\"https:\\\/\\\/guitarradegranada.com\\\/en\\\/product\\\/alhambra-flamenco-guitar-3f\\\/\",\"url\":\"https:\\\/\\\/guitarradegranada.com\\\/en\\\/product\\\/alhambra-flamenco-guitar-3f\\\/\",\"name\":\"\u25b7 Alhambra Flamenco Guitar 3F - LA GUITARRER\u00cdA DE GRANADA%.\",\"isPartOf\":{\"@id\":\"https:\\\/\\\/guitarradegranada.com\\\/en\\\/#website\"},\"primaryImageOfPage\":{\"@id\":\"https:\\\/\\\/guitarradegranada.com\\\/en\\\/product\\\/alhambra-flamenco-guitar-3f\\\/#primaryimage\"},\"image\":{\"@id\":\"https:\\\/\\\/guitarradegranada.com\\\/en\\\/product\\\/alhambra-flamenco-guitar-3f\\\/#primaryimage\"},\"thumbnailUrl\":\"https:\\\/\\\/guitarradegranada.com\\\/wp-content\\\/uploads\\\/2020\\\/05\\\/alhambra-3f-guitarra-flamenca.jpg\",\"datePublished\":\"2020-05-29T16:08:16+00:00\",\"description\":\"The Alhambra 3f flamenco guitar is a very versatile instrument ideal for flamenco students. Very good quality finish.\",\"breadcrumb\":{\"@id\":\"https:\\\/\\\/guitarradegranada.com\\\/en\\\/product\\\/alhambra-flamenco-guitar-3f\\\/#breadcrumb\"},\"inLanguage\":\"en-US\",\"potentialAction\":[{\"@type\":\"ReadAction\",\"target\":[\"https:\\\/\\\/guitarradegranada.com\\\/en\\\/product\\\/alhambra-flamenco-guitar-3f\\\/\"]}]},{\"@type\":\"ImageObject\",\"inLanguage\":\"en-US\",\"@id\":\"https:\\\/\\\/guitarradegranada.com\\\/en\\\/product\\\/alhambra-flamenco-guitar-3f\\\/#primaryimage\",\"url\":\"https:\\\/\\\/guitarradegranada.com\\\/wp-content\\\/uploads\\\/2020\\\/05\\\/alhambra-3f-guitarra-flamenca.jpg\",\"contentUrl\":\"https:\\\/\\\/guitarradegranada.com\\\/wp-content\\\/uploads\\\/2020\\\/05\\\/alhambra-3f-guitarra-flamenca.jpg\",\"width\":765,\"height\":765,\"caption\":\"Guitarra flamenca Alhambra 3F\"},{\"@type\":\"BreadcrumbList\",\"@id\":\"https:\\\/\\\/guitarradegranada.com\\\/en\\\/product\\\/alhambra-flamenco-guitar-3f\\\/#breadcrumb\",\"itemListElement\":[{\"@type\":\"ListItem\",\"position\":1,\"name\":\"Portada\",\"item\":\"https:\\\/\\\/guitarradegranada.com\\\/en\\\/\"},{\"@type\":\"ListItem\",\"position\":2,\"name\":\"Store\",\"item\":\"https:\\\/\\\/guitarradegranada.com\\\/en\\\/store\\\/\"},{\"@type\":\"ListItem\",\"position\":3,\"name\":\"Alhambra Flamenco Guitar 3F\"}]},{\"@type\":\"WebSite\",\"@id\":\"https:\\\/\\\/guitarradegranada.com\\\/en\\\/#website\",\"url\":\"https:\\\/\\\/guitarradegranada.com\\\/en\\\/\",\"name\":\"LA GUITARRER\u00cdA DE GRANADA\",\"description\":\"La Guitarrer\u00eda de Granada es un taller de lutheria artesano y una tienda d\u00f3nde puedes encontrar guitarras artesanas flamencas, cl\u00e1sicas y todos los accesorios para guitarristas\",\"publisher\":{\"@id\":\"https:\\\/\\\/guitarradegranada.com\\\/en\\\/#organization\"},\"potentialAction\":[{\"@type\":\"SearchAction\",\"target\":{\"@type\":\"EntryPoint\",\"urlTemplate\":\"https:\\\/\\\/guitarradegranada.com\\\/en\\\/?s={search_term_string}\"},\"query-input\":{\"@type\":\"PropertyValueSpecification\",\"valueRequired\":true,\"valueName\":\"search_term_string\"}}],\"inLanguage\":\"en-US\"},{\"@type\":\"Organization\",\"@id\":\"https:\\\/\\\/guitarradegranada.com\\\/en\\\/#organization\",\"name\":\"Guitarra de Granada\",\"url\":\"https:\\\/\\\/guitarradegranada.com\\\/en\\\/\",\"logo\":{\"@type\":\"ImageObject\",\"inLanguage\":\"en-US\",\"@id\":\"https:\\\/\\\/guitarradegranada.com\\\/en\\\/#\\\/schema\\\/logo\\\/image\\\/\",\"url\":\"https:\\\/\\\/guitarradegranada.com\\\/wp-content\\\/uploads\\\/2020\\\/05\\\/Logo-Guitarra-de-Granada.png\",\"contentUrl\":\"https:\\\/\\\/guitarradegranada.com\\\/wp-content\\\/uploads\\\/2020\\\/05\\\/Logo-Guitarra-de-Granada.png\",\"width\":1314,\"height\":219,\"caption\":\"Guitarra de Granada\"},\"image\":{\"@id\":\"https:\\\/\\\/guitarradegranada.com\\\/en\\\/#\\\/schema\\\/logo\\\/image\\\/\"}}]}<\/script>\n<!-- \/ Yoast SEO plugin. -->","yoast_head_json":{"title":"\u25b7 Alhambra Flamenco Guitar 3F - LA GUITARRER\u00cdA DE GRANADA%.","description":"The Alhambra 3f flamenco guitar is a very versatile instrument ideal for flamenco students. Very good quality finish.","robots":{"index":"index","follow":"follow","max-snippet":"max-snippet:-1","max-image-preview":"max-image-preview:large","max-video-preview":"max-video-preview:-1"},"canonical":"https:\/\/guitarradegranada.com\/en\/product\/alhambra-flamenco-guitar-3f\/","og_locale":"en_US","og_type":"article","og_title":"\u25b7 Alhambra Flamenco Guitar 3F - LA GUITARRER\u00cdA DE GRANADA%.","og_description":"The Alhambra 3f flamenco guitar is a very versatile instrument ideal for flamenco students. Very good quality finish.","og_url":"https:\/\/guitarradegranada.com\/en\/product\/alhambra-flamenco-guitar-3f\/","og_site_name":"LA GUITARRER\u00cdA DE GRANADA","og_image":[{"width":765,"height":765,"url":"https:\/\/i0.wp.com\/guitarradegranada.com\/wp-content\/uploads\/2020\/05\/alhambra-3f-guitarra-flamenca.jpg?fit=765%2C765&ssl=1","type":"image\/jpeg"}],"twitter_card":"summary_large_image","twitter_misc":{"Est. reading time":"1 minute"},"schema":{"@context":"https:\/\/schema.org","@graph":[{"@type":"WebPage","@id":"https:\/\/guitarradegranada.com\/en\/product\/alhambra-flamenco-guitar-3f\/","url":"https:\/\/guitarradegranada.com\/en\/product\/alhambra-flamenco-guitar-3f\/","name":"\u25b7 Alhambra Flamenco Guitar 3F - LA GUITARRER\u00cdA DE GRANADA%.","isPartOf":{"@id":"https:\/\/guitarradegranada.com\/en\/#website"},"primaryImageOfPage":{"@id":"https:\/\/guitarradegranada.com\/en\/product\/alhambra-flamenco-guitar-3f\/#primaryimage"},"image":{"@id":"https:\/\/guitarradegranada.com\/en\/product\/alhambra-flamenco-guitar-3f\/#primaryimage"},"thumbnailUrl":"https:\/\/guitarradegranada.com\/wp-content\/uploads\/2020\/05\/alhambra-3f-guitarra-flamenca.jpg","datePublished":"2020-05-29T16:08:16+00:00","description":"The Alhambra 3f flamenco guitar is a very versatile instrument ideal for flamenco students. Very good quality finish.","breadcrumb":{"@id":"https:\/\/guitarradegranada.com\/en\/product\/alhambra-flamenco-guitar-3f\/#breadcrumb"},"inLanguage":"en-US","potentialAction":[{"@type":"ReadAction","target":["https:\/\/guitarradegranada.com\/en\/product\/alhambra-flamenco-guitar-3f\/"]}]},{"@type":"ImageObject","inLanguage":"en-US","@id":"https:\/\/guitarradegranada.com\/en\/product\/alhambra-flamenco-guitar-3f\/#primaryimage","url":"https:\/\/guitarradegranada.com\/wp-content\/uploads\/2020\/05\/alhambra-3f-guitarra-flamenca.jpg","contentUrl":"https:\/\/guitarradegranada.com\/wp-content\/uploads\/2020\/05\/alhambra-3f-guitarra-flamenca.jpg","width":765,"height":765,"caption":"Guitarra flamenca Alhambra 3F"},{"@type":"BreadcrumbList","@id":"https:\/\/guitarradegranada.com\/en\/product\/alhambra-flamenco-guitar-3f\/#breadcrumb","itemListElement":[{"@type":"ListItem","position":1,"name":"Portada","item":"https:\/\/guitarradegranada.com\/en\/"},{"@type":"ListItem","position":2,"name":"Store","item":"https:\/\/guitarradegranada.com\/en\/store\/"},{"@type":"ListItem","position":3,"name":"Alhambra Flamenco Guitar 3F"}]},{"@type":"WebSite","@id":"https:\/\/guitarradegranada.com\/en\/#website","url":"https:\/\/guitarradegranada.com\/en\/","name":"LA GUITARRER\u00cdA DE GRANADA","description":"La Guitarrer\u00eda de Granada es un taller de lutheria artesano y una tienda d\u00f3nde puedes encontrar guitarras artesanas flamencas, cl\u00e1sicas y todos los accesorios para guitarristas","publisher":{"@id":"https:\/\/guitarradegranada.com\/en\/#organization"},"potentialAction":[{"@type":"SearchAction","target":{"@type":"EntryPoint","urlTemplate":"https:\/\/guitarradegranada.com\/en\/?s={search_term_string}"},"query-input":{"@type":"PropertyValueSpecification","valueRequired":true,"valueName":"search_term_string"}}],"inLanguage":"en-US"},{"@type":"Organization","@id":"https:\/\/guitarradegranada.com\/en\/#organization","name":"Guitarra de Granada","url":"https:\/\/guitarradegranada.com\/en\/","logo":{"@type":"ImageObject","inLanguage":"en-US","@id":"https:\/\/guitarradegranada.com\/en\/#\/schema\/logo\/image\/","url":"https:\/\/guitarradegranada.com\/wp-content\/uploads\/2020\/05\/Logo-Guitarra-de-Granada.png","contentUrl":"https:\/\/guitarradegranada.com\/wp-content\/uploads\/2020\/05\/Logo-Guitarra-de-Granada.png","width":1314,"height":219,"caption":"Guitarra de Granada"},"image":{"@id":"https:\/\/guitarradegranada.com\/en\/#\/schema\/logo\/image\/"}}]}},"jetpack_publicize_connections":[],"jetpack_sharing_enabled":true,"amp_enabled":true,"_links":{"self":[{"href":"https:\/\/guitarradegranada.com\/en\/wp-json\/wp\/v2\/product\/8268","targetHints":{"allow":["GET"]}}],"collection":[{"href":"https:\/\/guitarradegranada.com\/en\/wp-json\/wp\/v2\/product"}],"about":[{"href":"https:\/\/guitarradegranada.com\/en\/wp-json\/wp\/v2\/types\/product"}],"wp:featuredmedia":[{"embeddable":true,"href":"https:\/\/guitarradegranada.com\/en\/wp-json\/wp\/v2\/media\/1891"}],"wp:attachment":[{"href":"https:\/\/guitarradegranada.com\/en\/wp-json\/wp\/v2\/media?parent=8268"}],"wp:term":[{"taxonomy":"product_brand","embeddable":true,"href":"https:\/\/guitarradegranada.com\/en\/wp-json\/wp\/v2\/product_brand?post=8268"},{"taxonomy":"product_cat","embeddable":true,"href":"https:\/\/guitarradegranada.com\/en\/wp-json\/wp\/v2\/product_cat?post=8268"},{"taxonomy":"product_tag","embeddable":true,"href":"https:\/\/guitarradegranada.com\/en\/wp-json\/wp\/v2\/product_tag?post=8268"}],"curies":[{"name":"wp","href":"https:\/\/api.w.org\/{rel}","templated":true}]}}