{"id":8168,"date":"2020-05-20T23:24:07","date_gmt":"2020-05-20T23:24:07","guid":{"rendered":"https:\/\/guitarradegranada.com\/producto\/hannabach-goldin-725mht-classical-strings\/"},"modified":"2020-05-20T23:24:07","modified_gmt":"2020-05-20T23:24:07","slug":"hannabach-goldin-725mht-classical-strings","status":"publish","type":"product","link":"https:\/\/guitarradegranada.com\/en\/product\/hannabach-goldin-725mht-classical-strings\/","title":{"rendered":"Hannabach Goldin 725MHT Classical Strings"},"content":{"rendered":"<p><strong>Hannabach Classic Goldin 725MHTC Carbon<\/strong> Medium High Tension Strings &#8211;<\/p>\n<p>Supercarbon trebles and Goldin strings.<\/p>\n<p><span class=\"s1\">The Hannabach Goldin is a top of the line classical guitar set. The<\/span>GOLDIN strings are made of a gold alloy that gives them a yellow color (they are 100% nickel and cadmium free).<\/p>\n<p>-Trebles: are made of refined yellow gold colored super carbon.<span class=\"goog-text-highlight\"><span class=\"s1\">They provide a noticeably<\/span><\/span> softer and warmer<span class=\"goog-text-highlight\"><span class=\"s1\">sound<\/span><\/span> than conventional carbon strings.<\/p>\n<p>-The basses:<span class=\"s1\"> &#8220;GOLDIN&#8221; <\/span> technology<span class=\"s1\"> has a high density and very resistant synthetic core. They provide a clear and bright sound. <\/span> <\/p>\n<p><span class=\"s1\">Rated as one of the best classical guitar strings by many guitar professionals.  <\/span>Also suitable for flamenco guitar. Made in Germany. <\/p>\n<div class=\"box1_t\"><strong>Technical specifications:<\/strong><\/div>\n<div class=\"box1_cnt\">\n<table class=\"table3 w100\">\n<tbody>\n<tr>\n<td class=\"t4\"><strong>Class <\/strong><\/td>\n<td class=\"t2\">Classical\/Flamenco<\/td>\n<\/tr>\n<tr>\n<td class=\"t4\"><strong>Instrument<\/strong><\/td>\n<td class=\"t2\">Guitar<\/td>\n<\/tr>\n<tr>\n<td class=\"t4\"><strong>Voltage <\/strong><\/td>\n<td class=\"t2\">Medium-high<\/td>\n<\/tr>\n<\/tbody>\n<\/table>\n<\/div>\n","protected":false},"excerpt":{"rendered":"<p><img loading=\"lazy\" decoding=\"async\" class=\"wp-image-1909 alignleft\" src=\"https:\/\/guitarradegranada.com\/wp-content\/uploads\/2020\/05\/hannabach-247x300.gif\" alt=\"\" width=\"90\" height=\"109\" srcset=\"https:\/\/guitarradegranada.com\/wp-content\/uploads\/2020\/05\/hannabach-247x300.gif 247w, https:\/\/guitarradegranada.com\/wp-content\/uploads\/2020\/05\/hannabach-64x78.gif 64w\" sizes=\"auto, (max-width: 90px) 100vw, 90px\" \/><\/p>\n<p>&nbsp;<\/p>\n<p>&nbsp;<\/p>\n<p>&nbsp;<\/p>\n<p>Top of the range classical guitar strings. Super carbon and Goldin. <\/p>\n","protected":false},"featured_media":1350,"template":"","meta":{"_coblocks_attr":"","_coblocks_dimensions":"","_coblocks_responsive_height":"","_coblocks_accordion_ie_support":"","_crdt_document":"","jetpack_publicize_message":"","jetpack_publicize_feature_enabled":true,"jetpack_social_post_already_shared":true,"jetpack_social_options":{"image_generator_settings":{"template":"highway","default_image_id":0,"font":"","enabled":false},"version":2},"_wpas_customize_per_network":false},"product_brand":[],"product_cat":[50518879,50518884,50518885],"product_tag":[50518966,50518965,50519011],"class_list":{"0":"post-8168","1":"product","2":"type-product","3":"status-publish","4":"has-post-thumbnail","6":"product_cat-guitar-accessories","7":"product_cat-classical-guitar-strings","8":"product_cat-flamenco-guitar-strings","9":"product_tag-classical-guitar-strings","10":"product_tag-flamenco-guitar-strings","11":"product_tag-hannabach","12":"product_shipping_class-cejillas-artesanas","14":"first","15":"instock","16":"sale","17":"featured","18":"taxable","19":"shipping-taxable","20":"purchasable","21":"product-type-simple"},"bundled_by":[],"bundle_stock_status":"instock","bundle_stock_quantity":null,"bundle_virtual":false,"bundle_layout":"","bundle_add_to_cart_form_location":"","bundle_editable_in_cart":false,"bundle_sold_individually_context":"","bundle_item_grouping":"","bundle_min_size":"","bundle_max_size":"","bundle_price":[],"bundled_items":[],"bundle_sell_ids":[],"group_of_quantity":0,"min_quantity":0,"max_quantity":"","exclude_order_quantity_value_rules":"no","exclude_category_quantity_rules":"no","combine_variations":"no","exclude_global_add_ons":[],"addons":[],"yoast_head":"<!-- This site is optimized with the Yoast SEO plugin v27.4 - https:\/\/yoast.com\/product\/yoast-seo-wordpress\/ -->\n<title>\u25b7Hannabach Goldin 725MHT Classical Strings% -% LA GUITARRER\u00cdA DE GRANADA%.<\/title>\n<meta name=\"description\" content=\"The Hannabach Goldin is a top of the line classical guitar set. With refined super carbon and Goldin winding. One of the best classical strings\" \/>\n<meta name=\"robots\" content=\"index, follow, max-snippet:-1, max-image-preview:large, max-video-preview:-1\" \/>\n<link rel=\"canonical\" href=\"https:\/\/guitarradegranada.com\/en\/product\/hannabach-goldin-725mht-classical-strings\/\" \/>\n<meta property=\"og:locale\" content=\"en_US\" \/>\n<meta property=\"og:type\" content=\"article\" \/>\n<meta property=\"og:title\" content=\"\u25b7Hannabach Goldin 725MHT Classical Strings% -% LA GUITARRER\u00cdA DE GRANADA%.\" \/>\n<meta property=\"og:description\" content=\"The Hannabach Goldin is a top of the line classical guitar set. With refined super carbon and Goldin winding. One of the best classical strings\" \/>\n<meta property=\"og:url\" content=\"https:\/\/guitarradegranada.com\/en\/product\/hannabach-goldin-725mht-classical-strings\/\" \/>\n<meta property=\"og:site_name\" content=\"LA GUITARRER\u00cdA DE GRANADA\" \/>\n<meta property=\"og:image\" content=\"https:\/\/i0.wp.com\/guitarradegranada.com\/wp-content\/uploads\/2020\/05\/Goldinn-Hannabach.jpg?fit=747%2C600&ssl=1\" \/>\n\t<meta property=\"og:image:width\" content=\"747\" \/>\n\t<meta property=\"og:image:height\" content=\"600\" \/>\n\t<meta property=\"og:image:type\" content=\"image\/jpeg\" \/>\n<meta name=\"twitter:card\" content=\"summary_large_image\" \/>\n<meta name=\"twitter:label1\" content=\"Est. reading time\" \/>\n\t<meta name=\"twitter:data1\" content=\"1 minute\" \/>\n<script type=\"application\/ld+json\" class=\"yoast-schema-graph\">{\"@context\":\"https:\\\/\\\/schema.org\",\"@graph\":[{\"@type\":\"WebPage\",\"@id\":\"https:\\\/\\\/guitarradegranada.com\\\/en\\\/product\\\/hannabach-goldin-725mht-classical-strings\\\/\",\"url\":\"https:\\\/\\\/guitarradegranada.com\\\/en\\\/product\\\/hannabach-goldin-725mht-classical-strings\\\/\",\"name\":\"\u25b7Hannabach Goldin 725MHT Classical Strings% -% LA GUITARRER\u00cdA DE GRANADA%.\",\"isPartOf\":{\"@id\":\"https:\\\/\\\/guitarradegranada.com\\\/en\\\/#website\"},\"primaryImageOfPage\":{\"@id\":\"https:\\\/\\\/guitarradegranada.com\\\/en\\\/product\\\/hannabach-goldin-725mht-classical-strings\\\/#primaryimage\"},\"image\":{\"@id\":\"https:\\\/\\\/guitarradegranada.com\\\/en\\\/product\\\/hannabach-goldin-725mht-classical-strings\\\/#primaryimage\"},\"thumbnailUrl\":\"https:\\\/\\\/guitarradegranada.com\\\/wp-content\\\/uploads\\\/2020\\\/05\\\/Goldinn-Hannabach.jpg\",\"datePublished\":\"2020-05-20T23:24:07+00:00\",\"description\":\"The Hannabach Goldin is a top of the line classical guitar set. With refined super carbon and Goldin winding. One of the best classical strings\",\"breadcrumb\":{\"@id\":\"https:\\\/\\\/guitarradegranada.com\\\/en\\\/product\\\/hannabach-goldin-725mht-classical-strings\\\/#breadcrumb\"},\"inLanguage\":\"en-US\",\"potentialAction\":[{\"@type\":\"ReadAction\",\"target\":[\"https:\\\/\\\/guitarradegranada.com\\\/en\\\/product\\\/hannabach-goldin-725mht-classical-strings\\\/\"]}]},{\"@type\":\"ImageObject\",\"inLanguage\":\"en-US\",\"@id\":\"https:\\\/\\\/guitarradegranada.com\\\/en\\\/product\\\/hannabach-goldin-725mht-classical-strings\\\/#primaryimage\",\"url\":\"https:\\\/\\\/guitarradegranada.com\\\/wp-content\\\/uploads\\\/2020\\\/05\\\/Goldinn-Hannabach.jpg\",\"contentUrl\":\"https:\\\/\\\/guitarradegranada.com\\\/wp-content\\\/uploads\\\/2020\\\/05\\\/Goldinn-Hannabach.jpg\",\"width\":747,\"height\":600,\"caption\":\"Goldin Hannabach 725MHTC\"},{\"@type\":\"BreadcrumbList\",\"@id\":\"https:\\\/\\\/guitarradegranada.com\\\/en\\\/product\\\/hannabach-goldin-725mht-classical-strings\\\/#breadcrumb\",\"itemListElement\":[{\"@type\":\"ListItem\",\"position\":1,\"name\":\"Portada\",\"item\":\"https:\\\/\\\/guitarradegranada.com\\\/en\\\/\"},{\"@type\":\"ListItem\",\"position\":2,\"name\":\"Store\",\"item\":\"https:\\\/\\\/guitarradegranada.com\\\/en\\\/store\\\/\"},{\"@type\":\"ListItem\",\"position\":3,\"name\":\"Hannabach Goldin 725MHT Classical Strings\"}]},{\"@type\":\"WebSite\",\"@id\":\"https:\\\/\\\/guitarradegranada.com\\\/en\\\/#website\",\"url\":\"https:\\\/\\\/guitarradegranada.com\\\/en\\\/\",\"name\":\"LA GUITARRER\u00cdA DE GRANADA\",\"description\":\"La Guitarrer\u00eda de Granada es un taller de lutheria artesano y una tienda d\u00f3nde puedes encontrar guitarras artesanas flamencas, cl\u00e1sicas y todos los accesorios para guitarristas\",\"publisher\":{\"@id\":\"https:\\\/\\\/guitarradegranada.com\\\/en\\\/#organization\"},\"potentialAction\":[{\"@type\":\"SearchAction\",\"target\":{\"@type\":\"EntryPoint\",\"urlTemplate\":\"https:\\\/\\\/guitarradegranada.com\\\/en\\\/?s={search_term_string}\"},\"query-input\":{\"@type\":\"PropertyValueSpecification\",\"valueRequired\":true,\"valueName\":\"search_term_string\"}}],\"inLanguage\":\"en-US\"},{\"@type\":\"Organization\",\"@id\":\"https:\\\/\\\/guitarradegranada.com\\\/en\\\/#organization\",\"name\":\"Guitarra de Granada\",\"url\":\"https:\\\/\\\/guitarradegranada.com\\\/en\\\/\",\"logo\":{\"@type\":\"ImageObject\",\"inLanguage\":\"en-US\",\"@id\":\"https:\\\/\\\/guitarradegranada.com\\\/en\\\/#\\\/schema\\\/logo\\\/image\\\/\",\"url\":\"https:\\\/\\\/guitarradegranada.com\\\/wp-content\\\/uploads\\\/2020\\\/05\\\/Logo-Guitarra-de-Granada.png\",\"contentUrl\":\"https:\\\/\\\/guitarradegranada.com\\\/wp-content\\\/uploads\\\/2020\\\/05\\\/Logo-Guitarra-de-Granada.png\",\"width\":1314,\"height\":219,\"caption\":\"Guitarra de Granada\"},\"image\":{\"@id\":\"https:\\\/\\\/guitarradegranada.com\\\/en\\\/#\\\/schema\\\/logo\\\/image\\\/\"}}]}<\/script>\n<!-- \/ Yoast SEO plugin. -->","yoast_head_json":{"title":"\u25b7Hannabach Goldin 725MHT Classical Strings% -% LA GUITARRER\u00cdA DE GRANADA%.","description":"The Hannabach Goldin is a top of the line classical guitar set. With refined super carbon and Goldin winding. One of the best classical strings","robots":{"index":"index","follow":"follow","max-snippet":"max-snippet:-1","max-image-preview":"max-image-preview:large","max-video-preview":"max-video-preview:-1"},"canonical":"https:\/\/guitarradegranada.com\/en\/product\/hannabach-goldin-725mht-classical-strings\/","og_locale":"en_US","og_type":"article","og_title":"\u25b7Hannabach Goldin 725MHT Classical Strings% -% LA GUITARRER\u00cdA DE GRANADA%.","og_description":"The Hannabach Goldin is a top of the line classical guitar set. With refined super carbon and Goldin winding. One of the best classical strings","og_url":"https:\/\/guitarradegranada.com\/en\/product\/hannabach-goldin-725mht-classical-strings\/","og_site_name":"LA GUITARRER\u00cdA DE GRANADA","og_image":[{"width":747,"height":600,"url":"https:\/\/i0.wp.com\/guitarradegranada.com\/wp-content\/uploads\/2020\/05\/Goldinn-Hannabach.jpg?fit=747%2C600&ssl=1","type":"image\/jpeg"}],"twitter_card":"summary_large_image","twitter_misc":{"Est. reading time":"1 minute"},"schema":{"@context":"https:\/\/schema.org","@graph":[{"@type":"WebPage","@id":"https:\/\/guitarradegranada.com\/en\/product\/hannabach-goldin-725mht-classical-strings\/","url":"https:\/\/guitarradegranada.com\/en\/product\/hannabach-goldin-725mht-classical-strings\/","name":"\u25b7Hannabach Goldin 725MHT Classical Strings% -% LA GUITARRER\u00cdA DE GRANADA%.","isPartOf":{"@id":"https:\/\/guitarradegranada.com\/en\/#website"},"primaryImageOfPage":{"@id":"https:\/\/guitarradegranada.com\/en\/product\/hannabach-goldin-725mht-classical-strings\/#primaryimage"},"image":{"@id":"https:\/\/guitarradegranada.com\/en\/product\/hannabach-goldin-725mht-classical-strings\/#primaryimage"},"thumbnailUrl":"https:\/\/guitarradegranada.com\/wp-content\/uploads\/2020\/05\/Goldinn-Hannabach.jpg","datePublished":"2020-05-20T23:24:07+00:00","description":"The Hannabach Goldin is a top of the line classical guitar set. With refined super carbon and Goldin winding. One of the best classical strings","breadcrumb":{"@id":"https:\/\/guitarradegranada.com\/en\/product\/hannabach-goldin-725mht-classical-strings\/#breadcrumb"},"inLanguage":"en-US","potentialAction":[{"@type":"ReadAction","target":["https:\/\/guitarradegranada.com\/en\/product\/hannabach-goldin-725mht-classical-strings\/"]}]},{"@type":"ImageObject","inLanguage":"en-US","@id":"https:\/\/guitarradegranada.com\/en\/product\/hannabach-goldin-725mht-classical-strings\/#primaryimage","url":"https:\/\/guitarradegranada.com\/wp-content\/uploads\/2020\/05\/Goldinn-Hannabach.jpg","contentUrl":"https:\/\/guitarradegranada.com\/wp-content\/uploads\/2020\/05\/Goldinn-Hannabach.jpg","width":747,"height":600,"caption":"Goldin Hannabach 725MHTC"},{"@type":"BreadcrumbList","@id":"https:\/\/guitarradegranada.com\/en\/product\/hannabach-goldin-725mht-classical-strings\/#breadcrumb","itemListElement":[{"@type":"ListItem","position":1,"name":"Portada","item":"https:\/\/guitarradegranada.com\/en\/"},{"@type":"ListItem","position":2,"name":"Store","item":"https:\/\/guitarradegranada.com\/en\/store\/"},{"@type":"ListItem","position":3,"name":"Hannabach Goldin 725MHT Classical Strings"}]},{"@type":"WebSite","@id":"https:\/\/guitarradegranada.com\/en\/#website","url":"https:\/\/guitarradegranada.com\/en\/","name":"LA GUITARRER\u00cdA DE GRANADA","description":"La Guitarrer\u00eda de Granada es un taller de lutheria artesano y una tienda d\u00f3nde puedes encontrar guitarras artesanas flamencas, cl\u00e1sicas y todos los accesorios para guitarristas","publisher":{"@id":"https:\/\/guitarradegranada.com\/en\/#organization"},"potentialAction":[{"@type":"SearchAction","target":{"@type":"EntryPoint","urlTemplate":"https:\/\/guitarradegranada.com\/en\/?s={search_term_string}"},"query-input":{"@type":"PropertyValueSpecification","valueRequired":true,"valueName":"search_term_string"}}],"inLanguage":"en-US"},{"@type":"Organization","@id":"https:\/\/guitarradegranada.com\/en\/#organization","name":"Guitarra de Granada","url":"https:\/\/guitarradegranada.com\/en\/","logo":{"@type":"ImageObject","inLanguage":"en-US","@id":"https:\/\/guitarradegranada.com\/en\/#\/schema\/logo\/image\/","url":"https:\/\/guitarradegranada.com\/wp-content\/uploads\/2020\/05\/Logo-Guitarra-de-Granada.png","contentUrl":"https:\/\/guitarradegranada.com\/wp-content\/uploads\/2020\/05\/Logo-Guitarra-de-Granada.png","width":1314,"height":219,"caption":"Guitarra de Granada"},"image":{"@id":"https:\/\/guitarradegranada.com\/en\/#\/schema\/logo\/image\/"}}]}},"jetpack_publicize_connections":[],"jetpack_sharing_enabled":true,"amp_enabled":true,"_links":{"self":[{"href":"https:\/\/guitarradegranada.com\/en\/wp-json\/wp\/v2\/product\/8168","targetHints":{"allow":["GET"]}}],"collection":[{"href":"https:\/\/guitarradegranada.com\/en\/wp-json\/wp\/v2\/product"}],"about":[{"href":"https:\/\/guitarradegranada.com\/en\/wp-json\/wp\/v2\/types\/product"}],"wp:featuredmedia":[{"embeddable":true,"href":"https:\/\/guitarradegranada.com\/en\/wp-json\/wp\/v2\/media\/1350"}],"wp:attachment":[{"href":"https:\/\/guitarradegranada.com\/en\/wp-json\/wp\/v2\/media?parent=8168"}],"wp:term":[{"taxonomy":"product_brand","embeddable":true,"href":"https:\/\/guitarradegranada.com\/en\/wp-json\/wp\/v2\/product_brand?post=8168"},{"taxonomy":"product_cat","embeddable":true,"href":"https:\/\/guitarradegranada.com\/en\/wp-json\/wp\/v2\/product_cat?post=8168"},{"taxonomy":"product_tag","embeddable":true,"href":"https:\/\/guitarradegranada.com\/en\/wp-json\/wp\/v2\/product_tag?post=8168"}],"curies":[{"name":"wp","href":"https:\/\/api.w.org\/{rel}","templated":true}]}}