{"id":8160,"date":"2020-05-20T22:21:03","date_gmt":"2020-05-20T22:21:03","guid":{"rendered":"https:\/\/guitarradegranada.com\/producto\/hannabach-815ht-classical-strings\/"},"modified":"2020-05-20T22:21:03","modified_gmt":"2020-05-20T22:21:03","slug":"hannabach-815ht-classical-strings","status":"publish","type":"product","link":"https:\/\/guitarradegranada.com\/en\/product\/hannabach-815ht-classical-strings\/","title":{"rendered":"Hannabach 815HT Classical Strings"},"content":{"rendered":"<p><strong>Hannabach Classical<\/strong> Guitar Strings <strong>815HT Silver Special<\/strong> Black, High Tension.<\/p>\n<p>Precision-rounded nylon trebles with silver-plated copper-plated twisted edges<\/p>\n<p>Strings for professional musicians.<\/p>\n<p>The basses: with a highly resistant nylon core and wire-wound with special high-grade silver-plated round wire and <span class=\"st\">special anti-fogging<\/span>.<\/p>\n<p>&#8211;<span class=\"st\">The <\/span><span class=\"st\">tiples: high precision tiples <\/span>that guarantee a &#8220;Precisely Round&#8221;, that is a perfect round and are made of nylon-monofilament.<\/p>\n<p>Made in Germany.<\/p>\n<div class=\"box1_t\"><strong>Technical specifications:<\/strong><\/div>\n<div class=\"box1_cnt\">\n<table class=\"table3 w100\">\n<tbody>\n<tr>\n<td class=\"t4\"><strong>Class <\/strong><\/td>\n<td class=\"t2\">Classical<\/td>\n<\/tr>\n<tr>\n<td class=\"t4\"><strong>Instrument<\/strong><\/td>\n<td class=\"t2\">Guitar<\/td>\n<\/tr>\n<tr>\n<td class=\"t4\"><strong>Voltage <\/strong><\/td>\n<td class=\"t2\">High<\/td>\n<\/tr>\n<\/tbody>\n<\/table>\n<\/div>\n","protected":false},"excerpt":{"rendered":"<p><img loading=\"lazy\" decoding=\"async\" class=\"wp-image-1909 alignleft\" src=\"https:\/\/guitarradegranada.com\/wp-content\/uploads\/2020\/05\/hannabach-247x300.gif\" alt=\"\" width=\"100\" height=\"121\" srcset=\"https:\/\/guitarradegranada.com\/wp-content\/uploads\/2020\/05\/hannabach-247x300.gif 247w, https:\/\/guitarradegranada.com\/wp-content\/uploads\/2020\/05\/hannabach-64x78.gif 64w\" sizes=\"auto, (max-width: 100px) 100vw, 100px\" \/><\/p>\n<p>&nbsp;<\/p>\n<p>&nbsp;<\/p>\n<p>&nbsp;<\/p>\n<p>Professional high tension classical guitar strings.<\/p>\n","protected":false},"featured_media":1343,"template":"","meta":{"_coblocks_attr":"","_coblocks_dimensions":"","_coblocks_responsive_height":"","_coblocks_accordion_ie_support":"","_crdt_document":"","jetpack_publicize_message":"","jetpack_publicize_feature_enabled":true,"jetpack_social_post_already_shared":true,"jetpack_social_options":{"image_generator_settings":{"template":"highway","default_image_id":0,"font":"","enabled":false},"version":2},"_wpas_customize_per_network":false},"product_brand":[],"product_cat":[50518879,50518884],"product_tag":[50518966,50519010],"class_list":{"0":"post-8160","1":"product","2":"type-product","3":"status-publish","4":"has-post-thumbnail","6":"product_cat-guitar-accessories","7":"product_cat-classical-guitar-strings","8":"product_tag-classical-guitar-strings","9":"product_tag-hannahbach","10":"product_shipping_class-cejillas-artesanas","12":"first","13":"instock","14":"sale","15":"featured","16":"taxable","17":"shipping-taxable","18":"purchasable","19":"product-type-simple"},"bundled_by":[],"bundle_stock_status":"instock","bundle_stock_quantity":null,"bundle_virtual":false,"bundle_layout":"","bundle_add_to_cart_form_location":"","bundle_editable_in_cart":false,"bundle_sold_individually_context":"","bundle_item_grouping":"","bundle_min_size":"","bundle_max_size":"","bundle_price":[],"bundled_items":[],"bundle_sell_ids":[],"group_of_quantity":0,"min_quantity":0,"max_quantity":"","exclude_order_quantity_value_rules":"no","exclude_category_quantity_rules":"no","combine_variations":"no","exclude_global_add_ons":[],"addons":[],"yoast_head":"<!-- This site is optimized with the Yoast SEO plugin v27.4 - https:\/\/yoast.com\/product\/yoast-seo-wordpress\/ -->\n<title>Hannabach classical 815HT strings -% LA GUITARRER\u00cdA DE GRANADA% LA GUITARRER\u00cdA DE GRANADA% LA GUITARRER\u00cdA DE GRANADA%.<\/title>\n<meta name=\"description\" content=\"Hannabach classical 815HT for medium tension classical guitar for professionals. With nylon-monofilament trebles and special anti-fogging beads.\" \/>\n<meta name=\"robots\" content=\"index, follow, max-snippet:-1, max-image-preview:large, max-video-preview:-1\" \/>\n<link rel=\"canonical\" href=\"https:\/\/guitarradegranada.com\/en\/product\/hannabach-815ht-classical-strings\/\" \/>\n<meta property=\"og:locale\" content=\"en_US\" \/>\n<meta property=\"og:type\" content=\"article\" \/>\n<meta property=\"og:title\" content=\"Hannabach classical 815HT strings -% LA GUITARRER\u00cdA DE GRANADA% LA GUITARRER\u00cdA DE GRANADA% LA GUITARRER\u00cdA DE GRANADA%.\" \/>\n<meta property=\"og:description\" content=\"Hannabach classical 815HT for medium tension classical guitar for professionals. With nylon-monofilament trebles and special anti-fogging beads.\" \/>\n<meta property=\"og:url\" content=\"https:\/\/guitarradegranada.com\/en\/product\/hannabach-815ht-classical-strings\/\" \/>\n<meta property=\"og:site_name\" content=\"LA GUITARRER\u00cdA DE GRANADA\" \/>\n<meta property=\"og:image\" content=\"https:\/\/i0.wp.com\/guitarradegranada.com\/wp-content\/uploads\/2020\/05\/Hannabach-815HT.jpg?fit=722%2C600&ssl=1\" \/>\n\t<meta property=\"og:image:width\" content=\"722\" \/>\n\t<meta property=\"og:image:height\" content=\"600\" \/>\n\t<meta property=\"og:image:type\" content=\"image\/jpeg\" \/>\n<meta name=\"twitter:card\" content=\"summary_large_image\" \/>\n<script type=\"application\/ld+json\" class=\"yoast-schema-graph\">{\"@context\":\"https:\\\/\\\/schema.org\",\"@graph\":[{\"@type\":\"WebPage\",\"@id\":\"https:\\\/\\\/guitarradegranada.com\\\/en\\\/product\\\/hannabach-815ht-classical-strings\\\/\",\"url\":\"https:\\\/\\\/guitarradegranada.com\\\/en\\\/product\\\/hannabach-815ht-classical-strings\\\/\",\"name\":\"Hannabach classical 815HT strings -% LA GUITARRER\u00cdA DE GRANADA% LA GUITARRER\u00cdA DE GRANADA% LA GUITARRER\u00cdA DE GRANADA%.\",\"isPartOf\":{\"@id\":\"https:\\\/\\\/guitarradegranada.com\\\/en\\\/#website\"},\"primaryImageOfPage\":{\"@id\":\"https:\\\/\\\/guitarradegranada.com\\\/en\\\/product\\\/hannabach-815ht-classical-strings\\\/#primaryimage\"},\"image\":{\"@id\":\"https:\\\/\\\/guitarradegranada.com\\\/en\\\/product\\\/hannabach-815ht-classical-strings\\\/#primaryimage\"},\"thumbnailUrl\":\"https:\\\/\\\/guitarradegranada.com\\\/wp-content\\\/uploads\\\/2020\\\/05\\\/Hannabach-815HT.jpg\",\"datePublished\":\"2020-05-20T22:21:03+00:00\",\"description\":\"Hannabach classical 815HT for medium tension classical guitar for professionals. With nylon-monofilament trebles and special anti-fogging beads.\",\"breadcrumb\":{\"@id\":\"https:\\\/\\\/guitarradegranada.com\\\/en\\\/product\\\/hannabach-815ht-classical-strings\\\/#breadcrumb\"},\"inLanguage\":\"en-US\",\"potentialAction\":[{\"@type\":\"ReadAction\",\"target\":[\"https:\\\/\\\/guitarradegranada.com\\\/en\\\/product\\\/hannabach-815ht-classical-strings\\\/\"]}]},{\"@type\":\"ImageObject\",\"inLanguage\":\"en-US\",\"@id\":\"https:\\\/\\\/guitarradegranada.com\\\/en\\\/product\\\/hannabach-815ht-classical-strings\\\/#primaryimage\",\"url\":\"https:\\\/\\\/guitarradegranada.com\\\/wp-content\\\/uploads\\\/2020\\\/05\\\/Hannabach-815HT.jpg\",\"contentUrl\":\"https:\\\/\\\/guitarradegranada.com\\\/wp-content\\\/uploads\\\/2020\\\/05\\\/Hannabach-815HT.jpg\",\"width\":722,\"height\":600,\"caption\":\"Hannabach 815HT\"},{\"@type\":\"BreadcrumbList\",\"@id\":\"https:\\\/\\\/guitarradegranada.com\\\/en\\\/product\\\/hannabach-815ht-classical-strings\\\/#breadcrumb\",\"itemListElement\":[{\"@type\":\"ListItem\",\"position\":1,\"name\":\"Portada\",\"item\":\"https:\\\/\\\/guitarradegranada.com\\\/en\\\/\"},{\"@type\":\"ListItem\",\"position\":2,\"name\":\"Store\",\"item\":\"https:\\\/\\\/guitarradegranada.com\\\/en\\\/store\\\/\"},{\"@type\":\"ListItem\",\"position\":3,\"name\":\"Hannabach 815HT Classical Strings\"}]},{\"@type\":\"WebSite\",\"@id\":\"https:\\\/\\\/guitarradegranada.com\\\/en\\\/#website\",\"url\":\"https:\\\/\\\/guitarradegranada.com\\\/en\\\/\",\"name\":\"LA GUITARRER\u00cdA DE GRANADA\",\"description\":\"La Guitarrer\u00eda de Granada es un taller de lutheria artesano y una tienda d\u00f3nde puedes encontrar guitarras artesanas flamencas, cl\u00e1sicas y todos los accesorios para guitarristas\",\"publisher\":{\"@id\":\"https:\\\/\\\/guitarradegranada.com\\\/en\\\/#organization\"},\"potentialAction\":[{\"@type\":\"SearchAction\",\"target\":{\"@type\":\"EntryPoint\",\"urlTemplate\":\"https:\\\/\\\/guitarradegranada.com\\\/en\\\/?s={search_term_string}\"},\"query-input\":{\"@type\":\"PropertyValueSpecification\",\"valueRequired\":true,\"valueName\":\"search_term_string\"}}],\"inLanguage\":\"en-US\"},{\"@type\":\"Organization\",\"@id\":\"https:\\\/\\\/guitarradegranada.com\\\/en\\\/#organization\",\"name\":\"Guitarra de Granada\",\"url\":\"https:\\\/\\\/guitarradegranada.com\\\/en\\\/\",\"logo\":{\"@type\":\"ImageObject\",\"inLanguage\":\"en-US\",\"@id\":\"https:\\\/\\\/guitarradegranada.com\\\/en\\\/#\\\/schema\\\/logo\\\/image\\\/\",\"url\":\"https:\\\/\\\/guitarradegranada.com\\\/wp-content\\\/uploads\\\/2020\\\/05\\\/Logo-Guitarra-de-Granada.png\",\"contentUrl\":\"https:\\\/\\\/guitarradegranada.com\\\/wp-content\\\/uploads\\\/2020\\\/05\\\/Logo-Guitarra-de-Granada.png\",\"width\":1314,\"height\":219,\"caption\":\"Guitarra de Granada\"},\"image\":{\"@id\":\"https:\\\/\\\/guitarradegranada.com\\\/en\\\/#\\\/schema\\\/logo\\\/image\\\/\"}}]}<\/script>\n<!-- \/ Yoast SEO plugin. -->","yoast_head_json":{"title":"Hannabach classical 815HT strings -% LA GUITARRER\u00cdA DE GRANADA% LA GUITARRER\u00cdA DE GRANADA% LA GUITARRER\u00cdA DE GRANADA%.","description":"Hannabach classical 815HT for medium tension classical guitar for professionals. With nylon-monofilament trebles and special anti-fogging beads.","robots":{"index":"index","follow":"follow","max-snippet":"max-snippet:-1","max-image-preview":"max-image-preview:large","max-video-preview":"max-video-preview:-1"},"canonical":"https:\/\/guitarradegranada.com\/en\/product\/hannabach-815ht-classical-strings\/","og_locale":"en_US","og_type":"article","og_title":"Hannabach classical 815HT strings -% LA GUITARRER\u00cdA DE GRANADA% LA GUITARRER\u00cdA DE GRANADA% LA GUITARRER\u00cdA DE GRANADA%.","og_description":"Hannabach classical 815HT for medium tension classical guitar for professionals. With nylon-monofilament trebles and special anti-fogging beads.","og_url":"https:\/\/guitarradegranada.com\/en\/product\/hannabach-815ht-classical-strings\/","og_site_name":"LA GUITARRER\u00cdA DE GRANADA","og_image":[{"width":722,"height":600,"url":"https:\/\/i0.wp.com\/guitarradegranada.com\/wp-content\/uploads\/2020\/05\/Hannabach-815HT.jpg?fit=722%2C600&ssl=1","type":"image\/jpeg"}],"twitter_card":"summary_large_image","schema":{"@context":"https:\/\/schema.org","@graph":[{"@type":"WebPage","@id":"https:\/\/guitarradegranada.com\/en\/product\/hannabach-815ht-classical-strings\/","url":"https:\/\/guitarradegranada.com\/en\/product\/hannabach-815ht-classical-strings\/","name":"Hannabach classical 815HT strings -% LA GUITARRER\u00cdA DE GRANADA% LA GUITARRER\u00cdA DE GRANADA% LA GUITARRER\u00cdA DE GRANADA%.","isPartOf":{"@id":"https:\/\/guitarradegranada.com\/en\/#website"},"primaryImageOfPage":{"@id":"https:\/\/guitarradegranada.com\/en\/product\/hannabach-815ht-classical-strings\/#primaryimage"},"image":{"@id":"https:\/\/guitarradegranada.com\/en\/product\/hannabach-815ht-classical-strings\/#primaryimage"},"thumbnailUrl":"https:\/\/guitarradegranada.com\/wp-content\/uploads\/2020\/05\/Hannabach-815HT.jpg","datePublished":"2020-05-20T22:21:03+00:00","description":"Hannabach classical 815HT for medium tension classical guitar for professionals. With nylon-monofilament trebles and special anti-fogging beads.","breadcrumb":{"@id":"https:\/\/guitarradegranada.com\/en\/product\/hannabach-815ht-classical-strings\/#breadcrumb"},"inLanguage":"en-US","potentialAction":[{"@type":"ReadAction","target":["https:\/\/guitarradegranada.com\/en\/product\/hannabach-815ht-classical-strings\/"]}]},{"@type":"ImageObject","inLanguage":"en-US","@id":"https:\/\/guitarradegranada.com\/en\/product\/hannabach-815ht-classical-strings\/#primaryimage","url":"https:\/\/guitarradegranada.com\/wp-content\/uploads\/2020\/05\/Hannabach-815HT.jpg","contentUrl":"https:\/\/guitarradegranada.com\/wp-content\/uploads\/2020\/05\/Hannabach-815HT.jpg","width":722,"height":600,"caption":"Hannabach 815HT"},{"@type":"BreadcrumbList","@id":"https:\/\/guitarradegranada.com\/en\/product\/hannabach-815ht-classical-strings\/#breadcrumb","itemListElement":[{"@type":"ListItem","position":1,"name":"Portada","item":"https:\/\/guitarradegranada.com\/en\/"},{"@type":"ListItem","position":2,"name":"Store","item":"https:\/\/guitarradegranada.com\/en\/store\/"},{"@type":"ListItem","position":3,"name":"Hannabach 815HT Classical Strings"}]},{"@type":"WebSite","@id":"https:\/\/guitarradegranada.com\/en\/#website","url":"https:\/\/guitarradegranada.com\/en\/","name":"LA GUITARRER\u00cdA DE GRANADA","description":"La Guitarrer\u00eda de Granada es un taller de lutheria artesano y una tienda d\u00f3nde puedes encontrar guitarras artesanas flamencas, cl\u00e1sicas y todos los accesorios para guitarristas","publisher":{"@id":"https:\/\/guitarradegranada.com\/en\/#organization"},"potentialAction":[{"@type":"SearchAction","target":{"@type":"EntryPoint","urlTemplate":"https:\/\/guitarradegranada.com\/en\/?s={search_term_string}"},"query-input":{"@type":"PropertyValueSpecification","valueRequired":true,"valueName":"search_term_string"}}],"inLanguage":"en-US"},{"@type":"Organization","@id":"https:\/\/guitarradegranada.com\/en\/#organization","name":"Guitarra de Granada","url":"https:\/\/guitarradegranada.com\/en\/","logo":{"@type":"ImageObject","inLanguage":"en-US","@id":"https:\/\/guitarradegranada.com\/en\/#\/schema\/logo\/image\/","url":"https:\/\/guitarradegranada.com\/wp-content\/uploads\/2020\/05\/Logo-Guitarra-de-Granada.png","contentUrl":"https:\/\/guitarradegranada.com\/wp-content\/uploads\/2020\/05\/Logo-Guitarra-de-Granada.png","width":1314,"height":219,"caption":"Guitarra de Granada"},"image":{"@id":"https:\/\/guitarradegranada.com\/en\/#\/schema\/logo\/image\/"}}]}},"jetpack_publicize_connections":[],"jetpack_sharing_enabled":true,"amp_enabled":true,"_links":{"self":[{"href":"https:\/\/guitarradegranada.com\/en\/wp-json\/wp\/v2\/product\/8160","targetHints":{"allow":["GET"]}}],"collection":[{"href":"https:\/\/guitarradegranada.com\/en\/wp-json\/wp\/v2\/product"}],"about":[{"href":"https:\/\/guitarradegranada.com\/en\/wp-json\/wp\/v2\/types\/product"}],"wp:featuredmedia":[{"embeddable":true,"href":"https:\/\/guitarradegranada.com\/en\/wp-json\/wp\/v2\/media\/1343"}],"wp:attachment":[{"href":"https:\/\/guitarradegranada.com\/en\/wp-json\/wp\/v2\/media?parent=8160"}],"wp:term":[{"taxonomy":"product_brand","embeddable":true,"href":"https:\/\/guitarradegranada.com\/en\/wp-json\/wp\/v2\/product_brand?post=8160"},{"taxonomy":"product_cat","embeddable":true,"href":"https:\/\/guitarradegranada.com\/en\/wp-json\/wp\/v2\/product_cat?post=8160"},{"taxonomy":"product_tag","embeddable":true,"href":"https:\/\/guitarradegranada.com\/en\/wp-json\/wp\/v2\/product_tag?post=8160"}],"curies":[{"name":"wp","href":"https:\/\/api.w.org\/{rel}","templated":true}]}}