{"id":8129,"date":"2020-09-03T10:01:50","date_gmt":"2020-09-03T10:01:50","guid":{"rendered":"https:\/\/guitarradegranada.com\/producto\/indian-palo-santo-wood-staves\/"},"modified":"2020-09-03T10:01:50","modified_gmt":"2020-09-03T10:01:50","slug":"indian-palo-santo-wood-staves","status":"publish","type":"product","link":"https:\/\/guitarradegranada.com\/en\/product\/indian-palo-santo-wood-staves\/","title":{"rendered":"Indian Palo Santo wood staves"},"content":{"rendered":"<p><strong>Solid Indian Palo Santo wood plectrum.  <\/strong><\/p>\n<p>Luxurious handmade plectrum made of high quality solid Indian Palo Santo wood. Standard shape with indentation for easy grip. Plectrum with a warm and soft tone. High durability, matte surface, wear resistant.   <\/p>\n<p>Size: 27x32x2mm (approx.)<\/p>\n<p>Perfect for bass guitar, acoustic guitar, mandolin, banjo, etc.<\/p>\n<p>&nbsp;<\/p>\n","protected":false},"excerpt":{"rendered":"<p>Luxurious plectrum handmade from Indian Palo Santo wood.<\/p>\n<p>&nbsp;<\/p>\n","protected":false},"featured_media":2910,"template":"","meta":{"_coblocks_attr":"","_coblocks_dimensions":"","_coblocks_responsive_height":"","_coblocks_accordion_ie_support":"","_crdt_document":"","jetpack_post_was_ever_published":false,"jetpack_publicize_message":"","jetpack_publicize_feature_enabled":true,"jetpack_social_post_already_shared":true,"jetpack_social_options":{"image_generator_settings":{"template":"highway","default_image_id":0,"font":"","enabled":false},"version":2},"_wpas_customize_per_network":false},"product_brand":[],"product_cat":[50518879,50518913,50518916,50518890],"product_tag":[50519009],"class_list":{"0":"post-8129","1":"product","2":"type-product","3":"status-publish","4":"has-post-thumbnail","6":"product_cat-guitar-accessories","7":"product_cat-gifts","8":"product_cat-other-gifts","9":"product_cat-wooden-spikes","10":"product_tag-wooden-staves","11":"product_shipping_class-cejillas-artesanas","13":"first","14":"instock","15":"taxable","16":"shipping-taxable","17":"purchasable","18":"product-type-simple"},"bundled_by":[],"bundle_stock_status":"instock","bundle_stock_quantity":null,"bundle_virtual":false,"bundle_layout":"","bundle_add_to_cart_form_location":"","bundle_editable_in_cart":false,"bundle_sold_individually_context":"","bundle_item_grouping":"","bundle_min_size":"","bundle_max_size":"","bundle_price":[],"bundled_items":[],"bundle_sell_ids":[],"group_of_quantity":0,"min_quantity":0,"max_quantity":"","exclude_order_quantity_value_rules":"no","exclude_category_quantity_rules":"no","combine_variations":"no","exclude_global_add_ons":[],"addons":[],"yoast_head":"<!-- This site is optimized with the Yoast SEO plugin v27.3 - https:\/\/yoast.com\/product\/yoast-seo-wordpress\/ -->\n<title>\u25b7 Indian Palo Santo wood staves - LA GUITARRER\u00cdA DE GRANADA%.<\/title>\n<meta name=\"description\" content=\"Luxurious high quality Palo Santo solid wood plectrum with an indentation to facilitate the grip. Warm and soft tone. Great durability\" \/>\n<meta name=\"robots\" content=\"index, follow, max-snippet:-1, max-image-preview:large, max-video-preview:-1\" \/>\n<link rel=\"canonical\" href=\"https:\/\/guitarradegranada.com\/en\/product\/indian-palo-santo-wood-staves\/\" \/>\n<meta property=\"og:locale\" content=\"en_US\" \/>\n<meta property=\"og:type\" content=\"article\" \/>\n<meta property=\"og:title\" content=\"\u25b7 Indian Palo Santo wood staves - LA GUITARRER\u00cdA DE GRANADA%.\" \/>\n<meta property=\"og:description\" content=\"Luxurious high quality Palo Santo solid wood plectrum with an indentation to facilitate the grip. Warm and soft tone. Great durability\" \/>\n<meta property=\"og:url\" content=\"https:\/\/guitarradegranada.com\/en\/product\/indian-palo-santo-wood-staves\/\" \/>\n<meta property=\"og:site_name\" content=\"LA GUITARRER\u00cdA DE GRANADA\" \/>\n<meta property=\"og:image\" content=\"https:\/\/i0.wp.com\/guitarradegranada.com\/wp-content\/uploads\/2020\/09\/pua-madera-ps-e1600203221511.jpg?fit=550%2C467&ssl=1\" \/>\n\t<meta property=\"og:image:width\" content=\"550\" \/>\n\t<meta property=\"og:image:height\" content=\"467\" \/>\n\t<meta property=\"og:image:type\" content=\"image\/jpeg\" \/>\n<meta name=\"twitter:card\" content=\"summary_large_image\" \/>\n<script type=\"application\/ld+json\" class=\"yoast-schema-graph\">{\"@context\":\"https:\\\/\\\/schema.org\",\"@graph\":[{\"@type\":\"WebPage\",\"@id\":\"https:\\\/\\\/guitarradegranada.com\\\/en\\\/product\\\/indian-palo-santo-wood-staves\\\/\",\"url\":\"https:\\\/\\\/guitarradegranada.com\\\/en\\\/product\\\/indian-palo-santo-wood-staves\\\/\",\"name\":\"\u25b7 Indian Palo Santo wood staves - LA GUITARRER\u00cdA DE GRANADA%.\",\"isPartOf\":{\"@id\":\"https:\\\/\\\/guitarradegranada.com\\\/en\\\/#website\"},\"primaryImageOfPage\":{\"@id\":\"https:\\\/\\\/guitarradegranada.com\\\/en\\\/product\\\/indian-palo-santo-wood-staves\\\/#primaryimage\"},\"image\":{\"@id\":\"https:\\\/\\\/guitarradegranada.com\\\/en\\\/product\\\/indian-palo-santo-wood-staves\\\/#primaryimage\"},\"thumbnailUrl\":\"https:\\\/\\\/i0.wp.com\\\/guitarradegranada.com\\\/wp-content\\\/uploads\\\/2020\\\/09\\\/pua-madera-ps-e1600203221511.jpg?fit=550%2C467&ssl=1\",\"datePublished\":\"2020-09-03T10:01:50+00:00\",\"description\":\"Luxurious high quality Palo Santo solid wood plectrum with an indentation to facilitate the grip. Warm and soft tone. Great durability\",\"breadcrumb\":{\"@id\":\"https:\\\/\\\/guitarradegranada.com\\\/en\\\/product\\\/indian-palo-santo-wood-staves\\\/#breadcrumb\"},\"inLanguage\":\"en-US\",\"potentialAction\":[{\"@type\":\"ReadAction\",\"target\":[\"https:\\\/\\\/guitarradegranada.com\\\/en\\\/product\\\/indian-palo-santo-wood-staves\\\/\"]}]},{\"@type\":\"ImageObject\",\"inLanguage\":\"en-US\",\"@id\":\"https:\\\/\\\/guitarradegranada.com\\\/en\\\/product\\\/indian-palo-santo-wood-staves\\\/#primaryimage\",\"url\":\"https:\\\/\\\/i0.wp.com\\\/guitarradegranada.com\\\/wp-content\\\/uploads\\\/2020\\\/09\\\/pua-madera-ps-e1600203221511.jpg?fit=550%2C467&ssl=1\",\"contentUrl\":\"https:\\\/\\\/i0.wp.com\\\/guitarradegranada.com\\\/wp-content\\\/uploads\\\/2020\\\/09\\\/pua-madera-ps-e1600203221511.jpg?fit=550%2C467&ssl=1\",\"width\":550,\"height\":467,\"caption\":\"Palo santo wood staves\"},{\"@type\":\"BreadcrumbList\",\"@id\":\"https:\\\/\\\/guitarradegranada.com\\\/en\\\/product\\\/indian-palo-santo-wood-staves\\\/#breadcrumb\",\"itemListElement\":[{\"@type\":\"ListItem\",\"position\":1,\"name\":\"Portada\",\"item\":\"https:\\\/\\\/guitarradegranada.com\\\/en\\\/\"},{\"@type\":\"ListItem\",\"position\":2,\"name\":\"Store\",\"item\":\"https:\\\/\\\/guitarradegranada.com\\\/en\\\/store\\\/\"},{\"@type\":\"ListItem\",\"position\":3,\"name\":\"Indian Palo Santo wood staves\"}]},{\"@type\":\"WebSite\",\"@id\":\"https:\\\/\\\/guitarradegranada.com\\\/en\\\/#website\",\"url\":\"https:\\\/\\\/guitarradegranada.com\\\/en\\\/\",\"name\":\"LA GUITARRER\u00cdA DE GRANADA\",\"description\":\"La Guitarrer\u00eda de Granada es un taller de lutheria artesano y una tienda d\u00f3nde puedes encontrar guitarras artesanas flamencas, cl\u00e1sicas y todos los accesorios para guitarristas\",\"publisher\":{\"@id\":\"https:\\\/\\\/guitarradegranada.com\\\/en\\\/#organization\"},\"potentialAction\":[{\"@type\":\"SearchAction\",\"target\":{\"@type\":\"EntryPoint\",\"urlTemplate\":\"https:\\\/\\\/guitarradegranada.com\\\/en\\\/?s={search_term_string}\"},\"query-input\":{\"@type\":\"PropertyValueSpecification\",\"valueRequired\":true,\"valueName\":\"search_term_string\"}}],\"inLanguage\":\"en-US\"},{\"@type\":\"Organization\",\"@id\":\"https:\\\/\\\/guitarradegranada.com\\\/en\\\/#organization\",\"name\":\"Guitarra de Granada\",\"url\":\"https:\\\/\\\/guitarradegranada.com\\\/en\\\/\",\"logo\":{\"@type\":\"ImageObject\",\"inLanguage\":\"en-US\",\"@id\":\"https:\\\/\\\/guitarradegranada.com\\\/en\\\/#\\\/schema\\\/logo\\\/image\\\/\",\"url\":\"https:\\\/\\\/guitarradegranada.com\\\/wp-content\\\/uploads\\\/2020\\\/05\\\/Logo-Guitarra-de-Granada.png\",\"contentUrl\":\"https:\\\/\\\/guitarradegranada.com\\\/wp-content\\\/uploads\\\/2020\\\/05\\\/Logo-Guitarra-de-Granada.png\",\"width\":1314,\"height\":219,\"caption\":\"Guitarra de Granada\"},\"image\":{\"@id\":\"https:\\\/\\\/guitarradegranada.com\\\/en\\\/#\\\/schema\\\/logo\\\/image\\\/\"}}]}<\/script>\n<!-- \/ Yoast SEO plugin. -->","yoast_head_json":{"title":"\u25b7 Indian Palo Santo wood staves - LA GUITARRER\u00cdA DE GRANADA%.","description":"Luxurious high quality Palo Santo solid wood plectrum with an indentation to facilitate the grip. Warm and soft tone. Great durability","robots":{"index":"index","follow":"follow","max-snippet":"max-snippet:-1","max-image-preview":"max-image-preview:large","max-video-preview":"max-video-preview:-1"},"canonical":"https:\/\/guitarradegranada.com\/en\/product\/indian-palo-santo-wood-staves\/","og_locale":"en_US","og_type":"article","og_title":"\u25b7 Indian Palo Santo wood staves - LA GUITARRER\u00cdA DE GRANADA%.","og_description":"Luxurious high quality Palo Santo solid wood plectrum with an indentation to facilitate the grip. Warm and soft tone. Great durability","og_url":"https:\/\/guitarradegranada.com\/en\/product\/indian-palo-santo-wood-staves\/","og_site_name":"LA GUITARRER\u00cdA DE GRANADA","og_image":[{"width":550,"height":467,"url":"https:\/\/i0.wp.com\/guitarradegranada.com\/wp-content\/uploads\/2020\/09\/pua-madera-ps-e1600203221511.jpg?fit=550%2C467&ssl=1","type":"image\/jpeg"}],"twitter_card":"summary_large_image","schema":{"@context":"https:\/\/schema.org","@graph":[{"@type":"WebPage","@id":"https:\/\/guitarradegranada.com\/en\/product\/indian-palo-santo-wood-staves\/","url":"https:\/\/guitarradegranada.com\/en\/product\/indian-palo-santo-wood-staves\/","name":"\u25b7 Indian Palo Santo wood staves - LA GUITARRER\u00cdA DE GRANADA%.","isPartOf":{"@id":"https:\/\/guitarradegranada.com\/en\/#website"},"primaryImageOfPage":{"@id":"https:\/\/guitarradegranada.com\/en\/product\/indian-palo-santo-wood-staves\/#primaryimage"},"image":{"@id":"https:\/\/guitarradegranada.com\/en\/product\/indian-palo-santo-wood-staves\/#primaryimage"},"thumbnailUrl":"https:\/\/i0.wp.com\/guitarradegranada.com\/wp-content\/uploads\/2020\/09\/pua-madera-ps-e1600203221511.jpg?fit=550%2C467&ssl=1","datePublished":"2020-09-03T10:01:50+00:00","description":"Luxurious high quality Palo Santo solid wood plectrum with an indentation to facilitate the grip. Warm and soft tone. Great durability","breadcrumb":{"@id":"https:\/\/guitarradegranada.com\/en\/product\/indian-palo-santo-wood-staves\/#breadcrumb"},"inLanguage":"en-US","potentialAction":[{"@type":"ReadAction","target":["https:\/\/guitarradegranada.com\/en\/product\/indian-palo-santo-wood-staves\/"]}]},{"@type":"ImageObject","inLanguage":"en-US","@id":"https:\/\/guitarradegranada.com\/en\/product\/indian-palo-santo-wood-staves\/#primaryimage","url":"https:\/\/i0.wp.com\/guitarradegranada.com\/wp-content\/uploads\/2020\/09\/pua-madera-ps-e1600203221511.jpg?fit=550%2C467&ssl=1","contentUrl":"https:\/\/i0.wp.com\/guitarradegranada.com\/wp-content\/uploads\/2020\/09\/pua-madera-ps-e1600203221511.jpg?fit=550%2C467&ssl=1","width":550,"height":467,"caption":"Palo santo wood staves"},{"@type":"BreadcrumbList","@id":"https:\/\/guitarradegranada.com\/en\/product\/indian-palo-santo-wood-staves\/#breadcrumb","itemListElement":[{"@type":"ListItem","position":1,"name":"Portada","item":"https:\/\/guitarradegranada.com\/en\/"},{"@type":"ListItem","position":2,"name":"Store","item":"https:\/\/guitarradegranada.com\/en\/store\/"},{"@type":"ListItem","position":3,"name":"Indian Palo Santo wood staves"}]},{"@type":"WebSite","@id":"https:\/\/guitarradegranada.com\/en\/#website","url":"https:\/\/guitarradegranada.com\/en\/","name":"LA GUITARRER\u00cdA DE GRANADA","description":"La Guitarrer\u00eda de Granada es un taller de lutheria artesano y una tienda d\u00f3nde puedes encontrar guitarras artesanas flamencas, cl\u00e1sicas y todos los accesorios para guitarristas","publisher":{"@id":"https:\/\/guitarradegranada.com\/en\/#organization"},"potentialAction":[{"@type":"SearchAction","target":{"@type":"EntryPoint","urlTemplate":"https:\/\/guitarradegranada.com\/en\/?s={search_term_string}"},"query-input":{"@type":"PropertyValueSpecification","valueRequired":true,"valueName":"search_term_string"}}],"inLanguage":"en-US"},{"@type":"Organization","@id":"https:\/\/guitarradegranada.com\/en\/#organization","name":"Guitarra de Granada","url":"https:\/\/guitarradegranada.com\/en\/","logo":{"@type":"ImageObject","inLanguage":"en-US","@id":"https:\/\/guitarradegranada.com\/en\/#\/schema\/logo\/image\/","url":"https:\/\/guitarradegranada.com\/wp-content\/uploads\/2020\/05\/Logo-Guitarra-de-Granada.png","contentUrl":"https:\/\/guitarradegranada.com\/wp-content\/uploads\/2020\/05\/Logo-Guitarra-de-Granada.png","width":1314,"height":219,"caption":"Guitarra de Granada"},"image":{"@id":"https:\/\/guitarradegranada.com\/en\/#\/schema\/logo\/image\/"}}]}},"jetpack_publicize_connections":[],"jetpack_sharing_enabled":true,"amp_enabled":true,"_links":{"self":[{"href":"https:\/\/guitarradegranada.com\/en\/wp-json\/wp\/v2\/product\/8129","targetHints":{"allow":["GET"]}}],"collection":[{"href":"https:\/\/guitarradegranada.com\/en\/wp-json\/wp\/v2\/product"}],"about":[{"href":"https:\/\/guitarradegranada.com\/en\/wp-json\/wp\/v2\/types\/product"}],"wp:featuredmedia":[{"embeddable":true,"href":"https:\/\/guitarradegranada.com\/en\/wp-json\/wp\/v2\/media\/2910"}],"wp:attachment":[{"href":"https:\/\/guitarradegranada.com\/en\/wp-json\/wp\/v2\/media?parent=8129"}],"wp:term":[{"taxonomy":"product_brand","embeddable":true,"href":"https:\/\/guitarradegranada.com\/en\/wp-json\/wp\/v2\/product_brand?post=8129"},{"taxonomy":"product_cat","embeddable":true,"href":"https:\/\/guitarradegranada.com\/en\/wp-json\/wp\/v2\/product_cat?post=8129"},{"taxonomy":"product_tag","embeddable":true,"href":"https:\/\/guitarradegranada.com\/en\/wp-json\/wp\/v2\/product_tag?post=8129"}],"curies":[{"name":"wp","href":"https:\/\/api.w.org\/{rel}","templated":true}]}}