{"id":8113,"date":"2020-08-13T17:32:08","date_gmt":"2020-08-13T17:32:08","guid":{"rendered":"https:\/\/guitarradegranada.com\/producto\/knobloch-sterling-silver-500ssc-carbon-cx\/"},"modified":"2020-08-13T17:32:08","modified_gmt":"2020-08-13T17:32:08","slug":"knobloch-sterling-silver-500ssc-carbon-cx","status":"publish","type":"product","link":"https:\/\/guitarradegranada.com\/en\/product\/knobloch-sterling-silver-500ssc-carbon-cx\/","title":{"rendered":"Knobloch Sterling Silver 500SSC Carbon CX"},"content":{"rendered":"<p><strong>Knobloch Sterling Silver 500SSC Carbon CX classical\/flamenco guitar strings. High tension. <\/strong><\/p>\n<p>Knobloch&#8217;s <strong>Sterling Silver <\/strong>series are strings designed for high level guitarists looking for a smooth, delicate and rich sound with unsurpassed durability. This set of strings is composed of Sterling Silver (pure silver) basses and carbon CX trebles. <\/p>\n<p>Sterling Silver sterling silver basses provide a refined, rich, powerful, warm sound with exceptional sustain. In addition to the sound they give, their durability is unsurpassed, retaining their brightness and warmth for much longer than other strings on the market. <\/p>\n<p>Carbon CX trebles are ideal for guitarists who want to add extra volume to their playing. They bring brightness and clarity to the sound and increase its projection. Made of a high density material, the Carbon CX has the thinnest diameter in the Knobloch treble range.  <\/p>\n<p>The Sterling Silver series are clearly the most exclusive strings on the market.<\/p>\n","protected":false},"excerpt":{"rendered":"<p><img loading=\"lazy\" decoding=\"async\" class=\"alignnone wp-image-2165\" src=\"https:\/\/guitarradegranada.com\/wp-content\/uploads\/2020\/06\/Knobloch-300x276-1.png\" alt=\"Knobloch logo\" width=\"83\" height=\"76\" srcset=\"https:\/\/guitarradegranada.com\/wp-content\/uploads\/2020\/06\/Knobloch-300x276-1.png 300w, https:\/\/guitarradegranada.com\/wp-content\/uploads\/2020\/06\/Knobloch-300x276-1-64x59.png 64w\" sizes=\"auto, (max-width: 83px) 100vw, 83px\" \/><\/p>\n<p>Set of high level strings for flamenco\/classical guitar. High tension. <\/p>\n","protected":false},"featured_media":2828,"template":"","meta":{"_coblocks_attr":"","_coblocks_dimensions":"","_coblocks_responsive_height":"","_coblocks_accordion_ie_support":"","_crdt_document":"","jetpack_publicize_message":"","jetpack_publicize_feature_enabled":true,"jetpack_social_post_already_shared":true,"jetpack_social_options":{"image_generator_settings":{"template":"highway","default_image_id":0,"font":"","enabled":false},"version":2},"_wpas_customize_per_network":false},"product_brand":[],"product_cat":[50518879,50518884,50518885],"product_tag":[50518966,50518965,50519007],"class_list":{"0":"post-8113","1":"product","2":"type-product","3":"status-publish","4":"has-post-thumbnail","6":"product_cat-guitar-accessories","7":"product_cat-classical-guitar-strings","8":"product_cat-flamenco-guitar-strings","9":"product_tag-classical-guitar-strings","10":"product_tag-flamenco-guitar-strings","11":"product_tag-knobloch","12":"product_shipping_class-cejillas-artesanas","14":"first","15":"instock","16":"sale","17":"taxable","18":"shipping-taxable","19":"purchasable","20":"product-type-simple"},"bundled_by":[],"bundle_stock_status":"instock","bundle_stock_quantity":null,"bundle_virtual":false,"bundle_layout":"","bundle_add_to_cart_form_location":"","bundle_editable_in_cart":false,"bundle_sold_individually_context":"","bundle_item_grouping":"","bundle_min_size":"","bundle_max_size":"","bundle_price":[],"bundled_items":[],"bundle_sell_ids":[],"group_of_quantity":0,"min_quantity":0,"max_quantity":"","exclude_order_quantity_value_rules":"no","exclude_category_quantity_rules":"no","combine_variations":"no","exclude_global_add_ons":[],"addons":[],"yoast_head":"<!-- This site is optimized with the Yoast SEO plugin v27.5 - https:\/\/yoast.com\/product\/yoast-seo-wordpress\/ -->\n<title>\u25b7 Knobloch Sterling Silver 500SSC - LA GUITARRER\u00cdA DE GRANADA%.<\/title>\n<meta name=\"description\" content=\"Knobloch&#039;s Sterling Silver series are strings designed for high level guitarists looking for an unsurpassed sound. High Tension\" \/>\n<meta name=\"robots\" content=\"index, follow, max-snippet:-1, max-image-preview:large, max-video-preview:-1\" \/>\n<link rel=\"canonical\" href=\"https:\/\/guitarradegranada.com\/en\/product\/knobloch-sterling-silver-500ssc-carbon-cx\/\" \/>\n<meta property=\"og:locale\" content=\"en_US\" \/>\n<meta property=\"og:type\" content=\"article\" \/>\n<meta property=\"og:title\" content=\"\u25b7 Knobloch Sterling Silver 500SSC - LA GUITARRER\u00cdA DE GRANADA%.\" \/>\n<meta property=\"og:description\" content=\"Knobloch&#039;s Sterling Silver series are strings designed for high level guitarists looking for an unsurpassed sound. High Tension\" \/>\n<meta property=\"og:url\" content=\"https:\/\/guitarradegranada.com\/en\/product\/knobloch-sterling-silver-500ssc-carbon-cx\/\" \/>\n<meta property=\"og:site_name\" content=\"LA GUITARRER\u00cdA DE GRANADA\" \/>\n<meta property=\"og:image\" content=\"https:\/\/i0.wp.com\/guitarradegranada.com\/wp-content\/uploads\/2020\/08\/15081545_800-e1597339776725.jpg?fit=400%2C400&ssl=1\" \/>\n\t<meta property=\"og:image:width\" content=\"400\" \/>\n\t<meta property=\"og:image:height\" content=\"400\" \/>\n\t<meta property=\"og:image:type\" content=\"image\/jpeg\" \/>\n<meta name=\"twitter:card\" content=\"summary_large_image\" \/>\n<meta name=\"twitter:label1\" content=\"Est. reading time\" \/>\n\t<meta name=\"twitter:data1\" content=\"1 minute\" \/>\n<script type=\"application\/ld+json\" class=\"yoast-schema-graph\">{\"@context\":\"https:\\\/\\\/schema.org\",\"@graph\":[{\"@type\":\"WebPage\",\"@id\":\"https:\\\/\\\/guitarradegranada.com\\\/en\\\/product\\\/knobloch-sterling-silver-500ssc-carbon-cx\\\/\",\"url\":\"https:\\\/\\\/guitarradegranada.com\\\/en\\\/product\\\/knobloch-sterling-silver-500ssc-carbon-cx\\\/\",\"name\":\"\u25b7 Knobloch Sterling Silver 500SSC - LA GUITARRER\u00cdA DE GRANADA%.\",\"isPartOf\":{\"@id\":\"https:\\\/\\\/guitarradegranada.com\\\/en\\\/#website\"},\"primaryImageOfPage\":{\"@id\":\"https:\\\/\\\/guitarradegranada.com\\\/en\\\/product\\\/knobloch-sterling-silver-500ssc-carbon-cx\\\/#primaryimage\"},\"image\":{\"@id\":\"https:\\\/\\\/guitarradegranada.com\\\/en\\\/product\\\/knobloch-sterling-silver-500ssc-carbon-cx\\\/#primaryimage\"},\"thumbnailUrl\":\"https:\\\/\\\/guitarradegranada.com\\\/wp-content\\\/uploads\\\/2020\\\/08\\\/15081545_800-e1597339776725.jpg\",\"datePublished\":\"2020-08-13T17:32:08+00:00\",\"description\":\"Knobloch's Sterling Silver series are strings designed for high level guitarists looking for an unsurpassed sound. High Tension\",\"breadcrumb\":{\"@id\":\"https:\\\/\\\/guitarradegranada.com\\\/en\\\/product\\\/knobloch-sterling-silver-500ssc-carbon-cx\\\/#breadcrumb\"},\"inLanguage\":\"en-US\",\"potentialAction\":[{\"@type\":\"ReadAction\",\"target\":[\"https:\\\/\\\/guitarradegranada.com\\\/en\\\/product\\\/knobloch-sterling-silver-500ssc-carbon-cx\\\/\"]}]},{\"@type\":\"ImageObject\",\"inLanguage\":\"en-US\",\"@id\":\"https:\\\/\\\/guitarradegranada.com\\\/en\\\/product\\\/knobloch-sterling-silver-500ssc-carbon-cx\\\/#primaryimage\",\"url\":\"https:\\\/\\\/guitarradegranada.com\\\/wp-content\\\/uploads\\\/2020\\\/08\\\/15081545_800-e1597339776725.jpg\",\"contentUrl\":\"https:\\\/\\\/guitarradegranada.com\\\/wp-content\\\/uploads\\\/2020\\\/08\\\/15081545_800-e1597339776725.jpg\",\"width\":400,\"height\":400,\"caption\":\"Knobloch Sterling Silver 500SSC\"},{\"@type\":\"BreadcrumbList\",\"@id\":\"https:\\\/\\\/guitarradegranada.com\\\/en\\\/product\\\/knobloch-sterling-silver-500ssc-carbon-cx\\\/#breadcrumb\",\"itemListElement\":[{\"@type\":\"ListItem\",\"position\":1,\"name\":\"Portada\",\"item\":\"https:\\\/\\\/guitarradegranada.com\\\/en\\\/\"},{\"@type\":\"ListItem\",\"position\":2,\"name\":\"Store\",\"item\":\"https:\\\/\\\/guitarradegranada.com\\\/en\\\/store\\\/\"},{\"@type\":\"ListItem\",\"position\":3,\"name\":\"Knobloch Sterling Silver 500SSC Carbon CX\"}]},{\"@type\":\"WebSite\",\"@id\":\"https:\\\/\\\/guitarradegranada.com\\\/en\\\/#website\",\"url\":\"https:\\\/\\\/guitarradegranada.com\\\/en\\\/\",\"name\":\"LA GUITARRER\u00cdA DE GRANADA\",\"description\":\"La Guitarrer\u00eda de Granada es un taller de lutheria artesano y una tienda d\u00f3nde puedes encontrar guitarras artesanas flamencas, cl\u00e1sicas y todos los accesorios para guitarristas\",\"publisher\":{\"@id\":\"https:\\\/\\\/guitarradegranada.com\\\/en\\\/#organization\"},\"potentialAction\":[{\"@type\":\"SearchAction\",\"target\":{\"@type\":\"EntryPoint\",\"urlTemplate\":\"https:\\\/\\\/guitarradegranada.com\\\/en\\\/?s={search_term_string}\"},\"query-input\":{\"@type\":\"PropertyValueSpecification\",\"valueRequired\":true,\"valueName\":\"search_term_string\"}}],\"inLanguage\":\"en-US\"},{\"@type\":\"Organization\",\"@id\":\"https:\\\/\\\/guitarradegranada.com\\\/en\\\/#organization\",\"name\":\"Guitarra de Granada\",\"url\":\"https:\\\/\\\/guitarradegranada.com\\\/en\\\/\",\"logo\":{\"@type\":\"ImageObject\",\"inLanguage\":\"en-US\",\"@id\":\"https:\\\/\\\/guitarradegranada.com\\\/en\\\/#\\\/schema\\\/logo\\\/image\\\/\",\"url\":\"https:\\\/\\\/guitarradegranada.com\\\/wp-content\\\/uploads\\\/2020\\\/05\\\/Logo-Guitarra-de-Granada.png\",\"contentUrl\":\"https:\\\/\\\/guitarradegranada.com\\\/wp-content\\\/uploads\\\/2020\\\/05\\\/Logo-Guitarra-de-Granada.png\",\"width\":1314,\"height\":219,\"caption\":\"Guitarra de Granada\"},\"image\":{\"@id\":\"https:\\\/\\\/guitarradegranada.com\\\/en\\\/#\\\/schema\\\/logo\\\/image\\\/\"}}]}<\/script>\n<!-- \/ Yoast SEO plugin. -->","yoast_head_json":{"title":"\u25b7 Knobloch Sterling Silver 500SSC - LA GUITARRER\u00cdA DE GRANADA%.","description":"Knobloch's Sterling Silver series are strings designed for high level guitarists looking for an unsurpassed sound. High Tension","robots":{"index":"index","follow":"follow","max-snippet":"max-snippet:-1","max-image-preview":"max-image-preview:large","max-video-preview":"max-video-preview:-1"},"canonical":"https:\/\/guitarradegranada.com\/en\/product\/knobloch-sterling-silver-500ssc-carbon-cx\/","og_locale":"en_US","og_type":"article","og_title":"\u25b7 Knobloch Sterling Silver 500SSC - LA GUITARRER\u00cdA DE GRANADA%.","og_description":"Knobloch's Sterling Silver series are strings designed for high level guitarists looking for an unsurpassed sound. High Tension","og_url":"https:\/\/guitarradegranada.com\/en\/product\/knobloch-sterling-silver-500ssc-carbon-cx\/","og_site_name":"LA GUITARRER\u00cdA DE GRANADA","og_image":[{"width":400,"height":400,"url":"https:\/\/i0.wp.com\/guitarradegranada.com\/wp-content\/uploads\/2020\/08\/15081545_800-e1597339776725.jpg?fit=400%2C400&ssl=1","type":"image\/jpeg"}],"twitter_card":"summary_large_image","twitter_misc":{"Est. reading time":"1 minute"},"schema":{"@context":"https:\/\/schema.org","@graph":[{"@type":"WebPage","@id":"https:\/\/guitarradegranada.com\/en\/product\/knobloch-sterling-silver-500ssc-carbon-cx\/","url":"https:\/\/guitarradegranada.com\/en\/product\/knobloch-sterling-silver-500ssc-carbon-cx\/","name":"\u25b7 Knobloch Sterling Silver 500SSC - LA GUITARRER\u00cdA DE GRANADA%.","isPartOf":{"@id":"https:\/\/guitarradegranada.com\/en\/#website"},"primaryImageOfPage":{"@id":"https:\/\/guitarradegranada.com\/en\/product\/knobloch-sterling-silver-500ssc-carbon-cx\/#primaryimage"},"image":{"@id":"https:\/\/guitarradegranada.com\/en\/product\/knobloch-sterling-silver-500ssc-carbon-cx\/#primaryimage"},"thumbnailUrl":"https:\/\/guitarradegranada.com\/wp-content\/uploads\/2020\/08\/15081545_800-e1597339776725.jpg","datePublished":"2020-08-13T17:32:08+00:00","description":"Knobloch's Sterling Silver series are strings designed for high level guitarists looking for an unsurpassed sound. High Tension","breadcrumb":{"@id":"https:\/\/guitarradegranada.com\/en\/product\/knobloch-sterling-silver-500ssc-carbon-cx\/#breadcrumb"},"inLanguage":"en-US","potentialAction":[{"@type":"ReadAction","target":["https:\/\/guitarradegranada.com\/en\/product\/knobloch-sterling-silver-500ssc-carbon-cx\/"]}]},{"@type":"ImageObject","inLanguage":"en-US","@id":"https:\/\/guitarradegranada.com\/en\/product\/knobloch-sterling-silver-500ssc-carbon-cx\/#primaryimage","url":"https:\/\/guitarradegranada.com\/wp-content\/uploads\/2020\/08\/15081545_800-e1597339776725.jpg","contentUrl":"https:\/\/guitarradegranada.com\/wp-content\/uploads\/2020\/08\/15081545_800-e1597339776725.jpg","width":400,"height":400,"caption":"Knobloch Sterling Silver 500SSC"},{"@type":"BreadcrumbList","@id":"https:\/\/guitarradegranada.com\/en\/product\/knobloch-sterling-silver-500ssc-carbon-cx\/#breadcrumb","itemListElement":[{"@type":"ListItem","position":1,"name":"Portada","item":"https:\/\/guitarradegranada.com\/en\/"},{"@type":"ListItem","position":2,"name":"Store","item":"https:\/\/guitarradegranada.com\/en\/store\/"},{"@type":"ListItem","position":3,"name":"Knobloch Sterling Silver 500SSC Carbon CX"}]},{"@type":"WebSite","@id":"https:\/\/guitarradegranada.com\/en\/#website","url":"https:\/\/guitarradegranada.com\/en\/","name":"LA GUITARRER\u00cdA DE GRANADA","description":"La Guitarrer\u00eda de Granada es un taller de lutheria artesano y una tienda d\u00f3nde puedes encontrar guitarras artesanas flamencas, cl\u00e1sicas y todos los accesorios para guitarristas","publisher":{"@id":"https:\/\/guitarradegranada.com\/en\/#organization"},"potentialAction":[{"@type":"SearchAction","target":{"@type":"EntryPoint","urlTemplate":"https:\/\/guitarradegranada.com\/en\/?s={search_term_string}"},"query-input":{"@type":"PropertyValueSpecification","valueRequired":true,"valueName":"search_term_string"}}],"inLanguage":"en-US"},{"@type":"Organization","@id":"https:\/\/guitarradegranada.com\/en\/#organization","name":"Guitarra de Granada","url":"https:\/\/guitarradegranada.com\/en\/","logo":{"@type":"ImageObject","inLanguage":"en-US","@id":"https:\/\/guitarradegranada.com\/en\/#\/schema\/logo\/image\/","url":"https:\/\/guitarradegranada.com\/wp-content\/uploads\/2020\/05\/Logo-Guitarra-de-Granada.png","contentUrl":"https:\/\/guitarradegranada.com\/wp-content\/uploads\/2020\/05\/Logo-Guitarra-de-Granada.png","width":1314,"height":219,"caption":"Guitarra de Granada"},"image":{"@id":"https:\/\/guitarradegranada.com\/en\/#\/schema\/logo\/image\/"}}]}},"jetpack_publicize_connections":[],"jetpack_sharing_enabled":true,"amp_enabled":true,"_links":{"self":[{"href":"https:\/\/guitarradegranada.com\/en\/wp-json\/wp\/v2\/product\/8113","targetHints":{"allow":["GET"]}}],"collection":[{"href":"https:\/\/guitarradegranada.com\/en\/wp-json\/wp\/v2\/product"}],"about":[{"href":"https:\/\/guitarradegranada.com\/en\/wp-json\/wp\/v2\/types\/product"}],"wp:featuredmedia":[{"embeddable":true,"href":"https:\/\/guitarradegranada.com\/en\/wp-json\/wp\/v2\/media\/2828"}],"wp:attachment":[{"href":"https:\/\/guitarradegranada.com\/en\/wp-json\/wp\/v2\/media?parent=8113"}],"wp:term":[{"taxonomy":"product_brand","embeddable":true,"href":"https:\/\/guitarradegranada.com\/en\/wp-json\/wp\/v2\/product_brand?post=8113"},{"taxonomy":"product_cat","embeddable":true,"href":"https:\/\/guitarradegranada.com\/en\/wp-json\/wp\/v2\/product_cat?post=8113"},{"taxonomy":"product_tag","embeddable":true,"href":"https:\/\/guitarradegranada.com\/en\/wp-json\/wp\/v2\/product_tag?post=8113"}],"curies":[{"name":"wp","href":"https:\/\/api.w.org\/{rel}","templated":true}]}}