{"id":8086,"date":"2020-12-10T18:44:04","date_gmt":"2020-12-10T18:44:04","guid":{"rendered":"https:\/\/guitarradegranada.com\/producto\/prudencio-saez-3-s-classical-guitar-12\/"},"modified":"2020-12-10T18:44:04","modified_gmt":"2020-12-10T18:44:04","slug":"prudencio-saez-3-s-classical-guitar-12","status":"publish","type":"product","link":"https:\/\/guitarradegranada.com\/en\/product\/prudencio-saez-3-s-classical-guitar-12\/","title":{"rendered":"Prudencio S\u00e1ez 3-S Classical Guitar (12)"},"content":{"rendered":"<p><strong>Prudencio S\u00e1ez Classical Guitar 12<\/strong><\/p>\n<p>The classical guitar <strong>Prudencio S\u00e1ez 12<\/strong> is a classical guitar for beginners <strong>made 100% in Spain<\/strong> with good woods and the good work of craftsmen like <strong>Prudencio S\u00e1ez<\/strong>.<\/p>\n<p>The <strong>Prudencio S\u00e1ez 12<\/strong> represents a magnificent alternative to Asian classical guitars of much lower quality. With a solid cedar top, Mexican granadillo body, mongoy fingerboard, mongoy bridge and gloss finish, this is a perfect guitar for beginners or students. <\/p>\n<div class=\"box1_t\"><strong>Technical specifications:<\/strong><\/div>\n<div><\/div>\n<div class=\"box1_cnt\">\n<table class=\"table3 w100\" width=\"392\">\n<tbody>\n<tr>\n<td class=\"t4\"><strong>Top<\/strong><\/td>\n<td class=\"t2\">Solid cedar<\/td>\n<\/tr>\n<tr>\n<td class=\"t4\"><strong>Mast<\/strong><\/td>\n<td class=\"t2\">Samanguila<\/td>\n<\/tr>\n<tr>\n<td class=\"t4\"><strong>Rings and Back<\/strong><\/td>\n<td class=\"t2\">Mexican Granadillo<\/td>\n<\/tr>\n<tr>\n<td class=\"t4\"><strong>Fingerboard<\/strong><\/td>\n<td class=\"t2\">Mongoy<\/td>\n<\/tr>\n<tr>\n<td class=\"t4\"><strong>Scale<\/strong><\/td>\n<td class=\"t2\">650 mm<\/td>\n<\/tr>\n<\/tbody>\n<\/table>\n<\/div>\n","protected":false},"excerpt":{"rendered":"<p><img loading=\"lazy\" decoding=\"async\" class=\"alignnone wp-image-1907\" src=\"https:\/\/guitarradegranada.com\/wp-content\/uploads\/2020\/05\/prudencio-saez-170-arce-e1590775781831-300x165.jpg\" alt=\"Prudencio Saez\" width=\"161\" height=\"89\" srcset=\"https:\/\/guitarradegranada.com\/wp-content\/uploads\/2020\/05\/prudencio-saez-170-arce-e1590775781831-300x165.jpg 300w, https:\/\/guitarradegranada.com\/wp-content\/uploads\/2020\/05\/prudencio-saez-170-arce-e1590775781831-629x346.jpg 629w, https:\/\/guitarradegranada.com\/wp-content\/uploads\/2020\/05\/prudencio-saez-170-arce-e1590775781831-64x35.jpg 64w, https:\/\/guitarradegranada.com\/wp-content\/uploads\/2020\/05\/prudencio-saez-170-arce-e1590775781831-768x422.jpg 768w, https:\/\/guitarradegranada.com\/wp-content\/uploads\/2020\/05\/prudencio-saez-170-arce-e1590775781831-560x308.jpg 560w, https:\/\/guitarradegranada.com\/wp-content\/uploads\/2020\/05\/prudencio-saez-170-arce-e1590775781831.jpg 800w\" sizes=\"auto, (max-width: 161px) 100vw, 161px\" \/><\/p>\n<p>Classical guitar for beginners made 100% in Spain.<\/p>\n","protected":false},"featured_media":3621,"template":"","meta":{"_coblocks_attr":"","_coblocks_dimensions":"","_coblocks_responsive_height":"","_coblocks_accordion_ie_support":"","_crdt_document":"","jetpack_publicize_message":"","jetpack_publicize_feature_enabled":true,"jetpack_social_post_already_shared":true,"jetpack_social_options":{"image_generator_settings":{"template":"highway","default_image_id":0,"font":"","enabled":false},"version":2},"_wpas_customize_per_network":false},"product_brand":[],"product_cat":[50518899,50518901,50518898],"product_tag":[50518986,50518960],"class_list":{"0":"post-8086","1":"product","2":"type-product","3":"status-publish","4":"has-post-thumbnail","6":"product_cat-classical-guitars","7":"product_cat-classical-studio-guitars","8":"product_cat-classical-and-flamenco-guitars","9":"product_tag-classical-guitars","10":"product_tag-prudencio-saez-guitars","11":"product_shipping_class-guitar-shipment","13":"first","14":"instock","15":"sale","16":"taxable","17":"shipping-taxable","18":"purchasable","19":"product-type-simple"},"bundled_by":[],"bundle_stock_status":"instock","bundle_stock_quantity":null,"bundle_virtual":false,"bundle_layout":"","bundle_add_to_cart_form_location":"","bundle_editable_in_cart":false,"bundle_sold_individually_context":"","bundle_item_grouping":"","bundle_min_size":"","bundle_max_size":"","bundle_price":[],"bundled_items":[],"bundle_sell_ids":[],"group_of_quantity":0,"min_quantity":0,"max_quantity":"","exclude_order_quantity_value_rules":"no","exclude_category_quantity_rules":"no","combine_variations":"no","exclude_global_add_ons":[],"addons":[],"yoast_head":"<!-- This site is optimized with the Yoast SEO plugin v27.4 - https:\/\/yoast.com\/product\/yoast-seo-wordpress\/ -->\n<title>\u25b7 Prudencio S\u00e1ez 3-S Classical Guitar (12) - LA GUITARRER\u00cdA DE GRANADA%.<\/title>\n<meta name=\"description\" content=\"\ud83c\udfb8 Prudencio S\u00e1ez 12 classical guitar with Mexican Granadillo body built 100% in Spain. | \u2708\ufe0f Free shipping 24\/48h.\" \/>\n<meta name=\"robots\" content=\"index, follow, max-snippet:-1, max-image-preview:large, max-video-preview:-1\" \/>\n<link rel=\"canonical\" href=\"https:\/\/guitarradegranada.com\/en\/product\/prudencio-saez-3-s-classical-guitar-12\/\" \/>\n<meta property=\"og:locale\" content=\"en_US\" \/>\n<meta property=\"og:type\" content=\"article\" \/>\n<meta property=\"og:title\" content=\"\u25b7 Prudencio S\u00e1ez 3-S Classical Guitar (12) - LA GUITARRER\u00cdA DE GRANADA%.\" \/>\n<meta property=\"og:description\" content=\"\ud83c\udfb8 Prudencio S\u00e1ez 12 classical guitar with Mexican Granadillo body built 100% in Spain. | \u2708\ufe0f Free shipping 24\/48h.\" \/>\n<meta property=\"og:url\" content=\"https:\/\/guitarradegranada.com\/en\/product\/prudencio-saez-3-s-classical-guitar-12\/\" \/>\n<meta property=\"og:site_name\" content=\"LA GUITARRER\u00cdA DE GRANADA\" \/>\n<meta property=\"og:image\" content=\"https:\/\/i0.wp.com\/guitarradegranada.com\/wp-content\/uploads\/2020\/12\/prudencio-saez-12.jpg?fit=800%2C800&ssl=1\" \/>\n\t<meta property=\"og:image:width\" content=\"800\" \/>\n\t<meta property=\"og:image:height\" content=\"800\" \/>\n\t<meta property=\"og:image:type\" content=\"image\/jpeg\" \/>\n<meta name=\"twitter:card\" content=\"summary_large_image\" \/>\n<script type=\"application\/ld+json\" class=\"yoast-schema-graph\">{\"@context\":\"https:\\\/\\\/schema.org\",\"@graph\":[{\"@type\":\"WebPage\",\"@id\":\"https:\\\/\\\/guitarradegranada.com\\\/en\\\/product\\\/prudencio-saez-3-s-classical-guitar-12\\\/\",\"url\":\"https:\\\/\\\/guitarradegranada.com\\\/en\\\/product\\\/prudencio-saez-3-s-classical-guitar-12\\\/\",\"name\":\"\u25b7 Prudencio S\u00e1ez 3-S Classical Guitar (12) - LA GUITARRER\u00cdA DE GRANADA%.\",\"isPartOf\":{\"@id\":\"https:\\\/\\\/guitarradegranada.com\\\/en\\\/#website\"},\"primaryImageOfPage\":{\"@id\":\"https:\\\/\\\/guitarradegranada.com\\\/en\\\/product\\\/prudencio-saez-3-s-classical-guitar-12\\\/#primaryimage\"},\"image\":{\"@id\":\"https:\\\/\\\/guitarradegranada.com\\\/en\\\/product\\\/prudencio-saez-3-s-classical-guitar-12\\\/#primaryimage\"},\"thumbnailUrl\":\"https:\\\/\\\/guitarradegranada.com\\\/wp-content\\\/uploads\\\/2020\\\/12\\\/prudencio-saez-12.jpg\",\"datePublished\":\"2020-12-10T18:44:04+00:00\",\"description\":\"\ud83c\udfb8 Prudencio S\u00e1ez 12 classical guitar with Mexican Granadillo body built 100% in Spain. | \u2708\ufe0f Free shipping 24\\\/48h.\",\"breadcrumb\":{\"@id\":\"https:\\\/\\\/guitarradegranada.com\\\/en\\\/product\\\/prudencio-saez-3-s-classical-guitar-12\\\/#breadcrumb\"},\"inLanguage\":\"en-US\",\"potentialAction\":[{\"@type\":\"ReadAction\",\"target\":[\"https:\\\/\\\/guitarradegranada.com\\\/en\\\/product\\\/prudencio-saez-3-s-classical-guitar-12\\\/\"]}]},{\"@type\":\"ImageObject\",\"inLanguage\":\"en-US\",\"@id\":\"https:\\\/\\\/guitarradegranada.com\\\/en\\\/product\\\/prudencio-saez-3-s-classical-guitar-12\\\/#primaryimage\",\"url\":\"https:\\\/\\\/guitarradegranada.com\\\/wp-content\\\/uploads\\\/2020\\\/12\\\/prudencio-saez-12.jpg\",\"contentUrl\":\"https:\\\/\\\/guitarradegranada.com\\\/wp-content\\\/uploads\\\/2020\\\/12\\\/prudencio-saez-12.jpg\",\"width\":800,\"height\":800,\"caption\":\"Prudencio S\u00e1ez Guitar 12\"},{\"@type\":\"BreadcrumbList\",\"@id\":\"https:\\\/\\\/guitarradegranada.com\\\/en\\\/product\\\/prudencio-saez-3-s-classical-guitar-12\\\/#breadcrumb\",\"itemListElement\":[{\"@type\":\"ListItem\",\"position\":1,\"name\":\"Portada\",\"item\":\"https:\\\/\\\/guitarradegranada.com\\\/en\\\/\"},{\"@type\":\"ListItem\",\"position\":2,\"name\":\"Store\",\"item\":\"https:\\\/\\\/guitarradegranada.com\\\/en\\\/store\\\/\"},{\"@type\":\"ListItem\",\"position\":3,\"name\":\"Prudencio S\u00e1ez 3-S Classical Guitar (12)\"}]},{\"@type\":\"WebSite\",\"@id\":\"https:\\\/\\\/guitarradegranada.com\\\/en\\\/#website\",\"url\":\"https:\\\/\\\/guitarradegranada.com\\\/en\\\/\",\"name\":\"LA GUITARRER\u00cdA DE GRANADA\",\"description\":\"La Guitarrer\u00eda de Granada es un taller de lutheria artesano y una tienda d\u00f3nde puedes encontrar guitarras artesanas flamencas, cl\u00e1sicas y todos los accesorios para guitarristas\",\"publisher\":{\"@id\":\"https:\\\/\\\/guitarradegranada.com\\\/en\\\/#organization\"},\"potentialAction\":[{\"@type\":\"SearchAction\",\"target\":{\"@type\":\"EntryPoint\",\"urlTemplate\":\"https:\\\/\\\/guitarradegranada.com\\\/en\\\/?s={search_term_string}\"},\"query-input\":{\"@type\":\"PropertyValueSpecification\",\"valueRequired\":true,\"valueName\":\"search_term_string\"}}],\"inLanguage\":\"en-US\"},{\"@type\":\"Organization\",\"@id\":\"https:\\\/\\\/guitarradegranada.com\\\/en\\\/#organization\",\"name\":\"Guitarra de Granada\",\"url\":\"https:\\\/\\\/guitarradegranada.com\\\/en\\\/\",\"logo\":{\"@type\":\"ImageObject\",\"inLanguage\":\"en-US\",\"@id\":\"https:\\\/\\\/guitarradegranada.com\\\/en\\\/#\\\/schema\\\/logo\\\/image\\\/\",\"url\":\"https:\\\/\\\/guitarradegranada.com\\\/wp-content\\\/uploads\\\/2020\\\/05\\\/Logo-Guitarra-de-Granada.png\",\"contentUrl\":\"https:\\\/\\\/guitarradegranada.com\\\/wp-content\\\/uploads\\\/2020\\\/05\\\/Logo-Guitarra-de-Granada.png\",\"width\":1314,\"height\":219,\"caption\":\"Guitarra de Granada\"},\"image\":{\"@id\":\"https:\\\/\\\/guitarradegranada.com\\\/en\\\/#\\\/schema\\\/logo\\\/image\\\/\"}}]}<\/script>\n<!-- \/ Yoast SEO plugin. -->","yoast_head_json":{"title":"\u25b7 Prudencio S\u00e1ez 3-S Classical Guitar (12) - LA GUITARRER\u00cdA DE GRANADA%.","description":"\ud83c\udfb8 Prudencio S\u00e1ez 12 classical guitar with Mexican Granadillo body built 100% in Spain. | \u2708\ufe0f Free shipping 24\/48h.","robots":{"index":"index","follow":"follow","max-snippet":"max-snippet:-1","max-image-preview":"max-image-preview:large","max-video-preview":"max-video-preview:-1"},"canonical":"https:\/\/guitarradegranada.com\/en\/product\/prudencio-saez-3-s-classical-guitar-12\/","og_locale":"en_US","og_type":"article","og_title":"\u25b7 Prudencio S\u00e1ez 3-S Classical Guitar (12) - LA GUITARRER\u00cdA DE GRANADA%.","og_description":"\ud83c\udfb8 Prudencio S\u00e1ez 12 classical guitar with Mexican Granadillo body built 100% in Spain. | \u2708\ufe0f Free shipping 24\/48h.","og_url":"https:\/\/guitarradegranada.com\/en\/product\/prudencio-saez-3-s-classical-guitar-12\/","og_site_name":"LA GUITARRER\u00cdA DE GRANADA","og_image":[{"width":800,"height":800,"url":"https:\/\/i0.wp.com\/guitarradegranada.com\/wp-content\/uploads\/2020\/12\/prudencio-saez-12.jpg?fit=800%2C800&ssl=1","type":"image\/jpeg"}],"twitter_card":"summary_large_image","schema":{"@context":"https:\/\/schema.org","@graph":[{"@type":"WebPage","@id":"https:\/\/guitarradegranada.com\/en\/product\/prudencio-saez-3-s-classical-guitar-12\/","url":"https:\/\/guitarradegranada.com\/en\/product\/prudencio-saez-3-s-classical-guitar-12\/","name":"\u25b7 Prudencio S\u00e1ez 3-S Classical Guitar (12) - LA GUITARRER\u00cdA DE GRANADA%.","isPartOf":{"@id":"https:\/\/guitarradegranada.com\/en\/#website"},"primaryImageOfPage":{"@id":"https:\/\/guitarradegranada.com\/en\/product\/prudencio-saez-3-s-classical-guitar-12\/#primaryimage"},"image":{"@id":"https:\/\/guitarradegranada.com\/en\/product\/prudencio-saez-3-s-classical-guitar-12\/#primaryimage"},"thumbnailUrl":"https:\/\/guitarradegranada.com\/wp-content\/uploads\/2020\/12\/prudencio-saez-12.jpg","datePublished":"2020-12-10T18:44:04+00:00","description":"\ud83c\udfb8 Prudencio S\u00e1ez 12 classical guitar with Mexican Granadillo body built 100% in Spain. | \u2708\ufe0f Free shipping 24\/48h.","breadcrumb":{"@id":"https:\/\/guitarradegranada.com\/en\/product\/prudencio-saez-3-s-classical-guitar-12\/#breadcrumb"},"inLanguage":"en-US","potentialAction":[{"@type":"ReadAction","target":["https:\/\/guitarradegranada.com\/en\/product\/prudencio-saez-3-s-classical-guitar-12\/"]}]},{"@type":"ImageObject","inLanguage":"en-US","@id":"https:\/\/guitarradegranada.com\/en\/product\/prudencio-saez-3-s-classical-guitar-12\/#primaryimage","url":"https:\/\/guitarradegranada.com\/wp-content\/uploads\/2020\/12\/prudencio-saez-12.jpg","contentUrl":"https:\/\/guitarradegranada.com\/wp-content\/uploads\/2020\/12\/prudencio-saez-12.jpg","width":800,"height":800,"caption":"Prudencio S\u00e1ez Guitar 12"},{"@type":"BreadcrumbList","@id":"https:\/\/guitarradegranada.com\/en\/product\/prudencio-saez-3-s-classical-guitar-12\/#breadcrumb","itemListElement":[{"@type":"ListItem","position":1,"name":"Portada","item":"https:\/\/guitarradegranada.com\/en\/"},{"@type":"ListItem","position":2,"name":"Store","item":"https:\/\/guitarradegranada.com\/en\/store\/"},{"@type":"ListItem","position":3,"name":"Prudencio S\u00e1ez 3-S Classical Guitar (12)"}]},{"@type":"WebSite","@id":"https:\/\/guitarradegranada.com\/en\/#website","url":"https:\/\/guitarradegranada.com\/en\/","name":"LA GUITARRER\u00cdA DE GRANADA","description":"La Guitarrer\u00eda de Granada es un taller de lutheria artesano y una tienda d\u00f3nde puedes encontrar guitarras artesanas flamencas, cl\u00e1sicas y todos los accesorios para guitarristas","publisher":{"@id":"https:\/\/guitarradegranada.com\/en\/#organization"},"potentialAction":[{"@type":"SearchAction","target":{"@type":"EntryPoint","urlTemplate":"https:\/\/guitarradegranada.com\/en\/?s={search_term_string}"},"query-input":{"@type":"PropertyValueSpecification","valueRequired":true,"valueName":"search_term_string"}}],"inLanguage":"en-US"},{"@type":"Organization","@id":"https:\/\/guitarradegranada.com\/en\/#organization","name":"Guitarra de Granada","url":"https:\/\/guitarradegranada.com\/en\/","logo":{"@type":"ImageObject","inLanguage":"en-US","@id":"https:\/\/guitarradegranada.com\/en\/#\/schema\/logo\/image\/","url":"https:\/\/guitarradegranada.com\/wp-content\/uploads\/2020\/05\/Logo-Guitarra-de-Granada.png","contentUrl":"https:\/\/guitarradegranada.com\/wp-content\/uploads\/2020\/05\/Logo-Guitarra-de-Granada.png","width":1314,"height":219,"caption":"Guitarra de Granada"},"image":{"@id":"https:\/\/guitarradegranada.com\/en\/#\/schema\/logo\/image\/"}}]}},"jetpack_publicize_connections":[],"jetpack_sharing_enabled":true,"amp_enabled":true,"_links":{"self":[{"href":"https:\/\/guitarradegranada.com\/en\/wp-json\/wp\/v2\/product\/8086","targetHints":{"allow":["GET"]}}],"collection":[{"href":"https:\/\/guitarradegranada.com\/en\/wp-json\/wp\/v2\/product"}],"about":[{"href":"https:\/\/guitarradegranada.com\/en\/wp-json\/wp\/v2\/types\/product"}],"wp:featuredmedia":[{"embeddable":true,"href":"https:\/\/guitarradegranada.com\/en\/wp-json\/wp\/v2\/media\/3621"}],"wp:attachment":[{"href":"https:\/\/guitarradegranada.com\/en\/wp-json\/wp\/v2\/media?parent=8086"}],"wp:term":[{"taxonomy":"product_brand","embeddable":true,"href":"https:\/\/guitarradegranada.com\/en\/wp-json\/wp\/v2\/product_brand?post=8086"},{"taxonomy":"product_cat","embeddable":true,"href":"https:\/\/guitarradegranada.com\/en\/wp-json\/wp\/v2\/product_cat?post=8086"},{"taxonomy":"product_tag","embeddable":true,"href":"https:\/\/guitarradegranada.com\/en\/wp-json\/wp\/v2\/product_tag?post=8086"}],"curies":[{"name":"wp","href":"https:\/\/api.w.org\/{rel}","templated":true}]}}