{"id":8061,"date":"2020-10-03T17:57:03","date_gmt":"2020-10-03T17:57:03","guid":{"rendered":"https:\/\/guitarradegranada.com\/producto\/palo-santo-wood-capo-with-carving\/"},"modified":"2020-10-03T17:57:03","modified_gmt":"2020-10-03T17:57:03","slug":"palo-santo-wood-capo-with-carving","status":"publish","type":"product","link":"https:\/\/guitarradegranada.com\/en\/product\/palo-santo-wood-capo-with-carving\/","title":{"rendered":"Palo Santo wood capo with carving"},"content":{"rendered":"<p><strong>Cejilla flamenca handmade of Palo Santo de la India and Palo Rosa wood with carving on the peg.  <\/strong><\/p>\n<h3><span style=\"color: #d83131\">Sorry, this flamenco capo is currently out of stock.<\/span><\/h3>\n<h3><span style=\"color: #d83131\">Sorry, this flamenco capo is currently out of stock.<\/span><\/h3>\n","protected":false},"excerpt":{"rendered":"<p>Exclusive handcrafted capo made of Palo Santo wood from Madagascar and carved on the peg. Great quality and precision. <\/p>\n","protected":false},"featured_media":3480,"template":"","meta":{"_coblocks_attr":"","_coblocks_dimensions":"","_coblocks_responsive_height":"","_coblocks_accordion_ie_support":"","_crdt_document":"","jetpack_post_was_ever_published":false,"jetpack_publicize_message":"","jetpack_publicize_feature_enabled":true,"jetpack_social_post_already_shared":true,"jetpack_social_options":{"image_generator_settings":{"template":"highway","default_image_id":0,"font":"","enabled":false},"version":2},"_wpas_customize_per_network":false},"product_brand":[],"product_cat":[50518893,50518896],"product_tag":[50518956,50518936,50518937,50518934,50518955,50518949],"class_list":{"0":"post-8061","1":"product","2":"type-product","3":"status-publish","4":"has-post-thumbnail","6":"product_cat-handmade-eyebrows","7":"product_cat-special-capos","8":"product_tag-capo","9":"product_tag-capoes","10":"product_tag-flamenco-capos","11":"product_tag-handcrafted-capos","12":"product_tag-inlaid-capos","13":"product_tag-wooden-capos","14":"product_shipping_class-cejillas-artesanas","16":"first","17":"instock","18":"sale","19":"taxable","20":"shipping-taxable","21":"purchasable","22":"product-type-simple"},"bundled_by":[],"bundle_stock_status":"instock","bundle_stock_quantity":null,"bundle_virtual":false,"bundle_layout":"","bundle_add_to_cart_form_location":"","bundle_editable_in_cart":false,"bundle_sold_individually_context":"","bundle_item_grouping":"","bundle_min_size":"","bundle_max_size":"","bundle_price":[],"bundled_items":[],"bundle_sell_ids":[],"group_of_quantity":0,"min_quantity":0,"max_quantity":"","exclude_order_quantity_value_rules":"no","exclude_category_quantity_rules":"no","combine_variations":"no","exclude_global_add_ons":[],"addons":[],"yoast_head":"<!-- This site is optimized with the Yoast SEO plugin v27.3 - https:\/\/yoast.com\/product\/yoast-seo-wordpress\/ -->\n<title>\u25b7Palo Santo wood capo with carving% -% LA GUITARRER\u00cdA DE GRANADA%.<\/title>\n<meta name=\"description\" content=\"Handcrafted capo made of Palo Santo wood from Madagascar with carving on the peg. Exclusive design made in our workshop. | \u2708\ufe0f Shipping 24\/48h.\" \/>\n<meta name=\"robots\" content=\"index, follow, max-snippet:-1, max-image-preview:large, max-video-preview:-1\" \/>\n<link rel=\"canonical\" href=\"https:\/\/guitarradegranada.com\/en\/product\/palo-santo-wood-capo-with-carving\/\" \/>\n<meta property=\"og:locale\" content=\"en_US\" \/>\n<meta property=\"og:type\" content=\"article\" \/>\n<meta property=\"og:title\" content=\"\u25b7Palo Santo wood capo with carving% -% LA GUITARRER\u00cdA DE GRANADA%.\" \/>\n<meta property=\"og:description\" content=\"Handcrafted capo made of Palo Santo wood from Madagascar with carving on the peg. Exclusive design made in our workshop. | \u2708\ufe0f Shipping 24\/48h.\" \/>\n<meta property=\"og:url\" content=\"https:\/\/guitarradegranada.com\/en\/product\/palo-santo-wood-capo-with-carving\/\" \/>\n<meta property=\"og:site_name\" content=\"LA GUITARRER\u00cdA DE GRANADA\" \/>\n<meta property=\"og:image\" content=\"https:\/\/i0.wp.com\/guitarradegranada.com\/wp-content\/uploads\/2020\/10\/Cejilla-artesana-Rosewood.JPG1_.jpg?fit=1336%2C1002&ssl=1\" \/>\n\t<meta property=\"og:image:width\" content=\"1336\" \/>\n\t<meta property=\"og:image:height\" content=\"1002\" \/>\n\t<meta property=\"og:image:type\" content=\"image\/jpeg\" \/>\n<meta name=\"twitter:card\" content=\"summary_large_image\" \/>\n<script type=\"application\/ld+json\" class=\"yoast-schema-graph\">{\"@context\":\"https:\\\/\\\/schema.org\",\"@graph\":[{\"@type\":\"WebPage\",\"@id\":\"https:\\\/\\\/guitarradegranada.com\\\/en\\\/product\\\/palo-santo-wood-capo-with-carving\\\/\",\"url\":\"https:\\\/\\\/guitarradegranada.com\\\/en\\\/product\\\/palo-santo-wood-capo-with-carving\\\/\",\"name\":\"\u25b7Palo Santo wood capo with carving% -% LA GUITARRER\u00cdA DE GRANADA%.\",\"isPartOf\":{\"@id\":\"https:\\\/\\\/guitarradegranada.com\\\/en\\\/#website\"},\"primaryImageOfPage\":{\"@id\":\"https:\\\/\\\/guitarradegranada.com\\\/en\\\/product\\\/palo-santo-wood-capo-with-carving\\\/#primaryimage\"},\"image\":{\"@id\":\"https:\\\/\\\/guitarradegranada.com\\\/en\\\/product\\\/palo-santo-wood-capo-with-carving\\\/#primaryimage\"},\"thumbnailUrl\":\"https:\\\/\\\/i0.wp.com\\\/guitarradegranada.com\\\/wp-content\\\/uploads\\\/2020\\\/10\\\/Cejilla-artesana-Rosewood.JPG1_.jpg?fit=1336%2C1002&ssl=1\",\"datePublished\":\"2020-10-03T17:57:03+00:00\",\"description\":\"Handcrafted capo made of Palo Santo wood from Madagascar with carving on the peg. Exclusive design made in our workshop. | \u2708\ufe0f Shipping 24\\\/48h.\",\"breadcrumb\":{\"@id\":\"https:\\\/\\\/guitarradegranada.com\\\/en\\\/product\\\/palo-santo-wood-capo-with-carving\\\/#breadcrumb\"},\"inLanguage\":\"en-US\",\"potentialAction\":[{\"@type\":\"ReadAction\",\"target\":[\"https:\\\/\\\/guitarradegranada.com\\\/en\\\/product\\\/palo-santo-wood-capo-with-carving\\\/\"]}]},{\"@type\":\"ImageObject\",\"inLanguage\":\"en-US\",\"@id\":\"https:\\\/\\\/guitarradegranada.com\\\/en\\\/product\\\/palo-santo-wood-capo-with-carving\\\/#primaryimage\",\"url\":\"https:\\\/\\\/i0.wp.com\\\/guitarradegranada.com\\\/wp-content\\\/uploads\\\/2020\\\/10\\\/Cejilla-artesana-Rosewood.JPG1_.jpg?fit=1336%2C1002&ssl=1\",\"contentUrl\":\"https:\\\/\\\/i0.wp.com\\\/guitarradegranada.com\\\/wp-content\\\/uploads\\\/2020\\\/10\\\/Cejilla-artesana-Rosewood.JPG1_.jpg?fit=1336%2C1002&ssl=1\",\"width\":1336,\"height\":1002,\"caption\":\"Cejilla Rosewood\"},{\"@type\":\"BreadcrumbList\",\"@id\":\"https:\\\/\\\/guitarradegranada.com\\\/en\\\/product\\\/palo-santo-wood-capo-with-carving\\\/#breadcrumb\",\"itemListElement\":[{\"@type\":\"ListItem\",\"position\":1,\"name\":\"Portada\",\"item\":\"https:\\\/\\\/guitarradegranada.com\\\/en\\\/\"},{\"@type\":\"ListItem\",\"position\":2,\"name\":\"Store\",\"item\":\"https:\\\/\\\/guitarradegranada.com\\\/en\\\/store\\\/\"},{\"@type\":\"ListItem\",\"position\":3,\"name\":\"Palo Santo wood capo with carving\"}]},{\"@type\":\"WebSite\",\"@id\":\"https:\\\/\\\/guitarradegranada.com\\\/en\\\/#website\",\"url\":\"https:\\\/\\\/guitarradegranada.com\\\/en\\\/\",\"name\":\"LA GUITARRER\u00cdA DE GRANADA\",\"description\":\"La Guitarrer\u00eda de Granada es un taller de lutheria artesano y una tienda d\u00f3nde puedes encontrar guitarras artesanas flamencas, cl\u00e1sicas y todos los accesorios para guitarristas\",\"publisher\":{\"@id\":\"https:\\\/\\\/guitarradegranada.com\\\/en\\\/#organization\"},\"potentialAction\":[{\"@type\":\"SearchAction\",\"target\":{\"@type\":\"EntryPoint\",\"urlTemplate\":\"https:\\\/\\\/guitarradegranada.com\\\/en\\\/?s={search_term_string}\"},\"query-input\":{\"@type\":\"PropertyValueSpecification\",\"valueRequired\":true,\"valueName\":\"search_term_string\"}}],\"inLanguage\":\"en-US\"},{\"@type\":\"Organization\",\"@id\":\"https:\\\/\\\/guitarradegranada.com\\\/en\\\/#organization\",\"name\":\"Guitarra de Granada\",\"url\":\"https:\\\/\\\/guitarradegranada.com\\\/en\\\/\",\"logo\":{\"@type\":\"ImageObject\",\"inLanguage\":\"en-US\",\"@id\":\"https:\\\/\\\/guitarradegranada.com\\\/en\\\/#\\\/schema\\\/logo\\\/image\\\/\",\"url\":\"https:\\\/\\\/guitarradegranada.com\\\/wp-content\\\/uploads\\\/2020\\\/05\\\/Logo-Guitarra-de-Granada.png\",\"contentUrl\":\"https:\\\/\\\/guitarradegranada.com\\\/wp-content\\\/uploads\\\/2020\\\/05\\\/Logo-Guitarra-de-Granada.png\",\"width\":1314,\"height\":219,\"caption\":\"Guitarra de Granada\"},\"image\":{\"@id\":\"https:\\\/\\\/guitarradegranada.com\\\/en\\\/#\\\/schema\\\/logo\\\/image\\\/\"}}]}<\/script>\n<!-- \/ Yoast SEO plugin. -->","yoast_head_json":{"title":"\u25b7Palo Santo wood capo with carving% -% LA GUITARRER\u00cdA DE GRANADA%.","description":"Handcrafted capo made of Palo Santo wood from Madagascar with carving on the peg. Exclusive design made in our workshop. | \u2708\ufe0f Shipping 24\/48h.","robots":{"index":"index","follow":"follow","max-snippet":"max-snippet:-1","max-image-preview":"max-image-preview:large","max-video-preview":"max-video-preview:-1"},"canonical":"https:\/\/guitarradegranada.com\/en\/product\/palo-santo-wood-capo-with-carving\/","og_locale":"en_US","og_type":"article","og_title":"\u25b7Palo Santo wood capo with carving% -% LA GUITARRER\u00cdA DE GRANADA%.","og_description":"Handcrafted capo made of Palo Santo wood from Madagascar with carving on the peg. Exclusive design made in our workshop. | \u2708\ufe0f Shipping 24\/48h.","og_url":"https:\/\/guitarradegranada.com\/en\/product\/palo-santo-wood-capo-with-carving\/","og_site_name":"LA GUITARRER\u00cdA DE GRANADA","og_image":[{"width":1336,"height":1002,"url":"https:\/\/i0.wp.com\/guitarradegranada.com\/wp-content\/uploads\/2020\/10\/Cejilla-artesana-Rosewood.JPG1_.jpg?fit=1336%2C1002&ssl=1","type":"image\/jpeg"}],"twitter_card":"summary_large_image","schema":{"@context":"https:\/\/schema.org","@graph":[{"@type":"WebPage","@id":"https:\/\/guitarradegranada.com\/en\/product\/palo-santo-wood-capo-with-carving\/","url":"https:\/\/guitarradegranada.com\/en\/product\/palo-santo-wood-capo-with-carving\/","name":"\u25b7Palo Santo wood capo with carving% -% LA GUITARRER\u00cdA DE GRANADA%.","isPartOf":{"@id":"https:\/\/guitarradegranada.com\/en\/#website"},"primaryImageOfPage":{"@id":"https:\/\/guitarradegranada.com\/en\/product\/palo-santo-wood-capo-with-carving\/#primaryimage"},"image":{"@id":"https:\/\/guitarradegranada.com\/en\/product\/palo-santo-wood-capo-with-carving\/#primaryimage"},"thumbnailUrl":"https:\/\/i0.wp.com\/guitarradegranada.com\/wp-content\/uploads\/2020\/10\/Cejilla-artesana-Rosewood.JPG1_.jpg?fit=1336%2C1002&ssl=1","datePublished":"2020-10-03T17:57:03+00:00","description":"Handcrafted capo made of Palo Santo wood from Madagascar with carving on the peg. Exclusive design made in our workshop. | \u2708\ufe0f Shipping 24\/48h.","breadcrumb":{"@id":"https:\/\/guitarradegranada.com\/en\/product\/palo-santo-wood-capo-with-carving\/#breadcrumb"},"inLanguage":"en-US","potentialAction":[{"@type":"ReadAction","target":["https:\/\/guitarradegranada.com\/en\/product\/palo-santo-wood-capo-with-carving\/"]}]},{"@type":"ImageObject","inLanguage":"en-US","@id":"https:\/\/guitarradegranada.com\/en\/product\/palo-santo-wood-capo-with-carving\/#primaryimage","url":"https:\/\/i0.wp.com\/guitarradegranada.com\/wp-content\/uploads\/2020\/10\/Cejilla-artesana-Rosewood.JPG1_.jpg?fit=1336%2C1002&ssl=1","contentUrl":"https:\/\/i0.wp.com\/guitarradegranada.com\/wp-content\/uploads\/2020\/10\/Cejilla-artesana-Rosewood.JPG1_.jpg?fit=1336%2C1002&ssl=1","width":1336,"height":1002,"caption":"Cejilla Rosewood"},{"@type":"BreadcrumbList","@id":"https:\/\/guitarradegranada.com\/en\/product\/palo-santo-wood-capo-with-carving\/#breadcrumb","itemListElement":[{"@type":"ListItem","position":1,"name":"Portada","item":"https:\/\/guitarradegranada.com\/en\/"},{"@type":"ListItem","position":2,"name":"Store","item":"https:\/\/guitarradegranada.com\/en\/store\/"},{"@type":"ListItem","position":3,"name":"Palo Santo wood capo with carving"}]},{"@type":"WebSite","@id":"https:\/\/guitarradegranada.com\/en\/#website","url":"https:\/\/guitarradegranada.com\/en\/","name":"LA GUITARRER\u00cdA DE GRANADA","description":"La Guitarrer\u00eda de Granada es un taller de lutheria artesano y una tienda d\u00f3nde puedes encontrar guitarras artesanas flamencas, cl\u00e1sicas y todos los accesorios para guitarristas","publisher":{"@id":"https:\/\/guitarradegranada.com\/en\/#organization"},"potentialAction":[{"@type":"SearchAction","target":{"@type":"EntryPoint","urlTemplate":"https:\/\/guitarradegranada.com\/en\/?s={search_term_string}"},"query-input":{"@type":"PropertyValueSpecification","valueRequired":true,"valueName":"search_term_string"}}],"inLanguage":"en-US"},{"@type":"Organization","@id":"https:\/\/guitarradegranada.com\/en\/#organization","name":"Guitarra de Granada","url":"https:\/\/guitarradegranada.com\/en\/","logo":{"@type":"ImageObject","inLanguage":"en-US","@id":"https:\/\/guitarradegranada.com\/en\/#\/schema\/logo\/image\/","url":"https:\/\/guitarradegranada.com\/wp-content\/uploads\/2020\/05\/Logo-Guitarra-de-Granada.png","contentUrl":"https:\/\/guitarradegranada.com\/wp-content\/uploads\/2020\/05\/Logo-Guitarra-de-Granada.png","width":1314,"height":219,"caption":"Guitarra de Granada"},"image":{"@id":"https:\/\/guitarradegranada.com\/en\/#\/schema\/logo\/image\/"}}]}},"jetpack_publicize_connections":[],"jetpack_sharing_enabled":true,"amp_enabled":true,"_links":{"self":[{"href":"https:\/\/guitarradegranada.com\/en\/wp-json\/wp\/v2\/product\/8061","targetHints":{"allow":["GET"]}}],"collection":[{"href":"https:\/\/guitarradegranada.com\/en\/wp-json\/wp\/v2\/product"}],"about":[{"href":"https:\/\/guitarradegranada.com\/en\/wp-json\/wp\/v2\/types\/product"}],"wp:featuredmedia":[{"embeddable":true,"href":"https:\/\/guitarradegranada.com\/en\/wp-json\/wp\/v2\/media\/3480"}],"wp:attachment":[{"href":"https:\/\/guitarradegranada.com\/en\/wp-json\/wp\/v2\/media?parent=8061"}],"wp:term":[{"taxonomy":"product_brand","embeddable":true,"href":"https:\/\/guitarradegranada.com\/en\/wp-json\/wp\/v2\/product_brand?post=8061"},{"taxonomy":"product_cat","embeddable":true,"href":"https:\/\/guitarradegranada.com\/en\/wp-json\/wp\/v2\/product_cat?post=8061"},{"taxonomy":"product_tag","embeddable":true,"href":"https:\/\/guitarradegranada.com\/en\/wp-json\/wp\/v2\/product_tag?post=8061"}],"curies":[{"name":"wp","href":"https:\/\/api.w.org\/{rel}","templated":true}]}}