{"id":8052,"date":"2020-08-14T18:41:50","date_gmt":"2020-08-14T18:41:50","guid":{"rendered":"https:\/\/guitarradegranada.com\/producto\/augustine-imperial-gold-strings\/"},"modified":"2020-08-14T18:41:50","modified_gmt":"2020-08-14T18:41:50","slug":"augustine-imperial-gold-strings","status":"publish","type":"product","link":"https:\/\/guitarradegranada.com\/en\/product\/augustine-imperial-gold-strings\/","title":{"rendered":"Augustine Imperial Gold Strings"},"content":{"rendered":"<p><strong>Augustine Imperials Gold strings. High\/medium tension. <\/strong><\/p>\n<p>In this case, being Imperial\/Gold, the tension in premiums is strong and in basses medium.<\/p>\n<p>Augustine classical and flamenco guitar strings are very popular among classical guitar players, they have good sustain and volume, their quality is very good for the price.<\/p>\n<p>Augustine has a peculiar system of tensions, the first part of the model name refers to the premiums and the color to the basses, being thus:<\/p>\n<table border=\"1\">\n<tbody>\n<tr>\n<td colspan=\"2\"><strong>Premiums<\/strong><\/td>\n<td colspan=\"2\"><strong>Beads<\/strong><\/td>\n<\/tr>\n<tr>\n<td>Classic<\/td>\n<td> Medium voltage<\/td>\n<td>Network<\/td>\n<td>Medium Voltage<\/td>\n<\/tr>\n<tr>\n<td> Imperial<\/td>\n<td>Fort<\/td>\n<td>Blue<\/td>\n<td> Strong Tension<\/td>\n<\/tr>\n<tr>\n<td>Regal<\/td>\n<td>Extra strong<\/td>\n<td> Black<\/td>\n<td> Low tension<\/td>\n<\/tr>\n<tr>\n<td><\/td>\n<td><\/td>\n<td>Gold<\/td>\n<td>Medium voltage<\/td>\n<\/tr>\n<\/tbody>\n<\/table>\n<p>&nbsp;<\/p>\n<p>&nbsp;<\/p>\n<p><strong>&nbsp;<\/strong><\/p>\n","protected":false},"excerpt":{"rendered":"<p><img loading=\"lazy\" decoding=\"async\" class=\"alignnone wp-image-2843\" src=\"https:\/\/guitarradegranada.com\/wp-content\/uploads\/2020\/08\/augustine.jpg\" alt=\"\" width=\"98\" height=\"98\" srcset=\"https:\/\/guitarradegranada.com\/wp-content\/uploads\/2020\/08\/augustine.jpg 200w, https:\/\/guitarradegranada.com\/wp-content\/uploads\/2020\/08\/augustine-100x100.jpg 100w, https:\/\/guitarradegranada.com\/wp-content\/uploads\/2020\/08\/augustine-64x64.jpg 64w, https:\/\/guitarradegranada.com\/wp-content\/uploads\/2020\/08\/augustine-150x150.jpg 150w\" sizes=\"auto, (max-width: 98px) 100vw, 98px\" \/><\/p>\n<p>Augustine Imperial Gold classical guitar string set. Great sound and durability. High\/medium tension.  <\/p>\n","protected":false},"featured_media":2850,"template":"","meta":{"_coblocks_attr":"","_coblocks_dimensions":"","_coblocks_responsive_height":"","_coblocks_accordion_ie_support":"","_crdt_document":"","jetpack_publicize_message":"","jetpack_publicize_feature_enabled":true,"jetpack_social_post_already_shared":true,"jetpack_social_options":{"image_generator_settings":{"template":"highway","default_image_id":0,"font":"","enabled":false},"version":2},"_wpas_customize_per_network":false},"product_brand":[],"product_cat":[50518879,50518884],"product_tag":[50519002,50518966],"class_list":{"0":"post-8052","1":"product","2":"type-product","3":"status-publish","4":"has-post-thumbnail","6":"product_cat-guitar-accessories","7":"product_cat-classical-guitar-strings","8":"product_tag-augustine","9":"product_tag-classical-guitar-strings","10":"product_shipping_class-cejillas-artesanas","12":"first","13":"instock","14":"sale","15":"taxable","16":"shipping-taxable","17":"purchasable","18":"product-type-simple"},"bundled_by":[],"bundle_stock_status":"instock","bundle_stock_quantity":null,"bundle_virtual":false,"bundle_layout":"","bundle_add_to_cart_form_location":"","bundle_editable_in_cart":false,"bundle_sold_individually_context":"","bundle_item_grouping":"","bundle_min_size":"","bundle_max_size":"","bundle_price":[],"bundled_items":[],"bundle_sell_ids":[],"group_of_quantity":0,"min_quantity":0,"max_quantity":"","exclude_order_quantity_value_rules":"no","exclude_category_quantity_rules":"no","combine_variations":"no","exclude_global_add_ons":[],"addons":[],"yoast_head":"<!-- This site is optimized with the Yoast SEO plugin v27.5 - https:\/\/yoast.com\/product\/yoast-seo-wordpress\/ -->\n<title>\u25b7 Augustine Imperial Gold Strings - LA GUITARRER\u00cdA DE GRANADA%.<\/title>\n<meta name=\"description\" content=\"Augustine Imperial Gold classical guitar strings. They have good sustain and volume. Medium\/strong tension.\" \/>\n<meta name=\"robots\" content=\"index, follow, max-snippet:-1, max-image-preview:large, max-video-preview:-1\" \/>\n<link rel=\"canonical\" href=\"https:\/\/guitarradegranada.com\/en\/product\/augustine-imperial-gold-strings\/\" \/>\n<meta property=\"og:locale\" content=\"en_US\" \/>\n<meta property=\"og:type\" content=\"article\" \/>\n<meta property=\"og:title\" content=\"\u25b7 Augustine Imperial Gold Strings - LA GUITARRER\u00cdA DE GRANADA%.\" \/>\n<meta property=\"og:description\" content=\"Augustine Imperial Gold classical guitar strings. They have good sustain and volume. Medium\/strong tension.\" \/>\n<meta property=\"og:url\" content=\"https:\/\/guitarradegranada.com\/en\/product\/augustine-imperial-gold-strings\/\" \/>\n<meta property=\"og:site_name\" content=\"LA GUITARRER\u00cdA DE GRANADA\" \/>\n<meta property=\"og:image\" content=\"https:\/\/i0.wp.com\/guitarradegranada.com\/wp-content\/uploads\/2020\/08\/71GaVKydS0L._SL1000_-e1597430436152.jpg?fit=300%2C300&ssl=1\" \/>\n\t<meta property=\"og:image:width\" content=\"300\" \/>\n\t<meta property=\"og:image:height\" content=\"300\" \/>\n\t<meta property=\"og:image:type\" content=\"image\/jpeg\" \/>\n<meta name=\"twitter:card\" content=\"summary_large_image\" \/>\n<meta name=\"twitter:label1\" content=\"Est. reading time\" \/>\n\t<meta name=\"twitter:data1\" content=\"1 minute\" \/>\n<script type=\"application\/ld+json\" class=\"yoast-schema-graph\">{\"@context\":\"https:\\\/\\\/schema.org\",\"@graph\":[{\"@type\":\"WebPage\",\"@id\":\"https:\\\/\\\/guitarradegranada.com\\\/en\\\/product\\\/augustine-imperial-gold-strings\\\/\",\"url\":\"https:\\\/\\\/guitarradegranada.com\\\/en\\\/product\\\/augustine-imperial-gold-strings\\\/\",\"name\":\"\u25b7 Augustine Imperial Gold Strings - LA GUITARRER\u00cdA DE GRANADA%.\",\"isPartOf\":{\"@id\":\"https:\\\/\\\/guitarradegranada.com\\\/en\\\/#website\"},\"primaryImageOfPage\":{\"@id\":\"https:\\\/\\\/guitarradegranada.com\\\/en\\\/product\\\/augustine-imperial-gold-strings\\\/#primaryimage\"},\"image\":{\"@id\":\"https:\\\/\\\/guitarradegranada.com\\\/en\\\/product\\\/augustine-imperial-gold-strings\\\/#primaryimage\"},\"thumbnailUrl\":\"https:\\\/\\\/guitarradegranada.com\\\/wp-content\\\/uploads\\\/2020\\\/08\\\/71GaVKydS0L._SL1000_-e1597430436152.jpg\",\"datePublished\":\"2020-08-14T18:41:50+00:00\",\"description\":\"Augustine Imperial Gold classical guitar strings. They have good sustain and volume. Medium\\\/strong tension.\",\"breadcrumb\":{\"@id\":\"https:\\\/\\\/guitarradegranada.com\\\/en\\\/product\\\/augustine-imperial-gold-strings\\\/#breadcrumb\"},\"inLanguage\":\"en-US\",\"potentialAction\":[{\"@type\":\"ReadAction\",\"target\":[\"https:\\\/\\\/guitarradegranada.com\\\/en\\\/product\\\/augustine-imperial-gold-strings\\\/\"]}]},{\"@type\":\"ImageObject\",\"inLanguage\":\"en-US\",\"@id\":\"https:\\\/\\\/guitarradegranada.com\\\/en\\\/product\\\/augustine-imperial-gold-strings\\\/#primaryimage\",\"url\":\"https:\\\/\\\/guitarradegranada.com\\\/wp-content\\\/uploads\\\/2020\\\/08\\\/71GaVKydS0L._SL1000_-e1597430436152.jpg\",\"contentUrl\":\"https:\\\/\\\/guitarradegranada.com\\\/wp-content\\\/uploads\\\/2020\\\/08\\\/71GaVKydS0L._SL1000_-e1597430436152.jpg\",\"width\":300,\"height\":300,\"caption\":\"Augustine Imperial Gold Strings\"},{\"@type\":\"BreadcrumbList\",\"@id\":\"https:\\\/\\\/guitarradegranada.com\\\/en\\\/product\\\/augustine-imperial-gold-strings\\\/#breadcrumb\",\"itemListElement\":[{\"@type\":\"ListItem\",\"position\":1,\"name\":\"Portada\",\"item\":\"https:\\\/\\\/guitarradegranada.com\\\/en\\\/\"},{\"@type\":\"ListItem\",\"position\":2,\"name\":\"Store\",\"item\":\"https:\\\/\\\/guitarradegranada.com\\\/en\\\/store\\\/\"},{\"@type\":\"ListItem\",\"position\":3,\"name\":\"Augustine Imperial Gold Strings\"}]},{\"@type\":\"WebSite\",\"@id\":\"https:\\\/\\\/guitarradegranada.com\\\/en\\\/#website\",\"url\":\"https:\\\/\\\/guitarradegranada.com\\\/en\\\/\",\"name\":\"LA GUITARRER\u00cdA DE GRANADA\",\"description\":\"La Guitarrer\u00eda de Granada es un taller de lutheria artesano y una tienda d\u00f3nde puedes encontrar guitarras artesanas flamencas, cl\u00e1sicas y todos los accesorios para guitarristas\",\"publisher\":{\"@id\":\"https:\\\/\\\/guitarradegranada.com\\\/en\\\/#organization\"},\"potentialAction\":[{\"@type\":\"SearchAction\",\"target\":{\"@type\":\"EntryPoint\",\"urlTemplate\":\"https:\\\/\\\/guitarradegranada.com\\\/en\\\/?s={search_term_string}\"},\"query-input\":{\"@type\":\"PropertyValueSpecification\",\"valueRequired\":true,\"valueName\":\"search_term_string\"}}],\"inLanguage\":\"en-US\"},{\"@type\":\"Organization\",\"@id\":\"https:\\\/\\\/guitarradegranada.com\\\/en\\\/#organization\",\"name\":\"Guitarra de Granada\",\"url\":\"https:\\\/\\\/guitarradegranada.com\\\/en\\\/\",\"logo\":{\"@type\":\"ImageObject\",\"inLanguage\":\"en-US\",\"@id\":\"https:\\\/\\\/guitarradegranada.com\\\/en\\\/#\\\/schema\\\/logo\\\/image\\\/\",\"url\":\"https:\\\/\\\/guitarradegranada.com\\\/wp-content\\\/uploads\\\/2020\\\/05\\\/Logo-Guitarra-de-Granada.png\",\"contentUrl\":\"https:\\\/\\\/guitarradegranada.com\\\/wp-content\\\/uploads\\\/2020\\\/05\\\/Logo-Guitarra-de-Granada.png\",\"width\":1314,\"height\":219,\"caption\":\"Guitarra de Granada\"},\"image\":{\"@id\":\"https:\\\/\\\/guitarradegranada.com\\\/en\\\/#\\\/schema\\\/logo\\\/image\\\/\"}}]}<\/script>\n<!-- \/ Yoast SEO plugin. -->","yoast_head_json":{"title":"\u25b7 Augustine Imperial Gold Strings - LA GUITARRER\u00cdA DE GRANADA%.","description":"Augustine Imperial Gold classical guitar strings. They have good sustain and volume. Medium\/strong tension.","robots":{"index":"index","follow":"follow","max-snippet":"max-snippet:-1","max-image-preview":"max-image-preview:large","max-video-preview":"max-video-preview:-1"},"canonical":"https:\/\/guitarradegranada.com\/en\/product\/augustine-imperial-gold-strings\/","og_locale":"en_US","og_type":"article","og_title":"\u25b7 Augustine Imperial Gold Strings - LA GUITARRER\u00cdA DE GRANADA%.","og_description":"Augustine Imperial Gold classical guitar strings. They have good sustain and volume. Medium\/strong tension.","og_url":"https:\/\/guitarradegranada.com\/en\/product\/augustine-imperial-gold-strings\/","og_site_name":"LA GUITARRER\u00cdA DE GRANADA","og_image":[{"width":300,"height":300,"url":"https:\/\/i0.wp.com\/guitarradegranada.com\/wp-content\/uploads\/2020\/08\/71GaVKydS0L._SL1000_-e1597430436152.jpg?fit=300%2C300&ssl=1","type":"image\/jpeg"}],"twitter_card":"summary_large_image","twitter_misc":{"Est. reading time":"1 minute"},"schema":{"@context":"https:\/\/schema.org","@graph":[{"@type":"WebPage","@id":"https:\/\/guitarradegranada.com\/en\/product\/augustine-imperial-gold-strings\/","url":"https:\/\/guitarradegranada.com\/en\/product\/augustine-imperial-gold-strings\/","name":"\u25b7 Augustine Imperial Gold Strings - LA GUITARRER\u00cdA DE GRANADA%.","isPartOf":{"@id":"https:\/\/guitarradegranada.com\/en\/#website"},"primaryImageOfPage":{"@id":"https:\/\/guitarradegranada.com\/en\/product\/augustine-imperial-gold-strings\/#primaryimage"},"image":{"@id":"https:\/\/guitarradegranada.com\/en\/product\/augustine-imperial-gold-strings\/#primaryimage"},"thumbnailUrl":"https:\/\/guitarradegranada.com\/wp-content\/uploads\/2020\/08\/71GaVKydS0L._SL1000_-e1597430436152.jpg","datePublished":"2020-08-14T18:41:50+00:00","description":"Augustine Imperial Gold classical guitar strings. They have good sustain and volume. Medium\/strong tension.","breadcrumb":{"@id":"https:\/\/guitarradegranada.com\/en\/product\/augustine-imperial-gold-strings\/#breadcrumb"},"inLanguage":"en-US","potentialAction":[{"@type":"ReadAction","target":["https:\/\/guitarradegranada.com\/en\/product\/augustine-imperial-gold-strings\/"]}]},{"@type":"ImageObject","inLanguage":"en-US","@id":"https:\/\/guitarradegranada.com\/en\/product\/augustine-imperial-gold-strings\/#primaryimage","url":"https:\/\/guitarradegranada.com\/wp-content\/uploads\/2020\/08\/71GaVKydS0L._SL1000_-e1597430436152.jpg","contentUrl":"https:\/\/guitarradegranada.com\/wp-content\/uploads\/2020\/08\/71GaVKydS0L._SL1000_-e1597430436152.jpg","width":300,"height":300,"caption":"Augustine Imperial Gold Strings"},{"@type":"BreadcrumbList","@id":"https:\/\/guitarradegranada.com\/en\/product\/augustine-imperial-gold-strings\/#breadcrumb","itemListElement":[{"@type":"ListItem","position":1,"name":"Portada","item":"https:\/\/guitarradegranada.com\/en\/"},{"@type":"ListItem","position":2,"name":"Store","item":"https:\/\/guitarradegranada.com\/en\/store\/"},{"@type":"ListItem","position":3,"name":"Augustine Imperial Gold Strings"}]},{"@type":"WebSite","@id":"https:\/\/guitarradegranada.com\/en\/#website","url":"https:\/\/guitarradegranada.com\/en\/","name":"LA GUITARRER\u00cdA DE GRANADA","description":"La Guitarrer\u00eda de Granada es un taller de lutheria artesano y una tienda d\u00f3nde puedes encontrar guitarras artesanas flamencas, cl\u00e1sicas y todos los accesorios para guitarristas","publisher":{"@id":"https:\/\/guitarradegranada.com\/en\/#organization"},"potentialAction":[{"@type":"SearchAction","target":{"@type":"EntryPoint","urlTemplate":"https:\/\/guitarradegranada.com\/en\/?s={search_term_string}"},"query-input":{"@type":"PropertyValueSpecification","valueRequired":true,"valueName":"search_term_string"}}],"inLanguage":"en-US"},{"@type":"Organization","@id":"https:\/\/guitarradegranada.com\/en\/#organization","name":"Guitarra de Granada","url":"https:\/\/guitarradegranada.com\/en\/","logo":{"@type":"ImageObject","inLanguage":"en-US","@id":"https:\/\/guitarradegranada.com\/en\/#\/schema\/logo\/image\/","url":"https:\/\/guitarradegranada.com\/wp-content\/uploads\/2020\/05\/Logo-Guitarra-de-Granada.png","contentUrl":"https:\/\/guitarradegranada.com\/wp-content\/uploads\/2020\/05\/Logo-Guitarra-de-Granada.png","width":1314,"height":219,"caption":"Guitarra de Granada"},"image":{"@id":"https:\/\/guitarradegranada.com\/en\/#\/schema\/logo\/image\/"}}]}},"jetpack_publicize_connections":[],"jetpack_sharing_enabled":true,"amp_enabled":true,"_links":{"self":[{"href":"https:\/\/guitarradegranada.com\/en\/wp-json\/wp\/v2\/product\/8052","targetHints":{"allow":["GET"]}}],"collection":[{"href":"https:\/\/guitarradegranada.com\/en\/wp-json\/wp\/v2\/product"}],"about":[{"href":"https:\/\/guitarradegranada.com\/en\/wp-json\/wp\/v2\/types\/product"}],"wp:featuredmedia":[{"embeddable":true,"href":"https:\/\/guitarradegranada.com\/en\/wp-json\/wp\/v2\/media\/2850"}],"wp:attachment":[{"href":"https:\/\/guitarradegranada.com\/en\/wp-json\/wp\/v2\/media?parent=8052"}],"wp:term":[{"taxonomy":"product_brand","embeddable":true,"href":"https:\/\/guitarradegranada.com\/en\/wp-json\/wp\/v2\/product_brand?post=8052"},{"taxonomy":"product_cat","embeddable":true,"href":"https:\/\/guitarradegranada.com\/en\/wp-json\/wp\/v2\/product_cat?post=8052"},{"taxonomy":"product_tag","embeddable":true,"href":"https:\/\/guitarradegranada.com\/en\/wp-json\/wp\/v2\/product_tag?post=8052"}],"curies":[{"name":"wp","href":"https:\/\/api.w.org\/{rel}","templated":true}]}}