{"id":8013,"date":"2020-09-13T13:56:34","date_gmt":"2020-09-13T13:56:34","guid":{"rendered":"https:\/\/guitarradegranada.com\/producto\/cibeles-case-pepe-cases\/"},"modified":"2020-09-13T13:56:34","modified_gmt":"2020-09-13T13:56:34","slug":"cibeles-case-pepe-cases","status":"publish","type":"product","link":"https:\/\/guitarradegranada.com\/en\/product\/cibeles-case-pepe-cases\/","title":{"rendered":"Cibeles case &#8220;Pepe Cases&#8221;."},"content":{"rendered":"<div class=\"rte\">\n<p><strong>Pepe Cases Cibeles case for classical or flamenco guitar.<\/strong><\/p>\n<p>Made of 2 ABS sheets with polyurethane injected in between. Reinforced with sponge. 16mm aluminum reinforcement ring and quality butterfly locks.  <\/p>\n<p>Includes integrated hygrometer for humidity control.<\/p>\n<p>Its interior is soft and velvety in red. It incorporates a chest for accessories. <\/p>\n<p>4kg weight. Includes 2 straps to carry as a backpack. Rubber closure.  <\/p>\n<p>The hardest case. Withstands hundreds of kilos of pressure. <\/p>\n<\/div>\n","protected":false},"excerpt":{"rendered":"<p><img loading=\"lazy\" decoding=\"async\" class=\"alignnone wp-image-2767\" src=\"https:\/\/guitarradegranada.com\/wp-content\/uploads\/2020\/08\/baffin-cibeles-logo-1457097971-300x55.jpg\" alt=\"\" width=\"191\" height=\"35\" srcset=\"https:\/\/guitarradegranada.com\/wp-content\/uploads\/2020\/08\/baffin-cibeles-logo-1457097971-300x55.jpg 300w, https:\/\/guitarradegranada.com\/wp-content\/uploads\/2020\/08\/baffin-cibeles-logo-1457097971-64x12.jpg 64w, https:\/\/guitarradegranada.com\/wp-content\/uploads\/2020\/08\/baffin-cibeles-logo-1457097971.jpg 392w\" sizes=\"auto, (max-width: 191px) 100vw, 191px\" \/><\/p>\n<p>Case for classical or flamenco guitar from Cibeles. Made with injected polyurethane and ABS reinforced with sponge. The hardest case.  <\/p>\n","protected":false},"featured_media":3030,"template":"","meta":{"_coblocks_attr":"","_coblocks_dimensions":"","_coblocks_responsive_height":"","_coblocks_accordion_ie_support":"","_crdt_document":"","jetpack_publicize_message":"","jetpack_publicize_feature_enabled":true,"jetpack_social_post_already_shared":true,"jetpack_social_options":{"image_generator_settings":{"template":"highway","default_image_id":0,"font":"","enabled":false},"version":2},"_wpas_customize_per_network":false},"product_brand":[],"product_cat":[50518879,50518886],"product_tag":[50518998,50518999],"class_list":{"0":"post-8013","1":"product","2":"type-product","3":"status-publish","4":"has-post-thumbnail","6":"product_cat-guitar-accessories","7":"product_cat-cases-and-covers","8":"product_tag-classical-guitar-case","9":"product_tag-flamenco-guitar-case","10":"product_shipping_class-guitar-shipment","12":"first","13":"outofstock","14":"sale","15":"taxable","16":"shipping-taxable","17":"purchasable","18":"product-type-simple"},"bundled_by":[],"bundle_stock_status":"outofstock","bundle_stock_quantity":null,"bundle_virtual":false,"bundle_layout":"","bundle_add_to_cart_form_location":"","bundle_editable_in_cart":false,"bundle_sold_individually_context":"","bundle_item_grouping":"","bundle_min_size":"","bundle_max_size":"","bundle_price":[],"bundled_items":[],"bundle_sell_ids":[],"group_of_quantity":0,"min_quantity":0,"max_quantity":"","exclude_order_quantity_value_rules":"no","exclude_category_quantity_rules":"no","combine_variations":"no","exclude_global_add_ons":[],"addons":[],"yoast_head":"<!-- This site is optimized with the Yoast SEO plugin v27.4 - https:\/\/yoast.com\/product\/yoast-seo-wordpress\/ -->\n<title>\u25b7 Cibeles case &quot;Pepe Cases&quot;. - LA GUITARRER\u00cdA DE GRANADA%.<\/title>\n<meta name=\"description\" content=\"Pepe Cases Cibeles case for classical or flamenco guitar. The hardest case. Supports hundreds of kilos of pressure. Weight: 4kg.\" \/>\n<meta name=\"robots\" content=\"index, follow, max-snippet:-1, max-image-preview:large, max-video-preview:-1\" \/>\n<link rel=\"canonical\" href=\"https:\/\/guitarradegranada.com\/en\/product\/cibeles-case-pepe-cases\/\" \/>\n<meta property=\"og:locale\" content=\"en_US\" \/>\n<meta property=\"og:type\" content=\"article\" \/>\n<meta property=\"og:title\" content=\"\u25b7 Cibeles case &quot;Pepe Cases&quot;. - LA GUITARRER\u00cdA DE GRANADA%.\" \/>\n<meta property=\"og:description\" content=\"Pepe Cases Cibeles case for classical or flamenco guitar. The hardest case. Supports hundreds of kilos of pressure. Weight: 4kg.\" \/>\n<meta property=\"og:url\" content=\"https:\/\/guitarradegranada.com\/en\/product\/cibeles-case-pepe-cases\/\" \/>\n<meta property=\"og:site_name\" content=\"LA GUITARRER\u00cdA DE GRANADA\" \/>\n<meta property=\"og:image\" content=\"https:\/\/i0.wp.com\/guitarradegranada.com\/wp-content\/uploads\/2020\/09\/cibeles-pepe-cases-c250005c-el-estuche-mas-duro-ideal-para-envios-e1600005072118.jpg?fit=550%2C550&ssl=1\" \/>\n\t<meta property=\"og:image:width\" content=\"550\" \/>\n\t<meta property=\"og:image:height\" content=\"550\" \/>\n\t<meta property=\"og:image:type\" content=\"image\/jpeg\" \/>\n<meta name=\"twitter:card\" content=\"summary_large_image\" \/>\n<script type=\"application\/ld+json\" class=\"yoast-schema-graph\">{\"@context\":\"https:\\\/\\\/schema.org\",\"@graph\":[{\"@type\":\"WebPage\",\"@id\":\"https:\\\/\\\/guitarradegranada.com\\\/en\\\/product\\\/cibeles-case-pepe-cases\\\/\",\"url\":\"https:\\\/\\\/guitarradegranada.com\\\/en\\\/product\\\/cibeles-case-pepe-cases\\\/\",\"name\":\"\u25b7 Cibeles case \\\"Pepe Cases\\\". - LA GUITARRER\u00cdA DE GRANADA%.\",\"isPartOf\":{\"@id\":\"https:\\\/\\\/guitarradegranada.com\\\/en\\\/#website\"},\"primaryImageOfPage\":{\"@id\":\"https:\\\/\\\/guitarradegranada.com\\\/en\\\/product\\\/cibeles-case-pepe-cases\\\/#primaryimage\"},\"image\":{\"@id\":\"https:\\\/\\\/guitarradegranada.com\\\/en\\\/product\\\/cibeles-case-pepe-cases\\\/#primaryimage\"},\"thumbnailUrl\":\"https:\\\/\\\/guitarradegranada.com\\\/wp-content\\\/uploads\\\/2020\\\/09\\\/cibeles-pepe-cases-c250005c-el-estuche-mas-duro-ideal-para-envios-e1600005072118.jpg\",\"datePublished\":\"2020-09-13T13:56:34+00:00\",\"description\":\"Pepe Cases Cibeles case for classical or flamenco guitar. The hardest case. Supports hundreds of kilos of pressure. Weight: 4kg.\",\"breadcrumb\":{\"@id\":\"https:\\\/\\\/guitarradegranada.com\\\/en\\\/product\\\/cibeles-case-pepe-cases\\\/#breadcrumb\"},\"inLanguage\":\"en-US\",\"potentialAction\":[{\"@type\":\"ReadAction\",\"target\":[\"https:\\\/\\\/guitarradegranada.com\\\/en\\\/product\\\/cibeles-case-pepe-cases\\\/\"]}]},{\"@type\":\"ImageObject\",\"inLanguage\":\"en-US\",\"@id\":\"https:\\\/\\\/guitarradegranada.com\\\/en\\\/product\\\/cibeles-case-pepe-cases\\\/#primaryimage\",\"url\":\"https:\\\/\\\/guitarradegranada.com\\\/wp-content\\\/uploads\\\/2020\\\/09\\\/cibeles-pepe-cases-c250005c-el-estuche-mas-duro-ideal-para-envios-e1600005072118.jpg\",\"contentUrl\":\"https:\\\/\\\/guitarradegranada.com\\\/wp-content\\\/uploads\\\/2020\\\/09\\\/cibeles-pepe-cases-c250005c-el-estuche-mas-duro-ideal-para-envios-e1600005072118.jpg\",\"width\":550,\"height\":550,\"caption\":\"Pepe Cases Cibeles Case\"},{\"@type\":\"BreadcrumbList\",\"@id\":\"https:\\\/\\\/guitarradegranada.com\\\/en\\\/product\\\/cibeles-case-pepe-cases\\\/#breadcrumb\",\"itemListElement\":[{\"@type\":\"ListItem\",\"position\":1,\"name\":\"Portada\",\"item\":\"https:\\\/\\\/guitarradegranada.com\\\/en\\\/\"},{\"@type\":\"ListItem\",\"position\":2,\"name\":\"Store\",\"item\":\"https:\\\/\\\/guitarradegranada.com\\\/en\\\/store\\\/\"},{\"@type\":\"ListItem\",\"position\":3,\"name\":\"Cibeles case \u00abPepe Cases\u00bb.\"}]},{\"@type\":\"WebSite\",\"@id\":\"https:\\\/\\\/guitarradegranada.com\\\/en\\\/#website\",\"url\":\"https:\\\/\\\/guitarradegranada.com\\\/en\\\/\",\"name\":\"LA GUITARRER\u00cdA DE GRANADA\",\"description\":\"La Guitarrer\u00eda de Granada es un taller de lutheria artesano y una tienda d\u00f3nde puedes encontrar guitarras artesanas flamencas, cl\u00e1sicas y todos los accesorios para guitarristas\",\"publisher\":{\"@id\":\"https:\\\/\\\/guitarradegranada.com\\\/en\\\/#organization\"},\"potentialAction\":[{\"@type\":\"SearchAction\",\"target\":{\"@type\":\"EntryPoint\",\"urlTemplate\":\"https:\\\/\\\/guitarradegranada.com\\\/en\\\/?s={search_term_string}\"},\"query-input\":{\"@type\":\"PropertyValueSpecification\",\"valueRequired\":true,\"valueName\":\"search_term_string\"}}],\"inLanguage\":\"en-US\"},{\"@type\":\"Organization\",\"@id\":\"https:\\\/\\\/guitarradegranada.com\\\/en\\\/#organization\",\"name\":\"Guitarra de Granada\",\"url\":\"https:\\\/\\\/guitarradegranada.com\\\/en\\\/\",\"logo\":{\"@type\":\"ImageObject\",\"inLanguage\":\"en-US\",\"@id\":\"https:\\\/\\\/guitarradegranada.com\\\/en\\\/#\\\/schema\\\/logo\\\/image\\\/\",\"url\":\"https:\\\/\\\/guitarradegranada.com\\\/wp-content\\\/uploads\\\/2020\\\/05\\\/Logo-Guitarra-de-Granada.png\",\"contentUrl\":\"https:\\\/\\\/guitarradegranada.com\\\/wp-content\\\/uploads\\\/2020\\\/05\\\/Logo-Guitarra-de-Granada.png\",\"width\":1314,\"height\":219,\"caption\":\"Guitarra de Granada\"},\"image\":{\"@id\":\"https:\\\/\\\/guitarradegranada.com\\\/en\\\/#\\\/schema\\\/logo\\\/image\\\/\"}}]}<\/script>\n<!-- \/ Yoast SEO plugin. -->","yoast_head_json":{"title":"\u25b7 Cibeles case \"Pepe Cases\". - LA GUITARRER\u00cdA DE GRANADA%.","description":"Pepe Cases Cibeles case for classical or flamenco guitar. The hardest case. Supports hundreds of kilos of pressure. Weight: 4kg.","robots":{"index":"index","follow":"follow","max-snippet":"max-snippet:-1","max-image-preview":"max-image-preview:large","max-video-preview":"max-video-preview:-1"},"canonical":"https:\/\/guitarradegranada.com\/en\/product\/cibeles-case-pepe-cases\/","og_locale":"en_US","og_type":"article","og_title":"\u25b7 Cibeles case \"Pepe Cases\". - LA GUITARRER\u00cdA DE GRANADA%.","og_description":"Pepe Cases Cibeles case for classical or flamenco guitar. The hardest case. Supports hundreds of kilos of pressure. Weight: 4kg.","og_url":"https:\/\/guitarradegranada.com\/en\/product\/cibeles-case-pepe-cases\/","og_site_name":"LA GUITARRER\u00cdA DE GRANADA","og_image":[{"width":550,"height":550,"url":"https:\/\/i0.wp.com\/guitarradegranada.com\/wp-content\/uploads\/2020\/09\/cibeles-pepe-cases-c250005c-el-estuche-mas-duro-ideal-para-envios-e1600005072118.jpg?fit=550%2C550&ssl=1","type":"image\/jpeg"}],"twitter_card":"summary_large_image","schema":{"@context":"https:\/\/schema.org","@graph":[{"@type":"WebPage","@id":"https:\/\/guitarradegranada.com\/en\/product\/cibeles-case-pepe-cases\/","url":"https:\/\/guitarradegranada.com\/en\/product\/cibeles-case-pepe-cases\/","name":"\u25b7 Cibeles case \"Pepe Cases\". - LA GUITARRER\u00cdA DE GRANADA%.","isPartOf":{"@id":"https:\/\/guitarradegranada.com\/en\/#website"},"primaryImageOfPage":{"@id":"https:\/\/guitarradegranada.com\/en\/product\/cibeles-case-pepe-cases\/#primaryimage"},"image":{"@id":"https:\/\/guitarradegranada.com\/en\/product\/cibeles-case-pepe-cases\/#primaryimage"},"thumbnailUrl":"https:\/\/guitarradegranada.com\/wp-content\/uploads\/2020\/09\/cibeles-pepe-cases-c250005c-el-estuche-mas-duro-ideal-para-envios-e1600005072118.jpg","datePublished":"2020-09-13T13:56:34+00:00","description":"Pepe Cases Cibeles case for classical or flamenco guitar. The hardest case. Supports hundreds of kilos of pressure. Weight: 4kg.","breadcrumb":{"@id":"https:\/\/guitarradegranada.com\/en\/product\/cibeles-case-pepe-cases\/#breadcrumb"},"inLanguage":"en-US","potentialAction":[{"@type":"ReadAction","target":["https:\/\/guitarradegranada.com\/en\/product\/cibeles-case-pepe-cases\/"]}]},{"@type":"ImageObject","inLanguage":"en-US","@id":"https:\/\/guitarradegranada.com\/en\/product\/cibeles-case-pepe-cases\/#primaryimage","url":"https:\/\/guitarradegranada.com\/wp-content\/uploads\/2020\/09\/cibeles-pepe-cases-c250005c-el-estuche-mas-duro-ideal-para-envios-e1600005072118.jpg","contentUrl":"https:\/\/guitarradegranada.com\/wp-content\/uploads\/2020\/09\/cibeles-pepe-cases-c250005c-el-estuche-mas-duro-ideal-para-envios-e1600005072118.jpg","width":550,"height":550,"caption":"Pepe Cases Cibeles Case"},{"@type":"BreadcrumbList","@id":"https:\/\/guitarradegranada.com\/en\/product\/cibeles-case-pepe-cases\/#breadcrumb","itemListElement":[{"@type":"ListItem","position":1,"name":"Portada","item":"https:\/\/guitarradegranada.com\/en\/"},{"@type":"ListItem","position":2,"name":"Store","item":"https:\/\/guitarradegranada.com\/en\/store\/"},{"@type":"ListItem","position":3,"name":"Cibeles case \u00abPepe Cases\u00bb."}]},{"@type":"WebSite","@id":"https:\/\/guitarradegranada.com\/en\/#website","url":"https:\/\/guitarradegranada.com\/en\/","name":"LA GUITARRER\u00cdA DE GRANADA","description":"La Guitarrer\u00eda de Granada es un taller de lutheria artesano y una tienda d\u00f3nde puedes encontrar guitarras artesanas flamencas, cl\u00e1sicas y todos los accesorios para guitarristas","publisher":{"@id":"https:\/\/guitarradegranada.com\/en\/#organization"},"potentialAction":[{"@type":"SearchAction","target":{"@type":"EntryPoint","urlTemplate":"https:\/\/guitarradegranada.com\/en\/?s={search_term_string}"},"query-input":{"@type":"PropertyValueSpecification","valueRequired":true,"valueName":"search_term_string"}}],"inLanguage":"en-US"},{"@type":"Organization","@id":"https:\/\/guitarradegranada.com\/en\/#organization","name":"Guitarra de Granada","url":"https:\/\/guitarradegranada.com\/en\/","logo":{"@type":"ImageObject","inLanguage":"en-US","@id":"https:\/\/guitarradegranada.com\/en\/#\/schema\/logo\/image\/","url":"https:\/\/guitarradegranada.com\/wp-content\/uploads\/2020\/05\/Logo-Guitarra-de-Granada.png","contentUrl":"https:\/\/guitarradegranada.com\/wp-content\/uploads\/2020\/05\/Logo-Guitarra-de-Granada.png","width":1314,"height":219,"caption":"Guitarra de Granada"},"image":{"@id":"https:\/\/guitarradegranada.com\/en\/#\/schema\/logo\/image\/"}}]}},"jetpack_publicize_connections":[],"jetpack_sharing_enabled":true,"amp_enabled":true,"_links":{"self":[{"href":"https:\/\/guitarradegranada.com\/en\/wp-json\/wp\/v2\/product\/8013","targetHints":{"allow":["GET"]}}],"collection":[{"href":"https:\/\/guitarradegranada.com\/en\/wp-json\/wp\/v2\/product"}],"about":[{"href":"https:\/\/guitarradegranada.com\/en\/wp-json\/wp\/v2\/types\/product"}],"wp:featuredmedia":[{"embeddable":true,"href":"https:\/\/guitarradegranada.com\/en\/wp-json\/wp\/v2\/media\/3030"}],"wp:attachment":[{"href":"https:\/\/guitarradegranada.com\/en\/wp-json\/wp\/v2\/media?parent=8013"}],"wp:term":[{"taxonomy":"product_brand","embeddable":true,"href":"https:\/\/guitarradegranada.com\/en\/wp-json\/wp\/v2\/product_brand?post=8013"},{"taxonomy":"product_cat","embeddable":true,"href":"https:\/\/guitarradegranada.com\/en\/wp-json\/wp\/v2\/product_cat?post=8013"},{"taxonomy":"product_tag","embeddable":true,"href":"https:\/\/guitarradegranada.com\/en\/wp-json\/wp\/v2\/product_tag?post=8013"}],"curies":[{"name":"wp","href":"https:\/\/api.w.org\/{rel}","templated":true}]}}