{"id":7990,"date":"2020-06-12T18:11:07","date_gmt":"2020-06-12T18:11:07","guid":{"rendered":"https:\/\/guitarradegranada.com\/producto\/la-bella-2001-classical-medium-hard-tension-strings\/"},"modified":"2020-06-12T18:11:07","modified_gmt":"2020-06-12T18:11:07","slug":"la-bella-2001-classical-medium-hard-tension-strings","status":"publish","type":"product","link":"https:\/\/guitarradegranada.com\/en\/product\/la-bella-2001-classical-medium-hard-tension-strings\/","title":{"rendered":"La Bella 2001 Classical Medium-Hard Tension Strings"},"content":{"rendered":"<p><strong> La Bella 2001 Concert Series <\/strong>medium-high tension classical guitar strings.<\/p>\n<p>The 2001 series of La Bella classical guitar strings are the product of years of intense research and development. Thousands of musicians, artists and teachers participated under the premise of obtaining strings with great response, clarity and a lot of sustain. <\/p>\n<p>According to these specifications, strings were designed with a new innovative nylon thread (Nylon 202), much more sensitive to the touch, greater projection, transparency and resistance. Also for the bass strings we took advantage of the higher density of Nylon 202 to improve the outer winding radius and thus achieve a sound with greater clarity and sustain. <\/p>\n<p>All this makes the 2001 La Bella a very flexible, responsive and sensitive set. This is why they have become the choice of many professionals. <\/p>\n","protected":false},"excerpt":{"rendered":"<p><img loading=\"lazy\" decoding=\"async\" class=\"alignnone wp-image-2227\" src=\"https:\/\/guitarradegranada.com\/wp-content\/uploads\/2020\/06\/encordado-la-bella-c80-para-charango-D_NQ_NP_714158-MLA31011969658_062019-F-300x144.jpg\" alt=\"\" width=\"160\" height=\"77\"><\/p>\n<p><strong> La Bella 2001 Concert Series <\/strong>medium-high tension classical guitar strings.<\/p>\n","protected":false},"featured_media":2233,"template":"","meta":{"_coblocks_attr":"","_coblocks_dimensions":"","_coblocks_responsive_height":"","_coblocks_accordion_ie_support":"","_crdt_document":"","jetpack_publicize_message":"","jetpack_publicize_feature_enabled":true,"jetpack_social_post_already_shared":true,"jetpack_social_options":{"image_generator_settings":{"template":"highway","default_image_id":0,"font":"","enabled":false},"version":2},"_wpas_customize_per_network":false},"product_brand":[],"product_cat":[50518879,50518884],"product_tag":[50518966],"class_list":{"0":"post-7990","1":"product","2":"type-product","3":"status-publish","4":"has-post-thumbnail","6":"product_cat-guitar-accessories","7":"product_cat-classical-guitar-strings","8":"product_tag-classical-guitar-strings","9":"product_shipping_class-cejillas-artesanas","11":"first","12":"instock","13":"sale","14":"featured","15":"taxable","16":"shipping-taxable","17":"purchasable","18":"product-type-simple"},"bundled_by":[],"bundle_stock_status":"instock","bundle_stock_quantity":null,"bundle_virtual":false,"bundle_layout":"","bundle_add_to_cart_form_location":"","bundle_editable_in_cart":false,"bundle_sold_individually_context":"","bundle_item_grouping":"","bundle_min_size":"","bundle_max_size":"","bundle_price":[],"bundled_items":[],"bundle_sell_ids":[],"group_of_quantity":0,"min_quantity":0,"max_quantity":"","exclude_order_quantity_value_rules":"no","exclude_category_quantity_rules":"no","combine_variations":"no","exclude_global_add_ons":[],"addons":[],"yoast_head":"<!-- This site is optimized with the Yoast SEO plugin v27.5 - https:\/\/yoast.com\/product\/yoast-seo-wordpress\/ -->\n<title>\u25b7 La Bella 2001 Classical Medium-Hard Tension Strings - LA GUITARRER\u00cdA DE GRANADA%.<\/title>\n<meta name=\"description\" content=\"La Bella 2001 Concert Series classical guitar strings of medium-high tension. Highly flexible, responsive and sensitive playing\" \/>\n<meta name=\"robots\" content=\"index, follow, max-snippet:-1, max-image-preview:large, max-video-preview:-1\" \/>\n<link rel=\"canonical\" href=\"https:\/\/guitarradegranada.com\/en\/product\/la-bella-2001-classical-medium-hard-tension-strings\/\" \/>\n<meta property=\"og:locale\" content=\"en_US\" \/>\n<meta property=\"og:type\" content=\"article\" \/>\n<meta property=\"og:title\" content=\"\u25b7 La Bella 2001 Classical Medium-Hard Tension Strings - LA GUITARRER\u00cdA DE GRANADA%.\" \/>\n<meta property=\"og:description\" content=\"La Bella 2001 Concert Series classical guitar strings of medium-high tension. Highly flexible, responsive and sensitive playing\" \/>\n<meta property=\"og:url\" content=\"https:\/\/guitarradegranada.com\/en\/product\/la-bella-2001-classical-medium-hard-tension-strings\/\" \/>\n<meta property=\"og:site_name\" content=\"LA GUITARRER\u00cdA DE GRANADA\" \/>\n<meta property=\"og:image\" content=\"https:\/\/i0.wp.com\/guitarradegranada.com\/wp-content\/uploads\/2020\/06\/cuerdas-de-guitarra-clasica-la-bella-2001-concert-series-medium-hard-tension.jpg?fit=430%2C419&ssl=1\" \/>\n\t<meta property=\"og:image:width\" content=\"430\" \/>\n\t<meta property=\"og:image:height\" content=\"419\" \/>\n\t<meta property=\"og:image:type\" content=\"image\/jpeg\" \/>\n<meta name=\"twitter:card\" content=\"summary_large_image\" \/>\n<meta name=\"twitter:label1\" content=\"Est. reading time\" \/>\n\t<meta name=\"twitter:data1\" content=\"1 minute\" \/>\n<script type=\"application\/ld+json\" class=\"yoast-schema-graph\">{\"@context\":\"https:\\\/\\\/schema.org\",\"@graph\":[{\"@type\":\"WebPage\",\"@id\":\"https:\\\/\\\/guitarradegranada.com\\\/en\\\/product\\\/la-bella-2001-classical-medium-hard-tension-strings\\\/\",\"url\":\"https:\\\/\\\/guitarradegranada.com\\\/en\\\/product\\\/la-bella-2001-classical-medium-hard-tension-strings\\\/\",\"name\":\"\u25b7 La Bella 2001 Classical Medium-Hard Tension Strings - LA GUITARRER\u00cdA DE GRANADA%.\",\"isPartOf\":{\"@id\":\"https:\\\/\\\/guitarradegranada.com\\\/en\\\/#website\"},\"primaryImageOfPage\":{\"@id\":\"https:\\\/\\\/guitarradegranada.com\\\/en\\\/product\\\/la-bella-2001-classical-medium-hard-tension-strings\\\/#primaryimage\"},\"image\":{\"@id\":\"https:\\\/\\\/guitarradegranada.com\\\/en\\\/product\\\/la-bella-2001-classical-medium-hard-tension-strings\\\/#primaryimage\"},\"thumbnailUrl\":\"https:\\\/\\\/guitarradegranada.com\\\/wp-content\\\/uploads\\\/2020\\\/06\\\/cuerdas-de-guitarra-clasica-la-bella-2001-concert-series-medium-hard-tension.jpg\",\"datePublished\":\"2020-06-12T18:11:07+00:00\",\"description\":\"La Bella 2001 Concert Series classical guitar strings of medium-high tension. Highly flexible, responsive and sensitive playing\",\"breadcrumb\":{\"@id\":\"https:\\\/\\\/guitarradegranada.com\\\/en\\\/product\\\/la-bella-2001-classical-medium-hard-tension-strings\\\/#breadcrumb\"},\"inLanguage\":\"en-US\",\"potentialAction\":[{\"@type\":\"ReadAction\",\"target\":[\"https:\\\/\\\/guitarradegranada.com\\\/en\\\/product\\\/la-bella-2001-classical-medium-hard-tension-strings\\\/\"]}]},{\"@type\":\"ImageObject\",\"inLanguage\":\"en-US\",\"@id\":\"https:\\\/\\\/guitarradegranada.com\\\/en\\\/product\\\/la-bella-2001-classical-medium-hard-tension-strings\\\/#primaryimage\",\"url\":\"https:\\\/\\\/guitarradegranada.com\\\/wp-content\\\/uploads\\\/2020\\\/06\\\/cuerdas-de-guitarra-clasica-la-bella-2001-concert-series-medium-hard-tension.jpg\",\"contentUrl\":\"https:\\\/\\\/guitarradegranada.com\\\/wp-content\\\/uploads\\\/2020\\\/06\\\/cuerdas-de-guitarra-clasica-la-bella-2001-concert-series-medium-hard-tension.jpg\",\"width\":430,\"height\":419,\"caption\":\"la bella 2001\"},{\"@type\":\"BreadcrumbList\",\"@id\":\"https:\\\/\\\/guitarradegranada.com\\\/en\\\/product\\\/la-bella-2001-classical-medium-hard-tension-strings\\\/#breadcrumb\",\"itemListElement\":[{\"@type\":\"ListItem\",\"position\":1,\"name\":\"Portada\",\"item\":\"https:\\\/\\\/guitarradegranada.com\\\/en\\\/\"},{\"@type\":\"ListItem\",\"position\":2,\"name\":\"Store\",\"item\":\"https:\\\/\\\/guitarradegranada.com\\\/en\\\/store\\\/\"},{\"@type\":\"ListItem\",\"position\":3,\"name\":\"La Bella 2001 Classical Medium-Hard Tension Strings\"}]},{\"@type\":\"WebSite\",\"@id\":\"https:\\\/\\\/guitarradegranada.com\\\/en\\\/#website\",\"url\":\"https:\\\/\\\/guitarradegranada.com\\\/en\\\/\",\"name\":\"LA GUITARRER\u00cdA DE GRANADA\",\"description\":\"La Guitarrer\u00eda de Granada es un taller de lutheria artesano y una tienda d\u00f3nde puedes encontrar guitarras artesanas flamencas, cl\u00e1sicas y todos los accesorios para guitarristas\",\"publisher\":{\"@id\":\"https:\\\/\\\/guitarradegranada.com\\\/en\\\/#organization\"},\"potentialAction\":[{\"@type\":\"SearchAction\",\"target\":{\"@type\":\"EntryPoint\",\"urlTemplate\":\"https:\\\/\\\/guitarradegranada.com\\\/en\\\/?s={search_term_string}\"},\"query-input\":{\"@type\":\"PropertyValueSpecification\",\"valueRequired\":true,\"valueName\":\"search_term_string\"}}],\"inLanguage\":\"en-US\"},{\"@type\":\"Organization\",\"@id\":\"https:\\\/\\\/guitarradegranada.com\\\/en\\\/#organization\",\"name\":\"Guitarra de Granada\",\"url\":\"https:\\\/\\\/guitarradegranada.com\\\/en\\\/\",\"logo\":{\"@type\":\"ImageObject\",\"inLanguage\":\"en-US\",\"@id\":\"https:\\\/\\\/guitarradegranada.com\\\/en\\\/#\\\/schema\\\/logo\\\/image\\\/\",\"url\":\"https:\\\/\\\/guitarradegranada.com\\\/wp-content\\\/uploads\\\/2020\\\/05\\\/Logo-Guitarra-de-Granada.png\",\"contentUrl\":\"https:\\\/\\\/guitarradegranada.com\\\/wp-content\\\/uploads\\\/2020\\\/05\\\/Logo-Guitarra-de-Granada.png\",\"width\":1314,\"height\":219,\"caption\":\"Guitarra de Granada\"},\"image\":{\"@id\":\"https:\\\/\\\/guitarradegranada.com\\\/en\\\/#\\\/schema\\\/logo\\\/image\\\/\"}}]}<\/script>\n<!-- \/ Yoast SEO plugin. -->","yoast_head_json":{"title":"\u25b7 La Bella 2001 Classical Medium-Hard Tension Strings - LA GUITARRER\u00cdA DE GRANADA%.","description":"La Bella 2001 Concert Series classical guitar strings of medium-high tension. Highly flexible, responsive and sensitive playing","robots":{"index":"index","follow":"follow","max-snippet":"max-snippet:-1","max-image-preview":"max-image-preview:large","max-video-preview":"max-video-preview:-1"},"canonical":"https:\/\/guitarradegranada.com\/en\/product\/la-bella-2001-classical-medium-hard-tension-strings\/","og_locale":"en_US","og_type":"article","og_title":"\u25b7 La Bella 2001 Classical Medium-Hard Tension Strings - LA GUITARRER\u00cdA DE GRANADA%.","og_description":"La Bella 2001 Concert Series classical guitar strings of medium-high tension. Highly flexible, responsive and sensitive playing","og_url":"https:\/\/guitarradegranada.com\/en\/product\/la-bella-2001-classical-medium-hard-tension-strings\/","og_site_name":"LA GUITARRER\u00cdA DE GRANADA","og_image":[{"width":430,"height":419,"url":"https:\/\/i0.wp.com\/guitarradegranada.com\/wp-content\/uploads\/2020\/06\/cuerdas-de-guitarra-clasica-la-bella-2001-concert-series-medium-hard-tension.jpg?fit=430%2C419&ssl=1","type":"image\/jpeg"}],"twitter_card":"summary_large_image","twitter_misc":{"Est. reading time":"1 minute"},"schema":{"@context":"https:\/\/schema.org","@graph":[{"@type":"WebPage","@id":"https:\/\/guitarradegranada.com\/en\/product\/la-bella-2001-classical-medium-hard-tension-strings\/","url":"https:\/\/guitarradegranada.com\/en\/product\/la-bella-2001-classical-medium-hard-tension-strings\/","name":"\u25b7 La Bella 2001 Classical Medium-Hard Tension Strings - LA GUITARRER\u00cdA DE GRANADA%.","isPartOf":{"@id":"https:\/\/guitarradegranada.com\/en\/#website"},"primaryImageOfPage":{"@id":"https:\/\/guitarradegranada.com\/en\/product\/la-bella-2001-classical-medium-hard-tension-strings\/#primaryimage"},"image":{"@id":"https:\/\/guitarradegranada.com\/en\/product\/la-bella-2001-classical-medium-hard-tension-strings\/#primaryimage"},"thumbnailUrl":"https:\/\/guitarradegranada.com\/wp-content\/uploads\/2020\/06\/cuerdas-de-guitarra-clasica-la-bella-2001-concert-series-medium-hard-tension.jpg","datePublished":"2020-06-12T18:11:07+00:00","description":"La Bella 2001 Concert Series classical guitar strings of medium-high tension. Highly flexible, responsive and sensitive playing","breadcrumb":{"@id":"https:\/\/guitarradegranada.com\/en\/product\/la-bella-2001-classical-medium-hard-tension-strings\/#breadcrumb"},"inLanguage":"en-US","potentialAction":[{"@type":"ReadAction","target":["https:\/\/guitarradegranada.com\/en\/product\/la-bella-2001-classical-medium-hard-tension-strings\/"]}]},{"@type":"ImageObject","inLanguage":"en-US","@id":"https:\/\/guitarradegranada.com\/en\/product\/la-bella-2001-classical-medium-hard-tension-strings\/#primaryimage","url":"https:\/\/guitarradegranada.com\/wp-content\/uploads\/2020\/06\/cuerdas-de-guitarra-clasica-la-bella-2001-concert-series-medium-hard-tension.jpg","contentUrl":"https:\/\/guitarradegranada.com\/wp-content\/uploads\/2020\/06\/cuerdas-de-guitarra-clasica-la-bella-2001-concert-series-medium-hard-tension.jpg","width":430,"height":419,"caption":"la bella 2001"},{"@type":"BreadcrumbList","@id":"https:\/\/guitarradegranada.com\/en\/product\/la-bella-2001-classical-medium-hard-tension-strings\/#breadcrumb","itemListElement":[{"@type":"ListItem","position":1,"name":"Portada","item":"https:\/\/guitarradegranada.com\/en\/"},{"@type":"ListItem","position":2,"name":"Store","item":"https:\/\/guitarradegranada.com\/en\/store\/"},{"@type":"ListItem","position":3,"name":"La Bella 2001 Classical Medium-Hard Tension Strings"}]},{"@type":"WebSite","@id":"https:\/\/guitarradegranada.com\/en\/#website","url":"https:\/\/guitarradegranada.com\/en\/","name":"LA GUITARRER\u00cdA DE GRANADA","description":"La Guitarrer\u00eda de Granada es un taller de lutheria artesano y una tienda d\u00f3nde puedes encontrar guitarras artesanas flamencas, cl\u00e1sicas y todos los accesorios para guitarristas","publisher":{"@id":"https:\/\/guitarradegranada.com\/en\/#organization"},"potentialAction":[{"@type":"SearchAction","target":{"@type":"EntryPoint","urlTemplate":"https:\/\/guitarradegranada.com\/en\/?s={search_term_string}"},"query-input":{"@type":"PropertyValueSpecification","valueRequired":true,"valueName":"search_term_string"}}],"inLanguage":"en-US"},{"@type":"Organization","@id":"https:\/\/guitarradegranada.com\/en\/#organization","name":"Guitarra de Granada","url":"https:\/\/guitarradegranada.com\/en\/","logo":{"@type":"ImageObject","inLanguage":"en-US","@id":"https:\/\/guitarradegranada.com\/en\/#\/schema\/logo\/image\/","url":"https:\/\/guitarradegranada.com\/wp-content\/uploads\/2020\/05\/Logo-Guitarra-de-Granada.png","contentUrl":"https:\/\/guitarradegranada.com\/wp-content\/uploads\/2020\/05\/Logo-Guitarra-de-Granada.png","width":1314,"height":219,"caption":"Guitarra de Granada"},"image":{"@id":"https:\/\/guitarradegranada.com\/en\/#\/schema\/logo\/image\/"}}]}},"jetpack_publicize_connections":[],"jetpack_sharing_enabled":true,"amp_enabled":true,"_links":{"self":[{"href":"https:\/\/guitarradegranada.com\/en\/wp-json\/wp\/v2\/product\/7990","targetHints":{"allow":["GET"]}}],"collection":[{"href":"https:\/\/guitarradegranada.com\/en\/wp-json\/wp\/v2\/product"}],"about":[{"href":"https:\/\/guitarradegranada.com\/en\/wp-json\/wp\/v2\/types\/product"}],"wp:featuredmedia":[{"embeddable":true,"href":"https:\/\/guitarradegranada.com\/en\/wp-json\/wp\/v2\/media\/2233"}],"wp:attachment":[{"href":"https:\/\/guitarradegranada.com\/en\/wp-json\/wp\/v2\/media?parent=7990"}],"wp:term":[{"taxonomy":"product_brand","embeddable":true,"href":"https:\/\/guitarradegranada.com\/en\/wp-json\/wp\/v2\/product_brand?post=7990"},{"taxonomy":"product_cat","embeddable":true,"href":"https:\/\/guitarradegranada.com\/en\/wp-json\/wp\/v2\/product_cat?post=7990"},{"taxonomy":"product_tag","embeddable":true,"href":"https:\/\/guitarradegranada.com\/en\/wp-json\/wp\/v2\/product_tag?post=7990"}],"curies":[{"name":"wp","href":"https:\/\/api.w.org\/{rel}","templated":true}]}}