{"id":7982,"date":"2020-09-11T09:37:15","date_gmt":"2020-09-11T09:37:15","guid":{"rendered":"https:\/\/guitarradegranada.com\/producto\/martinez-es-08s-ce-cutaway-flamenco-guitar\/"},"modified":"2020-09-11T09:37:15","modified_gmt":"2020-09-11T09:37:15","slug":"martinez-es-08s-ce-cutaway-flamenco-guitar","status":"publish","type":"product","link":"https:\/\/guitarradegranada.com\/en\/product\/martinez-es-08s-ce-cutaway-flamenco-guitar\/","title":{"rendered":"Martinez ES-08S-CE cutaway Flamenco Guitar"},"content":{"rendered":"<p><strong>Martinez ES-08S-CE cutaway electroacoustic flamenco guitar with Fishman preamp.<\/strong><\/p>\n<p>New improved model of flamenco guitar from Martinez. This guitar has the same template as the popular MFG-AS model, the difference is in the reinforcements of the top that allow a less rounded sound, more direct (thundering bass), or rather more flamenco for lovers of the &#8220;dry&#8221; sound of the flamenco guitar. It responds very well in all registers and highlights its low action of the strings.  <\/p>\n<p>Great sound projection, bridge with tilt giving the possibility of lowering the action and steel rod in perfect neck to give relief to the fingerboard.<\/p>\n<p>Spruce top specially chosen for its flamenco response, laminated cypress (Agathis) back and sides, cedar neck, ebony fingerboard. Truss rod system for neck adjustment. <\/p>\n<p>A feature that Martinez incorporated a long time ago is the &#8220;Truss Rod&#8221; in the neck. The truss rod is a metal bar inserted inside the neck to adjust its curvature, compensating the tension of the strings. Thanks to the truss rod the string action (height) of Martinez guitars can be easily adjusted and makes the instrument much more resistant to the passage of time.  <\/p>\n<div class=\"std\">\n<p>Guitarras Martinez offers a wide selection of flamenco and classical guitars with high quality and sonority while maintaining a good balance between bass and treble. They are comfortable to play, with a high projection of sound and power, and allow a perfect performance at an unbeatable price. <\/p>\n<p>Martinez Guitars offer a lot of quality for a small price and are perfect for people who want to learn to play, or for amateur and professional musicians.<\/p>\n<\/div>\n","protected":false},"excerpt":{"rendered":"<p>New cutaway flamenco guitar model with Fishman preamp, with the same template as the popular MFG-AS model, but with more reinforcements on the top.<\/p>\n","protected":false},"featured_media":2985,"template":"","meta":{"_coblocks_attr":"","_coblocks_dimensions":"","_coblocks_responsive_height":"","_coblocks_accordion_ie_support":"","_crdt_document":"","jetpack_publicize_message":"","jetpack_publicize_feature_enabled":true,"jetpack_social_post_already_shared":true,"jetpack_social_options":{"image_generator_settings":{"template":"highway","default_image_id":0,"font":"","enabled":false},"version":2},"_wpas_customize_per_network":false},"product_brand":[],"product_cat":[50518903,50518905,50518898],"product_tag":[50518940,50518954],"class_list":{"0":"post-7982","1":"product","2":"type-product","3":"status-publish","4":"has-post-thumbnail","6":"product_cat-flamenco-guitars","7":"product_cat-flamenco-studio-guitars","8":"product_cat-classical-and-flamenco-guitars","9":"product_tag-flamenco-guitar","10":"product_tag-martinez-guitars","11":"product_shipping_class-guitar-shipment","13":"first","14":"instock","15":"sale","16":"taxable","17":"shipping-taxable","18":"purchasable","19":"product-type-simple"},"bundled_by":[],"bundle_stock_status":"instock","bundle_stock_quantity":2,"bundle_virtual":false,"bundle_layout":"","bundle_add_to_cart_form_location":"","bundle_editable_in_cart":false,"bundle_sold_individually_context":"","bundle_item_grouping":"","bundle_min_size":"","bundle_max_size":"","bundle_price":[],"bundled_items":[],"bundle_sell_ids":[],"group_of_quantity":0,"min_quantity":0,"max_quantity":"","exclude_order_quantity_value_rules":"no","exclude_category_quantity_rules":"no","combine_variations":"no","exclude_global_add_ons":[],"addons":[],"yoast_head":"<!-- This site is optimized with the Yoast SEO plugin v27.4 - https:\/\/yoast.com\/product\/yoast-seo-wordpress\/ -->\n<title>\u25b7 Martinez ES-08S-CE cutaway Flamenco Guitar - LA GUITARRER\u00cdA DE GRANADA%.<\/title>\n<meta name=\"description\" content=\"New cutaway flamenco guitar model with the same template as the popular MFG-AS model, but with more reinforcements on the top.\" \/>\n<meta name=\"robots\" content=\"index, follow, max-snippet:-1, max-image-preview:large, max-video-preview:-1\" \/>\n<link rel=\"canonical\" href=\"https:\/\/guitarradegranada.com\/en\/product\/martinez-es-08s-ce-cutaway-flamenco-guitar\/\" \/>\n<meta property=\"og:locale\" content=\"en_US\" \/>\n<meta property=\"og:type\" content=\"article\" \/>\n<meta property=\"og:title\" content=\"\u25b7 Martinez ES-08S-CE cutaway Flamenco Guitar - LA GUITARRER\u00cdA DE GRANADA%.\" \/>\n<meta property=\"og:description\" content=\"New cutaway flamenco guitar model with the same template as the popular MFG-AS model, but with more reinforcements on the top.\" \/>\n<meta property=\"og:url\" content=\"https:\/\/guitarradegranada.com\/en\/product\/martinez-es-08s-ce-cutaway-flamenco-guitar\/\" \/>\n<meta property=\"og:site_name\" content=\"LA GUITARRER\u00cdA DE GRANADA\" \/>\n<meta property=\"og:image\" content=\"https:\/\/i0.wp.com\/guitarradegranada.com\/wp-content\/uploads\/2020\/09\/guitarra-martinez-electroacustica-cutaway-es-08s-ce-blanca-e1599816717775.jpg?fit=600%2C855&ssl=1\" \/>\n\t<meta property=\"og:image:width\" content=\"600\" \/>\n\t<meta property=\"og:image:height\" content=\"855\" \/>\n\t<meta property=\"og:image:type\" content=\"image\/jpeg\" \/>\n<meta name=\"twitter:card\" content=\"summary_large_image\" \/>\n<meta name=\"twitter:label1\" content=\"Est. reading time\" \/>\n\t<meta name=\"twitter:data1\" content=\"1 minute\" \/>\n<script type=\"application\/ld+json\" class=\"yoast-schema-graph\">{\"@context\":\"https:\\\/\\\/schema.org\",\"@graph\":[{\"@type\":\"WebPage\",\"@id\":\"https:\\\/\\\/guitarradegranada.com\\\/en\\\/product\\\/martinez-es-08s-ce-cutaway-flamenco-guitar\\\/\",\"url\":\"https:\\\/\\\/guitarradegranada.com\\\/en\\\/product\\\/martinez-es-08s-ce-cutaway-flamenco-guitar\\\/\",\"name\":\"\u25b7 Martinez ES-08S-CE cutaway Flamenco Guitar - LA GUITARRER\u00cdA DE GRANADA%.\",\"isPartOf\":{\"@id\":\"https:\\\/\\\/guitarradegranada.com\\\/en\\\/#website\"},\"primaryImageOfPage\":{\"@id\":\"https:\\\/\\\/guitarradegranada.com\\\/en\\\/product\\\/martinez-es-08s-ce-cutaway-flamenco-guitar\\\/#primaryimage\"},\"image\":{\"@id\":\"https:\\\/\\\/guitarradegranada.com\\\/en\\\/product\\\/martinez-es-08s-ce-cutaway-flamenco-guitar\\\/#primaryimage\"},\"thumbnailUrl\":\"https:\\\/\\\/guitarradegranada.com\\\/wp-content\\\/uploads\\\/2020\\\/09\\\/guitarra-martinez-electroacustica-cutaway-es-08s-ce-blanca-e1599816717775.jpg\",\"datePublished\":\"2020-09-11T09:37:15+00:00\",\"description\":\"New cutaway flamenco guitar model with the same template as the popular MFG-AS model, but with more reinforcements on the top.\",\"breadcrumb\":{\"@id\":\"https:\\\/\\\/guitarradegranada.com\\\/en\\\/product\\\/martinez-es-08s-ce-cutaway-flamenco-guitar\\\/#breadcrumb\"},\"inLanguage\":\"en-US\",\"potentialAction\":[{\"@type\":\"ReadAction\",\"target\":[\"https:\\\/\\\/guitarradegranada.com\\\/en\\\/product\\\/martinez-es-08s-ce-cutaway-flamenco-guitar\\\/\"]}]},{\"@type\":\"ImageObject\",\"inLanguage\":\"en-US\",\"@id\":\"https:\\\/\\\/guitarradegranada.com\\\/en\\\/product\\\/martinez-es-08s-ce-cutaway-flamenco-guitar\\\/#primaryimage\",\"url\":\"https:\\\/\\\/guitarradegranada.com\\\/wp-content\\\/uploads\\\/2020\\\/09\\\/guitarra-martinez-electroacustica-cutaway-es-08s-ce-blanca-e1599816717775.jpg\",\"contentUrl\":\"https:\\\/\\\/guitarradegranada.com\\\/wp-content\\\/uploads\\\/2020\\\/09\\\/guitarra-martinez-electroacustica-cutaway-es-08s-ce-blanca-e1599816717775.jpg\",\"width\":600,\"height\":855,\"caption\":\"martinez ES-08S\"},{\"@type\":\"BreadcrumbList\",\"@id\":\"https:\\\/\\\/guitarradegranada.com\\\/en\\\/product\\\/martinez-es-08s-ce-cutaway-flamenco-guitar\\\/#breadcrumb\",\"itemListElement\":[{\"@type\":\"ListItem\",\"position\":1,\"name\":\"Portada\",\"item\":\"https:\\\/\\\/guitarradegranada.com\\\/en\\\/\"},{\"@type\":\"ListItem\",\"position\":2,\"name\":\"Store\",\"item\":\"https:\\\/\\\/guitarradegranada.com\\\/en\\\/store\\\/\"},{\"@type\":\"ListItem\",\"position\":3,\"name\":\"Martinez ES-08S-CE cutaway Flamenco Guitar\"}]},{\"@type\":\"WebSite\",\"@id\":\"https:\\\/\\\/guitarradegranada.com\\\/en\\\/#website\",\"url\":\"https:\\\/\\\/guitarradegranada.com\\\/en\\\/\",\"name\":\"LA GUITARRER\u00cdA DE GRANADA\",\"description\":\"La Guitarrer\u00eda de Granada es un taller de lutheria artesano y una tienda d\u00f3nde puedes encontrar guitarras artesanas flamencas, cl\u00e1sicas y todos los accesorios para guitarristas\",\"publisher\":{\"@id\":\"https:\\\/\\\/guitarradegranada.com\\\/en\\\/#organization\"},\"potentialAction\":[{\"@type\":\"SearchAction\",\"target\":{\"@type\":\"EntryPoint\",\"urlTemplate\":\"https:\\\/\\\/guitarradegranada.com\\\/en\\\/?s={search_term_string}\"},\"query-input\":{\"@type\":\"PropertyValueSpecification\",\"valueRequired\":true,\"valueName\":\"search_term_string\"}}],\"inLanguage\":\"en-US\"},{\"@type\":\"Organization\",\"@id\":\"https:\\\/\\\/guitarradegranada.com\\\/en\\\/#organization\",\"name\":\"Guitarra de Granada\",\"url\":\"https:\\\/\\\/guitarradegranada.com\\\/en\\\/\",\"logo\":{\"@type\":\"ImageObject\",\"inLanguage\":\"en-US\",\"@id\":\"https:\\\/\\\/guitarradegranada.com\\\/en\\\/#\\\/schema\\\/logo\\\/image\\\/\",\"url\":\"https:\\\/\\\/guitarradegranada.com\\\/wp-content\\\/uploads\\\/2020\\\/05\\\/Logo-Guitarra-de-Granada.png\",\"contentUrl\":\"https:\\\/\\\/guitarradegranada.com\\\/wp-content\\\/uploads\\\/2020\\\/05\\\/Logo-Guitarra-de-Granada.png\",\"width\":1314,\"height\":219,\"caption\":\"Guitarra de Granada\"},\"image\":{\"@id\":\"https:\\\/\\\/guitarradegranada.com\\\/en\\\/#\\\/schema\\\/logo\\\/image\\\/\"}}]}<\/script>\n<!-- \/ Yoast SEO plugin. -->","yoast_head_json":{"title":"\u25b7 Martinez ES-08S-CE cutaway Flamenco Guitar - LA GUITARRER\u00cdA DE GRANADA%.","description":"New cutaway flamenco guitar model with the same template as the popular MFG-AS model, but with more reinforcements on the top.","robots":{"index":"index","follow":"follow","max-snippet":"max-snippet:-1","max-image-preview":"max-image-preview:large","max-video-preview":"max-video-preview:-1"},"canonical":"https:\/\/guitarradegranada.com\/en\/product\/martinez-es-08s-ce-cutaway-flamenco-guitar\/","og_locale":"en_US","og_type":"article","og_title":"\u25b7 Martinez ES-08S-CE cutaway Flamenco Guitar - LA GUITARRER\u00cdA DE GRANADA%.","og_description":"New cutaway flamenco guitar model with the same template as the popular MFG-AS model, but with more reinforcements on the top.","og_url":"https:\/\/guitarradegranada.com\/en\/product\/martinez-es-08s-ce-cutaway-flamenco-guitar\/","og_site_name":"LA GUITARRER\u00cdA DE GRANADA","og_image":[{"width":600,"height":855,"url":"https:\/\/i0.wp.com\/guitarradegranada.com\/wp-content\/uploads\/2020\/09\/guitarra-martinez-electroacustica-cutaway-es-08s-ce-blanca-e1599816717775.jpg?fit=600%2C855&ssl=1","type":"image\/jpeg"}],"twitter_card":"summary_large_image","twitter_misc":{"Est. reading time":"1 minute"},"schema":{"@context":"https:\/\/schema.org","@graph":[{"@type":"WebPage","@id":"https:\/\/guitarradegranada.com\/en\/product\/martinez-es-08s-ce-cutaway-flamenco-guitar\/","url":"https:\/\/guitarradegranada.com\/en\/product\/martinez-es-08s-ce-cutaway-flamenco-guitar\/","name":"\u25b7 Martinez ES-08S-CE cutaway Flamenco Guitar - LA GUITARRER\u00cdA DE GRANADA%.","isPartOf":{"@id":"https:\/\/guitarradegranada.com\/en\/#website"},"primaryImageOfPage":{"@id":"https:\/\/guitarradegranada.com\/en\/product\/martinez-es-08s-ce-cutaway-flamenco-guitar\/#primaryimage"},"image":{"@id":"https:\/\/guitarradegranada.com\/en\/product\/martinez-es-08s-ce-cutaway-flamenco-guitar\/#primaryimage"},"thumbnailUrl":"https:\/\/guitarradegranada.com\/wp-content\/uploads\/2020\/09\/guitarra-martinez-electroacustica-cutaway-es-08s-ce-blanca-e1599816717775.jpg","datePublished":"2020-09-11T09:37:15+00:00","description":"New cutaway flamenco guitar model with the same template as the popular MFG-AS model, but with more reinforcements on the top.","breadcrumb":{"@id":"https:\/\/guitarradegranada.com\/en\/product\/martinez-es-08s-ce-cutaway-flamenco-guitar\/#breadcrumb"},"inLanguage":"en-US","potentialAction":[{"@type":"ReadAction","target":["https:\/\/guitarradegranada.com\/en\/product\/martinez-es-08s-ce-cutaway-flamenco-guitar\/"]}]},{"@type":"ImageObject","inLanguage":"en-US","@id":"https:\/\/guitarradegranada.com\/en\/product\/martinez-es-08s-ce-cutaway-flamenco-guitar\/#primaryimage","url":"https:\/\/guitarradegranada.com\/wp-content\/uploads\/2020\/09\/guitarra-martinez-electroacustica-cutaway-es-08s-ce-blanca-e1599816717775.jpg","contentUrl":"https:\/\/guitarradegranada.com\/wp-content\/uploads\/2020\/09\/guitarra-martinez-electroacustica-cutaway-es-08s-ce-blanca-e1599816717775.jpg","width":600,"height":855,"caption":"martinez ES-08S"},{"@type":"BreadcrumbList","@id":"https:\/\/guitarradegranada.com\/en\/product\/martinez-es-08s-ce-cutaway-flamenco-guitar\/#breadcrumb","itemListElement":[{"@type":"ListItem","position":1,"name":"Portada","item":"https:\/\/guitarradegranada.com\/en\/"},{"@type":"ListItem","position":2,"name":"Store","item":"https:\/\/guitarradegranada.com\/en\/store\/"},{"@type":"ListItem","position":3,"name":"Martinez ES-08S-CE cutaway Flamenco Guitar"}]},{"@type":"WebSite","@id":"https:\/\/guitarradegranada.com\/en\/#website","url":"https:\/\/guitarradegranada.com\/en\/","name":"LA GUITARRER\u00cdA DE GRANADA","description":"La Guitarrer\u00eda de Granada es un taller de lutheria artesano y una tienda d\u00f3nde puedes encontrar guitarras artesanas flamencas, cl\u00e1sicas y todos los accesorios para guitarristas","publisher":{"@id":"https:\/\/guitarradegranada.com\/en\/#organization"},"potentialAction":[{"@type":"SearchAction","target":{"@type":"EntryPoint","urlTemplate":"https:\/\/guitarradegranada.com\/en\/?s={search_term_string}"},"query-input":{"@type":"PropertyValueSpecification","valueRequired":true,"valueName":"search_term_string"}}],"inLanguage":"en-US"},{"@type":"Organization","@id":"https:\/\/guitarradegranada.com\/en\/#organization","name":"Guitarra de Granada","url":"https:\/\/guitarradegranada.com\/en\/","logo":{"@type":"ImageObject","inLanguage":"en-US","@id":"https:\/\/guitarradegranada.com\/en\/#\/schema\/logo\/image\/","url":"https:\/\/guitarradegranada.com\/wp-content\/uploads\/2020\/05\/Logo-Guitarra-de-Granada.png","contentUrl":"https:\/\/guitarradegranada.com\/wp-content\/uploads\/2020\/05\/Logo-Guitarra-de-Granada.png","width":1314,"height":219,"caption":"Guitarra de Granada"},"image":{"@id":"https:\/\/guitarradegranada.com\/en\/#\/schema\/logo\/image\/"}}]}},"jetpack_publicize_connections":[],"jetpack_sharing_enabled":true,"amp_enabled":true,"_links":{"self":[{"href":"https:\/\/guitarradegranada.com\/en\/wp-json\/wp\/v2\/product\/7982","targetHints":{"allow":["GET"]}}],"collection":[{"href":"https:\/\/guitarradegranada.com\/en\/wp-json\/wp\/v2\/product"}],"about":[{"href":"https:\/\/guitarradegranada.com\/en\/wp-json\/wp\/v2\/types\/product"}],"wp:featuredmedia":[{"embeddable":true,"href":"https:\/\/guitarradegranada.com\/en\/wp-json\/wp\/v2\/media\/2985"}],"wp:attachment":[{"href":"https:\/\/guitarradegranada.com\/en\/wp-json\/wp\/v2\/media?parent=7982"}],"wp:term":[{"taxonomy":"product_brand","embeddable":true,"href":"https:\/\/guitarradegranada.com\/en\/wp-json\/wp\/v2\/product_brand?post=7982"},{"taxonomy":"product_cat","embeddable":true,"href":"https:\/\/guitarradegranada.com\/en\/wp-json\/wp\/v2\/product_cat?post=7982"},{"taxonomy":"product_tag","embeddable":true,"href":"https:\/\/guitarradegranada.com\/en\/wp-json\/wp\/v2\/product_tag?post=7982"}],"curies":[{"name":"wp","href":"https:\/\/api.w.org\/{rel}","templated":true}]}}