{"id":7977,"date":"2020-07-24T13:47:46","date_gmt":"2020-07-24T13:47:46","guid":{"rendered":"https:\/\/guitarradegranada.com\/producto\/bam-8002xl-hightech-case\/"},"modified":"2020-07-24T13:47:46","modified_gmt":"2020-07-24T13:47:46","slug":"bam-8002xl-hightech-case","status":"publish","type":"product","link":"https:\/\/guitarradegranada.com\/en\/product\/bam-8002xl-hightech-case\/","title":{"rendered":"BAM 8002XL Hightech case"},"content":{"rendered":"<div class=\"tab-content responsive bugMargins\">\n<div id=\"tab-1\" class=\"JS_contentTab tab-pane fade in active\" data-tabid=\"tab-Caracter\u00edsticas\">\n<div class=\"ovhd prod_desc col-md-8 col-sm-12 col-xs-12\">\n<p><strong>HIGHTECH BAM 8002 XL Case  <\/strong><\/p>\n<p>BAM is a French manufacturer of premium cases for musical instruments. BAM cases are fiber cases that provide security for your instrument as well as comfort for its transport. Undoubtedly, style and comfort combined in a case.  <\/p>\n<p>Three-layer structure made of high-performance materials (ABS, Airex foam or PVC foam, another type of ABS) ensuring excellent protection and ultra-light weight.<\/p>\n<p>Interior: Suspension of the instrument on foam cushions. It has additional independent pads provided for a perfect fit. These additional cushions are intended to be placed on the lid for a perfect fit.  <\/p>\n<p>Excellent protection against climatic changes, reinforced by a water-resistant fabric.<\/p>\n<ul>\n<li><strong>Inner dimensions:  <\/strong><\/li>\n<li>Total length: 103.5 cm<\/li>\n<li>Body Length: 56.5 cm<\/li>\n<li>Upper end: 29 cm<\/li>\n<li>Lower end: 38 cm<\/li>\n<li><strong>External dimensions:<\/strong><\/li>\n<li>Length: 106cm<\/li>\n<li>Width: 41cm<\/li>\n<li>Height: 16 cm<\/li>\n<li>Suspension of the instruments on injected foam cushions.<\/li>\n<li>Additional set of cushions provided for a perfect fit.<\/li>\n<li>Removable accessory bag.<\/li>\n<li>Bam Hightech: a triple structure made of high-performance materials (ABS, Airex foam, other ABS)<\/li>\n<li>Excellent protection and ultra-light weight.<\/li>\n<li>Includes 2 non-slip neoprene backpack straps with safety screw hooks.<\/li>\n<li>3 latches with key.<\/li>\n<li>Hermetic seal.<\/li>\n<li>Side handle<\/li>\n<li>Anti-skid rubber anti-wear patches on the lower outer casing.<\/li>\n<li>Color: Silver Carbon<\/li>\n<\/ul>\n<\/div>\n<\/div>\n<\/div>\n<div class=\"clearfix\">\n<div class=\"box1_t\"><strong>Technical specifications:<\/strong><\/div>\n<div class=\"box1_cnt\">\n<table class=\"table3 w100\" style=\"height: 62px\" width=\"266\">\n<tbody>\n<tr>\n<td class=\"t4\">Class<\/td>\n<td class=\"t2\">Professional case<\/td>\n<\/tr>\n<tr>\n<td class=\"t4\">Instrument<\/td>\n<td class=\"t2\">Guitar<\/td>\n<\/tr>\n<tr>\n<td class=\"t4\">Weight<\/td>\n<td class=\"t2\">2.8 kg<\/td>\n<\/tr>\n<\/tbody>\n<\/table>\n<p>&nbsp;<\/p>\n<p><span class=\"embed-youtube\" style=\"text-align:center; display: block;\"><iframe loading=\"lazy\" class=\"youtube-player\" width=\"1020\" height=\"574\" src=\"https:\/\/www.youtube.com\/embed\/3gAc_olA1S0?version=3&#038;rel=1&#038;showsearch=0&#038;showinfo=1&#038;iv_load_policy=1&#038;fs=1&#038;hl=en-US&#038;autohide=2&#038;wmode=transparent\" allowfullscreen=\"true\" style=\"border:0;\" sandbox=\"allow-scripts allow-same-origin allow-popups allow-presentation allow-popups-to-escape-sandbox\"><\/iframe><\/span><\/p>\n<\/div>\n<\/div>\n","protected":false},"excerpt":{"rendered":"<p><img loading=\"lazy\" decoding=\"async\" class=\"alignnone wp-image-2456\" src=\"https:\/\/guitarradegranada.com\/wp-content\/uploads\/2020\/07\/estuche-trompa-bam-6001xlt-hightech-con-bolsa-tweed-64093-300x194.png\" alt=\"Bam cases\" width=\"120\" height=\"78\" srcset=\"https:\/\/i0.wp.com\/guitarradegranada.com\/wp-content\/uploads\/2020\/07\/estuche-trompa-bam-6001xlt-hightech-con-bolsa-tweed-64093.png?resize=300%2C194&amp;ssl=1 300w, https:\/\/i0.wp.com\/guitarradegranada.com\/wp-content\/uploads\/2020\/07\/estuche-trompa-bam-6001xlt-hightech-con-bolsa-tweed-64093.png?resize=64%2C41&amp;ssl=1 64w, https:\/\/i0.wp.com\/guitarradegranada.com\/wp-content\/uploads\/2020\/07\/estuche-trompa-bam-6001xlt-hightech-con-bolsa-tweed-64093.png?w=358&amp;ssl=1 358w\" sizes=\"auto, (max-width: 120px) 100vw, 120px\" \/><\/p>\n<p>BAM 8002XL Hightech provides security for your instrument as well as convenience for transport. Excellent protection and ultra light weight. <\/p>\n","protected":false},"featured_media":2424,"template":"","meta":{"_coblocks_attr":"","_coblocks_dimensions":"","_coblocks_responsive_height":"","_coblocks_accordion_ie_support":"","_crdt_document":"","jetpack_post_was_ever_published":false,"jetpack_publicize_message":"","jetpack_publicize_feature_enabled":true,"jetpack_social_post_already_shared":true,"jetpack_social_options":{"image_generator_settings":{"template":"highway","default_image_id":0,"font":"","enabled":false},"version":2},"_wpas_customize_per_network":false},"product_brand":[],"product_cat":[50518879,50518886],"product_tag":[50518996,50518952],"class_list":{"0":"post-7977","1":"product","2":"type-product","3":"status-publish","4":"has-post-thumbnail","6":"product_cat-guitar-accessories","7":"product_cat-cases-and-covers","8":"product_tag-bam","9":"product_tag-cases","10":"product_shipping_class-guitar-shipment","12":"first","13":"outofstock","14":"sale","15":"taxable","16":"shipping-taxable","17":"purchasable","18":"product-type-simple"},"bundled_by":[],"bundle_stock_status":"outofstock","bundle_stock_quantity":null,"bundle_virtual":false,"bundle_layout":"","bundle_add_to_cart_form_location":"","bundle_editable_in_cart":false,"bundle_sold_individually_context":"","bundle_item_grouping":"","bundle_min_size":"","bundle_max_size":"","bundle_price":[],"bundled_items":[],"bundle_sell_ids":[],"group_of_quantity":0,"min_quantity":0,"max_quantity":"","exclude_order_quantity_value_rules":"no","exclude_category_quantity_rules":"no","combine_variations":"no","exclude_global_add_ons":[],"addons":[],"yoast_head":"<!-- This site is optimized with the Yoast SEO plugin v27.3 - https:\/\/yoast.com\/product\/yoast-seo-wordpress\/ -->\n<title>\u25b7 BAM 8002XL Hightech case - LA GUITARRER\u00cdA DE GRANADA%.<\/title>\n<meta name=\"description\" content=\"BAM 8002XL Hightech professional case for classical guitar, ensures excellent protection and an ultra-light weight of 2.8 kg.\" \/>\n<meta name=\"robots\" content=\"index, follow, max-snippet:-1, max-image-preview:large, max-video-preview:-1\" \/>\n<link rel=\"canonical\" href=\"https:\/\/guitarradegranada.com\/en\/product\/bam-8002xl-hightech-case\/\" \/>\n<meta property=\"og:locale\" content=\"en_US\" \/>\n<meta property=\"og:type\" content=\"article\" \/>\n<meta property=\"og:title\" content=\"\u25b7 BAM 8002XL Hightech case - LA GUITARRER\u00cdA DE GRANADA%.\" \/>\n<meta property=\"og:description\" content=\"BAM 8002XL Hightech professional case for classical guitar, ensures excellent protection and an ultra-light weight of 2.8 kg.\" \/>\n<meta property=\"og:url\" content=\"https:\/\/guitarradegranada.com\/en\/product\/bam-8002xl-hightech-case\/\" \/>\n<meta property=\"og:site_name\" content=\"LA GUITARRER\u00cdA DE GRANADA\" \/>\n<meta property=\"og:image\" content=\"https:\/\/i0.wp.com\/guitarradegranada.com\/wp-content\/uploads\/2020\/07\/Captura-de-pantalla-2020-07-23-a-las-19.55.06.png?fit=1813%2C1689&ssl=1\" \/>\n\t<meta property=\"og:image:width\" content=\"1813\" \/>\n\t<meta property=\"og:image:height\" content=\"1689\" \/>\n\t<meta property=\"og:image:type\" content=\"image\/png\" \/>\n<meta name=\"twitter:card\" content=\"summary_large_image\" \/>\n<meta name=\"twitter:label1\" content=\"Est. reading time\" \/>\n\t<meta name=\"twitter:data1\" content=\"1 minute\" \/>\n<script type=\"application\/ld+json\" class=\"yoast-schema-graph\">{\"@context\":\"https:\\\/\\\/schema.org\",\"@graph\":[{\"@type\":\"WebPage\",\"@id\":\"https:\\\/\\\/guitarradegranada.com\\\/en\\\/product\\\/bam-8002xl-hightech-case\\\/\",\"url\":\"https:\\\/\\\/guitarradegranada.com\\\/en\\\/product\\\/bam-8002xl-hightech-case\\\/\",\"name\":\"\u25b7 BAM 8002XL Hightech case - LA GUITARRER\u00cdA DE GRANADA%.\",\"isPartOf\":{\"@id\":\"https:\\\/\\\/guitarradegranada.com\\\/en\\\/#website\"},\"primaryImageOfPage\":{\"@id\":\"https:\\\/\\\/guitarradegranada.com\\\/en\\\/product\\\/bam-8002xl-hightech-case\\\/#primaryimage\"},\"image\":{\"@id\":\"https:\\\/\\\/guitarradegranada.com\\\/en\\\/product\\\/bam-8002xl-hightech-case\\\/#primaryimage\"},\"thumbnailUrl\":\"https:\\\/\\\/i0.wp.com\\\/guitarradegranada.com\\\/wp-content\\\/uploads\\\/2020\\\/07\\\/Captura-de-pantalla-2020-07-23-a-las-19.55.06.png?fit=1813%2C1689&ssl=1\",\"datePublished\":\"2020-07-24T13:47:46+00:00\",\"description\":\"BAM 8002XL Hightech professional case for classical guitar, ensures excellent protection and an ultra-light weight of 2.8 kg.\",\"breadcrumb\":{\"@id\":\"https:\\\/\\\/guitarradegranada.com\\\/en\\\/product\\\/bam-8002xl-hightech-case\\\/#breadcrumb\"},\"inLanguage\":\"en-US\",\"potentialAction\":[{\"@type\":\"ReadAction\",\"target\":[\"https:\\\/\\\/guitarradegranada.com\\\/en\\\/product\\\/bam-8002xl-hightech-case\\\/\"]}]},{\"@type\":\"ImageObject\",\"inLanguage\":\"en-US\",\"@id\":\"https:\\\/\\\/guitarradegranada.com\\\/en\\\/product\\\/bam-8002xl-hightech-case\\\/#primaryimage\",\"url\":\"https:\\\/\\\/i0.wp.com\\\/guitarradegranada.com\\\/wp-content\\\/uploads\\\/2020\\\/07\\\/Captura-de-pantalla-2020-07-23-a-las-19.55.06.png?fit=1813%2C1689&ssl=1\",\"contentUrl\":\"https:\\\/\\\/i0.wp.com\\\/guitarradegranada.com\\\/wp-content\\\/uploads\\\/2020\\\/07\\\/Captura-de-pantalla-2020-07-23-a-las-19.55.06.png?fit=1813%2C1689&ssl=1\",\"width\":1813,\"height\":1689,\"caption\":\"BAM 8002 XL Hightech\"},{\"@type\":\"BreadcrumbList\",\"@id\":\"https:\\\/\\\/guitarradegranada.com\\\/en\\\/product\\\/bam-8002xl-hightech-case\\\/#breadcrumb\",\"itemListElement\":[{\"@type\":\"ListItem\",\"position\":1,\"name\":\"Portada\",\"item\":\"https:\\\/\\\/guitarradegranada.com\\\/en\\\/\"},{\"@type\":\"ListItem\",\"position\":2,\"name\":\"Store\",\"item\":\"https:\\\/\\\/guitarradegranada.com\\\/en\\\/store\\\/\"},{\"@type\":\"ListItem\",\"position\":3,\"name\":\"BAM 8002XL Hightech case\"}]},{\"@type\":\"WebSite\",\"@id\":\"https:\\\/\\\/guitarradegranada.com\\\/en\\\/#website\",\"url\":\"https:\\\/\\\/guitarradegranada.com\\\/en\\\/\",\"name\":\"LA GUITARRER\u00cdA DE GRANADA\",\"description\":\"La Guitarrer\u00eda de Granada es un taller de lutheria artesano y una tienda d\u00f3nde puedes encontrar guitarras artesanas flamencas, cl\u00e1sicas y todos los accesorios para guitarristas\",\"publisher\":{\"@id\":\"https:\\\/\\\/guitarradegranada.com\\\/en\\\/#organization\"},\"potentialAction\":[{\"@type\":\"SearchAction\",\"target\":{\"@type\":\"EntryPoint\",\"urlTemplate\":\"https:\\\/\\\/guitarradegranada.com\\\/en\\\/?s={search_term_string}\"},\"query-input\":{\"@type\":\"PropertyValueSpecification\",\"valueRequired\":true,\"valueName\":\"search_term_string\"}}],\"inLanguage\":\"en-US\"},{\"@type\":\"Organization\",\"@id\":\"https:\\\/\\\/guitarradegranada.com\\\/en\\\/#organization\",\"name\":\"Guitarra de Granada\",\"url\":\"https:\\\/\\\/guitarradegranada.com\\\/en\\\/\",\"logo\":{\"@type\":\"ImageObject\",\"inLanguage\":\"en-US\",\"@id\":\"https:\\\/\\\/guitarradegranada.com\\\/en\\\/#\\\/schema\\\/logo\\\/image\\\/\",\"url\":\"https:\\\/\\\/guitarradegranada.com\\\/wp-content\\\/uploads\\\/2020\\\/05\\\/Logo-Guitarra-de-Granada.png\",\"contentUrl\":\"https:\\\/\\\/guitarradegranada.com\\\/wp-content\\\/uploads\\\/2020\\\/05\\\/Logo-Guitarra-de-Granada.png\",\"width\":1314,\"height\":219,\"caption\":\"Guitarra de Granada\"},\"image\":{\"@id\":\"https:\\\/\\\/guitarradegranada.com\\\/en\\\/#\\\/schema\\\/logo\\\/image\\\/\"}}]}<\/script>\n<!-- \/ Yoast SEO plugin. -->","yoast_head_json":{"title":"\u25b7 BAM 8002XL Hightech case - LA GUITARRER\u00cdA DE GRANADA%.","description":"BAM 8002XL Hightech professional case for classical guitar, ensures excellent protection and an ultra-light weight of 2.8 kg.","robots":{"index":"index","follow":"follow","max-snippet":"max-snippet:-1","max-image-preview":"max-image-preview:large","max-video-preview":"max-video-preview:-1"},"canonical":"https:\/\/guitarradegranada.com\/en\/product\/bam-8002xl-hightech-case\/","og_locale":"en_US","og_type":"article","og_title":"\u25b7 BAM 8002XL Hightech case - LA GUITARRER\u00cdA DE GRANADA%.","og_description":"BAM 8002XL Hightech professional case for classical guitar, ensures excellent protection and an ultra-light weight of 2.8 kg.","og_url":"https:\/\/guitarradegranada.com\/en\/product\/bam-8002xl-hightech-case\/","og_site_name":"LA GUITARRER\u00cdA DE GRANADA","og_image":[{"width":1813,"height":1689,"url":"https:\/\/i0.wp.com\/guitarradegranada.com\/wp-content\/uploads\/2020\/07\/Captura-de-pantalla-2020-07-23-a-las-19.55.06.png?fit=1813%2C1689&ssl=1","type":"image\/png"}],"twitter_card":"summary_large_image","twitter_misc":{"Est. reading time":"1 minute"},"schema":{"@context":"https:\/\/schema.org","@graph":[{"@type":"WebPage","@id":"https:\/\/guitarradegranada.com\/en\/product\/bam-8002xl-hightech-case\/","url":"https:\/\/guitarradegranada.com\/en\/product\/bam-8002xl-hightech-case\/","name":"\u25b7 BAM 8002XL Hightech case - LA GUITARRER\u00cdA DE GRANADA%.","isPartOf":{"@id":"https:\/\/guitarradegranada.com\/en\/#website"},"primaryImageOfPage":{"@id":"https:\/\/guitarradegranada.com\/en\/product\/bam-8002xl-hightech-case\/#primaryimage"},"image":{"@id":"https:\/\/guitarradegranada.com\/en\/product\/bam-8002xl-hightech-case\/#primaryimage"},"thumbnailUrl":"https:\/\/i0.wp.com\/guitarradegranada.com\/wp-content\/uploads\/2020\/07\/Captura-de-pantalla-2020-07-23-a-las-19.55.06.png?fit=1813%2C1689&ssl=1","datePublished":"2020-07-24T13:47:46+00:00","description":"BAM 8002XL Hightech professional case for classical guitar, ensures excellent protection and an ultra-light weight of 2.8 kg.","breadcrumb":{"@id":"https:\/\/guitarradegranada.com\/en\/product\/bam-8002xl-hightech-case\/#breadcrumb"},"inLanguage":"en-US","potentialAction":[{"@type":"ReadAction","target":["https:\/\/guitarradegranada.com\/en\/product\/bam-8002xl-hightech-case\/"]}]},{"@type":"ImageObject","inLanguage":"en-US","@id":"https:\/\/guitarradegranada.com\/en\/product\/bam-8002xl-hightech-case\/#primaryimage","url":"https:\/\/i0.wp.com\/guitarradegranada.com\/wp-content\/uploads\/2020\/07\/Captura-de-pantalla-2020-07-23-a-las-19.55.06.png?fit=1813%2C1689&ssl=1","contentUrl":"https:\/\/i0.wp.com\/guitarradegranada.com\/wp-content\/uploads\/2020\/07\/Captura-de-pantalla-2020-07-23-a-las-19.55.06.png?fit=1813%2C1689&ssl=1","width":1813,"height":1689,"caption":"BAM 8002 XL Hightech"},{"@type":"BreadcrumbList","@id":"https:\/\/guitarradegranada.com\/en\/product\/bam-8002xl-hightech-case\/#breadcrumb","itemListElement":[{"@type":"ListItem","position":1,"name":"Portada","item":"https:\/\/guitarradegranada.com\/en\/"},{"@type":"ListItem","position":2,"name":"Store","item":"https:\/\/guitarradegranada.com\/en\/store\/"},{"@type":"ListItem","position":3,"name":"BAM 8002XL Hightech case"}]},{"@type":"WebSite","@id":"https:\/\/guitarradegranada.com\/en\/#website","url":"https:\/\/guitarradegranada.com\/en\/","name":"LA GUITARRER\u00cdA DE GRANADA","description":"La Guitarrer\u00eda de Granada es un taller de lutheria artesano y una tienda d\u00f3nde puedes encontrar guitarras artesanas flamencas, cl\u00e1sicas y todos los accesorios para guitarristas","publisher":{"@id":"https:\/\/guitarradegranada.com\/en\/#organization"},"potentialAction":[{"@type":"SearchAction","target":{"@type":"EntryPoint","urlTemplate":"https:\/\/guitarradegranada.com\/en\/?s={search_term_string}"},"query-input":{"@type":"PropertyValueSpecification","valueRequired":true,"valueName":"search_term_string"}}],"inLanguage":"en-US"},{"@type":"Organization","@id":"https:\/\/guitarradegranada.com\/en\/#organization","name":"Guitarra de Granada","url":"https:\/\/guitarradegranada.com\/en\/","logo":{"@type":"ImageObject","inLanguage":"en-US","@id":"https:\/\/guitarradegranada.com\/en\/#\/schema\/logo\/image\/","url":"https:\/\/guitarradegranada.com\/wp-content\/uploads\/2020\/05\/Logo-Guitarra-de-Granada.png","contentUrl":"https:\/\/guitarradegranada.com\/wp-content\/uploads\/2020\/05\/Logo-Guitarra-de-Granada.png","width":1314,"height":219,"caption":"Guitarra de Granada"},"image":{"@id":"https:\/\/guitarradegranada.com\/en\/#\/schema\/logo\/image\/"}}]}},"jetpack_publicize_connections":[],"jetpack_sharing_enabled":true,"amp_enabled":true,"_links":{"self":[{"href":"https:\/\/guitarradegranada.com\/en\/wp-json\/wp\/v2\/product\/7977","targetHints":{"allow":["GET"]}}],"collection":[{"href":"https:\/\/guitarradegranada.com\/en\/wp-json\/wp\/v2\/product"}],"about":[{"href":"https:\/\/guitarradegranada.com\/en\/wp-json\/wp\/v2\/types\/product"}],"wp:featuredmedia":[{"embeddable":true,"href":"https:\/\/guitarradegranada.com\/en\/wp-json\/wp\/v2\/media\/2424"}],"wp:attachment":[{"href":"https:\/\/guitarradegranada.com\/en\/wp-json\/wp\/v2\/media?parent=7977"}],"wp:term":[{"taxonomy":"product_brand","embeddable":true,"href":"https:\/\/guitarradegranada.com\/en\/wp-json\/wp\/v2\/product_brand?post=7977"},{"taxonomy":"product_cat","embeddable":true,"href":"https:\/\/guitarradegranada.com\/en\/wp-json\/wp\/v2\/product_cat?post=7977"},{"taxonomy":"product_tag","embeddable":true,"href":"https:\/\/guitarradegranada.com\/en\/wp-json\/wp\/v2\/product_tag?post=7977"}],"curies":[{"name":"wp","href":"https:\/\/api.w.org\/{rel}","templated":true}]}}