{"id":7721,"date":"2021-01-26T01:55:13","date_gmt":"2021-01-26T01:55:13","guid":{"rendered":"https:\/\/guitarradegranada.com\/producto\/luthier-30-concert-silver-medium-high-voltage\/"},"modified":"2021-01-26T01:55:13","modified_gmt":"2021-01-26T01:55:13","slug":"luthier-30-concert-silver-medium-high-voltage","status":"publish","type":"product","link":"https:\/\/guitarradegranada.com\/en\/product\/luthier-30-concert-silver-medium-high-voltage\/","title":{"rendered":"Luthier 30 Concert Silver. Medium-high voltage"},"content":{"rendered":"<p><strong>Luthier 30 Concert Silver<\/strong>.<\/p>\n<p>Luthier Strings are one of the most popular brands of classical and flamenco guitar strings in the world.<\/p>\n<p>Its bright and percussive sound is a perfect match for the flamenco style.<\/p>\n<p>They are world famous for being the strings used by Paco de Lucia.<\/p>\n<p>The Luthier 30, 35 and 40 models share the same raw strings. The difference between them is the basses, which in the 30 model are white silver plated, in the Luthier 35 set they are dark silver plated and in the Luthier 40 model the plated strings are made of bronze alloy. <\/p>\n<p>1st, 2nd, 3rd in light nylon. 4th, 5th, 6th white silver plated. <\/p>\n<p>Medium-high voltage<\/p>\n<p><strong>Made in USA<\/strong><\/p>\n","protected":false},"excerpt":{"rendered":"<p><a href=\"https:\/\/guitarradegranada.com\/wp-content\/uploads\/2021\/01\/luthier-logo.jpg\"><img loading=\"lazy\" decoding=\"async\" class=\"size-full wp-image-3904\" src=\"https:\/\/guitarradegranada.com\/wp-content\/uploads\/2021\/01\/luthier-logo.jpg\" alt=\"Luthier logo\" width=\"160\" height=\"70\" srcset=\"https:\/\/guitarradegranada.com\/wp-content\/uploads\/2021\/01\/luthier-logo.jpg 160w, https:\/\/guitarradegranada.com\/wp-content\/uploads\/2021\/01\/luthier-logo-64x28.jpg 64w\" sizes=\"auto, (max-width: 160px) 100vw, 160px\" \/><\/a><\/p>\n<p>Set of strings for classical and flamenco guitars <strong>Luthier 30 Concert Silver<\/strong>. Medium-high tension. <\/p>\n","protected":false},"featured_media":3903,"template":"","meta":{"_coblocks_attr":"","_coblocks_dimensions":"","_coblocks_responsive_height":"","_coblocks_accordion_ie_support":"","_crdt_document":"","jetpack_publicize_message":"","jetpack_publicize_feature_enabled":true,"jetpack_social_post_already_shared":true,"jetpack_social_options":{"image_generator_settings":{"template":"highway","default_image_id":0,"font":"","enabled":false},"version":2},"_wpas_customize_per_network":false},"product_brand":[],"product_cat":[50518879,50518884,50518885],"product_tag":[50518966,50518965,50518926],"class_list":{"0":"post-7721","1":"product","2":"type-product","3":"status-publish","4":"has-post-thumbnail","6":"product_cat-guitar-accessories","7":"product_cat-classical-guitar-strings","8":"product_cat-flamenco-guitar-strings","9":"product_tag-classical-guitar-strings","10":"product_tag-flamenco-guitar-strings","11":"product_tag-luthier","12":"product_shipping_class-cejillas-artesanas","13":"pa_modelo-luthier-30","14":"pa_modelo-luthier-35","15":"pa_modelo-luthier-40","16":"pa_modelo-luthier-45","17":"pa_modelo-luthier-50","18":"pa_modelo-luthier-60","20":"first","21":"instock","22":"sale","23":"taxable","24":"shipping-taxable","25":"purchasable","26":"product-type-simple"},"bundled_by":[],"bundle_stock_status":"instock","bundle_stock_quantity":null,"bundle_virtual":false,"bundle_layout":"","bundle_add_to_cart_form_location":"","bundle_editable_in_cart":false,"bundle_sold_individually_context":"","bundle_item_grouping":"","bundle_min_size":"","bundle_max_size":"","bundle_price":[],"bundled_items":[],"bundle_sell_ids":[],"group_of_quantity":0,"min_quantity":0,"max_quantity":"","exclude_order_quantity_value_rules":"no","exclude_category_quantity_rules":"no","combine_variations":"no","exclude_global_add_ons":[],"addons":[],"yoast_head":"<!-- This site is optimized with the Yoast SEO plugin v27.4 - https:\/\/yoast.com\/product\/yoast-seo-wordpress\/ -->\n<title>\u25b7 Luthier 30 Concert Silver. Medium-high voltage - LA GUITARRER\u00cdA DE GRANADA%.<\/title>\n<meta name=\"description\" content=\"Luthier 30 set of strings for classical and flamenco guitars. Medium-high tension. Nylon and white silver plated nylon strings.\" \/>\n<meta name=\"robots\" content=\"index, follow, max-snippet:-1, max-image-preview:large, max-video-preview:-1\" \/>\n<link rel=\"canonical\" href=\"https:\/\/guitarradegranada.com\/en\/product\/luthier-30-concert-silver-medium-high-voltage\/\" \/>\n<meta property=\"og:locale\" content=\"en_US\" \/>\n<meta property=\"og:type\" content=\"article\" \/>\n<meta property=\"og:title\" content=\"\u25b7 Luthier 30 Concert Silver. Medium-high voltage - LA GUITARRER\u00cdA DE GRANADA%.\" \/>\n<meta property=\"og:description\" content=\"Luthier 30 set of strings for classical and flamenco guitars. Medium-high tension. Nylon and white silver plated nylon strings.\" \/>\n<meta property=\"og:url\" content=\"https:\/\/guitarradegranada.com\/en\/product\/luthier-30-concert-silver-medium-high-voltage\/\" \/>\n<meta property=\"og:site_name\" content=\"LA GUITARRER\u00cdA DE GRANADA\" \/>\n<meta property=\"og:image\" content=\"https:\/\/i0.wp.com\/guitarradegranada.com\/wp-content\/uploads\/2021\/01\/luthier-set-30.jpg?fit=540%2C540&ssl=1\" \/>\n\t<meta property=\"og:image:width\" content=\"540\" \/>\n\t<meta property=\"og:image:height\" content=\"540\" \/>\n\t<meta property=\"og:image:type\" content=\"image\/jpeg\" \/>\n<meta name=\"twitter:card\" content=\"summary_large_image\" \/>\n<meta name=\"twitter:label1\" content=\"Est. reading time\" \/>\n\t<meta name=\"twitter:data1\" content=\"1 minute\" \/>\n<script type=\"application\/ld+json\" class=\"yoast-schema-graph\">{\"@context\":\"https:\\\/\\\/schema.org\",\"@graph\":[{\"@type\":\"WebPage\",\"@id\":\"https:\\\/\\\/guitarradegranada.com\\\/en\\\/product\\\/luthier-30-concert-silver-medium-high-voltage\\\/\",\"url\":\"https:\\\/\\\/guitarradegranada.com\\\/en\\\/product\\\/luthier-30-concert-silver-medium-high-voltage\\\/\",\"name\":\"\u25b7 Luthier 30 Concert Silver. Medium-high voltage - LA GUITARRER\u00cdA DE GRANADA%.\",\"isPartOf\":{\"@id\":\"https:\\\/\\\/guitarradegranada.com\\\/en\\\/#website\"},\"primaryImageOfPage\":{\"@id\":\"https:\\\/\\\/guitarradegranada.com\\\/en\\\/product\\\/luthier-30-concert-silver-medium-high-voltage\\\/#primaryimage\"},\"image\":{\"@id\":\"https:\\\/\\\/guitarradegranada.com\\\/en\\\/product\\\/luthier-30-concert-silver-medium-high-voltage\\\/#primaryimage\"},\"thumbnailUrl\":\"https:\\\/\\\/guitarradegranada.com\\\/wp-content\\\/uploads\\\/2021\\\/01\\\/luthier-set-30.jpg\",\"datePublished\":\"2021-01-26T01:55:13+00:00\",\"description\":\"Luthier 30 set of strings for classical and flamenco guitars. Medium-high tension. Nylon and white silver plated nylon strings.\",\"breadcrumb\":{\"@id\":\"https:\\\/\\\/guitarradegranada.com\\\/en\\\/product\\\/luthier-30-concert-silver-medium-high-voltage\\\/#breadcrumb\"},\"inLanguage\":\"en-US\",\"potentialAction\":[{\"@type\":\"ReadAction\",\"target\":[\"https:\\\/\\\/guitarradegranada.com\\\/en\\\/product\\\/luthier-30-concert-silver-medium-high-voltage\\\/\"]}]},{\"@type\":\"ImageObject\",\"inLanguage\":\"en-US\",\"@id\":\"https:\\\/\\\/guitarradegranada.com\\\/en\\\/product\\\/luthier-30-concert-silver-medium-high-voltage\\\/#primaryimage\",\"url\":\"https:\\\/\\\/guitarradegranada.com\\\/wp-content\\\/uploads\\\/2021\\\/01\\\/luthier-set-30.jpg\",\"contentUrl\":\"https:\\\/\\\/guitarradegranada.com\\\/wp-content\\\/uploads\\\/2021\\\/01\\\/luthier-set-30.jpg\",\"width\":540,\"height\":540,\"caption\":\"Luthier 30 strings\"},{\"@type\":\"BreadcrumbList\",\"@id\":\"https:\\\/\\\/guitarradegranada.com\\\/en\\\/product\\\/luthier-30-concert-silver-medium-high-voltage\\\/#breadcrumb\",\"itemListElement\":[{\"@type\":\"ListItem\",\"position\":1,\"name\":\"Portada\",\"item\":\"https:\\\/\\\/guitarradegranada.com\\\/en\\\/\"},{\"@type\":\"ListItem\",\"position\":2,\"name\":\"Store\",\"item\":\"https:\\\/\\\/guitarradegranada.com\\\/en\\\/store\\\/\"},{\"@type\":\"ListItem\",\"position\":3,\"name\":\"Luthier 30 Concert Silver. Medium-high voltage\"}]},{\"@type\":\"WebSite\",\"@id\":\"https:\\\/\\\/guitarradegranada.com\\\/en\\\/#website\",\"url\":\"https:\\\/\\\/guitarradegranada.com\\\/en\\\/\",\"name\":\"LA GUITARRER\u00cdA DE GRANADA\",\"description\":\"La Guitarrer\u00eda de Granada es un taller de lutheria artesano y una tienda d\u00f3nde puedes encontrar guitarras artesanas flamencas, cl\u00e1sicas y todos los accesorios para guitarristas\",\"publisher\":{\"@id\":\"https:\\\/\\\/guitarradegranada.com\\\/en\\\/#organization\"},\"potentialAction\":[{\"@type\":\"SearchAction\",\"target\":{\"@type\":\"EntryPoint\",\"urlTemplate\":\"https:\\\/\\\/guitarradegranada.com\\\/en\\\/?s={search_term_string}\"},\"query-input\":{\"@type\":\"PropertyValueSpecification\",\"valueRequired\":true,\"valueName\":\"search_term_string\"}}],\"inLanguage\":\"en-US\"},{\"@type\":\"Organization\",\"@id\":\"https:\\\/\\\/guitarradegranada.com\\\/en\\\/#organization\",\"name\":\"Guitarra de Granada\",\"url\":\"https:\\\/\\\/guitarradegranada.com\\\/en\\\/\",\"logo\":{\"@type\":\"ImageObject\",\"inLanguage\":\"en-US\",\"@id\":\"https:\\\/\\\/guitarradegranada.com\\\/en\\\/#\\\/schema\\\/logo\\\/image\\\/\",\"url\":\"https:\\\/\\\/guitarradegranada.com\\\/wp-content\\\/uploads\\\/2020\\\/05\\\/Logo-Guitarra-de-Granada.png\",\"contentUrl\":\"https:\\\/\\\/guitarradegranada.com\\\/wp-content\\\/uploads\\\/2020\\\/05\\\/Logo-Guitarra-de-Granada.png\",\"width\":1314,\"height\":219,\"caption\":\"Guitarra de Granada\"},\"image\":{\"@id\":\"https:\\\/\\\/guitarradegranada.com\\\/en\\\/#\\\/schema\\\/logo\\\/image\\\/\"}}]}<\/script>\n<!-- \/ Yoast SEO plugin. -->","yoast_head_json":{"title":"\u25b7 Luthier 30 Concert Silver. Medium-high voltage - LA GUITARRER\u00cdA DE GRANADA%.","description":"Luthier 30 set of strings for classical and flamenco guitars. Medium-high tension. Nylon and white silver plated nylon strings.","robots":{"index":"index","follow":"follow","max-snippet":"max-snippet:-1","max-image-preview":"max-image-preview:large","max-video-preview":"max-video-preview:-1"},"canonical":"https:\/\/guitarradegranada.com\/en\/product\/luthier-30-concert-silver-medium-high-voltage\/","og_locale":"en_US","og_type":"article","og_title":"\u25b7 Luthier 30 Concert Silver. Medium-high voltage - LA GUITARRER\u00cdA DE GRANADA%.","og_description":"Luthier 30 set of strings for classical and flamenco guitars. Medium-high tension. Nylon and white silver plated nylon strings.","og_url":"https:\/\/guitarradegranada.com\/en\/product\/luthier-30-concert-silver-medium-high-voltage\/","og_site_name":"LA GUITARRER\u00cdA DE GRANADA","og_image":[{"width":540,"height":540,"url":"https:\/\/i0.wp.com\/guitarradegranada.com\/wp-content\/uploads\/2021\/01\/luthier-set-30.jpg?fit=540%2C540&ssl=1","type":"image\/jpeg"}],"twitter_card":"summary_large_image","twitter_misc":{"Est. reading time":"1 minute"},"schema":{"@context":"https:\/\/schema.org","@graph":[{"@type":"WebPage","@id":"https:\/\/guitarradegranada.com\/en\/product\/luthier-30-concert-silver-medium-high-voltage\/","url":"https:\/\/guitarradegranada.com\/en\/product\/luthier-30-concert-silver-medium-high-voltage\/","name":"\u25b7 Luthier 30 Concert Silver. Medium-high voltage - LA GUITARRER\u00cdA DE GRANADA%.","isPartOf":{"@id":"https:\/\/guitarradegranada.com\/en\/#website"},"primaryImageOfPage":{"@id":"https:\/\/guitarradegranada.com\/en\/product\/luthier-30-concert-silver-medium-high-voltage\/#primaryimage"},"image":{"@id":"https:\/\/guitarradegranada.com\/en\/product\/luthier-30-concert-silver-medium-high-voltage\/#primaryimage"},"thumbnailUrl":"https:\/\/guitarradegranada.com\/wp-content\/uploads\/2021\/01\/luthier-set-30.jpg","datePublished":"2021-01-26T01:55:13+00:00","description":"Luthier 30 set of strings for classical and flamenco guitars. Medium-high tension. Nylon and white silver plated nylon strings.","breadcrumb":{"@id":"https:\/\/guitarradegranada.com\/en\/product\/luthier-30-concert-silver-medium-high-voltage\/#breadcrumb"},"inLanguage":"en-US","potentialAction":[{"@type":"ReadAction","target":["https:\/\/guitarradegranada.com\/en\/product\/luthier-30-concert-silver-medium-high-voltage\/"]}]},{"@type":"ImageObject","inLanguage":"en-US","@id":"https:\/\/guitarradegranada.com\/en\/product\/luthier-30-concert-silver-medium-high-voltage\/#primaryimage","url":"https:\/\/guitarradegranada.com\/wp-content\/uploads\/2021\/01\/luthier-set-30.jpg","contentUrl":"https:\/\/guitarradegranada.com\/wp-content\/uploads\/2021\/01\/luthier-set-30.jpg","width":540,"height":540,"caption":"Luthier 30 strings"},{"@type":"BreadcrumbList","@id":"https:\/\/guitarradegranada.com\/en\/product\/luthier-30-concert-silver-medium-high-voltage\/#breadcrumb","itemListElement":[{"@type":"ListItem","position":1,"name":"Portada","item":"https:\/\/guitarradegranada.com\/en\/"},{"@type":"ListItem","position":2,"name":"Store","item":"https:\/\/guitarradegranada.com\/en\/store\/"},{"@type":"ListItem","position":3,"name":"Luthier 30 Concert Silver. Medium-high voltage"}]},{"@type":"WebSite","@id":"https:\/\/guitarradegranada.com\/en\/#website","url":"https:\/\/guitarradegranada.com\/en\/","name":"LA GUITARRER\u00cdA DE GRANADA","description":"La Guitarrer\u00eda de Granada es un taller de lutheria artesano y una tienda d\u00f3nde puedes encontrar guitarras artesanas flamencas, cl\u00e1sicas y todos los accesorios para guitarristas","publisher":{"@id":"https:\/\/guitarradegranada.com\/en\/#organization"},"potentialAction":[{"@type":"SearchAction","target":{"@type":"EntryPoint","urlTemplate":"https:\/\/guitarradegranada.com\/en\/?s={search_term_string}"},"query-input":{"@type":"PropertyValueSpecification","valueRequired":true,"valueName":"search_term_string"}}],"inLanguage":"en-US"},{"@type":"Organization","@id":"https:\/\/guitarradegranada.com\/en\/#organization","name":"Guitarra de Granada","url":"https:\/\/guitarradegranada.com\/en\/","logo":{"@type":"ImageObject","inLanguage":"en-US","@id":"https:\/\/guitarradegranada.com\/en\/#\/schema\/logo\/image\/","url":"https:\/\/guitarradegranada.com\/wp-content\/uploads\/2020\/05\/Logo-Guitarra-de-Granada.png","contentUrl":"https:\/\/guitarradegranada.com\/wp-content\/uploads\/2020\/05\/Logo-Guitarra-de-Granada.png","width":1314,"height":219,"caption":"Guitarra de Granada"},"image":{"@id":"https:\/\/guitarradegranada.com\/en\/#\/schema\/logo\/image\/"}}]}},"jetpack_publicize_connections":[],"jetpack_sharing_enabled":true,"amp_enabled":true,"_links":{"self":[{"href":"https:\/\/guitarradegranada.com\/en\/wp-json\/wp\/v2\/product\/7721","targetHints":{"allow":["GET"]}}],"collection":[{"href":"https:\/\/guitarradegranada.com\/en\/wp-json\/wp\/v2\/product"}],"about":[{"href":"https:\/\/guitarradegranada.com\/en\/wp-json\/wp\/v2\/types\/product"}],"wp:featuredmedia":[{"embeddable":true,"href":"https:\/\/guitarradegranada.com\/en\/wp-json\/wp\/v2\/media\/3903"}],"wp:attachment":[{"href":"https:\/\/guitarradegranada.com\/en\/wp-json\/wp\/v2\/media?parent=7721"}],"wp:term":[{"taxonomy":"product_brand","embeddable":true,"href":"https:\/\/guitarradegranada.com\/en\/wp-json\/wp\/v2\/product_brand?post=7721"},{"taxonomy":"product_cat","embeddable":true,"href":"https:\/\/guitarradegranada.com\/en\/wp-json\/wp\/v2\/product_cat?post=7721"},{"taxonomy":"product_tag","embeddable":true,"href":"https:\/\/guitarradegranada.com\/en\/wp-json\/wp\/v2\/product_tag?post=7721"}],"curies":[{"name":"wp","href":"https:\/\/api.w.org\/{rel}","templated":true}]}}