{"id":7713,"date":"2021-01-25T23:17:30","date_gmt":"2021-01-25T23:17:30","guid":{"rendered":"https:\/\/guitarradegranada.com\/producto\/capo-shubb-c-2g\/"},"modified":"2021-01-25T23:17:30","modified_gmt":"2021-01-25T23:17:30","slug":"capo-shubb-c-2g","status":"publish","type":"product","link":"https:\/\/guitarradegranada.com\/en\/product\/capo-shubb-c-2g\/","title":{"rendered":"Capo Shubb C-2G"},"content":{"rendered":"<h4>Capo <strong>Shubb C-2G<\/strong> for classical and flamenco guitar.<\/h4>\n<p>Shubb has researched<span lang=\"es\"> a high-tech finishing technique<\/span> in the <strong> C-2G<\/strong> model<span lang=\"es\"> that uses titanium to produce a capo that has all the beauty of real gold, but is as durable as a metallic finish.<br \/>\n<\/span> <\/p>\n<p>Shubb&#8217;s patented locking mechanism offers an unsurpassed combination of power, speed, precision and ease of use. Gold color. <\/p>\n<p>The <strong>Shubb C-2G<\/strong> capo does not cause any problems when tuning.<\/p>\n<p>A special rubber band works exactly like a fingertip and does not bend the strings over the frets, so no readjustment is necessary.<\/p>\n<p><strong>Material:<\/strong> High-tech titanium. It is very durable.<br \/>\n<strong>Design:<\/strong> The new roller makes the action of opening and<br \/>\nclosing even smoother.<br \/>\nThe roller snaps into a groove, ensuring precise alignment.<br \/>\n<strong>Ergonomics:<\/strong> The improved style lever is easier to<br \/>\nhandle when opening and closing.<br \/>\n<strong>Geometry:<\/strong> The closing action is more uniform, requiring<br \/>\nless adjustment between the narrower and wider parts of the neck.<\/p>\n<p><span lang=\"es\">These capos will shine like gold for many, many years to come.  <\/span><\/p>\n<p><span class=\"embed-youtube\" style=\"text-align:center; display: block;\"><iframe loading=\"lazy\" class=\"youtube-player\" width=\"1020\" height=\"574\" src=\"https:\/\/www.youtube.com\/embed\/0EdjBxj_QKk?version=3&#038;rel=1&#038;showsearch=0&#038;showinfo=1&#038;iv_load_policy=1&#038;fs=1&#038;hl=en-US&#038;autohide=2&#038;wmode=transparent\" allowfullscreen=\"true\" style=\"border:0;\" sandbox=\"allow-scripts allow-same-origin allow-popups allow-presentation allow-popups-to-escape-sandbox\"><\/iframe><\/span><\/p>\n","protected":false},"excerpt":{"rendered":"<p><img loading=\"lazy\" decoding=\"async\" class=\"alignnone wp-image-2643\" src=\"https:\/\/guitarradegranada.com\/wp-content\/uploads\/2020\/08\/shubb-capo-logo.jpg\" alt=\"\" width=\"175\" height=\"52\" srcset=\"https:\/\/guitarradegranada.com\/wp-content\/uploads\/2020\/08\/shubb-capo-logo.jpg 299w, https:\/\/guitarradegranada.com\/wp-content\/uploads\/2020\/08\/shubb-capo-logo-64x19.jpg 64w\" sizes=\"auto, (max-width: 175px) 100vw, 175px\" \/><\/p>\n<h4>Capo <strong>Shubb C-2G<\/strong> for classical and flamenco guitar with <span lang=\"es\">high-tech titanium finish.<\/span>Gold <span lang=\"es\">color<\/span>.<\/h4>\n","protected":false},"featured_media":3899,"template":"","meta":{"_coblocks_attr":"","_coblocks_dimensions":"","_coblocks_responsive_height":"","_coblocks_accordion_ie_support":"","_crdt_document":"","jetpack_publicize_message":"","jetpack_publicize_feature_enabled":true,"jetpack_social_post_already_shared":true,"jetpack_social_options":{"image_generator_settings":{"template":"highway","default_image_id":0,"font":"","enabled":false},"version":2},"_wpas_customize_per_network":false},"product_brand":[],"product_cat":[50518879,50518882],"product_tag":[50518956,50518963,50518974],"class_list":{"0":"post-7713","1":"product","2":"type-product","3":"status-publish","4":"has-post-thumbnail","6":"product_cat-guitar-accessories","7":"product_cat-capos","8":"product_tag-capo","9":"product_tag-shubb","10":"product_tag-stepfather","11":"product_shipping_class-cejillas-artesanas","13":"first","14":"instock","15":"sale","16":"taxable","17":"shipping-taxable","18":"purchasable","19":"product-type-simple"},"bundled_by":[],"bundle_stock_status":"instock","bundle_stock_quantity":null,"bundle_virtual":false,"bundle_layout":"","bundle_add_to_cart_form_location":"","bundle_editable_in_cart":false,"bundle_sold_individually_context":"","bundle_item_grouping":"","bundle_min_size":"","bundle_max_size":"","bundle_price":[],"bundled_items":[],"bundle_sell_ids":[],"group_of_quantity":0,"min_quantity":0,"max_quantity":"","exclude_order_quantity_value_rules":"no","exclude_category_quantity_rules":"no","combine_variations":"no","exclude_global_add_ons":[],"addons":[],"yoast_head":"<!-- This site is optimized with the Yoast SEO plugin v27.4 - https:\/\/yoast.com\/product\/yoast-seo-wordpress\/ -->\n<title>\u25b7 Capo Shubb C-2G% for classical guitar -% LA GUITARRER\u00cdA DE GRANADA%.<\/title>\n<meta name=\"description\" content=\"Shubb has researched in the C-2G model a high-tech finishing technique with titanium that offers an unbeatable combination.\" \/>\n<meta name=\"robots\" content=\"index, follow, max-snippet:-1, max-image-preview:large, max-video-preview:-1\" \/>\n<link rel=\"canonical\" href=\"https:\/\/guitarradegranada.com\/en\/product\/capo-shubb-c-2g\/\" \/>\n<meta property=\"og:locale\" content=\"en_US\" \/>\n<meta property=\"og:type\" content=\"article\" \/>\n<meta property=\"og:title\" content=\"\u25b7 Capo Shubb C-2G% for classical guitar -% LA GUITARRER\u00cdA DE GRANADA%.\" \/>\n<meta property=\"og:description\" content=\"Shubb has researched in the C-2G model a high-tech finishing technique with titanium that offers an unbeatable combination.\" \/>\n<meta property=\"og:url\" content=\"https:\/\/guitarradegranada.com\/en\/product\/capo-shubb-c-2g\/\" \/>\n<meta property=\"og:site_name\" content=\"LA GUITARRER\u00cdA DE GRANADA\" \/>\n<meta property=\"og:image\" content=\"https:\/\/i0.wp.com\/guitarradegranada.com\/wp-content\/uploads\/2021\/01\/C2g_white-1536x11541-1.jpg?fit=768%2C577&ssl=1\" \/>\n\t<meta property=\"og:image:width\" content=\"768\" \/>\n\t<meta property=\"og:image:height\" content=\"577\" \/>\n\t<meta property=\"og:image:type\" content=\"image\/jpeg\" \/>\n<meta name=\"twitter:card\" content=\"summary_large_image\" \/>\n<meta name=\"twitter:label1\" content=\"Est. reading time\" \/>\n\t<meta name=\"twitter:data1\" content=\"1 minute\" \/>\n<script type=\"application\/ld+json\" class=\"yoast-schema-graph\">{\"@context\":\"https:\\\/\\\/schema.org\",\"@graph\":[{\"@type\":\"WebPage\",\"@id\":\"https:\\\/\\\/guitarradegranada.com\\\/en\\\/product\\\/capo-shubb-c-2g\\\/\",\"url\":\"https:\\\/\\\/guitarradegranada.com\\\/en\\\/product\\\/capo-shubb-c-2g\\\/\",\"name\":\"\u25b7 Capo Shubb C-2G% for classical guitar -% LA GUITARRER\u00cdA DE GRANADA%.\",\"isPartOf\":{\"@id\":\"https:\\\/\\\/guitarradegranada.com\\\/en\\\/#website\"},\"primaryImageOfPage\":{\"@id\":\"https:\\\/\\\/guitarradegranada.com\\\/en\\\/product\\\/capo-shubb-c-2g\\\/#primaryimage\"},\"image\":{\"@id\":\"https:\\\/\\\/guitarradegranada.com\\\/en\\\/product\\\/capo-shubb-c-2g\\\/#primaryimage\"},\"thumbnailUrl\":\"https:\\\/\\\/guitarradegranada.com\\\/wp-content\\\/uploads\\\/2021\\\/01\\\/C2g_white-1536x11541-1.jpg\",\"datePublished\":\"2021-01-25T23:17:30+00:00\",\"description\":\"Shubb has researched in the C-2G model a high-tech finishing technique with titanium that offers an unbeatable combination.\",\"breadcrumb\":{\"@id\":\"https:\\\/\\\/guitarradegranada.com\\\/en\\\/product\\\/capo-shubb-c-2g\\\/#breadcrumb\"},\"inLanguage\":\"en-US\",\"potentialAction\":[{\"@type\":\"ReadAction\",\"target\":[\"https:\\\/\\\/guitarradegranada.com\\\/en\\\/product\\\/capo-shubb-c-2g\\\/\"]}]},{\"@type\":\"ImageObject\",\"inLanguage\":\"en-US\",\"@id\":\"https:\\\/\\\/guitarradegranada.com\\\/en\\\/product\\\/capo-shubb-c-2g\\\/#primaryimage\",\"url\":\"https:\\\/\\\/guitarradegranada.com\\\/wp-content\\\/uploads\\\/2021\\\/01\\\/C2g_white-1536x11541-1.jpg\",\"contentUrl\":\"https:\\\/\\\/guitarradegranada.com\\\/wp-content\\\/uploads\\\/2021\\\/01\\\/C2g_white-1536x11541-1.jpg\",\"width\":768,\"height\":577,\"caption\":\"Shubb C-2G\"},{\"@type\":\"BreadcrumbList\",\"@id\":\"https:\\\/\\\/guitarradegranada.com\\\/en\\\/product\\\/capo-shubb-c-2g\\\/#breadcrumb\",\"itemListElement\":[{\"@type\":\"ListItem\",\"position\":1,\"name\":\"Portada\",\"item\":\"https:\\\/\\\/guitarradegranada.com\\\/en\\\/\"},{\"@type\":\"ListItem\",\"position\":2,\"name\":\"Store\",\"item\":\"https:\\\/\\\/guitarradegranada.com\\\/en\\\/store\\\/\"},{\"@type\":\"ListItem\",\"position\":3,\"name\":\"Capo Shubb C-2G\"}]},{\"@type\":\"WebSite\",\"@id\":\"https:\\\/\\\/guitarradegranada.com\\\/en\\\/#website\",\"url\":\"https:\\\/\\\/guitarradegranada.com\\\/en\\\/\",\"name\":\"LA GUITARRER\u00cdA DE GRANADA\",\"description\":\"La Guitarrer\u00eda de Granada es un taller de lutheria artesano y una tienda d\u00f3nde puedes encontrar guitarras artesanas flamencas, cl\u00e1sicas y todos los accesorios para guitarristas\",\"publisher\":{\"@id\":\"https:\\\/\\\/guitarradegranada.com\\\/en\\\/#organization\"},\"potentialAction\":[{\"@type\":\"SearchAction\",\"target\":{\"@type\":\"EntryPoint\",\"urlTemplate\":\"https:\\\/\\\/guitarradegranada.com\\\/en\\\/?s={search_term_string}\"},\"query-input\":{\"@type\":\"PropertyValueSpecification\",\"valueRequired\":true,\"valueName\":\"search_term_string\"}}],\"inLanguage\":\"en-US\"},{\"@type\":\"Organization\",\"@id\":\"https:\\\/\\\/guitarradegranada.com\\\/en\\\/#organization\",\"name\":\"Guitarra de Granada\",\"url\":\"https:\\\/\\\/guitarradegranada.com\\\/en\\\/\",\"logo\":{\"@type\":\"ImageObject\",\"inLanguage\":\"en-US\",\"@id\":\"https:\\\/\\\/guitarradegranada.com\\\/en\\\/#\\\/schema\\\/logo\\\/image\\\/\",\"url\":\"https:\\\/\\\/guitarradegranada.com\\\/wp-content\\\/uploads\\\/2020\\\/05\\\/Logo-Guitarra-de-Granada.png\",\"contentUrl\":\"https:\\\/\\\/guitarradegranada.com\\\/wp-content\\\/uploads\\\/2020\\\/05\\\/Logo-Guitarra-de-Granada.png\",\"width\":1314,\"height\":219,\"caption\":\"Guitarra de Granada\"},\"image\":{\"@id\":\"https:\\\/\\\/guitarradegranada.com\\\/en\\\/#\\\/schema\\\/logo\\\/image\\\/\"}}]}<\/script>\n<!-- \/ Yoast SEO plugin. -->","yoast_head_json":{"title":"\u25b7 Capo Shubb C-2G% for classical guitar -% LA GUITARRER\u00cdA DE GRANADA%.","description":"Shubb has researched in the C-2G model a high-tech finishing technique with titanium that offers an unbeatable combination.","robots":{"index":"index","follow":"follow","max-snippet":"max-snippet:-1","max-image-preview":"max-image-preview:large","max-video-preview":"max-video-preview:-1"},"canonical":"https:\/\/guitarradegranada.com\/en\/product\/capo-shubb-c-2g\/","og_locale":"en_US","og_type":"article","og_title":"\u25b7 Capo Shubb C-2G% for classical guitar -% LA GUITARRER\u00cdA DE GRANADA%.","og_description":"Shubb has researched in the C-2G model a high-tech finishing technique with titanium that offers an unbeatable combination.","og_url":"https:\/\/guitarradegranada.com\/en\/product\/capo-shubb-c-2g\/","og_site_name":"LA GUITARRER\u00cdA DE GRANADA","og_image":[{"width":768,"height":577,"url":"https:\/\/i0.wp.com\/guitarradegranada.com\/wp-content\/uploads\/2021\/01\/C2g_white-1536x11541-1.jpg?fit=768%2C577&ssl=1","type":"image\/jpeg"}],"twitter_card":"summary_large_image","twitter_misc":{"Est. reading time":"1 minute"},"schema":{"@context":"https:\/\/schema.org","@graph":[{"@type":"WebPage","@id":"https:\/\/guitarradegranada.com\/en\/product\/capo-shubb-c-2g\/","url":"https:\/\/guitarradegranada.com\/en\/product\/capo-shubb-c-2g\/","name":"\u25b7 Capo Shubb C-2G% for classical guitar -% LA GUITARRER\u00cdA DE GRANADA%.","isPartOf":{"@id":"https:\/\/guitarradegranada.com\/en\/#website"},"primaryImageOfPage":{"@id":"https:\/\/guitarradegranada.com\/en\/product\/capo-shubb-c-2g\/#primaryimage"},"image":{"@id":"https:\/\/guitarradegranada.com\/en\/product\/capo-shubb-c-2g\/#primaryimage"},"thumbnailUrl":"https:\/\/guitarradegranada.com\/wp-content\/uploads\/2021\/01\/C2g_white-1536x11541-1.jpg","datePublished":"2021-01-25T23:17:30+00:00","description":"Shubb has researched in the C-2G model a high-tech finishing technique with titanium that offers an unbeatable combination.","breadcrumb":{"@id":"https:\/\/guitarradegranada.com\/en\/product\/capo-shubb-c-2g\/#breadcrumb"},"inLanguage":"en-US","potentialAction":[{"@type":"ReadAction","target":["https:\/\/guitarradegranada.com\/en\/product\/capo-shubb-c-2g\/"]}]},{"@type":"ImageObject","inLanguage":"en-US","@id":"https:\/\/guitarradegranada.com\/en\/product\/capo-shubb-c-2g\/#primaryimage","url":"https:\/\/guitarradegranada.com\/wp-content\/uploads\/2021\/01\/C2g_white-1536x11541-1.jpg","contentUrl":"https:\/\/guitarradegranada.com\/wp-content\/uploads\/2021\/01\/C2g_white-1536x11541-1.jpg","width":768,"height":577,"caption":"Shubb C-2G"},{"@type":"BreadcrumbList","@id":"https:\/\/guitarradegranada.com\/en\/product\/capo-shubb-c-2g\/#breadcrumb","itemListElement":[{"@type":"ListItem","position":1,"name":"Portada","item":"https:\/\/guitarradegranada.com\/en\/"},{"@type":"ListItem","position":2,"name":"Store","item":"https:\/\/guitarradegranada.com\/en\/store\/"},{"@type":"ListItem","position":3,"name":"Capo Shubb C-2G"}]},{"@type":"WebSite","@id":"https:\/\/guitarradegranada.com\/en\/#website","url":"https:\/\/guitarradegranada.com\/en\/","name":"LA GUITARRER\u00cdA DE GRANADA","description":"La Guitarrer\u00eda de Granada es un taller de lutheria artesano y una tienda d\u00f3nde puedes encontrar guitarras artesanas flamencas, cl\u00e1sicas y todos los accesorios para guitarristas","publisher":{"@id":"https:\/\/guitarradegranada.com\/en\/#organization"},"potentialAction":[{"@type":"SearchAction","target":{"@type":"EntryPoint","urlTemplate":"https:\/\/guitarradegranada.com\/en\/?s={search_term_string}"},"query-input":{"@type":"PropertyValueSpecification","valueRequired":true,"valueName":"search_term_string"}}],"inLanguage":"en-US"},{"@type":"Organization","@id":"https:\/\/guitarradegranada.com\/en\/#organization","name":"Guitarra de Granada","url":"https:\/\/guitarradegranada.com\/en\/","logo":{"@type":"ImageObject","inLanguage":"en-US","@id":"https:\/\/guitarradegranada.com\/en\/#\/schema\/logo\/image\/","url":"https:\/\/guitarradegranada.com\/wp-content\/uploads\/2020\/05\/Logo-Guitarra-de-Granada.png","contentUrl":"https:\/\/guitarradegranada.com\/wp-content\/uploads\/2020\/05\/Logo-Guitarra-de-Granada.png","width":1314,"height":219,"caption":"Guitarra de Granada"},"image":{"@id":"https:\/\/guitarradegranada.com\/en\/#\/schema\/logo\/image\/"}}]}},"jetpack_publicize_connections":[],"jetpack_sharing_enabled":true,"amp_enabled":true,"_links":{"self":[{"href":"https:\/\/guitarradegranada.com\/en\/wp-json\/wp\/v2\/product\/7713","targetHints":{"allow":["GET"]}}],"collection":[{"href":"https:\/\/guitarradegranada.com\/en\/wp-json\/wp\/v2\/product"}],"about":[{"href":"https:\/\/guitarradegranada.com\/en\/wp-json\/wp\/v2\/types\/product"}],"wp:featuredmedia":[{"embeddable":true,"href":"https:\/\/guitarradegranada.com\/en\/wp-json\/wp\/v2\/media\/3899"}],"wp:attachment":[{"href":"https:\/\/guitarradegranada.com\/en\/wp-json\/wp\/v2\/media?parent=7713"}],"wp:term":[{"taxonomy":"product_brand","embeddable":true,"href":"https:\/\/guitarradegranada.com\/en\/wp-json\/wp\/v2\/product_brand?post=7713"},{"taxonomy":"product_cat","embeddable":true,"href":"https:\/\/guitarradegranada.com\/en\/wp-json\/wp\/v2\/product_cat?post=7713"},{"taxonomy":"product_tag","embeddable":true,"href":"https:\/\/guitarradegranada.com\/en\/wp-json\/wp\/v2\/product_tag?post=7713"}],"curies":[{"name":"wp","href":"https:\/\/api.w.org\/{rel}","templated":true}]}}