{"id":7698,"date":"2021-01-27T00:28:24","date_gmt":"2021-01-27T00:28:24","guid":{"rendered":"https:\/\/guitarradegranada.com\/producto\/luthier-45-dark-silver-super-carbon-strong-tension\/"},"modified":"2021-01-27T00:28:24","modified_gmt":"2021-01-27T00:28:24","slug":"luthier-45-dark-silver-super-carbon-strong-tension","status":"publish","type":"product","link":"https:\/\/guitarradegranada.com\/en\/product\/luthier-45-dark-silver-super-carbon-strong-tension\/","title":{"rendered":"Luthier 45 Dark Silver Super Carbon. Strong tension"},"content":{"rendered":"<div class=\"tab-panels\">\n<div id=\"tab-description\" class=\"woocommerce-Tabs-panel woocommerce-Tabs-panel--description panel entry-content active\" role=\"tabpanel\" aria-labelledby=\"tab-title-description\">\n<div class=\"block-content\">\n<div class=\"product-description typo\">\n<p><strong>Luthier 45 Dark Silver Super Carbon.<\/strong><\/p>\n<p>Luthier Strings are one of the most popular brands of classical and flamenco guitar strings in the world.<\/p>\n<p>The <strong>Luthier Set 45 Dark Silver Super Carbon <\/strong>is a high tension classical and flamenco guitar string with a brilliant sound, with three carbon trebles and dark silver plated bass strings.<\/p>\n<p>They are especially recommended for flamenco and folk due to their power and brightness.<\/p>\n<p>1st, 2nd, 3rd carbon. 4th, 5th, 6th dark silver plated. <\/p>\n<p>Strong tension<\/p>\n<p><strong>Made in USA<\/strong><\/p>\n<\/div>\n<\/div>\n<\/div>\n<\/div>\n","protected":false},"excerpt":{"rendered":"<p><a href=\"https:\/\/guitarradegranada.com\/wp-content\/uploads\/2021\/01\/luthier-logo.jpg\"><img loading=\"lazy\" decoding=\"async\" class=\"size-full wp-image-3904\" src=\"https:\/\/guitarradegranada.com\/wp-content\/uploads\/2021\/01\/luthier-logo.jpg\" alt=\"Luthier logo\" width=\"160\" height=\"70\" srcset=\"https:\/\/guitarradegranada.com\/wp-content\/uploads\/2021\/01\/luthier-logo.jpg 160w, https:\/\/guitarradegranada.com\/wp-content\/uploads\/2021\/01\/luthier-logo-64x28.jpg 64w\" sizes=\"auto, (max-width: 160px) 100vw, 160px\" \/><\/a><\/p>\n<p>Set of strings for classical and flamenco guitars <strong>Luthier 45 Dark Silver Super Carbon<\/strong>. Strong tension. <\/p>\n","protected":false},"featured_media":3939,"template":"","meta":{"_coblocks_attr":"","_coblocks_dimensions":"","_coblocks_responsive_height":"","_coblocks_accordion_ie_support":"","_crdt_document":"","jetpack_publicize_message":"","jetpack_publicize_feature_enabled":true,"jetpack_social_post_already_shared":true,"jetpack_social_options":{"image_generator_settings":{"template":"highway","default_image_id":0,"font":"","enabled":false},"version":2},"_wpas_customize_per_network":false},"product_brand":[],"product_cat":[50518879,50518884,50518885],"product_tag":[50518966,50518965,50518926],"class_list":{"0":"post-7698","1":"product","2":"type-product","3":"status-publish","4":"has-post-thumbnail","6":"product_cat-guitar-accessories","7":"product_cat-classical-guitar-strings","8":"product_cat-flamenco-guitar-strings","9":"product_tag-classical-guitar-strings","10":"product_tag-flamenco-guitar-strings","11":"product_tag-luthier","12":"product_shipping_class-cejillas-artesanas","14":"first","15":"instock","16":"sale","17":"taxable","18":"shipping-taxable","19":"purchasable","20":"product-type-simple"},"bundled_by":[],"bundle_stock_status":"instock","bundle_stock_quantity":null,"bundle_virtual":false,"bundle_layout":"","bundle_add_to_cart_form_location":"","bundle_editable_in_cart":false,"bundle_sold_individually_context":"","bundle_item_grouping":"","bundle_min_size":"","bundle_max_size":"","bundle_price":[],"bundled_items":[],"bundle_sell_ids":[],"group_of_quantity":0,"min_quantity":0,"max_quantity":"","exclude_order_quantity_value_rules":"no","exclude_category_quantity_rules":"no","combine_variations":"no","exclude_global_add_ons":[],"addons":[],"yoast_head":"<!-- This site is optimized with the Yoast SEO plugin v27.4 - https:\/\/yoast.com\/product\/yoast-seo-wordpress\/ -->\n<title>\u25b7 Luthier 45 Dark Silver Super Carbon% -% LA GUITARRER\u00cdA DE GRANADA%.<\/title>\n<meta name=\"description\" content=\"Luthier 45 Super Carbon string set for classical and flamenco guitars. Strong tension. Carbon core and dark silver plated winding.\" \/>\n<meta name=\"robots\" content=\"index, follow, max-snippet:-1, max-image-preview:large, max-video-preview:-1\" \/>\n<link rel=\"canonical\" href=\"https:\/\/guitarradegranada.com\/en\/product\/luthier-45-dark-silver-super-carbon-strong-tension\/\" \/>\n<meta property=\"og:locale\" content=\"en_US\" \/>\n<meta property=\"og:type\" content=\"article\" \/>\n<meta property=\"og:title\" content=\"\u25b7 Luthier 45 Dark Silver Super Carbon% -% LA GUITARRER\u00cdA DE GRANADA%.\" \/>\n<meta property=\"og:description\" content=\"Luthier 45 Super Carbon string set for classical and flamenco guitars. Strong tension. Carbon core and dark silver plated winding.\" \/>\n<meta property=\"og:url\" content=\"https:\/\/guitarradegranada.com\/en\/product\/luthier-45-dark-silver-super-carbon-strong-tension\/\" \/>\n<meta property=\"og:site_name\" content=\"LA GUITARRER\u00cdA DE GRANADA\" \/>\n<meta property=\"og:image\" content=\"https:\/\/i0.wp.com\/guitarradegranada.com\/wp-content\/uploads\/2021\/01\/juego-cuerdas-luthier-45-super-carbon-clasica-lu-45sc.jpg?fit=714%2C720&ssl=1\" \/>\n\t<meta property=\"og:image:width\" content=\"714\" \/>\n\t<meta property=\"og:image:height\" content=\"720\" \/>\n\t<meta property=\"og:image:type\" content=\"image\/jpeg\" \/>\n<meta name=\"twitter:card\" content=\"summary_large_image\" \/>\n<script type=\"application\/ld+json\" class=\"yoast-schema-graph\">{\"@context\":\"https:\\\/\\\/schema.org\",\"@graph\":[{\"@type\":\"WebPage\",\"@id\":\"https:\\\/\\\/guitarradegranada.com\\\/en\\\/product\\\/luthier-45-dark-silver-super-carbon-strong-tension\\\/\",\"url\":\"https:\\\/\\\/guitarradegranada.com\\\/en\\\/product\\\/luthier-45-dark-silver-super-carbon-strong-tension\\\/\",\"name\":\"\u25b7 Luthier 45 Dark Silver Super Carbon% -% LA GUITARRER\u00cdA DE GRANADA%.\",\"isPartOf\":{\"@id\":\"https:\\\/\\\/guitarradegranada.com\\\/en\\\/#website\"},\"primaryImageOfPage\":{\"@id\":\"https:\\\/\\\/guitarradegranada.com\\\/en\\\/product\\\/luthier-45-dark-silver-super-carbon-strong-tension\\\/#primaryimage\"},\"image\":{\"@id\":\"https:\\\/\\\/guitarradegranada.com\\\/en\\\/product\\\/luthier-45-dark-silver-super-carbon-strong-tension\\\/#primaryimage\"},\"thumbnailUrl\":\"https:\\\/\\\/guitarradegranada.com\\\/wp-content\\\/uploads\\\/2021\\\/01\\\/juego-cuerdas-luthier-45-super-carbon-clasica-lu-45sc.jpg\",\"datePublished\":\"2021-01-27T00:28:24+00:00\",\"description\":\"Luthier 45 Super Carbon string set for classical and flamenco guitars. Strong tension. Carbon core and dark silver plated winding.\",\"breadcrumb\":{\"@id\":\"https:\\\/\\\/guitarradegranada.com\\\/en\\\/product\\\/luthier-45-dark-silver-super-carbon-strong-tension\\\/#breadcrumb\"},\"inLanguage\":\"en-US\",\"potentialAction\":[{\"@type\":\"ReadAction\",\"target\":[\"https:\\\/\\\/guitarradegranada.com\\\/en\\\/product\\\/luthier-45-dark-silver-super-carbon-strong-tension\\\/\"]}]},{\"@type\":\"ImageObject\",\"inLanguage\":\"en-US\",\"@id\":\"https:\\\/\\\/guitarradegranada.com\\\/en\\\/product\\\/luthier-45-dark-silver-super-carbon-strong-tension\\\/#primaryimage\",\"url\":\"https:\\\/\\\/guitarradegranada.com\\\/wp-content\\\/uploads\\\/2021\\\/01\\\/juego-cuerdas-luthier-45-super-carbon-clasica-lu-45sc.jpg\",\"contentUrl\":\"https:\\\/\\\/guitarradegranada.com\\\/wp-content\\\/uploads\\\/2021\\\/01\\\/juego-cuerdas-luthier-45-super-carbon-clasica-lu-45sc.jpg\",\"width\":714,\"height\":720},{\"@type\":\"BreadcrumbList\",\"@id\":\"https:\\\/\\\/guitarradegranada.com\\\/en\\\/product\\\/luthier-45-dark-silver-super-carbon-strong-tension\\\/#breadcrumb\",\"itemListElement\":[{\"@type\":\"ListItem\",\"position\":1,\"name\":\"Portada\",\"item\":\"https:\\\/\\\/guitarradegranada.com\\\/en\\\/\"},{\"@type\":\"ListItem\",\"position\":2,\"name\":\"Store\",\"item\":\"https:\\\/\\\/guitarradegranada.com\\\/en\\\/store\\\/\"},{\"@type\":\"ListItem\",\"position\":3,\"name\":\"Luthier 45 Dark Silver Super Carbon. Strong tension\"}]},{\"@type\":\"WebSite\",\"@id\":\"https:\\\/\\\/guitarradegranada.com\\\/en\\\/#website\",\"url\":\"https:\\\/\\\/guitarradegranada.com\\\/en\\\/\",\"name\":\"LA GUITARRER\u00cdA DE GRANADA\",\"description\":\"La Guitarrer\u00eda de Granada es un taller de lutheria artesano y una tienda d\u00f3nde puedes encontrar guitarras artesanas flamencas, cl\u00e1sicas y todos los accesorios para guitarristas\",\"publisher\":{\"@id\":\"https:\\\/\\\/guitarradegranada.com\\\/en\\\/#organization\"},\"potentialAction\":[{\"@type\":\"SearchAction\",\"target\":{\"@type\":\"EntryPoint\",\"urlTemplate\":\"https:\\\/\\\/guitarradegranada.com\\\/en\\\/?s={search_term_string}\"},\"query-input\":{\"@type\":\"PropertyValueSpecification\",\"valueRequired\":true,\"valueName\":\"search_term_string\"}}],\"inLanguage\":\"en-US\"},{\"@type\":\"Organization\",\"@id\":\"https:\\\/\\\/guitarradegranada.com\\\/en\\\/#organization\",\"name\":\"Guitarra de Granada\",\"url\":\"https:\\\/\\\/guitarradegranada.com\\\/en\\\/\",\"logo\":{\"@type\":\"ImageObject\",\"inLanguage\":\"en-US\",\"@id\":\"https:\\\/\\\/guitarradegranada.com\\\/en\\\/#\\\/schema\\\/logo\\\/image\\\/\",\"url\":\"https:\\\/\\\/guitarradegranada.com\\\/wp-content\\\/uploads\\\/2020\\\/05\\\/Logo-Guitarra-de-Granada.png\",\"contentUrl\":\"https:\\\/\\\/guitarradegranada.com\\\/wp-content\\\/uploads\\\/2020\\\/05\\\/Logo-Guitarra-de-Granada.png\",\"width\":1314,\"height\":219,\"caption\":\"Guitarra de Granada\"},\"image\":{\"@id\":\"https:\\\/\\\/guitarradegranada.com\\\/en\\\/#\\\/schema\\\/logo\\\/image\\\/\"}}]}<\/script>\n<!-- \/ Yoast SEO plugin. -->","yoast_head_json":{"title":"\u25b7 Luthier 45 Dark Silver Super Carbon% -% LA GUITARRER\u00cdA DE GRANADA%.","description":"Luthier 45 Super Carbon string set for classical and flamenco guitars. Strong tension. Carbon core and dark silver plated winding.","robots":{"index":"index","follow":"follow","max-snippet":"max-snippet:-1","max-image-preview":"max-image-preview:large","max-video-preview":"max-video-preview:-1"},"canonical":"https:\/\/guitarradegranada.com\/en\/product\/luthier-45-dark-silver-super-carbon-strong-tension\/","og_locale":"en_US","og_type":"article","og_title":"\u25b7 Luthier 45 Dark Silver Super Carbon% -% LA GUITARRER\u00cdA DE GRANADA%.","og_description":"Luthier 45 Super Carbon string set for classical and flamenco guitars. Strong tension. Carbon core and dark silver plated winding.","og_url":"https:\/\/guitarradegranada.com\/en\/product\/luthier-45-dark-silver-super-carbon-strong-tension\/","og_site_name":"LA GUITARRER\u00cdA DE GRANADA","og_image":[{"width":714,"height":720,"url":"https:\/\/i0.wp.com\/guitarradegranada.com\/wp-content\/uploads\/2021\/01\/juego-cuerdas-luthier-45-super-carbon-clasica-lu-45sc.jpg?fit=714%2C720&ssl=1","type":"image\/jpeg"}],"twitter_card":"summary_large_image","schema":{"@context":"https:\/\/schema.org","@graph":[{"@type":"WebPage","@id":"https:\/\/guitarradegranada.com\/en\/product\/luthier-45-dark-silver-super-carbon-strong-tension\/","url":"https:\/\/guitarradegranada.com\/en\/product\/luthier-45-dark-silver-super-carbon-strong-tension\/","name":"\u25b7 Luthier 45 Dark Silver Super Carbon% -% LA GUITARRER\u00cdA DE GRANADA%.","isPartOf":{"@id":"https:\/\/guitarradegranada.com\/en\/#website"},"primaryImageOfPage":{"@id":"https:\/\/guitarradegranada.com\/en\/product\/luthier-45-dark-silver-super-carbon-strong-tension\/#primaryimage"},"image":{"@id":"https:\/\/guitarradegranada.com\/en\/product\/luthier-45-dark-silver-super-carbon-strong-tension\/#primaryimage"},"thumbnailUrl":"https:\/\/guitarradegranada.com\/wp-content\/uploads\/2021\/01\/juego-cuerdas-luthier-45-super-carbon-clasica-lu-45sc.jpg","datePublished":"2021-01-27T00:28:24+00:00","description":"Luthier 45 Super Carbon string set for classical and flamenco guitars. Strong tension. Carbon core and dark silver plated winding.","breadcrumb":{"@id":"https:\/\/guitarradegranada.com\/en\/product\/luthier-45-dark-silver-super-carbon-strong-tension\/#breadcrumb"},"inLanguage":"en-US","potentialAction":[{"@type":"ReadAction","target":["https:\/\/guitarradegranada.com\/en\/product\/luthier-45-dark-silver-super-carbon-strong-tension\/"]}]},{"@type":"ImageObject","inLanguage":"en-US","@id":"https:\/\/guitarradegranada.com\/en\/product\/luthier-45-dark-silver-super-carbon-strong-tension\/#primaryimage","url":"https:\/\/guitarradegranada.com\/wp-content\/uploads\/2021\/01\/juego-cuerdas-luthier-45-super-carbon-clasica-lu-45sc.jpg","contentUrl":"https:\/\/guitarradegranada.com\/wp-content\/uploads\/2021\/01\/juego-cuerdas-luthier-45-super-carbon-clasica-lu-45sc.jpg","width":714,"height":720},{"@type":"BreadcrumbList","@id":"https:\/\/guitarradegranada.com\/en\/product\/luthier-45-dark-silver-super-carbon-strong-tension\/#breadcrumb","itemListElement":[{"@type":"ListItem","position":1,"name":"Portada","item":"https:\/\/guitarradegranada.com\/en\/"},{"@type":"ListItem","position":2,"name":"Store","item":"https:\/\/guitarradegranada.com\/en\/store\/"},{"@type":"ListItem","position":3,"name":"Luthier 45 Dark Silver Super Carbon. Strong tension"}]},{"@type":"WebSite","@id":"https:\/\/guitarradegranada.com\/en\/#website","url":"https:\/\/guitarradegranada.com\/en\/","name":"LA GUITARRER\u00cdA DE GRANADA","description":"La Guitarrer\u00eda de Granada es un taller de lutheria artesano y una tienda d\u00f3nde puedes encontrar guitarras artesanas flamencas, cl\u00e1sicas y todos los accesorios para guitarristas","publisher":{"@id":"https:\/\/guitarradegranada.com\/en\/#organization"},"potentialAction":[{"@type":"SearchAction","target":{"@type":"EntryPoint","urlTemplate":"https:\/\/guitarradegranada.com\/en\/?s={search_term_string}"},"query-input":{"@type":"PropertyValueSpecification","valueRequired":true,"valueName":"search_term_string"}}],"inLanguage":"en-US"},{"@type":"Organization","@id":"https:\/\/guitarradegranada.com\/en\/#organization","name":"Guitarra de Granada","url":"https:\/\/guitarradegranada.com\/en\/","logo":{"@type":"ImageObject","inLanguage":"en-US","@id":"https:\/\/guitarradegranada.com\/en\/#\/schema\/logo\/image\/","url":"https:\/\/guitarradegranada.com\/wp-content\/uploads\/2020\/05\/Logo-Guitarra-de-Granada.png","contentUrl":"https:\/\/guitarradegranada.com\/wp-content\/uploads\/2020\/05\/Logo-Guitarra-de-Granada.png","width":1314,"height":219,"caption":"Guitarra de Granada"},"image":{"@id":"https:\/\/guitarradegranada.com\/en\/#\/schema\/logo\/image\/"}}]}},"jetpack_publicize_connections":[],"jetpack_sharing_enabled":true,"amp_enabled":true,"_links":{"self":[{"href":"https:\/\/guitarradegranada.com\/en\/wp-json\/wp\/v2\/product\/7698","targetHints":{"allow":["GET"]}}],"collection":[{"href":"https:\/\/guitarradegranada.com\/en\/wp-json\/wp\/v2\/product"}],"about":[{"href":"https:\/\/guitarradegranada.com\/en\/wp-json\/wp\/v2\/types\/product"}],"wp:featuredmedia":[{"embeddable":true,"href":"https:\/\/guitarradegranada.com\/en\/wp-json\/wp\/v2\/media\/3939"}],"wp:attachment":[{"href":"https:\/\/guitarradegranada.com\/en\/wp-json\/wp\/v2\/media?parent=7698"}],"wp:term":[{"taxonomy":"product_brand","embeddable":true,"href":"https:\/\/guitarradegranada.com\/en\/wp-json\/wp\/v2\/product_brand?post=7698"},{"taxonomy":"product_cat","embeddable":true,"href":"https:\/\/guitarradegranada.com\/en\/wp-json\/wp\/v2\/product_cat?post=7698"},{"taxonomy":"product_tag","embeddable":true,"href":"https:\/\/guitarradegranada.com\/en\/wp-json\/wp\/v2\/product_tag?post=7698"}],"curies":[{"name":"wp","href":"https:\/\/api.w.org\/{rel}","templated":true}]}}