{"id":7691,"date":"2021-01-27T02:01:18","date_gmt":"2021-01-27T02:01:18","guid":{"rendered":"https:\/\/guitarradegranada.com\/producto\/shubb-w1-tuning-handle\/"},"modified":"2021-01-27T02:01:18","modified_gmt":"2021-01-27T02:01:18","slug":"shubb-w1-tuning-handle","status":"publish","type":"product","link":"https:\/\/guitarradegranada.com\/en\/product\/shubb-w1-tuning-handle\/","title":{"rendered":"Shubb W1 Tuning Handle"},"content":{"rendered":"<p><strong>Shubb W1 crank<\/strong><\/p>\n<p>The Shubb guitar tuning crank provides essential time savings for musicians and luthiers who regularly change their strings.<\/p>\n<p>Made with an ergonomic and efficient design that fits perfectly in the hand. It has an internal metal reinforcement that prevents it from wobbling during tuning.<\/p>\n","protected":false},"excerpt":{"rendered":"<p><a href=\"https:\/\/guitarradegranada.com\/wp-content\/uploads\/2020\/08\/shubb-capo-logo.jpg\"><img loading=\"lazy\" decoding=\"async\" class=\" wp-image-2643\" src=\"https:\/\/guitarradegranada.com\/wp-content\/uploads\/2020\/08\/shubb-capo-logo.jpg\" alt=\"Shubb capos\" width=\"171\" height=\"51\" srcset=\"https:\/\/guitarradegranada.com\/wp-content\/uploads\/2020\/08\/shubb-capo-logo.jpg 299w, https:\/\/guitarradegranada.com\/wp-content\/uploads\/2020\/08\/shubb-capo-logo-64x19.jpg 64w\" sizes=\"auto, (max-width: 171px) 100vw, 171px\" \/><\/a><\/p>\n<p><strong>Shubb W1<\/strong> tuning crank for guitar.<\/p>\n","protected":false},"featured_media":3941,"template":"","meta":{"_coblocks_attr":"","_coblocks_dimensions":"","_coblocks_responsive_height":"","_coblocks_accordion_ie_support":"","_crdt_document":"","jetpack_publicize_message":"","jetpack_publicize_feature_enabled":true,"jetpack_social_post_already_shared":true,"jetpack_social_options":{"image_generator_settings":{"template":"highway","default_image_id":0,"font":"","enabled":false},"version":2},"_wpas_customize_per_network":false},"product_brand":[],"product_cat":[50518879,50518889],"product_tag":[50518964,50518963],"class_list":{"0":"post-7691","1":"product","2":"type-product","3":"status-publish","4":"has-post-thumbnail","6":"product_cat-guitar-accessories","7":"product_cat-other-accessories","8":"product_tag-cranks","9":"product_tag-shubb","10":"product_shipping_class-cejillas-artesanas","12":"first","13":"instock","14":"sale","15":"taxable","16":"shipping-taxable","17":"purchasable","18":"product-type-simple"},"bundled_by":[],"bundle_stock_status":"instock","bundle_stock_quantity":null,"bundle_virtual":false,"bundle_layout":"","bundle_add_to_cart_form_location":"","bundle_editable_in_cart":false,"bundle_sold_individually_context":"","bundle_item_grouping":"","bundle_min_size":"","bundle_max_size":"","bundle_price":[],"bundled_items":[],"bundle_sell_ids":[],"group_of_quantity":0,"min_quantity":0,"max_quantity":"","exclude_order_quantity_value_rules":"no","exclude_category_quantity_rules":"no","combine_variations":"no","exclude_global_add_ons":[],"addons":[],"yoast_head":"<!-- This site is optimized with the Yoast SEO plugin v27.4 - https:\/\/yoast.com\/product\/yoast-seo-wordpress\/ -->\n<title>\u25b7 Shubb W1 Tuning Handle - LA GUITARRER\u00cdA DE GRANADA%.<\/title>\n<meta name=\"description\" content=\"Shubb W1 tuning crank provides essential time savings for musicians. Ergonomic design that fits perfectly.\" \/>\n<meta name=\"robots\" content=\"index, follow, max-snippet:-1, max-image-preview:large, max-video-preview:-1\" \/>\n<link rel=\"canonical\" href=\"https:\/\/guitarradegranada.com\/en\/product\/shubb-w1-tuning-handle\/\" \/>\n<meta property=\"og:locale\" content=\"en_US\" \/>\n<meta property=\"og:type\" content=\"article\" \/>\n<meta property=\"og:title\" content=\"\u25b7 Shubb W1 Tuning Handle - LA GUITARRER\u00cdA DE GRANADA%.\" \/>\n<meta property=\"og:description\" content=\"Shubb W1 tuning crank provides essential time savings for musicians. Ergonomic design that fits perfectly.\" \/>\n<meta property=\"og:url\" content=\"https:\/\/guitarradegranada.com\/en\/product\/shubb-w1-tuning-handle\/\" \/>\n<meta property=\"og:site_name\" content=\"LA GUITARRER\u00cdA DE GRANADA\" \/>\n<meta property=\"og:image\" content=\"https:\/\/i0.wp.com\/guitarradegranada.com\/wp-content\/uploads\/2021\/01\/Bobinadora-de-cuerdas-Shubb-GW-10-W1.jpg?fit=409%2C791&ssl=1\" \/>\n\t<meta property=\"og:image:width\" content=\"409\" \/>\n\t<meta property=\"og:image:height\" content=\"791\" \/>\n\t<meta property=\"og:image:type\" content=\"image\/jpeg\" \/>\n<meta name=\"twitter:card\" content=\"summary_large_image\" \/>\n<script type=\"application\/ld+json\" class=\"yoast-schema-graph\">{\"@context\":\"https:\\\/\\\/schema.org\",\"@graph\":[{\"@type\":\"WebPage\",\"@id\":\"https:\\\/\\\/guitarradegranada.com\\\/en\\\/product\\\/shubb-w1-tuning-handle\\\/\",\"url\":\"https:\\\/\\\/guitarradegranada.com\\\/en\\\/product\\\/shubb-w1-tuning-handle\\\/\",\"name\":\"\u25b7 Shubb W1 Tuning Handle - LA GUITARRER\u00cdA DE GRANADA%.\",\"isPartOf\":{\"@id\":\"https:\\\/\\\/guitarradegranada.com\\\/en\\\/#website\"},\"primaryImageOfPage\":{\"@id\":\"https:\\\/\\\/guitarradegranada.com\\\/en\\\/product\\\/shubb-w1-tuning-handle\\\/#primaryimage\"},\"image\":{\"@id\":\"https:\\\/\\\/guitarradegranada.com\\\/en\\\/product\\\/shubb-w1-tuning-handle\\\/#primaryimage\"},\"thumbnailUrl\":\"https:\\\/\\\/guitarradegranada.com\\\/wp-content\\\/uploads\\\/2021\\\/01\\\/Bobinadora-de-cuerdas-Shubb-GW-10-W1.jpg\",\"datePublished\":\"2021-01-27T02:01:18+00:00\",\"description\":\"Shubb W1 tuning crank provides essential time savings for musicians. Ergonomic design that fits perfectly.\",\"breadcrumb\":{\"@id\":\"https:\\\/\\\/guitarradegranada.com\\\/en\\\/product\\\/shubb-w1-tuning-handle\\\/#breadcrumb\"},\"inLanguage\":\"en-US\",\"potentialAction\":[{\"@type\":\"ReadAction\",\"target\":[\"https:\\\/\\\/guitarradegranada.com\\\/en\\\/product\\\/shubb-w1-tuning-handle\\\/\"]}]},{\"@type\":\"ImageObject\",\"inLanguage\":\"en-US\",\"@id\":\"https:\\\/\\\/guitarradegranada.com\\\/en\\\/product\\\/shubb-w1-tuning-handle\\\/#primaryimage\",\"url\":\"https:\\\/\\\/guitarradegranada.com\\\/wp-content\\\/uploads\\\/2021\\\/01\\\/Bobinadora-de-cuerdas-Shubb-GW-10-W1.jpg\",\"contentUrl\":\"https:\\\/\\\/guitarradegranada.com\\\/wp-content\\\/uploads\\\/2021\\\/01\\\/Bobinadora-de-cuerdas-Shubb-GW-10-W1.jpg\",\"width\":409,\"height\":791,\"caption\":\"Shubb W1 crank\"},{\"@type\":\"BreadcrumbList\",\"@id\":\"https:\\\/\\\/guitarradegranada.com\\\/en\\\/product\\\/shubb-w1-tuning-handle\\\/#breadcrumb\",\"itemListElement\":[{\"@type\":\"ListItem\",\"position\":1,\"name\":\"Portada\",\"item\":\"https:\\\/\\\/guitarradegranada.com\\\/en\\\/\"},{\"@type\":\"ListItem\",\"position\":2,\"name\":\"Store\",\"item\":\"https:\\\/\\\/guitarradegranada.com\\\/en\\\/store\\\/\"},{\"@type\":\"ListItem\",\"position\":3,\"name\":\"Shubb W1 Tuning Handle\"}]},{\"@type\":\"WebSite\",\"@id\":\"https:\\\/\\\/guitarradegranada.com\\\/en\\\/#website\",\"url\":\"https:\\\/\\\/guitarradegranada.com\\\/en\\\/\",\"name\":\"LA GUITARRER\u00cdA DE GRANADA\",\"description\":\"La Guitarrer\u00eda de Granada es un taller de lutheria artesano y una tienda d\u00f3nde puedes encontrar guitarras artesanas flamencas, cl\u00e1sicas y todos los accesorios para guitarristas\",\"publisher\":{\"@id\":\"https:\\\/\\\/guitarradegranada.com\\\/en\\\/#organization\"},\"potentialAction\":[{\"@type\":\"SearchAction\",\"target\":{\"@type\":\"EntryPoint\",\"urlTemplate\":\"https:\\\/\\\/guitarradegranada.com\\\/en\\\/?s={search_term_string}\"},\"query-input\":{\"@type\":\"PropertyValueSpecification\",\"valueRequired\":true,\"valueName\":\"search_term_string\"}}],\"inLanguage\":\"en-US\"},{\"@type\":\"Organization\",\"@id\":\"https:\\\/\\\/guitarradegranada.com\\\/en\\\/#organization\",\"name\":\"Guitarra de Granada\",\"url\":\"https:\\\/\\\/guitarradegranada.com\\\/en\\\/\",\"logo\":{\"@type\":\"ImageObject\",\"inLanguage\":\"en-US\",\"@id\":\"https:\\\/\\\/guitarradegranada.com\\\/en\\\/#\\\/schema\\\/logo\\\/image\\\/\",\"url\":\"https:\\\/\\\/guitarradegranada.com\\\/wp-content\\\/uploads\\\/2020\\\/05\\\/Logo-Guitarra-de-Granada.png\",\"contentUrl\":\"https:\\\/\\\/guitarradegranada.com\\\/wp-content\\\/uploads\\\/2020\\\/05\\\/Logo-Guitarra-de-Granada.png\",\"width\":1314,\"height\":219,\"caption\":\"Guitarra de Granada\"},\"image\":{\"@id\":\"https:\\\/\\\/guitarradegranada.com\\\/en\\\/#\\\/schema\\\/logo\\\/image\\\/\"}}]}<\/script>\n<!-- \/ Yoast SEO plugin. -->","yoast_head_json":{"title":"\u25b7 Shubb W1 Tuning Handle - LA GUITARRER\u00cdA DE GRANADA%.","description":"Shubb W1 tuning crank provides essential time savings for musicians. Ergonomic design that fits perfectly.","robots":{"index":"index","follow":"follow","max-snippet":"max-snippet:-1","max-image-preview":"max-image-preview:large","max-video-preview":"max-video-preview:-1"},"canonical":"https:\/\/guitarradegranada.com\/en\/product\/shubb-w1-tuning-handle\/","og_locale":"en_US","og_type":"article","og_title":"\u25b7 Shubb W1 Tuning Handle - LA GUITARRER\u00cdA DE GRANADA%.","og_description":"Shubb W1 tuning crank provides essential time savings for musicians. Ergonomic design that fits perfectly.","og_url":"https:\/\/guitarradegranada.com\/en\/product\/shubb-w1-tuning-handle\/","og_site_name":"LA GUITARRER\u00cdA DE GRANADA","og_image":[{"width":409,"height":791,"url":"https:\/\/i0.wp.com\/guitarradegranada.com\/wp-content\/uploads\/2021\/01\/Bobinadora-de-cuerdas-Shubb-GW-10-W1.jpg?fit=409%2C791&ssl=1","type":"image\/jpeg"}],"twitter_card":"summary_large_image","schema":{"@context":"https:\/\/schema.org","@graph":[{"@type":"WebPage","@id":"https:\/\/guitarradegranada.com\/en\/product\/shubb-w1-tuning-handle\/","url":"https:\/\/guitarradegranada.com\/en\/product\/shubb-w1-tuning-handle\/","name":"\u25b7 Shubb W1 Tuning Handle - LA GUITARRER\u00cdA DE GRANADA%.","isPartOf":{"@id":"https:\/\/guitarradegranada.com\/en\/#website"},"primaryImageOfPage":{"@id":"https:\/\/guitarradegranada.com\/en\/product\/shubb-w1-tuning-handle\/#primaryimage"},"image":{"@id":"https:\/\/guitarradegranada.com\/en\/product\/shubb-w1-tuning-handle\/#primaryimage"},"thumbnailUrl":"https:\/\/guitarradegranada.com\/wp-content\/uploads\/2021\/01\/Bobinadora-de-cuerdas-Shubb-GW-10-W1.jpg","datePublished":"2021-01-27T02:01:18+00:00","description":"Shubb W1 tuning crank provides essential time savings for musicians. Ergonomic design that fits perfectly.","breadcrumb":{"@id":"https:\/\/guitarradegranada.com\/en\/product\/shubb-w1-tuning-handle\/#breadcrumb"},"inLanguage":"en-US","potentialAction":[{"@type":"ReadAction","target":["https:\/\/guitarradegranada.com\/en\/product\/shubb-w1-tuning-handle\/"]}]},{"@type":"ImageObject","inLanguage":"en-US","@id":"https:\/\/guitarradegranada.com\/en\/product\/shubb-w1-tuning-handle\/#primaryimage","url":"https:\/\/guitarradegranada.com\/wp-content\/uploads\/2021\/01\/Bobinadora-de-cuerdas-Shubb-GW-10-W1.jpg","contentUrl":"https:\/\/guitarradegranada.com\/wp-content\/uploads\/2021\/01\/Bobinadora-de-cuerdas-Shubb-GW-10-W1.jpg","width":409,"height":791,"caption":"Shubb W1 crank"},{"@type":"BreadcrumbList","@id":"https:\/\/guitarradegranada.com\/en\/product\/shubb-w1-tuning-handle\/#breadcrumb","itemListElement":[{"@type":"ListItem","position":1,"name":"Portada","item":"https:\/\/guitarradegranada.com\/en\/"},{"@type":"ListItem","position":2,"name":"Store","item":"https:\/\/guitarradegranada.com\/en\/store\/"},{"@type":"ListItem","position":3,"name":"Shubb W1 Tuning Handle"}]},{"@type":"WebSite","@id":"https:\/\/guitarradegranada.com\/en\/#website","url":"https:\/\/guitarradegranada.com\/en\/","name":"LA GUITARRER\u00cdA DE GRANADA","description":"La Guitarrer\u00eda de Granada es un taller de lutheria artesano y una tienda d\u00f3nde puedes encontrar guitarras artesanas flamencas, cl\u00e1sicas y todos los accesorios para guitarristas","publisher":{"@id":"https:\/\/guitarradegranada.com\/en\/#organization"},"potentialAction":[{"@type":"SearchAction","target":{"@type":"EntryPoint","urlTemplate":"https:\/\/guitarradegranada.com\/en\/?s={search_term_string}"},"query-input":{"@type":"PropertyValueSpecification","valueRequired":true,"valueName":"search_term_string"}}],"inLanguage":"en-US"},{"@type":"Organization","@id":"https:\/\/guitarradegranada.com\/en\/#organization","name":"Guitarra de Granada","url":"https:\/\/guitarradegranada.com\/en\/","logo":{"@type":"ImageObject","inLanguage":"en-US","@id":"https:\/\/guitarradegranada.com\/en\/#\/schema\/logo\/image\/","url":"https:\/\/guitarradegranada.com\/wp-content\/uploads\/2020\/05\/Logo-Guitarra-de-Granada.png","contentUrl":"https:\/\/guitarradegranada.com\/wp-content\/uploads\/2020\/05\/Logo-Guitarra-de-Granada.png","width":1314,"height":219,"caption":"Guitarra de Granada"},"image":{"@id":"https:\/\/guitarradegranada.com\/en\/#\/schema\/logo\/image\/"}}]}},"jetpack_publicize_connections":[],"jetpack_sharing_enabled":true,"amp_enabled":true,"_links":{"self":[{"href":"https:\/\/guitarradegranada.com\/en\/wp-json\/wp\/v2\/product\/7691","targetHints":{"allow":["GET"]}}],"collection":[{"href":"https:\/\/guitarradegranada.com\/en\/wp-json\/wp\/v2\/product"}],"about":[{"href":"https:\/\/guitarradegranada.com\/en\/wp-json\/wp\/v2\/types\/product"}],"wp:featuredmedia":[{"embeddable":true,"href":"https:\/\/guitarradegranada.com\/en\/wp-json\/wp\/v2\/media\/3941"}],"wp:attachment":[{"href":"https:\/\/guitarradegranada.com\/en\/wp-json\/wp\/v2\/media?parent=7691"}],"wp:term":[{"taxonomy":"product_brand","embeddable":true,"href":"https:\/\/guitarradegranada.com\/en\/wp-json\/wp\/v2\/product_brand?post=7691"},{"taxonomy":"product_cat","embeddable":true,"href":"https:\/\/guitarradegranada.com\/en\/wp-json\/wp\/v2\/product_cat?post=7691"},{"taxonomy":"product_tag","embeddable":true,"href":"https:\/\/guitarradegranada.com\/en\/wp-json\/wp\/v2\/product_tag?post=7691"}],"curies":[{"name":"wp","href":"https:\/\/api.w.org\/{rel}","templated":true}]}}