{"id":7667,"date":"2021-02-05T01:43:37","date_gmt":"2021-02-05T01:43:37","guid":{"rendered":"https:\/\/guitarradegranada.com\/producto\/prudencio-saez-flamenco-guitar-6-fp\/"},"modified":"2026-03-23T16:01:26","modified_gmt":"2026-03-23T16:01:26","slug":"prudencio-saez-flamenco-guitar-6-fp","status":"publish","type":"product","link":"https:\/\/guitarradegranada.com\/en\/product\/prudencio-saez-flamenco-guitar-6-fp\/","title":{"rendered":"Prudencio S\u00e1ez Flamenco Guitar 6-FP"},"content":{"rendered":"<p><strong>Flamenco Guitar Prudencio S\u00e1ez 6-FP (S.P)<\/strong><\/p>\n<p>The Prudencio<span class=\"Apple-converted-space\"> 6-FP <\/span>guitar is the high-end professional flamenco guitar from Prudencio S\u00e1ez guitars. Special attention has been paid to the action of the guitar and the sound with the player in mind. The sound is rich, with lots of attack, well balanced and full of nuances.  <\/p>\n<p>The selected solid cypress body gives extra projection and volume to the sound and the premium spruce top gives the guitar a professional and exclusive sound. The cedar neck of the SAEZ PAREDES comes reinforced with fiber and finished with a beautiful ebony fingerboard. The quality of this guitar is very surprising and rivals much higher priced guitars.  <\/p>\n<p>Made in Spain.<\/p>\n<p><strong>*Transparene knockout included installed.<\/strong><\/p>\n<div class=\"box1_t\"><strong>Technical specifications:<\/strong><\/div>\n<div><\/div>\n<div class=\"box1_cnt\">\n<table class=\"table3 w100\" width=\"392\">\n<tbody>\n<tr>\n<td class=\"t4\"><strong>Top<\/strong><\/td>\n<td class=\"t2\">Solid spruce<\/td>\n<\/tr>\n<tr>\n<td class=\"t4\"><strong>Neck<\/strong><\/td>\n<td class=\"t2\">Cedar with fiber core<\/td>\n<\/tr>\n<tr>\n<td class=\"t4\"><strong>Back and sides<\/strong><\/td>\n<td class=\"t2\">Solid Indian Rosewood<\/td>\n<\/tr>\n<tr>\n<td class=\"t4\"><strong>Fingerboard<\/strong><\/td>\n<td class=\"t2\">African ebony<\/td>\n<\/tr>\n<tr>\n<td class=\"t4\"><strong>Scale<\/strong><\/td>\n<td class=\"t2\">650 mm<\/td>\n<\/tr>\n<\/tbody>\n<\/table>\n<\/div>\n","protected":false},"excerpt":{"rendered":"<p><img loading=\"lazy\" decoding=\"async\" class=\"alignnone wp-image-1907\" src=\"https:\/\/guitarradegranada.com\/wp-content\/uploads\/2020\/05\/prudencio-saez-170-arce-e1590775781831-300x165.jpg\" alt=\"Prudencio Saez\" width=\"161\" height=\"89\" srcset=\"https:\/\/guitarradegranada.com\/wp-content\/uploads\/2020\/05\/prudencio-saez-170-arce-e1590775781831-300x165.jpg 300w, https:\/\/guitarradegranada.com\/wp-content\/uploads\/2020\/05\/prudencio-saez-170-arce-e1590775781831-629x346.jpg 629w, https:\/\/guitarradegranada.com\/wp-content\/uploads\/2020\/05\/prudencio-saez-170-arce-e1590775781831-64x35.jpg 64w, https:\/\/guitarradegranada.com\/wp-content\/uploads\/2020\/05\/prudencio-saez-170-arce-e1590775781831-768x422.jpg 768w, https:\/\/guitarradegranada.com\/wp-content\/uploads\/2020\/05\/prudencio-saez-170-arce-e1590775781831-560x308.jpg 560w, https:\/\/guitarradegranada.com\/wp-content\/uploads\/2020\/05\/prudencio-saez-170-arce-e1590775781831.jpg 800w\" sizes=\"auto, (max-width: 161px) 100vw, 161px\" \/><\/p>\n<p>Professional flamenco guitar made of Palo Santo from India. Made 100% in Spain. <\/p>\n","protected":false},"featured_media":3987,"template":"","meta":{"_coblocks_attr":"","_coblocks_dimensions":"","_coblocks_responsive_height":"","_coblocks_accordion_ie_support":"","_crdt_document":"","jetpack_publicize_message":"","jetpack_publicize_feature_enabled":true,"jetpack_social_post_already_shared":true,"jetpack_social_options":{"image_generator_settings":{"template":"highway","default_image_id":0,"font":"","enabled":false},"version":2},"_wpas_customize_per_network":false},"product_brand":[],"product_cat":[50518904,50518903,50518898],"product_tag":[50518961,50518962,50518960],"class_list":{"0":"post-7667","1":"product","2":"type-product","3":"status-publish","4":"has-post-thumbnail","6":"product_cat-flamenco-concert-guitars","7":"product_cat-flamenco-guitars","8":"product_cat-classical-and-flamenco-guitars","9":"product_tag-flamenco-guitars","10":"product_tag-professional-guitars","11":"product_tag-prudencio-saez-guitars","12":"product_shipping_class-guitar-shipment","14":"first","15":"instock","16":"sale","17":"taxable","18":"shipping-taxable","19":"purchasable","20":"product-type-simple"},"bundled_by":[],"bundle_stock_status":"instock","bundle_stock_quantity":1,"bundle_virtual":false,"bundle_layout":"","bundle_add_to_cart_form_location":"","bundle_editable_in_cart":false,"bundle_sold_individually_context":"","bundle_item_grouping":"","bundle_min_size":"","bundle_max_size":"","bundle_price":[],"bundled_items":[],"bundle_sell_ids":[],"group_of_quantity":0,"min_quantity":0,"max_quantity":"","exclude_order_quantity_value_rules":"no","exclude_category_quantity_rules":"no","combine_variations":"no","exclude_global_add_ons":[],"addons":[],"yoast_head":"<!-- This site is optimized with the Yoast SEO plugin v27.4 - https:\/\/yoast.com\/product\/yoast-seo-wordpress\/ -->\n<title>\u25b7 Prudencio S\u00e1ez Flamenco Guitar 6-FP - LA GUITARRER\u00cdA DE GRANADA%.<\/title>\n<meta name=\"description\" content=\"Professional flamenco guitar Prudencio S\u00e1ez 6-FP made of Palo Santo de la India. Made 100% in Spain. | \u2708\ufe0f Free shipping 24\/48h.\" \/>\n<meta name=\"robots\" content=\"index, follow, max-snippet:-1, max-image-preview:large, max-video-preview:-1\" \/>\n<link rel=\"canonical\" href=\"https:\/\/guitarradegranada.com\/en\/product\/prudencio-saez-flamenco-guitar-6-fp\/\" \/>\n<meta property=\"og:locale\" content=\"en_US\" \/>\n<meta property=\"og:type\" content=\"article\" \/>\n<meta property=\"og:title\" content=\"\u25b7 Prudencio S\u00e1ez Flamenco Guitar 6-FP - LA GUITARRER\u00cdA DE GRANADA%.\" \/>\n<meta property=\"og:description\" content=\"Professional flamenco guitar Prudencio S\u00e1ez 6-FP made of Palo Santo de la India. Made 100% in Spain. | \u2708\ufe0f Free shipping 24\/48h.\" \/>\n<meta property=\"og:url\" content=\"https:\/\/guitarradegranada.com\/en\/product\/prudencio-saez-flamenco-guitar-6-fp\/\" \/>\n<meta property=\"og:site_name\" content=\"LA GUITARRER\u00cdA DE GRANADA\" \/>\n<meta property=\"article:modified_time\" content=\"2026-03-23T16:01:26+00:00\" \/>\n<meta property=\"og:image\" content=\"https:\/\/i0.wp.com\/guitarradegranada.com\/wp-content\/uploads\/2021\/02\/img_8818.jpeg?fit=1000%2C1000&ssl=1\" \/>\n\t<meta property=\"og:image:width\" content=\"1000\" \/>\n\t<meta property=\"og:image:height\" content=\"1000\" \/>\n\t<meta property=\"og:image:type\" content=\"image\/jpeg\" \/>\n<meta name=\"twitter:card\" content=\"summary_large_image\" \/>\n<meta name=\"twitter:label1\" content=\"Est. reading time\" \/>\n\t<meta name=\"twitter:data1\" content=\"1 minute\" \/>\n<script type=\"application\/ld+json\" class=\"yoast-schema-graph\">{\"@context\":\"https:\\\/\\\/schema.org\",\"@graph\":[{\"@type\":\"WebPage\",\"@id\":\"https:\\\/\\\/guitarradegranada.com\\\/en\\\/product\\\/prudencio-saez-flamenco-guitar-6-fp\\\/\",\"url\":\"https:\\\/\\\/guitarradegranada.com\\\/en\\\/product\\\/prudencio-saez-flamenco-guitar-6-fp\\\/\",\"name\":\"\u25b7 Prudencio S\u00e1ez Flamenco Guitar 6-FP - LA GUITARRER\u00cdA DE GRANADA%.\",\"isPartOf\":{\"@id\":\"https:\\\/\\\/guitarradegranada.com\\\/en\\\/#website\"},\"primaryImageOfPage\":{\"@id\":\"https:\\\/\\\/guitarradegranada.com\\\/en\\\/product\\\/prudencio-saez-flamenco-guitar-6-fp\\\/#primaryimage\"},\"image\":{\"@id\":\"https:\\\/\\\/guitarradegranada.com\\\/en\\\/product\\\/prudencio-saez-flamenco-guitar-6-fp\\\/#primaryimage\"},\"thumbnailUrl\":\"https:\\\/\\\/guitarradegranada.com\\\/wp-content\\\/uploads\\\/2021\\\/02\\\/img_8818.jpeg\",\"datePublished\":\"2021-02-05T01:43:37+00:00\",\"dateModified\":\"2026-03-23T16:01:26+00:00\",\"description\":\"Professional flamenco guitar Prudencio S\u00e1ez 6-FP made of Palo Santo de la India. Made 100% in Spain. | \u2708\ufe0f Free shipping 24\\\/48h.\",\"breadcrumb\":{\"@id\":\"https:\\\/\\\/guitarradegranada.com\\\/en\\\/product\\\/prudencio-saez-flamenco-guitar-6-fp\\\/#breadcrumb\"},\"inLanguage\":\"en-US\",\"potentialAction\":[{\"@type\":\"ReadAction\",\"target\":[\"https:\\\/\\\/guitarradegranada.com\\\/en\\\/product\\\/prudencio-saez-flamenco-guitar-6-fp\\\/\"]}]},{\"@type\":\"ImageObject\",\"inLanguage\":\"en-US\",\"@id\":\"https:\\\/\\\/guitarradegranada.com\\\/en\\\/product\\\/prudencio-saez-flamenco-guitar-6-fp\\\/#primaryimage\",\"url\":\"https:\\\/\\\/guitarradegranada.com\\\/wp-content\\\/uploads\\\/2021\\\/02\\\/img_8818.jpeg\",\"contentUrl\":\"https:\\\/\\\/guitarradegranada.com\\\/wp-content\\\/uploads\\\/2021\\\/02\\\/img_8818.jpeg\",\"width\":1000,\"height\":1000,\"caption\":\"Prudencio S\u00e1ez 6-FP\"},{\"@type\":\"BreadcrumbList\",\"@id\":\"https:\\\/\\\/guitarradegranada.com\\\/en\\\/product\\\/prudencio-saez-flamenco-guitar-6-fp\\\/#breadcrumb\",\"itemListElement\":[{\"@type\":\"ListItem\",\"position\":1,\"name\":\"Portada\",\"item\":\"https:\\\/\\\/guitarradegranada.com\\\/en\\\/\"},{\"@type\":\"ListItem\",\"position\":2,\"name\":\"Store\",\"item\":\"https:\\\/\\\/guitarradegranada.com\\\/en\\\/store\\\/\"},{\"@type\":\"ListItem\",\"position\":3,\"name\":\"Prudencio S\u00e1ez Flamenco Guitar 6-FP\"}]},{\"@type\":\"WebSite\",\"@id\":\"https:\\\/\\\/guitarradegranada.com\\\/en\\\/#website\",\"url\":\"https:\\\/\\\/guitarradegranada.com\\\/en\\\/\",\"name\":\"LA GUITARRER\u00cdA DE GRANADA\",\"description\":\"La Guitarrer\u00eda de Granada es un taller de lutheria artesano y una tienda d\u00f3nde puedes encontrar guitarras artesanas flamencas, cl\u00e1sicas y todos los accesorios para guitarristas\",\"publisher\":{\"@id\":\"https:\\\/\\\/guitarradegranada.com\\\/en\\\/#organization\"},\"potentialAction\":[{\"@type\":\"SearchAction\",\"target\":{\"@type\":\"EntryPoint\",\"urlTemplate\":\"https:\\\/\\\/guitarradegranada.com\\\/en\\\/?s={search_term_string}\"},\"query-input\":{\"@type\":\"PropertyValueSpecification\",\"valueRequired\":true,\"valueName\":\"search_term_string\"}}],\"inLanguage\":\"en-US\"},{\"@type\":\"Organization\",\"@id\":\"https:\\\/\\\/guitarradegranada.com\\\/en\\\/#organization\",\"name\":\"Guitarra de Granada\",\"url\":\"https:\\\/\\\/guitarradegranada.com\\\/en\\\/\",\"logo\":{\"@type\":\"ImageObject\",\"inLanguage\":\"en-US\",\"@id\":\"https:\\\/\\\/guitarradegranada.com\\\/en\\\/#\\\/schema\\\/logo\\\/image\\\/\",\"url\":\"https:\\\/\\\/guitarradegranada.com\\\/wp-content\\\/uploads\\\/2020\\\/05\\\/Logo-Guitarra-de-Granada.png\",\"contentUrl\":\"https:\\\/\\\/guitarradegranada.com\\\/wp-content\\\/uploads\\\/2020\\\/05\\\/Logo-Guitarra-de-Granada.png\",\"width\":1314,\"height\":219,\"caption\":\"Guitarra de Granada\"},\"image\":{\"@id\":\"https:\\\/\\\/guitarradegranada.com\\\/en\\\/#\\\/schema\\\/logo\\\/image\\\/\"}}]}<\/script>\n<!-- \/ Yoast SEO plugin. -->","yoast_head_json":{"title":"\u25b7 Prudencio S\u00e1ez Flamenco Guitar 6-FP - LA GUITARRER\u00cdA DE GRANADA%.","description":"Professional flamenco guitar Prudencio S\u00e1ez 6-FP made of Palo Santo de la India. Made 100% in Spain. | \u2708\ufe0f Free shipping 24\/48h.","robots":{"index":"index","follow":"follow","max-snippet":"max-snippet:-1","max-image-preview":"max-image-preview:large","max-video-preview":"max-video-preview:-1"},"canonical":"https:\/\/guitarradegranada.com\/en\/product\/prudencio-saez-flamenco-guitar-6-fp\/","og_locale":"en_US","og_type":"article","og_title":"\u25b7 Prudencio S\u00e1ez Flamenco Guitar 6-FP - LA GUITARRER\u00cdA DE GRANADA%.","og_description":"Professional flamenco guitar Prudencio S\u00e1ez 6-FP made of Palo Santo de la India. Made 100% in Spain. | \u2708\ufe0f Free shipping 24\/48h.","og_url":"https:\/\/guitarradegranada.com\/en\/product\/prudencio-saez-flamenco-guitar-6-fp\/","og_site_name":"LA GUITARRER\u00cdA DE GRANADA","article_modified_time":"2026-03-23T16:01:26+00:00","og_image":[{"width":1000,"height":1000,"url":"https:\/\/i0.wp.com\/guitarradegranada.com\/wp-content\/uploads\/2021\/02\/img_8818.jpeg?fit=1000%2C1000&ssl=1","type":"image\/jpeg"}],"twitter_card":"summary_large_image","twitter_misc":{"Est. reading time":"1 minute"},"schema":{"@context":"https:\/\/schema.org","@graph":[{"@type":"WebPage","@id":"https:\/\/guitarradegranada.com\/en\/product\/prudencio-saez-flamenco-guitar-6-fp\/","url":"https:\/\/guitarradegranada.com\/en\/product\/prudencio-saez-flamenco-guitar-6-fp\/","name":"\u25b7 Prudencio S\u00e1ez Flamenco Guitar 6-FP - LA GUITARRER\u00cdA DE GRANADA%.","isPartOf":{"@id":"https:\/\/guitarradegranada.com\/en\/#website"},"primaryImageOfPage":{"@id":"https:\/\/guitarradegranada.com\/en\/product\/prudencio-saez-flamenco-guitar-6-fp\/#primaryimage"},"image":{"@id":"https:\/\/guitarradegranada.com\/en\/product\/prudencio-saez-flamenco-guitar-6-fp\/#primaryimage"},"thumbnailUrl":"https:\/\/guitarradegranada.com\/wp-content\/uploads\/2021\/02\/img_8818.jpeg","datePublished":"2021-02-05T01:43:37+00:00","dateModified":"2026-03-23T16:01:26+00:00","description":"Professional flamenco guitar Prudencio S\u00e1ez 6-FP made of Palo Santo de la India. Made 100% in Spain. | \u2708\ufe0f Free shipping 24\/48h.","breadcrumb":{"@id":"https:\/\/guitarradegranada.com\/en\/product\/prudencio-saez-flamenco-guitar-6-fp\/#breadcrumb"},"inLanguage":"en-US","potentialAction":[{"@type":"ReadAction","target":["https:\/\/guitarradegranada.com\/en\/product\/prudencio-saez-flamenco-guitar-6-fp\/"]}]},{"@type":"ImageObject","inLanguage":"en-US","@id":"https:\/\/guitarradegranada.com\/en\/product\/prudencio-saez-flamenco-guitar-6-fp\/#primaryimage","url":"https:\/\/guitarradegranada.com\/wp-content\/uploads\/2021\/02\/img_8818.jpeg","contentUrl":"https:\/\/guitarradegranada.com\/wp-content\/uploads\/2021\/02\/img_8818.jpeg","width":1000,"height":1000,"caption":"Prudencio S\u00e1ez 6-FP"},{"@type":"BreadcrumbList","@id":"https:\/\/guitarradegranada.com\/en\/product\/prudencio-saez-flamenco-guitar-6-fp\/#breadcrumb","itemListElement":[{"@type":"ListItem","position":1,"name":"Portada","item":"https:\/\/guitarradegranada.com\/en\/"},{"@type":"ListItem","position":2,"name":"Store","item":"https:\/\/guitarradegranada.com\/en\/store\/"},{"@type":"ListItem","position":3,"name":"Prudencio S\u00e1ez Flamenco Guitar 6-FP"}]},{"@type":"WebSite","@id":"https:\/\/guitarradegranada.com\/en\/#website","url":"https:\/\/guitarradegranada.com\/en\/","name":"LA GUITARRER\u00cdA DE GRANADA","description":"La Guitarrer\u00eda de Granada es un taller de lutheria artesano y una tienda d\u00f3nde puedes encontrar guitarras artesanas flamencas, cl\u00e1sicas y todos los accesorios para guitarristas","publisher":{"@id":"https:\/\/guitarradegranada.com\/en\/#organization"},"potentialAction":[{"@type":"SearchAction","target":{"@type":"EntryPoint","urlTemplate":"https:\/\/guitarradegranada.com\/en\/?s={search_term_string}"},"query-input":{"@type":"PropertyValueSpecification","valueRequired":true,"valueName":"search_term_string"}}],"inLanguage":"en-US"},{"@type":"Organization","@id":"https:\/\/guitarradegranada.com\/en\/#organization","name":"Guitarra de Granada","url":"https:\/\/guitarradegranada.com\/en\/","logo":{"@type":"ImageObject","inLanguage":"en-US","@id":"https:\/\/guitarradegranada.com\/en\/#\/schema\/logo\/image\/","url":"https:\/\/guitarradegranada.com\/wp-content\/uploads\/2020\/05\/Logo-Guitarra-de-Granada.png","contentUrl":"https:\/\/guitarradegranada.com\/wp-content\/uploads\/2020\/05\/Logo-Guitarra-de-Granada.png","width":1314,"height":219,"caption":"Guitarra de Granada"},"image":{"@id":"https:\/\/guitarradegranada.com\/en\/#\/schema\/logo\/image\/"}}]}},"jetpack_publicize_connections":[],"jetpack_sharing_enabled":true,"amp_enabled":true,"_links":{"self":[{"href":"https:\/\/guitarradegranada.com\/en\/wp-json\/wp\/v2\/product\/7667","targetHints":{"allow":["GET"]}}],"collection":[{"href":"https:\/\/guitarradegranada.com\/en\/wp-json\/wp\/v2\/product"}],"about":[{"href":"https:\/\/guitarradegranada.com\/en\/wp-json\/wp\/v2\/types\/product"}],"wp:featuredmedia":[{"embeddable":true,"href":"https:\/\/guitarradegranada.com\/en\/wp-json\/wp\/v2\/media\/3987"}],"wp:attachment":[{"href":"https:\/\/guitarradegranada.com\/en\/wp-json\/wp\/v2\/media?parent=7667"}],"wp:term":[{"taxonomy":"product_brand","embeddable":true,"href":"https:\/\/guitarradegranada.com\/en\/wp-json\/wp\/v2\/product_brand?post=7667"},{"taxonomy":"product_cat","embeddable":true,"href":"https:\/\/guitarradegranada.com\/en\/wp-json\/wp\/v2\/product_cat?post=7667"},{"taxonomy":"product_tag","embeddable":true,"href":"https:\/\/guitarradegranada.com\/en\/wp-json\/wp\/v2\/product_tag?post=7667"}],"curies":[{"name":"wp","href":"https:\/\/api.w.org\/{rel}","templated":true}]}}