{"id":7665,"date":"2021-02-05T02:03:54","date_gmt":"2021-02-05T02:03:54","guid":{"rendered":"https:\/\/guitarradegranada.com\/producto\/flamenco-guitar-prudencio-saez-2-fl-17\/"},"modified":"2021-02-05T02:03:54","modified_gmt":"2021-02-05T02:03:54","slug":"flamenco-guitar-prudencio-saez-2-fl-17","status":"publish","type":"product","link":"https:\/\/guitarradegranada.com\/en\/product\/flamenco-guitar-prudencio-saez-2-fl-17\/","title":{"rendered":"Flamenco guitar Prudencio S\u00e1ez 2-FL (17)"},"content":{"rendered":"<p><strong>Flamenco guitar Prudencio S\u00e1ez 2-FL (formerly 17)<\/strong><\/p>\n<p>The 2-FL model is very similar to the 1-FL model but in its &#8220;black flamenco&#8221; version, with Indian rosewood sides and back. These woods add depth and good sustain to the sound. <\/p>\n<div class=\"tab-content responsive bugMargins\">\n<div id=\"tab-1\" class=\"JS_contentTab tab-pane fade in active\" data-tabid=\"tab-Caracter\u00edsticas\">\n<div class=\"ovhd prod_desc col-md-8 col-sm-12 col-xs-12\">\n<p>Guitars highly appreciated for their good value for money stand out above all for their very well selected woods and for a handcrafted construction that gives them a powerful, clean and colorful sound.<\/p>\n<p>A very comfortable black flamenca at a very good price.<\/p>\n<p>Made in Spain.<\/p>\n<p><strong>*Transparene knockout included installed.<\/strong><\/p>\n<div class=\"box1_t\"><strong>Technical specifications:<\/strong><\/div>\n<div><\/div>\n<div class=\"box1_cnt\">\n<table class=\"table3 w100\" width=\"392\">\n<tbody>\n<tr>\n<td class=\"t4\"><strong>Top<\/strong><\/td>\n<td class=\"t2\">Solid spruce<\/td>\n<\/tr>\n<tr>\n<td class=\"t4\"><strong>Mast<\/strong><\/td>\n<td class=\"t2\">Cedar<\/td>\n<\/tr>\n<tr>\n<td class=\"t4\"><strong>Back and sides<\/strong><\/td>\n<td class=\"t2\">Indian Rosewood<\/td>\n<\/tr>\n<tr>\n<td class=\"t4\"><strong>Fingerboard<\/strong><\/td>\n<td class=\"t2\">African ebony<\/td>\n<\/tr>\n<tr>\n<td class=\"t4\"><strong>Scale<\/strong><\/td>\n<td class=\"t2\">650 mm<\/td>\n<\/tr>\n<\/tbody>\n<\/table>\n<\/div>\n<\/div>\n<\/div>\n<\/div>\n<div class=\"clearfix\"><\/div>\n","protected":false},"excerpt":{"rendered":"<p><img loading=\"lazy\" decoding=\"async\" class=\"alignnone wp-image-1907\" src=\"https:\/\/guitarradegranada.com\/wp-content\/uploads\/2020\/05\/prudencio-saez-170-arce-e1590775781831-300x165.jpg\" alt=\"Prudencio Saez\" width=\"161\" height=\"89\" srcset=\"https:\/\/i0.wp.com\/guitarradegranada.com\/wp-content\/uploads\/2020\/05\/prudencio-saez-170-arce-e1590775781831.jpg?resize=300%2C165&amp;ssl=1 300w, https:\/\/i0.wp.com\/guitarradegranada.com\/wp-content\/uploads\/2020\/05\/prudencio-saez-170-arce-e1590775781831.jpg?resize=768%2C422&amp;ssl=1 768w, https:\/\/i0.wp.com\/guitarradegranada.com\/wp-content\/uploads\/2020\/05\/prudencio-saez-170-arce-e1590775781831.jpg?resize=560%2C308&amp;ssl=1 560w, https:\/\/i0.wp.com\/guitarradegranada.com\/wp-content\/uploads\/2020\/05\/prudencio-saez-170-arce-e1590775781831.jpg?resize=64%2C35&amp;ssl=1 64w, https:\/\/i0.wp.com\/guitarradegranada.com\/wp-content\/uploads\/2020\/05\/prudencio-saez-170-arce-e1590775781831.jpg?w=800&amp;ssl=1 800w\" sizes=\"auto, (max-width: 161px) 100vw, 161px\" \/><\/p>\n<p>Black flamenco guitar made of Palo Santo from India. Made 100% in Spain. <\/p>\n","protected":false},"featured_media":3993,"template":"","meta":{"_coblocks_attr":"","_coblocks_dimensions":"","_coblocks_responsive_height":"","_coblocks_accordion_ie_support":"","_crdt_document":"","jetpack_post_was_ever_published":false,"jetpack_publicize_message":"","jetpack_publicize_feature_enabled":true,"jetpack_social_post_already_shared":true,"jetpack_social_options":{"image_generator_settings":{"template":"highway","default_image_id":0,"font":"","enabled":false},"version":2},"_wpas_customize_per_network":false},"product_brand":[],"product_cat":[50518903,50518905,50518898,50518909],"product_tag":[50518940,50518960],"class_list":{"0":"post-7665","1":"product","2":"type-product","3":"status-publish","4":"has-post-thumbnail","6":"product_cat-flamenco-guitars","7":"product_cat-flamenco-studio-guitars","8":"product_cat-classical-and-flamenco-guitars","9":"product_cat-other-instruments","10":"product_tag-flamenco-guitar","11":"product_tag-prudencio-saez-guitars","12":"product_shipping_class-guitar-shipment","14":"first","15":"instock","16":"sale","17":"taxable","18":"shipping-taxable","19":"purchasable","20":"product-type-simple"},"bundled_by":[],"bundle_stock_status":"instock","bundle_stock_quantity":null,"bundle_virtual":false,"bundle_layout":"","bundle_add_to_cart_form_location":"","bundle_editable_in_cart":false,"bundle_sold_individually_context":"","bundle_item_grouping":"","bundle_min_size":"","bundle_max_size":"","bundle_price":[],"bundled_items":[],"bundle_sell_ids":[],"group_of_quantity":0,"min_quantity":0,"max_quantity":"","exclude_order_quantity_value_rules":"no","exclude_category_quantity_rules":"no","combine_variations":"no","exclude_global_add_ons":[],"addons":[],"yoast_head":"<!-- This site is optimized with the Yoast SEO plugin v27.3 - https:\/\/yoast.com\/product\/yoast-seo-wordpress\/ -->\n<title>\u25b7 Flamenco guitar Prudencio S\u00e1ez 2-FL (17) - LA GUITARRER\u00cdA DE GRANADA%.<\/title>\n<meta name=\"description\" content=\"Prudecio Saez 2-FL Palo Santo de la India flamenco guitar. Made 100% in Spain. | \u2708\ufe0f Free shipping 24\/48h.\" \/>\n<meta name=\"robots\" content=\"index, follow, max-snippet:-1, max-image-preview:large, max-video-preview:-1\" \/>\n<link rel=\"canonical\" href=\"https:\/\/guitarradegranada.com\/en\/product\/flamenco-guitar-prudencio-saez-2-fl-17\/\" \/>\n<meta property=\"og:locale\" content=\"en_US\" \/>\n<meta property=\"og:type\" content=\"article\" \/>\n<meta property=\"og:title\" content=\"\u25b7 Flamenco guitar Prudencio S\u00e1ez 2-FL (17) - LA GUITARRER\u00cdA DE GRANADA%.\" \/>\n<meta property=\"og:description\" content=\"Prudecio Saez 2-FL Palo Santo de la India flamenco guitar. Made 100% in Spain. | \u2708\ufe0f Free shipping 24\/48h.\" \/>\n<meta property=\"og:url\" content=\"https:\/\/guitarradegranada.com\/en\/product\/flamenco-guitar-prudencio-saez-2-fl-17\/\" \/>\n<meta property=\"og:site_name\" content=\"LA GUITARRER\u00cdA DE GRANADA\" \/>\n<meta property=\"og:image\" content=\"https:\/\/i0.wp.com\/guitarradegranada.com\/wp-content\/uploads\/2021\/02\/img_8818-1.jpeg?fit=1000%2C1000&ssl=1\" \/>\n\t<meta property=\"og:image:width\" content=\"1000\" \/>\n\t<meta property=\"og:image:height\" content=\"1000\" \/>\n\t<meta property=\"og:image:type\" content=\"image\/jpeg\" \/>\n<meta name=\"twitter:card\" content=\"summary_large_image\" \/>\n<meta name=\"twitter:label1\" content=\"Est. reading time\" \/>\n\t<meta name=\"twitter:data1\" content=\"1 minute\" \/>\n<script type=\"application\/ld+json\" class=\"yoast-schema-graph\">{\"@context\":\"https:\\\/\\\/schema.org\",\"@graph\":[{\"@type\":\"WebPage\",\"@id\":\"https:\\\/\\\/guitarradegranada.com\\\/en\\\/product\\\/flamenco-guitar-prudencio-saez-2-fl-17\\\/\",\"url\":\"https:\\\/\\\/guitarradegranada.com\\\/en\\\/product\\\/flamenco-guitar-prudencio-saez-2-fl-17\\\/\",\"name\":\"\u25b7 Flamenco guitar Prudencio S\u00e1ez 2-FL (17) - LA GUITARRER\u00cdA DE GRANADA%.\",\"isPartOf\":{\"@id\":\"https:\\\/\\\/guitarradegranada.com\\\/en\\\/#website\"},\"primaryImageOfPage\":{\"@id\":\"https:\\\/\\\/guitarradegranada.com\\\/en\\\/product\\\/flamenco-guitar-prudencio-saez-2-fl-17\\\/#primaryimage\"},\"image\":{\"@id\":\"https:\\\/\\\/guitarradegranada.com\\\/en\\\/product\\\/flamenco-guitar-prudencio-saez-2-fl-17\\\/#primaryimage\"},\"thumbnailUrl\":\"https:\\\/\\\/i0.wp.com\\\/guitarradegranada.com\\\/wp-content\\\/uploads\\\/2021\\\/02\\\/img_8818-1.jpeg?fit=1000%2C1000&ssl=1\",\"datePublished\":\"2021-02-05T02:03:54+00:00\",\"description\":\"Prudecio Saez 2-FL Palo Santo de la India flamenco guitar. Made 100% in Spain. | \u2708\ufe0f Free shipping 24\\\/48h.\",\"breadcrumb\":{\"@id\":\"https:\\\/\\\/guitarradegranada.com\\\/en\\\/product\\\/flamenco-guitar-prudencio-saez-2-fl-17\\\/#breadcrumb\"},\"inLanguage\":\"en-US\",\"potentialAction\":[{\"@type\":\"ReadAction\",\"target\":[\"https:\\\/\\\/guitarradegranada.com\\\/en\\\/product\\\/flamenco-guitar-prudencio-saez-2-fl-17\\\/\"]}]},{\"@type\":\"ImageObject\",\"inLanguage\":\"en-US\",\"@id\":\"https:\\\/\\\/guitarradegranada.com\\\/en\\\/product\\\/flamenco-guitar-prudencio-saez-2-fl-17\\\/#primaryimage\",\"url\":\"https:\\\/\\\/i0.wp.com\\\/guitarradegranada.com\\\/wp-content\\\/uploads\\\/2021\\\/02\\\/img_8818-1.jpeg?fit=1000%2C1000&ssl=1\",\"contentUrl\":\"https:\\\/\\\/i0.wp.com\\\/guitarradegranada.com\\\/wp-content\\\/uploads\\\/2021\\\/02\\\/img_8818-1.jpeg?fit=1000%2C1000&ssl=1\",\"width\":1000,\"height\":1000,\"caption\":\"Prudencio S\u00e1ez 2-FL\"},{\"@type\":\"BreadcrumbList\",\"@id\":\"https:\\\/\\\/guitarradegranada.com\\\/en\\\/product\\\/flamenco-guitar-prudencio-saez-2-fl-17\\\/#breadcrumb\",\"itemListElement\":[{\"@type\":\"ListItem\",\"position\":1,\"name\":\"Portada\",\"item\":\"https:\\\/\\\/guitarradegranada.com\\\/en\\\/\"},{\"@type\":\"ListItem\",\"position\":2,\"name\":\"Store\",\"item\":\"https:\\\/\\\/guitarradegranada.com\\\/en\\\/store\\\/\"},{\"@type\":\"ListItem\",\"position\":3,\"name\":\"Flamenco guitar Prudencio S\u00e1ez 2-FL (17)\"}]},{\"@type\":\"WebSite\",\"@id\":\"https:\\\/\\\/guitarradegranada.com\\\/en\\\/#website\",\"url\":\"https:\\\/\\\/guitarradegranada.com\\\/en\\\/\",\"name\":\"LA GUITARRER\u00cdA DE GRANADA\",\"description\":\"La Guitarrer\u00eda de Granada es un taller de lutheria artesano y una tienda d\u00f3nde puedes encontrar guitarras artesanas flamencas, cl\u00e1sicas y todos los accesorios para guitarristas\",\"publisher\":{\"@id\":\"https:\\\/\\\/guitarradegranada.com\\\/en\\\/#organization\"},\"potentialAction\":[{\"@type\":\"SearchAction\",\"target\":{\"@type\":\"EntryPoint\",\"urlTemplate\":\"https:\\\/\\\/guitarradegranada.com\\\/en\\\/?s={search_term_string}\"},\"query-input\":{\"@type\":\"PropertyValueSpecification\",\"valueRequired\":true,\"valueName\":\"search_term_string\"}}],\"inLanguage\":\"en-US\"},{\"@type\":\"Organization\",\"@id\":\"https:\\\/\\\/guitarradegranada.com\\\/en\\\/#organization\",\"name\":\"Guitarra de Granada\",\"url\":\"https:\\\/\\\/guitarradegranada.com\\\/en\\\/\",\"logo\":{\"@type\":\"ImageObject\",\"inLanguage\":\"en-US\",\"@id\":\"https:\\\/\\\/guitarradegranada.com\\\/en\\\/#\\\/schema\\\/logo\\\/image\\\/\",\"url\":\"https:\\\/\\\/guitarradegranada.com\\\/wp-content\\\/uploads\\\/2020\\\/05\\\/Logo-Guitarra-de-Granada.png\",\"contentUrl\":\"https:\\\/\\\/guitarradegranada.com\\\/wp-content\\\/uploads\\\/2020\\\/05\\\/Logo-Guitarra-de-Granada.png\",\"width\":1314,\"height\":219,\"caption\":\"Guitarra de Granada\"},\"image\":{\"@id\":\"https:\\\/\\\/guitarradegranada.com\\\/en\\\/#\\\/schema\\\/logo\\\/image\\\/\"}}]}<\/script>\n<!-- \/ Yoast SEO plugin. -->","yoast_head_json":{"title":"\u25b7 Flamenco guitar Prudencio S\u00e1ez 2-FL (17) - LA GUITARRER\u00cdA DE GRANADA%.","description":"Prudecio Saez 2-FL Palo Santo de la India flamenco guitar. Made 100% in Spain. | \u2708\ufe0f Free shipping 24\/48h.","robots":{"index":"index","follow":"follow","max-snippet":"max-snippet:-1","max-image-preview":"max-image-preview:large","max-video-preview":"max-video-preview:-1"},"canonical":"https:\/\/guitarradegranada.com\/en\/product\/flamenco-guitar-prudencio-saez-2-fl-17\/","og_locale":"en_US","og_type":"article","og_title":"\u25b7 Flamenco guitar Prudencio S\u00e1ez 2-FL (17) - LA GUITARRER\u00cdA DE GRANADA%.","og_description":"Prudecio Saez 2-FL Palo Santo de la India flamenco guitar. Made 100% in Spain. | \u2708\ufe0f Free shipping 24\/48h.","og_url":"https:\/\/guitarradegranada.com\/en\/product\/flamenco-guitar-prudencio-saez-2-fl-17\/","og_site_name":"LA GUITARRER\u00cdA DE GRANADA","og_image":[{"width":1000,"height":1000,"url":"https:\/\/i0.wp.com\/guitarradegranada.com\/wp-content\/uploads\/2021\/02\/img_8818-1.jpeg?fit=1000%2C1000&ssl=1","type":"image\/jpeg"}],"twitter_card":"summary_large_image","twitter_misc":{"Est. reading time":"1 minute"},"schema":{"@context":"https:\/\/schema.org","@graph":[{"@type":"WebPage","@id":"https:\/\/guitarradegranada.com\/en\/product\/flamenco-guitar-prudencio-saez-2-fl-17\/","url":"https:\/\/guitarradegranada.com\/en\/product\/flamenco-guitar-prudencio-saez-2-fl-17\/","name":"\u25b7 Flamenco guitar Prudencio S\u00e1ez 2-FL (17) - LA GUITARRER\u00cdA DE GRANADA%.","isPartOf":{"@id":"https:\/\/guitarradegranada.com\/en\/#website"},"primaryImageOfPage":{"@id":"https:\/\/guitarradegranada.com\/en\/product\/flamenco-guitar-prudencio-saez-2-fl-17\/#primaryimage"},"image":{"@id":"https:\/\/guitarradegranada.com\/en\/product\/flamenco-guitar-prudencio-saez-2-fl-17\/#primaryimage"},"thumbnailUrl":"https:\/\/i0.wp.com\/guitarradegranada.com\/wp-content\/uploads\/2021\/02\/img_8818-1.jpeg?fit=1000%2C1000&ssl=1","datePublished":"2021-02-05T02:03:54+00:00","description":"Prudecio Saez 2-FL Palo Santo de la India flamenco guitar. Made 100% in Spain. | \u2708\ufe0f Free shipping 24\/48h.","breadcrumb":{"@id":"https:\/\/guitarradegranada.com\/en\/product\/flamenco-guitar-prudencio-saez-2-fl-17\/#breadcrumb"},"inLanguage":"en-US","potentialAction":[{"@type":"ReadAction","target":["https:\/\/guitarradegranada.com\/en\/product\/flamenco-guitar-prudencio-saez-2-fl-17\/"]}]},{"@type":"ImageObject","inLanguage":"en-US","@id":"https:\/\/guitarradegranada.com\/en\/product\/flamenco-guitar-prudencio-saez-2-fl-17\/#primaryimage","url":"https:\/\/i0.wp.com\/guitarradegranada.com\/wp-content\/uploads\/2021\/02\/img_8818-1.jpeg?fit=1000%2C1000&ssl=1","contentUrl":"https:\/\/i0.wp.com\/guitarradegranada.com\/wp-content\/uploads\/2021\/02\/img_8818-1.jpeg?fit=1000%2C1000&ssl=1","width":1000,"height":1000,"caption":"Prudencio S\u00e1ez 2-FL"},{"@type":"BreadcrumbList","@id":"https:\/\/guitarradegranada.com\/en\/product\/flamenco-guitar-prudencio-saez-2-fl-17\/#breadcrumb","itemListElement":[{"@type":"ListItem","position":1,"name":"Portada","item":"https:\/\/guitarradegranada.com\/en\/"},{"@type":"ListItem","position":2,"name":"Store","item":"https:\/\/guitarradegranada.com\/en\/store\/"},{"@type":"ListItem","position":3,"name":"Flamenco guitar Prudencio S\u00e1ez 2-FL (17)"}]},{"@type":"WebSite","@id":"https:\/\/guitarradegranada.com\/en\/#website","url":"https:\/\/guitarradegranada.com\/en\/","name":"LA GUITARRER\u00cdA DE GRANADA","description":"La Guitarrer\u00eda de Granada es un taller de lutheria artesano y una tienda d\u00f3nde puedes encontrar guitarras artesanas flamencas, cl\u00e1sicas y todos los accesorios para guitarristas","publisher":{"@id":"https:\/\/guitarradegranada.com\/en\/#organization"},"potentialAction":[{"@type":"SearchAction","target":{"@type":"EntryPoint","urlTemplate":"https:\/\/guitarradegranada.com\/en\/?s={search_term_string}"},"query-input":{"@type":"PropertyValueSpecification","valueRequired":true,"valueName":"search_term_string"}}],"inLanguage":"en-US"},{"@type":"Organization","@id":"https:\/\/guitarradegranada.com\/en\/#organization","name":"Guitarra de Granada","url":"https:\/\/guitarradegranada.com\/en\/","logo":{"@type":"ImageObject","inLanguage":"en-US","@id":"https:\/\/guitarradegranada.com\/en\/#\/schema\/logo\/image\/","url":"https:\/\/guitarradegranada.com\/wp-content\/uploads\/2020\/05\/Logo-Guitarra-de-Granada.png","contentUrl":"https:\/\/guitarradegranada.com\/wp-content\/uploads\/2020\/05\/Logo-Guitarra-de-Granada.png","width":1314,"height":219,"caption":"Guitarra de Granada"},"image":{"@id":"https:\/\/guitarradegranada.com\/en\/#\/schema\/logo\/image\/"}}]}},"jetpack_publicize_connections":[],"jetpack_sharing_enabled":true,"amp_enabled":true,"_links":{"self":[{"href":"https:\/\/guitarradegranada.com\/en\/wp-json\/wp\/v2\/product\/7665","targetHints":{"allow":["GET"]}}],"collection":[{"href":"https:\/\/guitarradegranada.com\/en\/wp-json\/wp\/v2\/product"}],"about":[{"href":"https:\/\/guitarradegranada.com\/en\/wp-json\/wp\/v2\/types\/product"}],"wp:featuredmedia":[{"embeddable":true,"href":"https:\/\/guitarradegranada.com\/en\/wp-json\/wp\/v2\/media\/3993"}],"wp:attachment":[{"href":"https:\/\/guitarradegranada.com\/en\/wp-json\/wp\/v2\/media?parent=7665"}],"wp:term":[{"taxonomy":"product_brand","embeddable":true,"href":"https:\/\/guitarradegranada.com\/en\/wp-json\/wp\/v2\/product_brand?post=7665"},{"taxonomy":"product_cat","embeddable":true,"href":"https:\/\/guitarradegranada.com\/en\/wp-json\/wp\/v2\/product_cat?post=7665"},{"taxonomy":"product_tag","embeddable":true,"href":"https:\/\/guitarradegranada.com\/en\/wp-json\/wp\/v2\/product_tag?post=7665"}],"curies":[{"name":"wp","href":"https:\/\/api.w.org\/{rel}","templated":true}]}}