{"id":7649,"date":"2021-03-14T08:55:38","date_gmt":"2021-03-14T08:55:38","guid":{"rendered":"https:\/\/guitarradegranada.com\/producto\/schaller-grand-tune-classic-hauser-tuning-machine-heads\/"},"modified":"2021-03-14T08:55:38","modified_gmt":"2021-03-14T08:55:38","slug":"schaller-grand-tune-classic-hauser-tuning-machine-heads","status":"publish","type":"product","link":"https:\/\/guitarradegranada.com\/en\/product\/schaller-grand-tune-classic-hauser-tuning-machine-heads\/","title":{"rendered":"Schaller Grand Tune Classic Hauser tuning machine heads"},"content":{"rendered":"<p><strong>Schaller Grand Tune Classic Hausser<\/strong><\/p>\n<p>Tuning pegbox for classical and flamenco guitar. Superior quality components, innovative design and meticulous craftsmanship combine to improve tuning performance. <\/p>\n<p>High precision tuning pegs with sealed bearings and aluminum rollers, satin gold finish, handmade pegs with Snakewood finish. Pack of six pegs in a box with screws. <\/p>\n<p>Made in Germany<\/p>\n","protected":false},"excerpt":{"rendered":"<figure id=\"attachment_2760\" aria-describedby=\"caption-attachment-2760\" style=\"width: 180px\" class=\"wp-caption alignnone\"><a href=\"https:\/\/guitarradegranada.com\/wp-content\/uploads\/2020\/08\/schaller_electronic_gmbh_logo.jpg\"><img loading=\"lazy\" decoding=\"async\" class=\" wp-image-2760\" src=\"https:\/\/guitarradegranada.com\/wp-content\/uploads\/2020\/08\/schaller_electronic_gmbh_logo.jpg\" alt=\"Schaller machines\" width=\"180\" height=\"84\" srcset=\"https:\/\/guitarradegranada.com\/wp-content\/uploads\/2020\/08\/schaller_electronic_gmbh_logo.jpg 300w, https:\/\/guitarradegranada.com\/wp-content\/uploads\/2020\/08\/schaller_electronic_gmbh_logo-64x30.jpg 64w\" sizes=\"auto, (max-width: 180px) 100vw, 180px\" \/><\/a><figcaption id=\"caption-attachment-2760\" class=\"wp-caption-text\">Headstock for classical and flamenco guitar. High quality components.<\/figcaption><\/figure>\n","protected":false},"featured_media":4139,"template":"","meta":{"_coblocks_attr":"","_coblocks_dimensions":"","_coblocks_responsive_height":"","_coblocks_accordion_ie_support":"","_crdt_document":"","jetpack_publicize_message":"","jetpack_publicize_feature_enabled":true,"jetpack_social_post_already_shared":true,"jetpack_social_options":{"image_generator_settings":{"template":"highway","default_image_id":0,"font":"","enabled":false},"version":2},"_wpas_customize_per_network":false},"product_brand":[],"product_cat":[50518879,50518883],"product_tag":[50518951],"class_list":{"0":"post-7649","1":"product","2":"type-product","3":"status-publish","4":"has-post-thumbnail","6":"product_cat-guitar-accessories","7":"product_cat-tuners","8":"product_tag-headstock","9":"product_shipping_class-small-accessories","11":"first","12":"outofstock","13":"sale","14":"taxable","15":"shipping-taxable","16":"purchasable","17":"product-type-simple"},"bundled_by":[],"bundle_stock_status":"outofstock","bundle_stock_quantity":null,"bundle_virtual":false,"bundle_layout":"","bundle_add_to_cart_form_location":"","bundle_editable_in_cart":false,"bundle_sold_individually_context":"","bundle_item_grouping":"","bundle_min_size":"","bundle_max_size":"","bundle_price":[],"bundled_items":[],"bundle_sell_ids":[],"group_of_quantity":0,"min_quantity":0,"max_quantity":"","exclude_order_quantity_value_rules":"no","exclude_category_quantity_rules":"no","combine_variations":"no","exclude_global_add_ons":[],"addons":[],"yoast_head":"<!-- This site is optimized with the Yoast SEO plugin v27.4 - https:\/\/yoast.com\/product\/yoast-seo-wordpress\/ -->\n<title>\u25b7Schaller Grand Tune Classic Hauser tuning machine heads% -% LA GUITARRER\u00cdA DE GRANADA%.<\/title>\n<meta name=\"description\" content=\"Schaller Grand Tune Classic Hausser headstock for classical and flamenco guitar. Superior quality components and meticulous craftsmanship.\" \/>\n<meta name=\"robots\" content=\"index, follow, max-snippet:-1, max-image-preview:large, max-video-preview:-1\" \/>\n<link rel=\"canonical\" href=\"https:\/\/guitarradegranada.com\/en\/product\/schaller-grand-tune-classic-hauser-tuning-machine-heads\/\" \/>\n<meta property=\"og:locale\" content=\"en_US\" \/>\n<meta property=\"og:type\" content=\"article\" \/>\n<meta property=\"og:title\" content=\"\u25b7Schaller Grand Tune Classic Hauser tuning machine heads% -% LA GUITARRER\u00cdA DE GRANADA%.\" \/>\n<meta property=\"og:description\" content=\"Schaller Grand Tune Classic Hausser headstock for classical and flamenco guitar. Superior quality components and meticulous craftsmanship.\" \/>\n<meta property=\"og:url\" content=\"https:\/\/guitarradegranada.com\/en\/product\/schaller-grand-tune-classic-hauser-tuning-machine-heads\/\" \/>\n<meta property=\"og:site_name\" content=\"LA GUITARRER\u00cdA DE GRANADA\" \/>\n<meta property=\"og:image\" content=\"https:\/\/i0.wp.com\/guitarradegranada.com\/wp-content\/uploads\/2021\/03\/img_9523.jpeg?fit=1280%2C960&ssl=1\" \/>\n\t<meta property=\"og:image:width\" content=\"1280\" \/>\n\t<meta property=\"og:image:height\" content=\"960\" \/>\n\t<meta property=\"og:image:type\" content=\"image\/jpeg\" \/>\n<meta name=\"twitter:card\" content=\"summary_large_image\" \/>\n<script type=\"application\/ld+json\" class=\"yoast-schema-graph\">{\"@context\":\"https:\\\/\\\/schema.org\",\"@graph\":[{\"@type\":\"WebPage\",\"@id\":\"https:\\\/\\\/guitarradegranada.com\\\/en\\\/product\\\/schaller-grand-tune-classic-hauser-tuning-machine-heads\\\/\",\"url\":\"https:\\\/\\\/guitarradegranada.com\\\/en\\\/product\\\/schaller-grand-tune-classic-hauser-tuning-machine-heads\\\/\",\"name\":\"\u25b7Schaller Grand Tune Classic Hauser tuning machine heads% -% LA GUITARRER\u00cdA DE GRANADA%.\",\"isPartOf\":{\"@id\":\"https:\\\/\\\/guitarradegranada.com\\\/en\\\/#website\"},\"primaryImageOfPage\":{\"@id\":\"https:\\\/\\\/guitarradegranada.com\\\/en\\\/product\\\/schaller-grand-tune-classic-hauser-tuning-machine-heads\\\/#primaryimage\"},\"image\":{\"@id\":\"https:\\\/\\\/guitarradegranada.com\\\/en\\\/product\\\/schaller-grand-tune-classic-hauser-tuning-machine-heads\\\/#primaryimage\"},\"thumbnailUrl\":\"https:\\\/\\\/guitarradegranada.com\\\/wp-content\\\/uploads\\\/2021\\\/03\\\/img_9523.jpeg\",\"datePublished\":\"2021-03-14T08:55:38+00:00\",\"description\":\"Schaller Grand Tune Classic Hausser headstock for classical and flamenco guitar. Superior quality components and meticulous craftsmanship.\",\"breadcrumb\":{\"@id\":\"https:\\\/\\\/guitarradegranada.com\\\/en\\\/product\\\/schaller-grand-tune-classic-hauser-tuning-machine-heads\\\/#breadcrumb\"},\"inLanguage\":\"en-US\",\"potentialAction\":[{\"@type\":\"ReadAction\",\"target\":[\"https:\\\/\\\/guitarradegranada.com\\\/en\\\/product\\\/schaller-grand-tune-classic-hauser-tuning-machine-heads\\\/\"]}]},{\"@type\":\"ImageObject\",\"inLanguage\":\"en-US\",\"@id\":\"https:\\\/\\\/guitarradegranada.com\\\/en\\\/product\\\/schaller-grand-tune-classic-hauser-tuning-machine-heads\\\/#primaryimage\",\"url\":\"https:\\\/\\\/guitarradegranada.com\\\/wp-content\\\/uploads\\\/2021\\\/03\\\/img_9523.jpeg\",\"contentUrl\":\"https:\\\/\\\/guitarradegranada.com\\\/wp-content\\\/uploads\\\/2021\\\/03\\\/img_9523.jpeg\",\"width\":1280,\"height\":960},{\"@type\":\"BreadcrumbList\",\"@id\":\"https:\\\/\\\/guitarradegranada.com\\\/en\\\/product\\\/schaller-grand-tune-classic-hauser-tuning-machine-heads\\\/#breadcrumb\",\"itemListElement\":[{\"@type\":\"ListItem\",\"position\":1,\"name\":\"Portada\",\"item\":\"https:\\\/\\\/guitarradegranada.com\\\/en\\\/\"},{\"@type\":\"ListItem\",\"position\":2,\"name\":\"Store\",\"item\":\"https:\\\/\\\/guitarradegranada.com\\\/en\\\/store\\\/\"},{\"@type\":\"ListItem\",\"position\":3,\"name\":\"Schaller Grand Tune Classic Hauser tuning machine heads\"}]},{\"@type\":\"WebSite\",\"@id\":\"https:\\\/\\\/guitarradegranada.com\\\/en\\\/#website\",\"url\":\"https:\\\/\\\/guitarradegranada.com\\\/en\\\/\",\"name\":\"LA GUITARRER\u00cdA DE GRANADA\",\"description\":\"La Guitarrer\u00eda de Granada es un taller de lutheria artesano y una tienda d\u00f3nde puedes encontrar guitarras artesanas flamencas, cl\u00e1sicas y todos los accesorios para guitarristas\",\"publisher\":{\"@id\":\"https:\\\/\\\/guitarradegranada.com\\\/en\\\/#organization\"},\"potentialAction\":[{\"@type\":\"SearchAction\",\"target\":{\"@type\":\"EntryPoint\",\"urlTemplate\":\"https:\\\/\\\/guitarradegranada.com\\\/en\\\/?s={search_term_string}\"},\"query-input\":{\"@type\":\"PropertyValueSpecification\",\"valueRequired\":true,\"valueName\":\"search_term_string\"}}],\"inLanguage\":\"en-US\"},{\"@type\":\"Organization\",\"@id\":\"https:\\\/\\\/guitarradegranada.com\\\/en\\\/#organization\",\"name\":\"Guitarra de Granada\",\"url\":\"https:\\\/\\\/guitarradegranada.com\\\/en\\\/\",\"logo\":{\"@type\":\"ImageObject\",\"inLanguage\":\"en-US\",\"@id\":\"https:\\\/\\\/guitarradegranada.com\\\/en\\\/#\\\/schema\\\/logo\\\/image\\\/\",\"url\":\"https:\\\/\\\/guitarradegranada.com\\\/wp-content\\\/uploads\\\/2020\\\/05\\\/Logo-Guitarra-de-Granada.png\",\"contentUrl\":\"https:\\\/\\\/guitarradegranada.com\\\/wp-content\\\/uploads\\\/2020\\\/05\\\/Logo-Guitarra-de-Granada.png\",\"width\":1314,\"height\":219,\"caption\":\"Guitarra de Granada\"},\"image\":{\"@id\":\"https:\\\/\\\/guitarradegranada.com\\\/en\\\/#\\\/schema\\\/logo\\\/image\\\/\"}}]}<\/script>\n<!-- \/ Yoast SEO plugin. -->","yoast_head_json":{"title":"\u25b7Schaller Grand Tune Classic Hauser tuning machine heads% -% LA GUITARRER\u00cdA DE GRANADA%.","description":"Schaller Grand Tune Classic Hausser headstock for classical and flamenco guitar. Superior quality components and meticulous craftsmanship.","robots":{"index":"index","follow":"follow","max-snippet":"max-snippet:-1","max-image-preview":"max-image-preview:large","max-video-preview":"max-video-preview:-1"},"canonical":"https:\/\/guitarradegranada.com\/en\/product\/schaller-grand-tune-classic-hauser-tuning-machine-heads\/","og_locale":"en_US","og_type":"article","og_title":"\u25b7Schaller Grand Tune Classic Hauser tuning machine heads% -% LA GUITARRER\u00cdA DE GRANADA%.","og_description":"Schaller Grand Tune Classic Hausser headstock for classical and flamenco guitar. Superior quality components and meticulous craftsmanship.","og_url":"https:\/\/guitarradegranada.com\/en\/product\/schaller-grand-tune-classic-hauser-tuning-machine-heads\/","og_site_name":"LA GUITARRER\u00cdA DE GRANADA","og_image":[{"width":1280,"height":960,"url":"https:\/\/i0.wp.com\/guitarradegranada.com\/wp-content\/uploads\/2021\/03\/img_9523.jpeg?fit=1280%2C960&ssl=1","type":"image\/jpeg"}],"twitter_card":"summary_large_image","schema":{"@context":"https:\/\/schema.org","@graph":[{"@type":"WebPage","@id":"https:\/\/guitarradegranada.com\/en\/product\/schaller-grand-tune-classic-hauser-tuning-machine-heads\/","url":"https:\/\/guitarradegranada.com\/en\/product\/schaller-grand-tune-classic-hauser-tuning-machine-heads\/","name":"\u25b7Schaller Grand Tune Classic Hauser tuning machine heads% -% LA GUITARRER\u00cdA DE GRANADA%.","isPartOf":{"@id":"https:\/\/guitarradegranada.com\/en\/#website"},"primaryImageOfPage":{"@id":"https:\/\/guitarradegranada.com\/en\/product\/schaller-grand-tune-classic-hauser-tuning-machine-heads\/#primaryimage"},"image":{"@id":"https:\/\/guitarradegranada.com\/en\/product\/schaller-grand-tune-classic-hauser-tuning-machine-heads\/#primaryimage"},"thumbnailUrl":"https:\/\/guitarradegranada.com\/wp-content\/uploads\/2021\/03\/img_9523.jpeg","datePublished":"2021-03-14T08:55:38+00:00","description":"Schaller Grand Tune Classic Hausser headstock for classical and flamenco guitar. Superior quality components and meticulous craftsmanship.","breadcrumb":{"@id":"https:\/\/guitarradegranada.com\/en\/product\/schaller-grand-tune-classic-hauser-tuning-machine-heads\/#breadcrumb"},"inLanguage":"en-US","potentialAction":[{"@type":"ReadAction","target":["https:\/\/guitarradegranada.com\/en\/product\/schaller-grand-tune-classic-hauser-tuning-machine-heads\/"]}]},{"@type":"ImageObject","inLanguage":"en-US","@id":"https:\/\/guitarradegranada.com\/en\/product\/schaller-grand-tune-classic-hauser-tuning-machine-heads\/#primaryimage","url":"https:\/\/guitarradegranada.com\/wp-content\/uploads\/2021\/03\/img_9523.jpeg","contentUrl":"https:\/\/guitarradegranada.com\/wp-content\/uploads\/2021\/03\/img_9523.jpeg","width":1280,"height":960},{"@type":"BreadcrumbList","@id":"https:\/\/guitarradegranada.com\/en\/product\/schaller-grand-tune-classic-hauser-tuning-machine-heads\/#breadcrumb","itemListElement":[{"@type":"ListItem","position":1,"name":"Portada","item":"https:\/\/guitarradegranada.com\/en\/"},{"@type":"ListItem","position":2,"name":"Store","item":"https:\/\/guitarradegranada.com\/en\/store\/"},{"@type":"ListItem","position":3,"name":"Schaller Grand Tune Classic Hauser tuning machine heads"}]},{"@type":"WebSite","@id":"https:\/\/guitarradegranada.com\/en\/#website","url":"https:\/\/guitarradegranada.com\/en\/","name":"LA GUITARRER\u00cdA DE GRANADA","description":"La Guitarrer\u00eda de Granada es un taller de lutheria artesano y una tienda d\u00f3nde puedes encontrar guitarras artesanas flamencas, cl\u00e1sicas y todos los accesorios para guitarristas","publisher":{"@id":"https:\/\/guitarradegranada.com\/en\/#organization"},"potentialAction":[{"@type":"SearchAction","target":{"@type":"EntryPoint","urlTemplate":"https:\/\/guitarradegranada.com\/en\/?s={search_term_string}"},"query-input":{"@type":"PropertyValueSpecification","valueRequired":true,"valueName":"search_term_string"}}],"inLanguage":"en-US"},{"@type":"Organization","@id":"https:\/\/guitarradegranada.com\/en\/#organization","name":"Guitarra de Granada","url":"https:\/\/guitarradegranada.com\/en\/","logo":{"@type":"ImageObject","inLanguage":"en-US","@id":"https:\/\/guitarradegranada.com\/en\/#\/schema\/logo\/image\/","url":"https:\/\/guitarradegranada.com\/wp-content\/uploads\/2020\/05\/Logo-Guitarra-de-Granada.png","contentUrl":"https:\/\/guitarradegranada.com\/wp-content\/uploads\/2020\/05\/Logo-Guitarra-de-Granada.png","width":1314,"height":219,"caption":"Guitarra de Granada"},"image":{"@id":"https:\/\/guitarradegranada.com\/en\/#\/schema\/logo\/image\/"}}]}},"jetpack_publicize_connections":[],"jetpack_sharing_enabled":true,"amp_enabled":true,"_links":{"self":[{"href":"https:\/\/guitarradegranada.com\/en\/wp-json\/wp\/v2\/product\/7649","targetHints":{"allow":["GET"]}}],"collection":[{"href":"https:\/\/guitarradegranada.com\/en\/wp-json\/wp\/v2\/product"}],"about":[{"href":"https:\/\/guitarradegranada.com\/en\/wp-json\/wp\/v2\/types\/product"}],"wp:featuredmedia":[{"embeddable":true,"href":"https:\/\/guitarradegranada.com\/en\/wp-json\/wp\/v2\/media\/4139"}],"wp:attachment":[{"href":"https:\/\/guitarradegranada.com\/en\/wp-json\/wp\/v2\/media?parent=7649"}],"wp:term":[{"taxonomy":"product_brand","embeddable":true,"href":"https:\/\/guitarradegranada.com\/en\/wp-json\/wp\/v2\/product_brand?post=7649"},{"taxonomy":"product_cat","embeddable":true,"href":"https:\/\/guitarradegranada.com\/en\/wp-json\/wp\/v2\/product_cat?post=7649"},{"taxonomy":"product_tag","embeddable":true,"href":"https:\/\/guitarradegranada.com\/en\/wp-json\/wp\/v2\/product_tag?post=7649"}],"curies":[{"name":"wp","href":"https:\/\/api.w.org\/{rel}","templated":true}]}}