{"id":7646,"date":"2021-03-15T18:16:10","date_gmt":"2021-03-15T18:16:10","guid":{"rendered":"https:\/\/guitarradegranada.com\/producto\/daddario-shine-spray-cleaner-pw-pl-03\/"},"modified":"2021-03-15T18:16:10","modified_gmt":"2021-03-15T18:16:10","slug":"daddario-shine-spray-cleaner-pw-pl-03","status":"publish","type":"product","link":"https:\/\/guitarradegranada.com\/en\/product\/daddario-shine-spray-cleaner-pw-pl-03\/","title":{"rendered":"D&#8217;Addario Shine Spray Cleaner PW-PL 03"},"content":{"rendered":"<div class=\"prod-static-media\">\n<p><strong>D&#8217;Addario Shine Spray Cleaner PW-PL 03<\/strong><\/p>\n<p>D&#8217;Addario Shine Spray Cleaner PW-PL 03 is a daily use polish for cleaning all types of instruments with all types of finishes. It removes dust, fingerprints and surface marks while enhancing the shine of your instrument. <\/p>\n<div class=\"rs-prod-keyfeatures\">\n<table class=\"rs-text\">\n<tbody>\n<tr>\n<th>Set<\/th>\n<td>No<\/td>\n<\/tr>\n<tr>\n<th>Polishing<\/th>\n<td>Yes<\/td>\n<\/tr>\n<tr>\n<th>Cleaner<\/th>\n<td>Yes<\/td>\n<\/tr>\n<tr>\n<th>Rope cleaner<\/th>\n<td>No<\/td>\n<\/tr>\n<tr>\n<th>Cloth<\/th>\n<td>No<\/td>\n<\/tr>\n<tr>\n<th>Wax<\/th>\n<td>No<\/td>\n<\/tr>\n<\/tbody>\n<\/table>\n<\/div>\n<\/div>\n","protected":false},"excerpt":{"rendered":"<p><a href=\"https:\/\/guitarradegranada.com\/wp-content\/uploads\/2020\/05\/350387896949-e1597017552451.jpg\"><img loading=\"lazy\" decoding=\"async\" class=\" wp-image-1908\" src=\"https:\/\/guitarradegranada.com\/wp-content\/uploads\/2020\/05\/350387896949-300x83.jpg\" alt=\"d'addario\" width=\"177\" height=\"49\"><\/a><\/p>\n<p>Removes dust, fingerprints and surface marks while enhancing the shine of your instrument. For daily use on all types of instruments and finishes. <\/p>\n","protected":false},"featured_media":4147,"template":"","meta":{"_coblocks_attr":"","_coblocks_dimensions":"","_coblocks_responsive_height":"","_coblocks_accordion_ie_support":"","_crdt_document":"","jetpack_publicize_message":"","jetpack_publicize_feature_enabled":true,"jetpack_social_post_already_shared":true,"jetpack_social_options":{"image_generator_settings":{"template":"highway","default_image_id":0,"font":"","enabled":false},"version":2},"_wpas_customize_per_network":false},"product_brand":[],"product_cat":[50518879,50518888],"product_tag":[50518957],"class_list":{"0":"post-7646","1":"product","2":"type-product","3":"status-publish","4":"has-post-thumbnail","6":"product_cat-guitar-accessories","7":"product_cat-cleaning-and-care","8":"product_tag-cleaning-and-care","9":"product_shipping_class-cejillas-artesanas","11":"first","12":"outofstock","13":"sale","14":"taxable","15":"shipping-taxable","16":"purchasable","17":"product-type-simple"},"bundled_by":[],"bundle_stock_status":"outofstock","bundle_stock_quantity":0,"bundle_virtual":false,"bundle_layout":"","bundle_add_to_cart_form_location":"","bundle_editable_in_cart":false,"bundle_sold_individually_context":"","bundle_item_grouping":"","bundle_min_size":"","bundle_max_size":"","bundle_price":[],"bundled_items":[],"bundle_sell_ids":[],"group_of_quantity":0,"min_quantity":0,"max_quantity":"","exclude_order_quantity_value_rules":"no","exclude_category_quantity_rules":"no","combine_variations":"no","exclude_global_add_ons":[],"addons":[],"yoast_head":"<!-- This site is optimized with the Yoast SEO plugin v27.4 - https:\/\/yoast.com\/product\/yoast-seo-wordpress\/ -->\n<title>\u25b7D&#039;Addario Shine Spray Cleaner PW-PL 03% -% LA GUITARRER\u00cdA DE GRANADA%.<\/title>\n<meta name=\"description\" content=\"D&#039;Addario Cleaner Spray removes dust, fingerprints and surface marks and enhances the brilliance of your instrument.\" \/>\n<meta name=\"robots\" content=\"index, follow, max-snippet:-1, max-image-preview:large, max-video-preview:-1\" \/>\n<link rel=\"canonical\" href=\"https:\/\/guitarradegranada.com\/en\/product\/daddario-shine-spray-cleaner-pw-pl-03\/\" \/>\n<meta property=\"og:locale\" content=\"en_US\" \/>\n<meta property=\"og:type\" content=\"article\" \/>\n<meta property=\"og:title\" content=\"\u25b7D&#039;Addario Shine Spray Cleaner PW-PL 03% -% LA GUITARRER\u00cdA DE GRANADA%.\" \/>\n<meta property=\"og:description\" content=\"D&#039;Addario Cleaner Spray removes dust, fingerprints and surface marks and enhances the brilliance of your instrument.\" \/>\n<meta property=\"og:url\" content=\"https:\/\/guitarradegranada.com\/en\/product\/daddario-shine-spray-cleaner-pw-pl-03\/\" \/>\n<meta property=\"og:site_name\" content=\"LA GUITARRER\u00cdA DE GRANADA\" \/>\n<meta property=\"og:image\" content=\"https:\/\/i0.wp.com\/guitarradegranada.com\/wp-content\/uploads\/2021\/03\/11911201_800.jpg?fit=293%2C600&ssl=1\" \/>\n\t<meta property=\"og:image:width\" content=\"293\" \/>\n\t<meta property=\"og:image:height\" content=\"600\" \/>\n\t<meta property=\"og:image:type\" content=\"image\/jpeg\" \/>\n<meta name=\"twitter:card\" content=\"summary_large_image\" \/>\n<script type=\"application\/ld+json\" class=\"yoast-schema-graph\">{\"@context\":\"https:\\\/\\\/schema.org\",\"@graph\":[{\"@type\":\"WebPage\",\"@id\":\"https:\\\/\\\/guitarradegranada.com\\\/en\\\/product\\\/daddario-shine-spray-cleaner-pw-pl-03\\\/\",\"url\":\"https:\\\/\\\/guitarradegranada.com\\\/en\\\/product\\\/daddario-shine-spray-cleaner-pw-pl-03\\\/\",\"name\":\"\u25b7D'Addario Shine Spray Cleaner PW-PL 03% -% LA GUITARRER\u00cdA DE GRANADA%.\",\"isPartOf\":{\"@id\":\"https:\\\/\\\/guitarradegranada.com\\\/en\\\/#website\"},\"primaryImageOfPage\":{\"@id\":\"https:\\\/\\\/guitarradegranada.com\\\/en\\\/product\\\/daddario-shine-spray-cleaner-pw-pl-03\\\/#primaryimage\"},\"image\":{\"@id\":\"https:\\\/\\\/guitarradegranada.com\\\/en\\\/product\\\/daddario-shine-spray-cleaner-pw-pl-03\\\/#primaryimage\"},\"thumbnailUrl\":\"https:\\\/\\\/guitarradegranada.com\\\/wp-content\\\/uploads\\\/2021\\\/03\\\/11911201_800.jpg\",\"datePublished\":\"2021-03-15T18:16:10+00:00\",\"description\":\"D'Addario Cleaner Spray removes dust, fingerprints and surface marks and enhances the brilliance of your instrument.\",\"breadcrumb\":{\"@id\":\"https:\\\/\\\/guitarradegranada.com\\\/en\\\/product\\\/daddario-shine-spray-cleaner-pw-pl-03\\\/#breadcrumb\"},\"inLanguage\":\"en-US\",\"potentialAction\":[{\"@type\":\"ReadAction\",\"target\":[\"https:\\\/\\\/guitarradegranada.com\\\/en\\\/product\\\/daddario-shine-spray-cleaner-pw-pl-03\\\/\"]}]},{\"@type\":\"ImageObject\",\"inLanguage\":\"en-US\",\"@id\":\"https:\\\/\\\/guitarradegranada.com\\\/en\\\/product\\\/daddario-shine-spray-cleaner-pw-pl-03\\\/#primaryimage\",\"url\":\"https:\\\/\\\/guitarradegranada.com\\\/wp-content\\\/uploads\\\/2021\\\/03\\\/11911201_800.jpg\",\"contentUrl\":\"https:\\\/\\\/guitarradegranada.com\\\/wp-content\\\/uploads\\\/2021\\\/03\\\/11911201_800.jpg\",\"width\":293,\"height\":600,\"caption\":\"D'Addario spray cleaner\"},{\"@type\":\"BreadcrumbList\",\"@id\":\"https:\\\/\\\/guitarradegranada.com\\\/en\\\/product\\\/daddario-shine-spray-cleaner-pw-pl-03\\\/#breadcrumb\",\"itemListElement\":[{\"@type\":\"ListItem\",\"position\":1,\"name\":\"Portada\",\"item\":\"https:\\\/\\\/guitarradegranada.com\\\/en\\\/\"},{\"@type\":\"ListItem\",\"position\":2,\"name\":\"Store\",\"item\":\"https:\\\/\\\/guitarradegranada.com\\\/en\\\/store\\\/\"},{\"@type\":\"ListItem\",\"position\":3,\"name\":\"D&#8217;Addario Shine Spray Cleaner PW-PL 03\"}]},{\"@type\":\"WebSite\",\"@id\":\"https:\\\/\\\/guitarradegranada.com\\\/en\\\/#website\",\"url\":\"https:\\\/\\\/guitarradegranada.com\\\/en\\\/\",\"name\":\"LA GUITARRER\u00cdA DE GRANADA\",\"description\":\"La Guitarrer\u00eda de Granada es un taller de lutheria artesano y una tienda d\u00f3nde puedes encontrar guitarras artesanas flamencas, cl\u00e1sicas y todos los accesorios para guitarristas\",\"publisher\":{\"@id\":\"https:\\\/\\\/guitarradegranada.com\\\/en\\\/#organization\"},\"potentialAction\":[{\"@type\":\"SearchAction\",\"target\":{\"@type\":\"EntryPoint\",\"urlTemplate\":\"https:\\\/\\\/guitarradegranada.com\\\/en\\\/?s={search_term_string}\"},\"query-input\":{\"@type\":\"PropertyValueSpecification\",\"valueRequired\":true,\"valueName\":\"search_term_string\"}}],\"inLanguage\":\"en-US\"},{\"@type\":\"Organization\",\"@id\":\"https:\\\/\\\/guitarradegranada.com\\\/en\\\/#organization\",\"name\":\"Guitarra de Granada\",\"url\":\"https:\\\/\\\/guitarradegranada.com\\\/en\\\/\",\"logo\":{\"@type\":\"ImageObject\",\"inLanguage\":\"en-US\",\"@id\":\"https:\\\/\\\/guitarradegranada.com\\\/en\\\/#\\\/schema\\\/logo\\\/image\\\/\",\"url\":\"https:\\\/\\\/guitarradegranada.com\\\/wp-content\\\/uploads\\\/2020\\\/05\\\/Logo-Guitarra-de-Granada.png\",\"contentUrl\":\"https:\\\/\\\/guitarradegranada.com\\\/wp-content\\\/uploads\\\/2020\\\/05\\\/Logo-Guitarra-de-Granada.png\",\"width\":1314,\"height\":219,\"caption\":\"Guitarra de Granada\"},\"image\":{\"@id\":\"https:\\\/\\\/guitarradegranada.com\\\/en\\\/#\\\/schema\\\/logo\\\/image\\\/\"}}]}<\/script>\n<!-- \/ Yoast SEO plugin. -->","yoast_head_json":{"title":"\u25b7D'Addario Shine Spray Cleaner PW-PL 03% -% LA GUITARRER\u00cdA DE GRANADA%.","description":"D'Addario Cleaner Spray removes dust, fingerprints and surface marks and enhances the brilliance of your instrument.","robots":{"index":"index","follow":"follow","max-snippet":"max-snippet:-1","max-image-preview":"max-image-preview:large","max-video-preview":"max-video-preview:-1"},"canonical":"https:\/\/guitarradegranada.com\/en\/product\/daddario-shine-spray-cleaner-pw-pl-03\/","og_locale":"en_US","og_type":"article","og_title":"\u25b7D'Addario Shine Spray Cleaner PW-PL 03% -% LA GUITARRER\u00cdA DE GRANADA%.","og_description":"D'Addario Cleaner Spray removes dust, fingerprints and surface marks and enhances the brilliance of your instrument.","og_url":"https:\/\/guitarradegranada.com\/en\/product\/daddario-shine-spray-cleaner-pw-pl-03\/","og_site_name":"LA GUITARRER\u00cdA DE GRANADA","og_image":[{"width":293,"height":600,"url":"https:\/\/i0.wp.com\/guitarradegranada.com\/wp-content\/uploads\/2021\/03\/11911201_800.jpg?fit=293%2C600&ssl=1","type":"image\/jpeg"}],"twitter_card":"summary_large_image","schema":{"@context":"https:\/\/schema.org","@graph":[{"@type":"WebPage","@id":"https:\/\/guitarradegranada.com\/en\/product\/daddario-shine-spray-cleaner-pw-pl-03\/","url":"https:\/\/guitarradegranada.com\/en\/product\/daddario-shine-spray-cleaner-pw-pl-03\/","name":"\u25b7D'Addario Shine Spray Cleaner PW-PL 03% -% LA GUITARRER\u00cdA DE GRANADA%.","isPartOf":{"@id":"https:\/\/guitarradegranada.com\/en\/#website"},"primaryImageOfPage":{"@id":"https:\/\/guitarradegranada.com\/en\/product\/daddario-shine-spray-cleaner-pw-pl-03\/#primaryimage"},"image":{"@id":"https:\/\/guitarradegranada.com\/en\/product\/daddario-shine-spray-cleaner-pw-pl-03\/#primaryimage"},"thumbnailUrl":"https:\/\/guitarradegranada.com\/wp-content\/uploads\/2021\/03\/11911201_800.jpg","datePublished":"2021-03-15T18:16:10+00:00","description":"D'Addario Cleaner Spray removes dust, fingerprints and surface marks and enhances the brilliance of your instrument.","breadcrumb":{"@id":"https:\/\/guitarradegranada.com\/en\/product\/daddario-shine-spray-cleaner-pw-pl-03\/#breadcrumb"},"inLanguage":"en-US","potentialAction":[{"@type":"ReadAction","target":["https:\/\/guitarradegranada.com\/en\/product\/daddario-shine-spray-cleaner-pw-pl-03\/"]}]},{"@type":"ImageObject","inLanguage":"en-US","@id":"https:\/\/guitarradegranada.com\/en\/product\/daddario-shine-spray-cleaner-pw-pl-03\/#primaryimage","url":"https:\/\/guitarradegranada.com\/wp-content\/uploads\/2021\/03\/11911201_800.jpg","contentUrl":"https:\/\/guitarradegranada.com\/wp-content\/uploads\/2021\/03\/11911201_800.jpg","width":293,"height":600,"caption":"D'Addario spray cleaner"},{"@type":"BreadcrumbList","@id":"https:\/\/guitarradegranada.com\/en\/product\/daddario-shine-spray-cleaner-pw-pl-03\/#breadcrumb","itemListElement":[{"@type":"ListItem","position":1,"name":"Portada","item":"https:\/\/guitarradegranada.com\/en\/"},{"@type":"ListItem","position":2,"name":"Store","item":"https:\/\/guitarradegranada.com\/en\/store\/"},{"@type":"ListItem","position":3,"name":"D&#8217;Addario Shine Spray Cleaner PW-PL 03"}]},{"@type":"WebSite","@id":"https:\/\/guitarradegranada.com\/en\/#website","url":"https:\/\/guitarradegranada.com\/en\/","name":"LA GUITARRER\u00cdA DE GRANADA","description":"La Guitarrer\u00eda de Granada es un taller de lutheria artesano y una tienda d\u00f3nde puedes encontrar guitarras artesanas flamencas, cl\u00e1sicas y todos los accesorios para guitarristas","publisher":{"@id":"https:\/\/guitarradegranada.com\/en\/#organization"},"potentialAction":[{"@type":"SearchAction","target":{"@type":"EntryPoint","urlTemplate":"https:\/\/guitarradegranada.com\/en\/?s={search_term_string}"},"query-input":{"@type":"PropertyValueSpecification","valueRequired":true,"valueName":"search_term_string"}}],"inLanguage":"en-US"},{"@type":"Organization","@id":"https:\/\/guitarradegranada.com\/en\/#organization","name":"Guitarra de Granada","url":"https:\/\/guitarradegranada.com\/en\/","logo":{"@type":"ImageObject","inLanguage":"en-US","@id":"https:\/\/guitarradegranada.com\/en\/#\/schema\/logo\/image\/","url":"https:\/\/guitarradegranada.com\/wp-content\/uploads\/2020\/05\/Logo-Guitarra-de-Granada.png","contentUrl":"https:\/\/guitarradegranada.com\/wp-content\/uploads\/2020\/05\/Logo-Guitarra-de-Granada.png","width":1314,"height":219,"caption":"Guitarra de Granada"},"image":{"@id":"https:\/\/guitarradegranada.com\/en\/#\/schema\/logo\/image\/"}}]}},"jetpack_publicize_connections":[],"jetpack_sharing_enabled":true,"amp_enabled":true,"_links":{"self":[{"href":"https:\/\/guitarradegranada.com\/en\/wp-json\/wp\/v2\/product\/7646","targetHints":{"allow":["GET"]}}],"collection":[{"href":"https:\/\/guitarradegranada.com\/en\/wp-json\/wp\/v2\/product"}],"about":[{"href":"https:\/\/guitarradegranada.com\/en\/wp-json\/wp\/v2\/types\/product"}],"wp:featuredmedia":[{"embeddable":true,"href":"https:\/\/guitarradegranada.com\/en\/wp-json\/wp\/v2\/media\/4147"}],"wp:attachment":[{"href":"https:\/\/guitarradegranada.com\/en\/wp-json\/wp\/v2\/media?parent=7646"}],"wp:term":[{"taxonomy":"product_brand","embeddable":true,"href":"https:\/\/guitarradegranada.com\/en\/wp-json\/wp\/v2\/product_brand?post=7646"},{"taxonomy":"product_cat","embeddable":true,"href":"https:\/\/guitarradegranada.com\/en\/wp-json\/wp\/v2\/product_cat?post=7646"},{"taxonomy":"product_tag","embeddable":true,"href":"https:\/\/guitarradegranada.com\/en\/wp-json\/wp\/v2\/product_tag?post=7646"}],"curies":[{"name":"wp","href":"https:\/\/api.w.org\/{rel}","templated":true}]}}