{"id":7620,"date":"2021-06-18T14:19:39","date_gmt":"2021-06-18T14:19:39","guid":{"rendered":"https:\/\/guitarradegranada.com\/producto\/cybele-foam-superior-guitar-case\/"},"modified":"2021-06-18T14:19:39","modified_gmt":"2021-06-18T14:19:39","slug":"cybele-foam-superior-guitar-case","status":"publish","type":"product","link":"https:\/\/guitarradegranada.com\/en\/product\/cybele-foam-superior-guitar-case\/","title":{"rendered":"Cybele FOAM superior guitar case"},"content":{"rendered":"<p><strong>Cybele FOAM superior guitar case<br \/><\/strong><\/p>\n<p>Cibeles case made of superior FOAM with a blue velvet interior that fits any classical or flamenco guitar.<\/p>\n<p>Provides optimal protection thanks to the thick FOAM foam interior that protects the guitar from shocks.<\/p>\n<p>The exterior is made of reinforced nylon and has a large accessory pocket, carry handle and fixed straps for backpack carrying. Weight 2.5 kg. <\/p>\n<p><strong>Light gray with blue inner lining<\/strong><\/p>\n","protected":false},"excerpt":{"rendered":"<p><a href=\"https:\/\/guitarradegranada.com\/wp-content\/uploads\/2020\/08\/baffin-cibeles-logo-1457097971.jpg\"><img loading=\"lazy\" decoding=\"async\" class=\"alignnone size-medium wp-image-2767\" src=\"https:\/\/guitarradegranada.com\/wp-content\/uploads\/2020\/08\/baffin-cibeles-logo-1457097971-300x55.jpg\" alt=\"\" width=\"300\" height=\"55\" srcset=\"https:\/\/guitarradegranada.com\/wp-content\/uploads\/2020\/08\/baffin-cibeles-logo-1457097971-300x55.jpg 300w, https:\/\/guitarradegranada.com\/wp-content\/uploads\/2020\/08\/baffin-cibeles-logo-1457097971-64x12.jpg 64w, https:\/\/guitarradegranada.com\/wp-content\/uploads\/2020\/08\/baffin-cibeles-logo-1457097971.jpg 392w\" sizes=\"auto, (max-width: 300px) 100vw, 300px\" \/><\/a><\/p>\n<p>Superior FOAM case that fits any classical or flamenco guitar. Optimal protection. <\/p>\n","protected":false},"featured_media":4390,"template":"","meta":{"_coblocks_attr":"","_coblocks_dimensions":"","_coblocks_responsive_height":"","_coblocks_accordion_ie_support":"","_crdt_document":"","jetpack_publicize_message":"","jetpack_publicize_feature_enabled":true,"jetpack_social_post_already_shared":true,"jetpack_social_options":{"image_generator_settings":{"template":"highway","default_image_id":0,"font":"","enabled":false},"version":2},"_wpas_customize_per_network":false},"product_brand":[],"product_cat":[50518879,50518886],"product_tag":[50518952,50518953],"class_list":{"0":"post-7620","1":"product","2":"type-product","3":"status-publish","4":"has-post-thumbnail","6":"product_cat-guitar-accessories","7":"product_cat-cases-and-covers","8":"product_tag-cases","9":"product_tag-cibeles","10":"product_shipping_class-guitar-shipment","12":"first","13":"outofstock","14":"sale","15":"taxable","16":"shipping-taxable","17":"purchasable","18":"product-type-simple"},"bundled_by":[],"bundle_stock_status":"outofstock","bundle_stock_quantity":null,"bundle_virtual":false,"bundle_layout":"","bundle_add_to_cart_form_location":"","bundle_editable_in_cart":false,"bundle_sold_individually_context":"","bundle_item_grouping":"","bundle_min_size":"","bundle_max_size":"","bundle_price":[],"bundled_items":[],"bundle_sell_ids":[],"group_of_quantity":0,"min_quantity":0,"max_quantity":"","exclude_order_quantity_value_rules":"no","exclude_category_quantity_rules":"no","combine_variations":"no","exclude_global_add_ons":[],"addons":[],"yoast_head":"<!-- This site is optimized with the Yoast SEO plugin v27.4 - https:\/\/yoast.com\/product\/yoast-seo-wordpress\/ -->\n<title>\u25b7Cybele FOAM superior guitar case% -% LA GUITARRER\u00cdA DE GRANADA%.<\/title>\n<meta name=\"description\" content=\"Cibeles case made of superior FOAM that adapts to any classical or flamenco guitar. Handle to carry by hand and fixed backpack straps.\" \/>\n<meta name=\"robots\" content=\"index, follow, max-snippet:-1, max-image-preview:large, max-video-preview:-1\" \/>\n<link rel=\"canonical\" href=\"https:\/\/guitarradegranada.com\/en\/product\/cybele-foam-superior-guitar-case\/\" \/>\n<meta property=\"og:locale\" content=\"en_US\" \/>\n<meta property=\"og:type\" content=\"article\" \/>\n<meta property=\"og:title\" content=\"\u25b7Cybele FOAM superior guitar case% -% LA GUITARRER\u00cdA DE GRANADA%.\" \/>\n<meta property=\"og:description\" content=\"Cibeles case made of superior FOAM that adapts to any classical or flamenco guitar. Handle to carry by hand and fixed backpack straps.\" \/>\n<meta property=\"og:url\" content=\"https:\/\/guitarradegranada.com\/en\/product\/cybele-foam-superior-guitar-case\/\" \/>\n<meta property=\"og:site_name\" content=\"LA GUITARRER\u00cdA DE GRANADA\" \/>\n<meta property=\"og:image\" content=\"https:\/\/i0.wp.com\/guitarradegranada.com\/wp-content\/uploads\/2021\/06\/cibeles-c140301c-estuches-foam-clasica-superior.jpg?fit=800%2C800&ssl=1\" \/>\n\t<meta property=\"og:image:width\" content=\"800\" \/>\n\t<meta property=\"og:image:height\" content=\"800\" \/>\n\t<meta property=\"og:image:type\" content=\"image\/jpeg\" \/>\n<meta name=\"twitter:card\" content=\"summary_large_image\" \/>\n<script type=\"application\/ld+json\" class=\"yoast-schema-graph\">{\"@context\":\"https:\\\/\\\/schema.org\",\"@graph\":[{\"@type\":\"WebPage\",\"@id\":\"https:\\\/\\\/guitarradegranada.com\\\/en\\\/product\\\/cybele-foam-superior-guitar-case\\\/\",\"url\":\"https:\\\/\\\/guitarradegranada.com\\\/en\\\/product\\\/cybele-foam-superior-guitar-case\\\/\",\"name\":\"\u25b7Cybele FOAM superior guitar case% -% LA GUITARRER\u00cdA DE GRANADA%.\",\"isPartOf\":{\"@id\":\"https:\\\/\\\/guitarradegranada.com\\\/en\\\/#website\"},\"primaryImageOfPage\":{\"@id\":\"https:\\\/\\\/guitarradegranada.com\\\/en\\\/product\\\/cybele-foam-superior-guitar-case\\\/#primaryimage\"},\"image\":{\"@id\":\"https:\\\/\\\/guitarradegranada.com\\\/en\\\/product\\\/cybele-foam-superior-guitar-case\\\/#primaryimage\"},\"thumbnailUrl\":\"https:\\\/\\\/guitarradegranada.com\\\/wp-content\\\/uploads\\\/2021\\\/06\\\/cibeles-c140301c-estuches-foam-clasica-superior.jpg\",\"datePublished\":\"2021-06-18T14:19:39+00:00\",\"description\":\"Cibeles case made of superior FOAM that adapts to any classical or flamenco guitar. Handle to carry by hand and fixed backpack straps.\",\"breadcrumb\":{\"@id\":\"https:\\\/\\\/guitarradegranada.com\\\/en\\\/product\\\/cybele-foam-superior-guitar-case\\\/#breadcrumb\"},\"inLanguage\":\"en-US\",\"potentialAction\":[{\"@type\":\"ReadAction\",\"target\":[\"https:\\\/\\\/guitarradegranada.com\\\/en\\\/product\\\/cybele-foam-superior-guitar-case\\\/\"]}]},{\"@type\":\"ImageObject\",\"inLanguage\":\"en-US\",\"@id\":\"https:\\\/\\\/guitarradegranada.com\\\/en\\\/product\\\/cybele-foam-superior-guitar-case\\\/#primaryimage\",\"url\":\"https:\\\/\\\/guitarradegranada.com\\\/wp-content\\\/uploads\\\/2021\\\/06\\\/cibeles-c140301c-estuches-foam-clasica-superior.jpg\",\"contentUrl\":\"https:\\\/\\\/guitarradegranada.com\\\/wp-content\\\/uploads\\\/2021\\\/06\\\/cibeles-c140301c-estuches-foam-clasica-superior.jpg\",\"width\":800,\"height\":800,\"caption\":\"cibeles foam guitar case\"},{\"@type\":\"BreadcrumbList\",\"@id\":\"https:\\\/\\\/guitarradegranada.com\\\/en\\\/product\\\/cybele-foam-superior-guitar-case\\\/#breadcrumb\",\"itemListElement\":[{\"@type\":\"ListItem\",\"position\":1,\"name\":\"Portada\",\"item\":\"https:\\\/\\\/guitarradegranada.com\\\/en\\\/\"},{\"@type\":\"ListItem\",\"position\":2,\"name\":\"Store\",\"item\":\"https:\\\/\\\/guitarradegranada.com\\\/en\\\/store\\\/\"},{\"@type\":\"ListItem\",\"position\":3,\"name\":\"Cybele FOAM superior guitar case\"}]},{\"@type\":\"WebSite\",\"@id\":\"https:\\\/\\\/guitarradegranada.com\\\/en\\\/#website\",\"url\":\"https:\\\/\\\/guitarradegranada.com\\\/en\\\/\",\"name\":\"LA GUITARRER\u00cdA DE GRANADA\",\"description\":\"La Guitarrer\u00eda de Granada es un taller de lutheria artesano y una tienda d\u00f3nde puedes encontrar guitarras artesanas flamencas, cl\u00e1sicas y todos los accesorios para guitarristas\",\"publisher\":{\"@id\":\"https:\\\/\\\/guitarradegranada.com\\\/en\\\/#organization\"},\"potentialAction\":[{\"@type\":\"SearchAction\",\"target\":{\"@type\":\"EntryPoint\",\"urlTemplate\":\"https:\\\/\\\/guitarradegranada.com\\\/en\\\/?s={search_term_string}\"},\"query-input\":{\"@type\":\"PropertyValueSpecification\",\"valueRequired\":true,\"valueName\":\"search_term_string\"}}],\"inLanguage\":\"en-US\"},{\"@type\":\"Organization\",\"@id\":\"https:\\\/\\\/guitarradegranada.com\\\/en\\\/#organization\",\"name\":\"Guitarra de Granada\",\"url\":\"https:\\\/\\\/guitarradegranada.com\\\/en\\\/\",\"logo\":{\"@type\":\"ImageObject\",\"inLanguage\":\"en-US\",\"@id\":\"https:\\\/\\\/guitarradegranada.com\\\/en\\\/#\\\/schema\\\/logo\\\/image\\\/\",\"url\":\"https:\\\/\\\/guitarradegranada.com\\\/wp-content\\\/uploads\\\/2020\\\/05\\\/Logo-Guitarra-de-Granada.png\",\"contentUrl\":\"https:\\\/\\\/guitarradegranada.com\\\/wp-content\\\/uploads\\\/2020\\\/05\\\/Logo-Guitarra-de-Granada.png\",\"width\":1314,\"height\":219,\"caption\":\"Guitarra de Granada\"},\"image\":{\"@id\":\"https:\\\/\\\/guitarradegranada.com\\\/en\\\/#\\\/schema\\\/logo\\\/image\\\/\"}}]}<\/script>\n<!-- \/ Yoast SEO plugin. -->","yoast_head_json":{"title":"\u25b7Cybele FOAM superior guitar case% -% LA GUITARRER\u00cdA DE GRANADA%.","description":"Cibeles case made of superior FOAM that adapts to any classical or flamenco guitar. Handle to carry by hand and fixed backpack straps.","robots":{"index":"index","follow":"follow","max-snippet":"max-snippet:-1","max-image-preview":"max-image-preview:large","max-video-preview":"max-video-preview:-1"},"canonical":"https:\/\/guitarradegranada.com\/en\/product\/cybele-foam-superior-guitar-case\/","og_locale":"en_US","og_type":"article","og_title":"\u25b7Cybele FOAM superior guitar case% -% LA GUITARRER\u00cdA DE GRANADA%.","og_description":"Cibeles case made of superior FOAM that adapts to any classical or flamenco guitar. Handle to carry by hand and fixed backpack straps.","og_url":"https:\/\/guitarradegranada.com\/en\/product\/cybele-foam-superior-guitar-case\/","og_site_name":"LA GUITARRER\u00cdA DE GRANADA","og_image":[{"width":800,"height":800,"url":"https:\/\/i0.wp.com\/guitarradegranada.com\/wp-content\/uploads\/2021\/06\/cibeles-c140301c-estuches-foam-clasica-superior.jpg?fit=800%2C800&ssl=1","type":"image\/jpeg"}],"twitter_card":"summary_large_image","schema":{"@context":"https:\/\/schema.org","@graph":[{"@type":"WebPage","@id":"https:\/\/guitarradegranada.com\/en\/product\/cybele-foam-superior-guitar-case\/","url":"https:\/\/guitarradegranada.com\/en\/product\/cybele-foam-superior-guitar-case\/","name":"\u25b7Cybele FOAM superior guitar case% -% LA GUITARRER\u00cdA DE GRANADA%.","isPartOf":{"@id":"https:\/\/guitarradegranada.com\/en\/#website"},"primaryImageOfPage":{"@id":"https:\/\/guitarradegranada.com\/en\/product\/cybele-foam-superior-guitar-case\/#primaryimage"},"image":{"@id":"https:\/\/guitarradegranada.com\/en\/product\/cybele-foam-superior-guitar-case\/#primaryimage"},"thumbnailUrl":"https:\/\/guitarradegranada.com\/wp-content\/uploads\/2021\/06\/cibeles-c140301c-estuches-foam-clasica-superior.jpg","datePublished":"2021-06-18T14:19:39+00:00","description":"Cibeles case made of superior FOAM that adapts to any classical or flamenco guitar. Handle to carry by hand and fixed backpack straps.","breadcrumb":{"@id":"https:\/\/guitarradegranada.com\/en\/product\/cybele-foam-superior-guitar-case\/#breadcrumb"},"inLanguage":"en-US","potentialAction":[{"@type":"ReadAction","target":["https:\/\/guitarradegranada.com\/en\/product\/cybele-foam-superior-guitar-case\/"]}]},{"@type":"ImageObject","inLanguage":"en-US","@id":"https:\/\/guitarradegranada.com\/en\/product\/cybele-foam-superior-guitar-case\/#primaryimage","url":"https:\/\/guitarradegranada.com\/wp-content\/uploads\/2021\/06\/cibeles-c140301c-estuches-foam-clasica-superior.jpg","contentUrl":"https:\/\/guitarradegranada.com\/wp-content\/uploads\/2021\/06\/cibeles-c140301c-estuches-foam-clasica-superior.jpg","width":800,"height":800,"caption":"cibeles foam guitar case"},{"@type":"BreadcrumbList","@id":"https:\/\/guitarradegranada.com\/en\/product\/cybele-foam-superior-guitar-case\/#breadcrumb","itemListElement":[{"@type":"ListItem","position":1,"name":"Portada","item":"https:\/\/guitarradegranada.com\/en\/"},{"@type":"ListItem","position":2,"name":"Store","item":"https:\/\/guitarradegranada.com\/en\/store\/"},{"@type":"ListItem","position":3,"name":"Cybele FOAM superior guitar case"}]},{"@type":"WebSite","@id":"https:\/\/guitarradegranada.com\/en\/#website","url":"https:\/\/guitarradegranada.com\/en\/","name":"LA GUITARRER\u00cdA DE GRANADA","description":"La Guitarrer\u00eda de Granada es un taller de lutheria artesano y una tienda d\u00f3nde puedes encontrar guitarras artesanas flamencas, cl\u00e1sicas y todos los accesorios para guitarristas","publisher":{"@id":"https:\/\/guitarradegranada.com\/en\/#organization"},"potentialAction":[{"@type":"SearchAction","target":{"@type":"EntryPoint","urlTemplate":"https:\/\/guitarradegranada.com\/en\/?s={search_term_string}"},"query-input":{"@type":"PropertyValueSpecification","valueRequired":true,"valueName":"search_term_string"}}],"inLanguage":"en-US"},{"@type":"Organization","@id":"https:\/\/guitarradegranada.com\/en\/#organization","name":"Guitarra de Granada","url":"https:\/\/guitarradegranada.com\/en\/","logo":{"@type":"ImageObject","inLanguage":"en-US","@id":"https:\/\/guitarradegranada.com\/en\/#\/schema\/logo\/image\/","url":"https:\/\/guitarradegranada.com\/wp-content\/uploads\/2020\/05\/Logo-Guitarra-de-Granada.png","contentUrl":"https:\/\/guitarradegranada.com\/wp-content\/uploads\/2020\/05\/Logo-Guitarra-de-Granada.png","width":1314,"height":219,"caption":"Guitarra de Granada"},"image":{"@id":"https:\/\/guitarradegranada.com\/en\/#\/schema\/logo\/image\/"}}]}},"jetpack_publicize_connections":[],"jetpack_sharing_enabled":true,"amp_enabled":true,"_links":{"self":[{"href":"https:\/\/guitarradegranada.com\/en\/wp-json\/wp\/v2\/product\/7620","targetHints":{"allow":["GET"]}}],"collection":[{"href":"https:\/\/guitarradegranada.com\/en\/wp-json\/wp\/v2\/product"}],"about":[{"href":"https:\/\/guitarradegranada.com\/en\/wp-json\/wp\/v2\/types\/product"}],"wp:featuredmedia":[{"embeddable":true,"href":"https:\/\/guitarradegranada.com\/en\/wp-json\/wp\/v2\/media\/4390"}],"wp:attachment":[{"href":"https:\/\/guitarradegranada.com\/en\/wp-json\/wp\/v2\/media?parent=7620"}],"wp:term":[{"taxonomy":"product_brand","embeddable":true,"href":"https:\/\/guitarradegranada.com\/en\/wp-json\/wp\/v2\/product_brand?post=7620"},{"taxonomy":"product_cat","embeddable":true,"href":"https:\/\/guitarradegranada.com\/en\/wp-json\/wp\/v2\/product_cat?post=7620"},{"taxonomy":"product_tag","embeddable":true,"href":"https:\/\/guitarradegranada.com\/en\/wp-json\/wp\/v2\/product_tag?post=7620"}],"curies":[{"name":"wp","href":"https:\/\/api.w.org\/{rel}","templated":true}]}}