{"id":7617,"date":"2021-07-05T21:21:17","date_gmt":"2021-07-05T21:21:17","guid":{"rendered":"https:\/\/guitarradegranada.com\/producto\/van-gent-219-gold-black-machine-heads\/"},"modified":"2026-03-23T16:01:05","modified_gmt":"2026-03-23T16:01:05","slug":"van-gent-219-gold-black-machine-heads","status":"publish","type":"product","link":"https:\/\/guitarradegranada.com\/en\/product\/van-gent-219-gold-black-machine-heads\/","title":{"rendered":"Van Gent \u00ae 219 Gold\/Black machine heads"},"content":{"rendered":"<p><strong>Van Gent \u00ae 219 Gold\/Black machine heads<\/strong><\/p>\n<p>They are made of aluminum in gold color, they are pegheads that offer a good finish and very easy to insert. They offer a good tuning, which together with its price make this tuning pegbox a good option for our guitar. <\/p>\n","protected":false},"excerpt":{"rendered":"<figure id=\"attachment_4428\" aria-describedby=\"caption-attachment-4428\" style=\"width: 191px\" class=\"wp-caption alignleft\"><a href=\"https:\/\/guitarradegranada.com\/wp-content\/uploads\/2021\/07\/Van-Gent-loo.jpg\"><img loading=\"lazy\" decoding=\"async\" class=\" wp-image-4428\" src=\"https:\/\/guitarradegranada.com\/wp-content\/uploads\/2021\/07\/Van-Gent-loo.jpg\" alt=\"Van Gent\" width=\"191\" height=\"85\" srcset=\"https:\/\/guitarradegranada.com\/wp-content\/uploads\/2021\/07\/Van-Gent-loo.jpg 225w, https:\/\/guitarradegranada.com\/wp-content\/uploads\/2021\/07\/Van-Gent-loo-64x28.jpg 64w\" sizes=\"auto, (max-width: 191px) 100vw, 191px\" \/><\/a><figcaption id=\"caption-attachment-4428\" class=\"wp-caption-text\">Classical\/flamenco guitar headstock in gold-plated aluminum.<\/figcaption><\/figure>\n","protected":false},"featured_media":4429,"template":"","meta":{"_coblocks_attr":"","_coblocks_dimensions":"","_coblocks_responsive_height":"","_coblocks_accordion_ie_support":"","_crdt_document":"","jetpack_post_was_ever_published":false,"jetpack_publicize_message":"","jetpack_publicize_feature_enabled":true,"jetpack_social_post_already_shared":true,"jetpack_social_options":{"image_generator_settings":{"template":"highway","default_image_id":0,"font":"","enabled":false},"version":2},"_wpas_customize_per_network":false},"product_brand":[],"product_cat":[50518879,50518883],"product_tag":[50518951],"class_list":{"0":"post-7617","1":"product","2":"type-product","3":"status-publish","4":"has-post-thumbnail","6":"product_cat-guitar-accessories","7":"product_cat-tuners","8":"product_tag-headstock","9":"product_shipping_class-small-accessories","11":"first","12":"instock","13":"sale","14":"taxable","15":"shipping-taxable","16":"purchasable","17":"product-type-simple"},"bundled_by":[],"bundle_stock_status":"instock","bundle_stock_quantity":null,"bundle_virtual":false,"bundle_layout":"","bundle_add_to_cart_form_location":"","bundle_editable_in_cart":false,"bundle_sold_individually_context":"","bundle_item_grouping":"","bundle_min_size":"","bundle_max_size":"","bundle_price":[],"bundled_items":[],"bundle_sell_ids":[],"group_of_quantity":0,"min_quantity":0,"max_quantity":"","exclude_order_quantity_value_rules":"no","exclude_category_quantity_rules":"no","combine_variations":"no","exclude_global_add_ons":[],"addons":[],"yoast_head":"<!-- This site is optimized with the Yoast SEO plugin v27.3 - https:\/\/yoast.com\/product\/yoast-seo-wordpress\/ -->\n<title>\u25b7 Van Gent \u00ae 219 Gold\/Black machine heads - LA GUITARRER\u00cdA DE GRANADA%.<\/title>\n<meta name=\"description\" content=\"Van Gent headstock of golden aluminum that offer a good tuning which together with its price is a good option for our guitar.\" \/>\n<meta name=\"robots\" content=\"index, follow, max-snippet:-1, max-image-preview:large, max-video-preview:-1\" \/>\n<link rel=\"canonical\" href=\"https:\/\/guitarradegranada.com\/en\/product\/van-gent-219-gold-black-machine-heads\/\" \/>\n<meta property=\"og:locale\" content=\"en_US\" \/>\n<meta property=\"og:type\" content=\"article\" \/>\n<meta property=\"og:title\" content=\"\u25b7 Van Gent \u00ae 219 Gold\/Black machine heads - LA GUITARRER\u00cdA DE GRANADA%.\" \/>\n<meta property=\"og:description\" content=\"Van Gent headstock of golden aluminum that offer a good tuning which together with its price is a good option for our guitar.\" \/>\n<meta property=\"og:url\" content=\"https:\/\/guitarradegranada.com\/en\/product\/van-gent-219-gold-black-machine-heads\/\" \/>\n<meta property=\"og:site_name\" content=\"LA GUITARRER\u00cdA DE GRANADA\" \/>\n<meta property=\"article:modified_time\" content=\"2026-03-23T16:01:05+00:00\" \/>\n<meta property=\"og:image\" content=\"https:\/\/i0.wp.com\/guitarradegranada.com\/wp-content\/uploads\/2021\/07\/van-gent-29-88negro.jpg?fit=1000%2C1000&ssl=1\" \/>\n\t<meta property=\"og:image:width\" content=\"1000\" \/>\n\t<meta property=\"og:image:height\" content=\"1000\" \/>\n\t<meta property=\"og:image:type\" content=\"image\/jpeg\" \/>\n<meta name=\"twitter:card\" content=\"summary_large_image\" \/>\n<script type=\"application\/ld+json\" class=\"yoast-schema-graph\">{\"@context\":\"https:\\\/\\\/schema.org\",\"@graph\":[{\"@type\":\"WebPage\",\"@id\":\"https:\\\/\\\/guitarradegranada.com\\\/en\\\/product\\\/van-gent-219-gold-black-machine-heads\\\/\",\"url\":\"https:\\\/\\\/guitarradegranada.com\\\/en\\\/product\\\/van-gent-219-gold-black-machine-heads\\\/\",\"name\":\"\u25b7 Van Gent \u00ae 219 Gold\\\/Black machine heads - LA GUITARRER\u00cdA DE GRANADA%.\",\"isPartOf\":{\"@id\":\"https:\\\/\\\/guitarradegranada.com\\\/en\\\/#website\"},\"primaryImageOfPage\":{\"@id\":\"https:\\\/\\\/guitarradegranada.com\\\/en\\\/product\\\/van-gent-219-gold-black-machine-heads\\\/#primaryimage\"},\"image\":{\"@id\":\"https:\\\/\\\/guitarradegranada.com\\\/en\\\/product\\\/van-gent-219-gold-black-machine-heads\\\/#primaryimage\"},\"thumbnailUrl\":\"https:\\\/\\\/guitarradegranada.com\\\/wp-content\\\/uploads\\\/2021\\\/07\\\/van-gent-29-88negro.jpg\",\"datePublished\":\"2021-07-05T21:21:17+00:00\",\"dateModified\":\"2026-03-23T16:01:05+00:00\",\"description\":\"Van Gent headstock of golden aluminum that offer a good tuning which together with its price is a good option for our guitar.\",\"breadcrumb\":{\"@id\":\"https:\\\/\\\/guitarradegranada.com\\\/en\\\/product\\\/van-gent-219-gold-black-machine-heads\\\/#breadcrumb\"},\"inLanguage\":\"en-US\",\"potentialAction\":[{\"@type\":\"ReadAction\",\"target\":[\"https:\\\/\\\/guitarradegranada.com\\\/en\\\/product\\\/van-gent-219-gold-black-machine-heads\\\/\"]}]},{\"@type\":\"ImageObject\",\"inLanguage\":\"en-US\",\"@id\":\"https:\\\/\\\/guitarradegranada.com\\\/en\\\/product\\\/van-gent-219-gold-black-machine-heads\\\/#primaryimage\",\"url\":\"https:\\\/\\\/guitarradegranada.com\\\/wp-content\\\/uploads\\\/2021\\\/07\\\/van-gent-29-88negro.jpg\",\"contentUrl\":\"https:\\\/\\\/guitarradegranada.com\\\/wp-content\\\/uploads\\\/2021\\\/07\\\/van-gent-29-88negro.jpg\",\"width\":1000,\"height\":1000,\"caption\":\"Van Gent pegbox\"},{\"@type\":\"BreadcrumbList\",\"@id\":\"https:\\\/\\\/guitarradegranada.com\\\/en\\\/product\\\/van-gent-219-gold-black-machine-heads\\\/#breadcrumb\",\"itemListElement\":[{\"@type\":\"ListItem\",\"position\":1,\"name\":\"Portada\",\"item\":\"https:\\\/\\\/guitarradegranada.com\\\/en\\\/\"},{\"@type\":\"ListItem\",\"position\":2,\"name\":\"Store\",\"item\":\"https:\\\/\\\/guitarradegranada.com\\\/en\\\/store\\\/\"},{\"@type\":\"ListItem\",\"position\":3,\"name\":\"Van Gent \u00ae 219 Gold\\\/Black machine heads\"}]},{\"@type\":\"WebSite\",\"@id\":\"https:\\\/\\\/guitarradegranada.com\\\/en\\\/#website\",\"url\":\"https:\\\/\\\/guitarradegranada.com\\\/en\\\/\",\"name\":\"LA GUITARRER\u00cdA DE GRANADA\",\"description\":\"La Guitarrer\u00eda de Granada es un taller de lutheria artesano y una tienda d\u00f3nde puedes encontrar guitarras artesanas flamencas, cl\u00e1sicas y todos los accesorios para guitarristas\",\"publisher\":{\"@id\":\"https:\\\/\\\/guitarradegranada.com\\\/en\\\/#organization\"},\"potentialAction\":[{\"@type\":\"SearchAction\",\"target\":{\"@type\":\"EntryPoint\",\"urlTemplate\":\"https:\\\/\\\/guitarradegranada.com\\\/en\\\/?s={search_term_string}\"},\"query-input\":{\"@type\":\"PropertyValueSpecification\",\"valueRequired\":true,\"valueName\":\"search_term_string\"}}],\"inLanguage\":\"en-US\"},{\"@type\":\"Organization\",\"@id\":\"https:\\\/\\\/guitarradegranada.com\\\/en\\\/#organization\",\"name\":\"Guitarra de Granada\",\"url\":\"https:\\\/\\\/guitarradegranada.com\\\/en\\\/\",\"logo\":{\"@type\":\"ImageObject\",\"inLanguage\":\"en-US\",\"@id\":\"https:\\\/\\\/guitarradegranada.com\\\/en\\\/#\\\/schema\\\/logo\\\/image\\\/\",\"url\":\"https:\\\/\\\/guitarradegranada.com\\\/wp-content\\\/uploads\\\/2020\\\/05\\\/Logo-Guitarra-de-Granada.png\",\"contentUrl\":\"https:\\\/\\\/guitarradegranada.com\\\/wp-content\\\/uploads\\\/2020\\\/05\\\/Logo-Guitarra-de-Granada.png\",\"width\":1314,\"height\":219,\"caption\":\"Guitarra de Granada\"},\"image\":{\"@id\":\"https:\\\/\\\/guitarradegranada.com\\\/en\\\/#\\\/schema\\\/logo\\\/image\\\/\"}}]}<\/script>\n<!-- \/ Yoast SEO plugin. -->","yoast_head_json":{"title":"\u25b7 Van Gent \u00ae 219 Gold\/Black machine heads - LA GUITARRER\u00cdA DE GRANADA%.","description":"Van Gent headstock of golden aluminum that offer a good tuning which together with its price is a good option for our guitar.","robots":{"index":"index","follow":"follow","max-snippet":"max-snippet:-1","max-image-preview":"max-image-preview:large","max-video-preview":"max-video-preview:-1"},"canonical":"https:\/\/guitarradegranada.com\/en\/product\/van-gent-219-gold-black-machine-heads\/","og_locale":"en_US","og_type":"article","og_title":"\u25b7 Van Gent \u00ae 219 Gold\/Black machine heads - LA GUITARRER\u00cdA DE GRANADA%.","og_description":"Van Gent headstock of golden aluminum that offer a good tuning which together with its price is a good option for our guitar.","og_url":"https:\/\/guitarradegranada.com\/en\/product\/van-gent-219-gold-black-machine-heads\/","og_site_name":"LA GUITARRER\u00cdA DE GRANADA","article_modified_time":"2026-03-23T16:01:05+00:00","og_image":[{"width":1000,"height":1000,"url":"https:\/\/i0.wp.com\/guitarradegranada.com\/wp-content\/uploads\/2021\/07\/van-gent-29-88negro.jpg?fit=1000%2C1000&ssl=1","type":"image\/jpeg"}],"twitter_card":"summary_large_image","schema":{"@context":"https:\/\/schema.org","@graph":[{"@type":"WebPage","@id":"https:\/\/guitarradegranada.com\/en\/product\/van-gent-219-gold-black-machine-heads\/","url":"https:\/\/guitarradegranada.com\/en\/product\/van-gent-219-gold-black-machine-heads\/","name":"\u25b7 Van Gent \u00ae 219 Gold\/Black machine heads - LA GUITARRER\u00cdA DE GRANADA%.","isPartOf":{"@id":"https:\/\/guitarradegranada.com\/en\/#website"},"primaryImageOfPage":{"@id":"https:\/\/guitarradegranada.com\/en\/product\/van-gent-219-gold-black-machine-heads\/#primaryimage"},"image":{"@id":"https:\/\/guitarradegranada.com\/en\/product\/van-gent-219-gold-black-machine-heads\/#primaryimage"},"thumbnailUrl":"https:\/\/guitarradegranada.com\/wp-content\/uploads\/2021\/07\/van-gent-29-88negro.jpg","datePublished":"2021-07-05T21:21:17+00:00","dateModified":"2026-03-23T16:01:05+00:00","description":"Van Gent headstock of golden aluminum that offer a good tuning which together with its price is a good option for our guitar.","breadcrumb":{"@id":"https:\/\/guitarradegranada.com\/en\/product\/van-gent-219-gold-black-machine-heads\/#breadcrumb"},"inLanguage":"en-US","potentialAction":[{"@type":"ReadAction","target":["https:\/\/guitarradegranada.com\/en\/product\/van-gent-219-gold-black-machine-heads\/"]}]},{"@type":"ImageObject","inLanguage":"en-US","@id":"https:\/\/guitarradegranada.com\/en\/product\/van-gent-219-gold-black-machine-heads\/#primaryimage","url":"https:\/\/guitarradegranada.com\/wp-content\/uploads\/2021\/07\/van-gent-29-88negro.jpg","contentUrl":"https:\/\/guitarradegranada.com\/wp-content\/uploads\/2021\/07\/van-gent-29-88negro.jpg","width":1000,"height":1000,"caption":"Van Gent pegbox"},{"@type":"BreadcrumbList","@id":"https:\/\/guitarradegranada.com\/en\/product\/van-gent-219-gold-black-machine-heads\/#breadcrumb","itemListElement":[{"@type":"ListItem","position":1,"name":"Portada","item":"https:\/\/guitarradegranada.com\/en\/"},{"@type":"ListItem","position":2,"name":"Store","item":"https:\/\/guitarradegranada.com\/en\/store\/"},{"@type":"ListItem","position":3,"name":"Van Gent \u00ae 219 Gold\/Black machine heads"}]},{"@type":"WebSite","@id":"https:\/\/guitarradegranada.com\/en\/#website","url":"https:\/\/guitarradegranada.com\/en\/","name":"LA GUITARRER\u00cdA DE GRANADA","description":"La Guitarrer\u00eda de Granada es un taller de lutheria artesano y una tienda d\u00f3nde puedes encontrar guitarras artesanas flamencas, cl\u00e1sicas y todos los accesorios para guitarristas","publisher":{"@id":"https:\/\/guitarradegranada.com\/en\/#organization"},"potentialAction":[{"@type":"SearchAction","target":{"@type":"EntryPoint","urlTemplate":"https:\/\/guitarradegranada.com\/en\/?s={search_term_string}"},"query-input":{"@type":"PropertyValueSpecification","valueRequired":true,"valueName":"search_term_string"}}],"inLanguage":"en-US"},{"@type":"Organization","@id":"https:\/\/guitarradegranada.com\/en\/#organization","name":"Guitarra de Granada","url":"https:\/\/guitarradegranada.com\/en\/","logo":{"@type":"ImageObject","inLanguage":"en-US","@id":"https:\/\/guitarradegranada.com\/en\/#\/schema\/logo\/image\/","url":"https:\/\/guitarradegranada.com\/wp-content\/uploads\/2020\/05\/Logo-Guitarra-de-Granada.png","contentUrl":"https:\/\/guitarradegranada.com\/wp-content\/uploads\/2020\/05\/Logo-Guitarra-de-Granada.png","width":1314,"height":219,"caption":"Guitarra de Granada"},"image":{"@id":"https:\/\/guitarradegranada.com\/en\/#\/schema\/logo\/image\/"}}]}},"jetpack_publicize_connections":[],"jetpack_sharing_enabled":true,"amp_enabled":true,"_links":{"self":[{"href":"https:\/\/guitarradegranada.com\/en\/wp-json\/wp\/v2\/product\/7617","targetHints":{"allow":["GET"]}}],"collection":[{"href":"https:\/\/guitarradegranada.com\/en\/wp-json\/wp\/v2\/product"}],"about":[{"href":"https:\/\/guitarradegranada.com\/en\/wp-json\/wp\/v2\/types\/product"}],"wp:featuredmedia":[{"embeddable":true,"href":"https:\/\/guitarradegranada.com\/en\/wp-json\/wp\/v2\/media\/4429"}],"wp:attachment":[{"href":"https:\/\/guitarradegranada.com\/en\/wp-json\/wp\/v2\/media?parent=7617"}],"wp:term":[{"taxonomy":"product_brand","embeddable":true,"href":"https:\/\/guitarradegranada.com\/en\/wp-json\/wp\/v2\/product_brand?post=7617"},{"taxonomy":"product_cat","embeddable":true,"href":"https:\/\/guitarradegranada.com\/en\/wp-json\/wp\/v2\/product_cat?post=7617"},{"taxonomy":"product_tag","embeddable":true,"href":"https:\/\/guitarradegranada.com\/en\/wp-json\/wp\/v2\/product_tag?post=7617"}],"curies":[{"name":"wp","href":"https:\/\/api.w.org\/{rel}","templated":true}]}}