{"id":7549,"date":"2021-10-23T00:24:04","date_gmt":"2021-10-23T00:24:04","guid":{"rendered":"https:\/\/guitarradegranada.com\/producto\/cypress-flamenco-guitar-ayman-bitar-3\/"},"modified":"2021-10-23T00:24:04","modified_gmt":"2021-10-23T00:24:04","slug":"cypress-flamenco-guitar-ayman-bitar-3","status":"publish","type":"product","link":"https:\/\/guitarradegranada.com\/en\/product\/cypress-flamenco-guitar-ayman-bitar-3\/","title":{"rendered":"Cypress Flamenco Guitar Ayman Bitar"},"content":{"rendered":"<p><strong>Ayman Bitar Cypress Flamenco Guitar with short bracing (635mm)<\/strong><\/p>\n<p>This <strong>professional flamenco guitar<\/strong> handmade by <strong>Ayman Bitar Serrano<\/strong>, has everything a professional guitarist needs in terms of sound, performance and wood quality.<\/p>\n<p>This is a <strong>professional flamenco guitar<\/strong> of very high quality, light, with good attack and a quick response to the touch.<\/p>\n<p>The sound of this guitar is rich, full of detail and nuance, with a sound with great attack and volume. This <strong>Cypress flamenco <\/strong> <strong>guitar<\/strong> has a German Spruce-Pine top, Spanish Cypress sides and back with more than 20 years of seasoning and Honduran Cedar neck reinforced with ebony fingerboard. <\/p>\n<p>The deluxe headstock gives the guitar an accurate and smooth tuning.<\/p>\n<p><strong>Technical specifications:<\/strong><\/p>\n<ul>\n<li><strong>Top:<\/strong> German Spruce (Picea Abies)<\/li>\n<li><strong>Quality:<\/strong> AAA<\/li>\n<li><strong>Rims and back:<\/strong> Spanish cypress<i>(Cupressus)<\/i><\/li>\n<li><strong>Fingerboard:<\/strong> African Ebony (Diospyros Crassi ora)<\/li>\n<li><strong>Mast:<\/strong> Honduran Cedar (Cedrela Odorata)<strong> <\/strong><\/li>\n<li><strong>Bridge:<\/strong> Palo Santo of Madagascar<\/li>\n<li><strong>Capo:<\/strong> 52 mm<\/li>\n<li><strong>Draft:<\/strong> 635 mm<\/li>\n<li><strong>Depth of the box in the block:<\/strong> 85 mm<\/li>\n<li><strong>Depth of the box in the block:<\/strong> 90 mm<\/li>\n<li><strong>Bone bridge nut:<\/strong> Yes<\/li>\n<li><strong>Bone spade nut:<\/strong> Yes<\/li>\n<li><strong>Finish:<\/strong> Nitro Lacquer<\/li>\n<li><strong>Striker:<\/strong> Yes<\/li>\n<\/ul>\n<p>*The wood of this guitar is FSC certified. This label guarantees that the wood comes from a responsibly managed forest, so by choosing this product, you too are participating in the preservation of forests and biodiversity. <\/p>\n<p><span class=\"embed-youtube\" style=\"text-align:center; display: block;\"><iframe loading=\"lazy\" class=\"youtube-player\" width=\"1020\" height=\"574\" src=\"https:\/\/www.youtube.com\/embed\/slTXNaMqC0A?version=3&#038;rel=1&#038;showsearch=0&#038;showinfo=1&#038;iv_load_policy=1&#038;fs=1&#038;hl=en-US&#038;autohide=2&#038;wmode=transparent\" allowfullscreen=\"true\" style=\"border:0;\" sandbox=\"allow-scripts allow-same-origin allow-popups allow-presentation allow-popups-to-escape-sandbox\"><\/iframe><\/span><\/p>\n","protected":false},"excerpt":{"rendered":"<p> <strong> Professional flamenco guitar<\/strong> made of high quality Spanish cypress and pine.<\/p>\n","protected":false},"featured_media":4576,"template":"","meta":{"_coblocks_attr":"","_coblocks_dimensions":"","_coblocks_responsive_height":"","_coblocks_accordion_ie_support":"","_crdt_document":"","jetpack_publicize_message":"","jetpack_publicize_feature_enabled":true,"jetpack_social_post_already_shared":true,"jetpack_social_options":{"image_generator_settings":{"template":"highway","default_image_id":0,"font":"","enabled":false},"version":2},"_wpas_customize_per_network":false},"product_brand":[],"product_cat":[50518903,50518898,50518906],"product_tag":[50518940],"class_list":{"0":"post-7549","1":"product","2":"type-product","3":"status-publish","4":"has-post-thumbnail","6":"product_cat-flamenco-guitars","7":"product_cat-classical-and-flamenco-guitars","8":"product_cat-professional-flamenco-guitars","9":"product_tag-flamenco-guitar","10":"product_shipping_class-guitar-shipment","12":"first","13":"instock","14":"sale","15":"taxable","16":"shipping-taxable","17":"purchasable","18":"product-type-simple"},"bundled_by":[],"bundle_stock_status":"instock","bundle_stock_quantity":null,"bundle_virtual":false,"bundle_layout":"","bundle_add_to_cart_form_location":"","bundle_editable_in_cart":false,"bundle_sold_individually_context":"","bundle_item_grouping":"","bundle_min_size":"","bundle_max_size":"","bundle_price":[],"bundled_items":[],"bundle_sell_ids":[],"group_of_quantity":0,"min_quantity":0,"max_quantity":"","exclude_order_quantity_value_rules":"no","exclude_category_quantity_rules":"no","combine_variations":"no","exclude_global_add_ons":[],"addons":[],"yoast_head":"<!-- This site is optimized with the Yoast SEO plugin v27.4 - https:\/\/yoast.com\/product\/yoast-seo-wordpress\/ -->\n<title>Cypress Flamenco Guitar Ayman Bitar - LA GUITARRER\u00cdA DE GRANADA<\/title>\n<meta name=\"description\" content=\"Professional flamenco guitar made of Spanish Cypress and Spruce-Pine of very high quality has everything a professional guitarist needs.\" \/>\n<meta name=\"robots\" content=\"index, follow, max-snippet:-1, max-image-preview:large, max-video-preview:-1\" \/>\n<link rel=\"canonical\" href=\"https:\/\/guitarradegranada.com\/en\/product\/cypress-flamenco-guitar-ayman-bitar-3\/\" \/>\n<meta property=\"og:locale\" content=\"en_US\" \/>\n<meta property=\"og:type\" content=\"article\" \/>\n<meta property=\"og:title\" content=\"Cypress Flamenco Guitar Ayman Bitar - LA GUITARRER\u00cdA DE GRANADA\" \/>\n<meta property=\"og:description\" content=\"Professional flamenco guitar made of Spanish Cypress and Spruce-Pine of very high quality has everything a professional guitarist needs.\" \/>\n<meta property=\"og:url\" content=\"https:\/\/guitarradegranada.com\/en\/product\/cypress-flamenco-guitar-ayman-bitar-3\/\" \/>\n<meta property=\"og:site_name\" content=\"LA GUITARRER\u00cdA DE GRANADA\" \/>\n<meta property=\"og:image\" content=\"https:\/\/i0.wp.com\/guitarradegranada.com\/wp-content\/uploads\/2021\/10\/Guitarra-flamenca-Ayman-630mm.jpg?fit=1099%2C1648&ssl=1\" \/>\n\t<meta property=\"og:image:width\" content=\"1099\" \/>\n\t<meta property=\"og:image:height\" content=\"1648\" \/>\n\t<meta property=\"og:image:type\" content=\"image\/jpeg\" \/>\n<meta name=\"twitter:card\" content=\"summary_large_image\" \/>\n<meta name=\"twitter:label1\" content=\"Est. reading time\" \/>\n\t<meta name=\"twitter:data1\" content=\"1 minute\" \/>\n<script type=\"application\/ld+json\" class=\"yoast-schema-graph\">{\"@context\":\"https:\\\/\\\/schema.org\",\"@graph\":[{\"@type\":\"WebPage\",\"@id\":\"https:\\\/\\\/guitarradegranada.com\\\/en\\\/product\\\/cypress-flamenco-guitar-ayman-bitar-3\\\/\",\"url\":\"https:\\\/\\\/guitarradegranada.com\\\/en\\\/product\\\/cypress-flamenco-guitar-ayman-bitar-3\\\/\",\"name\":\"Cypress Flamenco Guitar Ayman Bitar - LA GUITARRER\u00cdA DE GRANADA\",\"isPartOf\":{\"@id\":\"https:\\\/\\\/guitarradegranada.com\\\/en\\\/#website\"},\"primaryImageOfPage\":{\"@id\":\"https:\\\/\\\/guitarradegranada.com\\\/en\\\/product\\\/cypress-flamenco-guitar-ayman-bitar-3\\\/#primaryimage\"},\"image\":{\"@id\":\"https:\\\/\\\/guitarradegranada.com\\\/en\\\/product\\\/cypress-flamenco-guitar-ayman-bitar-3\\\/#primaryimage\"},\"thumbnailUrl\":\"https:\\\/\\\/guitarradegranada.com\\\/wp-content\\\/uploads\\\/2021\\\/10\\\/Guitarra-flamenca-Ayman-630mm.jpg\",\"datePublished\":\"2021-10-23T00:24:04+00:00\",\"description\":\"Professional flamenco guitar made of Spanish Cypress and Spruce-Pine of very high quality has everything a professional guitarist needs.\",\"breadcrumb\":{\"@id\":\"https:\\\/\\\/guitarradegranada.com\\\/en\\\/product\\\/cypress-flamenco-guitar-ayman-bitar-3\\\/#breadcrumb\"},\"inLanguage\":\"en-US\",\"potentialAction\":[{\"@type\":\"ReadAction\",\"target\":[\"https:\\\/\\\/guitarradegranada.com\\\/en\\\/product\\\/cypress-flamenco-guitar-ayman-bitar-3\\\/\"]}]},{\"@type\":\"ImageObject\",\"inLanguage\":\"en-US\",\"@id\":\"https:\\\/\\\/guitarradegranada.com\\\/en\\\/product\\\/cypress-flamenco-guitar-ayman-bitar-3\\\/#primaryimage\",\"url\":\"https:\\\/\\\/guitarradegranada.com\\\/wp-content\\\/uploads\\\/2021\\\/10\\\/Guitarra-flamenca-Ayman-630mm.jpg\",\"contentUrl\":\"https:\\\/\\\/guitarradegranada.com\\\/wp-content\\\/uploads\\\/2021\\\/10\\\/Guitarra-flamenca-Ayman-630mm.jpg\",\"width\":1099,\"height\":1648,\"caption\":\"Guitarra flamenca Ayman\"},{\"@type\":\"BreadcrumbList\",\"@id\":\"https:\\\/\\\/guitarradegranada.com\\\/en\\\/product\\\/cypress-flamenco-guitar-ayman-bitar-3\\\/#breadcrumb\",\"itemListElement\":[{\"@type\":\"ListItem\",\"position\":1,\"name\":\"Portada\",\"item\":\"https:\\\/\\\/guitarradegranada.com\\\/en\\\/\"},{\"@type\":\"ListItem\",\"position\":2,\"name\":\"Store\",\"item\":\"https:\\\/\\\/guitarradegranada.com\\\/en\\\/store\\\/\"},{\"@type\":\"ListItem\",\"position\":3,\"name\":\"Cypress Flamenco Guitar Ayman Bitar\"}]},{\"@type\":\"WebSite\",\"@id\":\"https:\\\/\\\/guitarradegranada.com\\\/en\\\/#website\",\"url\":\"https:\\\/\\\/guitarradegranada.com\\\/en\\\/\",\"name\":\"LA GUITARRER\u00cdA DE GRANADA\",\"description\":\"La Guitarrer\u00eda de Granada es un taller de lutheria artesano y una tienda d\u00f3nde puedes encontrar guitarras artesanas flamencas, cl\u00e1sicas y todos los accesorios para guitarristas\",\"publisher\":{\"@id\":\"https:\\\/\\\/guitarradegranada.com\\\/en\\\/#organization\"},\"potentialAction\":[{\"@type\":\"SearchAction\",\"target\":{\"@type\":\"EntryPoint\",\"urlTemplate\":\"https:\\\/\\\/guitarradegranada.com\\\/en\\\/?s={search_term_string}\"},\"query-input\":{\"@type\":\"PropertyValueSpecification\",\"valueRequired\":true,\"valueName\":\"search_term_string\"}}],\"inLanguage\":\"en-US\"},{\"@type\":\"Organization\",\"@id\":\"https:\\\/\\\/guitarradegranada.com\\\/en\\\/#organization\",\"name\":\"Guitarra de Granada\",\"url\":\"https:\\\/\\\/guitarradegranada.com\\\/en\\\/\",\"logo\":{\"@type\":\"ImageObject\",\"inLanguage\":\"en-US\",\"@id\":\"https:\\\/\\\/guitarradegranada.com\\\/en\\\/#\\\/schema\\\/logo\\\/image\\\/\",\"url\":\"https:\\\/\\\/guitarradegranada.com\\\/wp-content\\\/uploads\\\/2020\\\/05\\\/Logo-Guitarra-de-Granada.png\",\"contentUrl\":\"https:\\\/\\\/guitarradegranada.com\\\/wp-content\\\/uploads\\\/2020\\\/05\\\/Logo-Guitarra-de-Granada.png\",\"width\":1314,\"height\":219,\"caption\":\"Guitarra de Granada\"},\"image\":{\"@id\":\"https:\\\/\\\/guitarradegranada.com\\\/en\\\/#\\\/schema\\\/logo\\\/image\\\/\"}}]}<\/script>\n<!-- \/ Yoast SEO plugin. -->","yoast_head_json":{"title":"Cypress Flamenco Guitar Ayman Bitar - LA GUITARRER\u00cdA DE GRANADA","description":"Professional flamenco guitar made of Spanish Cypress and Spruce-Pine of very high quality has everything a professional guitarist needs.","robots":{"index":"index","follow":"follow","max-snippet":"max-snippet:-1","max-image-preview":"max-image-preview:large","max-video-preview":"max-video-preview:-1"},"canonical":"https:\/\/guitarradegranada.com\/en\/product\/cypress-flamenco-guitar-ayman-bitar-3\/","og_locale":"en_US","og_type":"article","og_title":"Cypress Flamenco Guitar Ayman Bitar - LA GUITARRER\u00cdA DE GRANADA","og_description":"Professional flamenco guitar made of Spanish Cypress and Spruce-Pine of very high quality has everything a professional guitarist needs.","og_url":"https:\/\/guitarradegranada.com\/en\/product\/cypress-flamenco-guitar-ayman-bitar-3\/","og_site_name":"LA GUITARRER\u00cdA DE GRANADA","og_image":[{"width":1099,"height":1648,"url":"https:\/\/i0.wp.com\/guitarradegranada.com\/wp-content\/uploads\/2021\/10\/Guitarra-flamenca-Ayman-630mm.jpg?fit=1099%2C1648&ssl=1","type":"image\/jpeg"}],"twitter_card":"summary_large_image","twitter_misc":{"Est. reading time":"1 minute"},"schema":{"@context":"https:\/\/schema.org","@graph":[{"@type":"WebPage","@id":"https:\/\/guitarradegranada.com\/en\/product\/cypress-flamenco-guitar-ayman-bitar-3\/","url":"https:\/\/guitarradegranada.com\/en\/product\/cypress-flamenco-guitar-ayman-bitar-3\/","name":"Cypress Flamenco Guitar Ayman Bitar - LA GUITARRER\u00cdA DE GRANADA","isPartOf":{"@id":"https:\/\/guitarradegranada.com\/en\/#website"},"primaryImageOfPage":{"@id":"https:\/\/guitarradegranada.com\/en\/product\/cypress-flamenco-guitar-ayman-bitar-3\/#primaryimage"},"image":{"@id":"https:\/\/guitarradegranada.com\/en\/product\/cypress-flamenco-guitar-ayman-bitar-3\/#primaryimage"},"thumbnailUrl":"https:\/\/guitarradegranada.com\/wp-content\/uploads\/2021\/10\/Guitarra-flamenca-Ayman-630mm.jpg","datePublished":"2021-10-23T00:24:04+00:00","description":"Professional flamenco guitar made of Spanish Cypress and Spruce-Pine of very high quality has everything a professional guitarist needs.","breadcrumb":{"@id":"https:\/\/guitarradegranada.com\/en\/product\/cypress-flamenco-guitar-ayman-bitar-3\/#breadcrumb"},"inLanguage":"en-US","potentialAction":[{"@type":"ReadAction","target":["https:\/\/guitarradegranada.com\/en\/product\/cypress-flamenco-guitar-ayman-bitar-3\/"]}]},{"@type":"ImageObject","inLanguage":"en-US","@id":"https:\/\/guitarradegranada.com\/en\/product\/cypress-flamenco-guitar-ayman-bitar-3\/#primaryimage","url":"https:\/\/guitarradegranada.com\/wp-content\/uploads\/2021\/10\/Guitarra-flamenca-Ayman-630mm.jpg","contentUrl":"https:\/\/guitarradegranada.com\/wp-content\/uploads\/2021\/10\/Guitarra-flamenca-Ayman-630mm.jpg","width":1099,"height":1648,"caption":"Guitarra flamenca Ayman"},{"@type":"BreadcrumbList","@id":"https:\/\/guitarradegranada.com\/en\/product\/cypress-flamenco-guitar-ayman-bitar-3\/#breadcrumb","itemListElement":[{"@type":"ListItem","position":1,"name":"Portada","item":"https:\/\/guitarradegranada.com\/en\/"},{"@type":"ListItem","position":2,"name":"Store","item":"https:\/\/guitarradegranada.com\/en\/store\/"},{"@type":"ListItem","position":3,"name":"Cypress Flamenco Guitar Ayman Bitar"}]},{"@type":"WebSite","@id":"https:\/\/guitarradegranada.com\/en\/#website","url":"https:\/\/guitarradegranada.com\/en\/","name":"LA GUITARRER\u00cdA DE GRANADA","description":"La Guitarrer\u00eda de Granada es un taller de lutheria artesano y una tienda d\u00f3nde puedes encontrar guitarras artesanas flamencas, cl\u00e1sicas y todos los accesorios para guitarristas","publisher":{"@id":"https:\/\/guitarradegranada.com\/en\/#organization"},"potentialAction":[{"@type":"SearchAction","target":{"@type":"EntryPoint","urlTemplate":"https:\/\/guitarradegranada.com\/en\/?s={search_term_string}"},"query-input":{"@type":"PropertyValueSpecification","valueRequired":true,"valueName":"search_term_string"}}],"inLanguage":"en-US"},{"@type":"Organization","@id":"https:\/\/guitarradegranada.com\/en\/#organization","name":"Guitarra de Granada","url":"https:\/\/guitarradegranada.com\/en\/","logo":{"@type":"ImageObject","inLanguage":"en-US","@id":"https:\/\/guitarradegranada.com\/en\/#\/schema\/logo\/image\/","url":"https:\/\/guitarradegranada.com\/wp-content\/uploads\/2020\/05\/Logo-Guitarra-de-Granada.png","contentUrl":"https:\/\/guitarradegranada.com\/wp-content\/uploads\/2020\/05\/Logo-Guitarra-de-Granada.png","width":1314,"height":219,"caption":"Guitarra de Granada"},"image":{"@id":"https:\/\/guitarradegranada.com\/en\/#\/schema\/logo\/image\/"}}]}},"jetpack_publicize_connections":[],"jetpack_sharing_enabled":true,"amp_enabled":true,"_links":{"self":[{"href":"https:\/\/guitarradegranada.com\/en\/wp-json\/wp\/v2\/product\/7549","targetHints":{"allow":["GET"]}}],"collection":[{"href":"https:\/\/guitarradegranada.com\/en\/wp-json\/wp\/v2\/product"}],"about":[{"href":"https:\/\/guitarradegranada.com\/en\/wp-json\/wp\/v2\/types\/product"}],"wp:featuredmedia":[{"embeddable":true,"href":"https:\/\/guitarradegranada.com\/en\/wp-json\/wp\/v2\/media\/4576"}],"wp:attachment":[{"href":"https:\/\/guitarradegranada.com\/en\/wp-json\/wp\/v2\/media?parent=7549"}],"wp:term":[{"taxonomy":"product_brand","embeddable":true,"href":"https:\/\/guitarradegranada.com\/en\/wp-json\/wp\/v2\/product_brand?post=7549"},{"taxonomy":"product_cat","embeddable":true,"href":"https:\/\/guitarradegranada.com\/en\/wp-json\/wp\/v2\/product_cat?post=7549"},{"taxonomy":"product_tag","embeddable":true,"href":"https:\/\/guitarradegranada.com\/en\/wp-json\/wp\/v2\/product_tag?post=7549"}],"curies":[{"name":"wp","href":"https:\/\/api.w.org\/{rel}","templated":true}]}}