{"id":7525,"date":"2022-03-10T00:17:33","date_gmt":"2022-03-10T00:17:33","guid":{"rendered":"https:\/\/guitarradegranada.com\/producto\/kna-ng-2-pickup-for-classical-and-flamenco-guitars\/"},"modified":"2022-03-10T00:17:33","modified_gmt":"2022-03-10T00:17:33","slug":"kna-ng-2-pickup-for-classical-and-flamenco-guitars","status":"publish","type":"product","link":"https:\/\/guitarradegranada.com\/en\/product\/kna-ng-2-pickup-for-classical-and-flamenco-guitars\/","title":{"rendered":"KNA NG-2 pickup for classical and flamenco guitars"},"content":{"rendered":"<p><span>The <\/span><strong>KNA NG-2 pickup <\/strong><span>is a<\/span><span><span class=\"Apple-converted-space\">&nbsp;<\/span><\/span><strong>piezoelectric pickup for classical and flamenco guitars<\/strong><span><span class=\"Apple-converted-space\">&nbsp;<\/span><\/span><span>ideal for those who don&#8217;t want to modify or bore holes in their precious instrument. Wrapped in wood, the KNA NG-2 provides a natural sound to your guitar. The KNA NG-2 installs securely on the string clamp bar of your guitar, using only string tension. The NG2 comes with a convenient   <\/span><span><span class=\"Apple-converted-space\">&nbsp;<\/span><\/span><strong>volume control<\/strong><span><span class=\"Apple-converted-space\">&nbsp;<\/span><\/span><span>and with a detachable and easily replaceable cable. When not in use, the NG-2 can be left in place without detriment to the acoustic sound of the instrument. <\/span><\/p>\n<table class=\"table table-specifications\" style=\"margin: 0px 0px 30px;padding: 0px;border: 0px;font-family: Arial, Helvetica, sans-serif;font-style: normal;font-weight: normal;line-height: inherit;font-size: 13px;vertical-align: baseline;border-collapse: collapse;border-spacing: 0px;max-width: 100%;background-color: transparent;width: 314px;letter-spacing: normal;text-align: start;text-indent: 0px;text-transform: none;text-decoration: none\">\n<tbody style=\"margin: 0px;padding: 0px;border: 0px;font-family: inherit;font-style: inherit;font-weight: inherit;line-height: inherit;font-size: 13px;vertical-align: baseline\">\n<tr style=\"margin: 0px;padding: 0px;border: 0px;font-family: inherit;font-style: inherit;font-weight: inherit;line-height: inherit;font-size: 13px;vertical-align: baseline\">\n<td style=\"margin: 0px;padding: 9px 8px 11px 18px;border-width: 1px 0px 0px;border-top-style: solid;font-family: inherit;font-style: inherit;font-weight: normal;line-height: 1.42857;font-size: 13px;vertical-align: middle;text-align: left\">Weight<\/td>\n<td style=\"margin: 0px;padding: 9px 8px 11px 18px;border-width: 1px 0px 0px;border-top-style: solid;font-family: inherit;font-style: inherit;font-weight: normal;line-height: 1.42857;font-size: 13px;vertical-align: middle;text-align: left\">3.8g. \/ 0.137oz.<\/td>\n<\/tr>\n<tr style=\"margin: 0px;padding: 0px;border: 0px;font-family: inherit;font-style: inherit;font-weight: inherit;line-height: inherit;font-size: 13px;vertical-align: baseline\">\n<td style=\"margin: 0px;padding: 9px 8px 11px 18px;border-width: 1px 0px 0px;border-top-style: solid;font-family: inherit;font-style: inherit;font-weight: normal;line-height: 1.42857;font-size: 13px;vertical-align: middle;text-align: left\">Overall length<\/td>\n<td style=\"margin: 0px;padding: 9px 8px 11px 18px;border-width: 1px 0px 0px;border-top-style: solid;font-family: inherit;font-style: inherit;font-weight: normal;line-height: 1.42857;font-size: 13px;vertical-align: middle;text-align: left\">74mm \/ 2.91&#8243; \/ 2.91<\/td>\n<\/tr>\n<tr style=\"margin: 0px;padding: 0px;border: 0px;font-family: inherit;font-style: inherit;font-weight: inherit;line-height: inherit;font-size: 13px;vertical-align: baseline\">\n<td style=\"margin: 0px;padding: 9px 8px 11px 18px;border-width: 1px 0px 0px;border-top-style: solid;font-family: inherit;font-style: inherit;font-weight: normal;line-height: 1.42857;font-size: 13px;vertical-align: middle;text-align: left\">Height \/ jack housing<\/td>\n<td style=\"margin: 0px;padding: 9px 8px 11px 18px;border-width: 1px 0px 0px;border-top-style: solid;font-family: inherit;font-style: inherit;font-weight: normal;line-height: 1.42857;font-size: 13px;vertical-align: middle;text-align: left\">9mm \/ 0.35&#8243; \/ 0.35<\/td>\n<\/tr>\n<tr style=\"margin: 0px;padding: 0px;border: 0px;font-family: inherit;font-style: inherit;font-weight: inherit;line-height: inherit;font-size: 13px;vertical-align: baseline\">\n<td colspan=\"2\" style=\"margin: 0px;padding: 9px 8px 11px 18px;border-width: 1px 0px 0px;border-top-style: solid;font-family: inherit;font-style: inherit;font-weight: normal;line-height: 1.42857;font-size: 13px;vertical-align: middle;text-align: left\">Active element measurements<\/td>\n<\/tr>\n<tr style=\"margin: 0px;padding: 0px;border: 0px;font-family: inherit;font-style: inherit;font-weight: inherit;line-height: inherit;font-size: 13px;vertical-align: baseline\">\n<td style=\"margin: 0px;padding: 9px 8px 11px 18px;border-width: 1px 0px 0px;border-top-style: solid;font-family: inherit;font-style: inherit;font-weight: normal;line-height: 1.42857;font-size: 13px;vertical-align: middle;text-align: left\">Length<\/td>\n<td style=\"margin: 0px;padding: 9px 8px 11px 18px;border-width: 1px 0px 0px;border-top-style: solid;font-family: inherit;font-style: inherit;font-weight: normal;line-height: 1.42857;font-size: 13px;vertical-align: middle;text-align: left\">73mm \/ 2.87&#8243;     <\/td>\n<\/tr>\n<tr style=\"margin: 0px;padding: 0px;border: 0px;font-family: inherit;font-style: inherit;font-weight: inherit;line-height: inherit;font-size: 13px;vertical-align: baseline\">\n<td style=\"margin: 0px;padding: 9px 8px 11px 18px;border-width: 1px 0px 0px;border-top-style: solid;font-family: inherit;font-style: inherit;font-weight: normal;line-height: 1.42857;font-size: 13px;vertical-align: middle;text-align: left\">Width<\/td>\n<td style=\"margin: 0px;padding: 9px 8px 11px 18px;border-width: 1px 0px 0px;border-top-style: solid;font-family: inherit;font-style: inherit;font-weight: normal;line-height: 1.42857;font-size: 13px;vertical-align: middle;text-align: left\">9.6mm \/ 0.38&#8243;<\/td>\n<\/tr>\n<tr style=\"margin: 0px;padding: 0px;border: 0px;font-family: inherit;font-style: inherit;font-weight: inherit;line-height: inherit;font-size: 13px;vertical-align: baseline\">\n<td style=\"margin: 0px;padding: 9px 8px 11px 18px;border-width: 1px 0px 0px;border-top-style: solid;font-family: inherit;font-style: inherit;font-weight: normal;line-height: 1.42857;font-size: 13px;vertical-align: middle;text-align: left\">\n<p style=\"margin: 0px 0px 1em;padding: 0px;border: 0px;font-family: inherit;font-style: inherit;font-weight: inherit;line-height: inherit;font-size: 13px;vertical-align: baseline;min-height: 1px\">Thickness<\/p>\n<\/td>\n<td style=\"margin: 0px;padding: 9px 8px 11px 18px;border-width: 1px 0px 0px;border-top-style: solid;font-family: inherit;font-style: inherit;font-weight: normal;line-height: 1.42857;font-size: 13px;vertical-align: middle;text-align: left\">\n<p style=\"margin: 0px 0px 1em;padding: 0px;border: 0px;font-family: inherit;font-style: inherit;font-weight: inherit;line-height: inherit;font-size: 13px;vertical-align: baseline;min-height: 1px\">2mm \u00b1 0.05mm<\/p>\n<p style=\"margin: 0px 0px 1em;padding: 0px;border: 0px;font-family: inherit;font-style: inherit;font-weight: inherit;line-height: inherit;font-size: 13px;vertical-align: baseline;min-height: 1px\">0.079&#8243; \u00b1 0.002&#8243;<\/p>\n<\/td>\n<\/tr>\n<tr style=\"margin: 0px;padding: 0px;border: 0px;font-family: inherit;font-style: inherit;font-weight: inherit;line-height: inherit;font-size: 13px;vertical-align: baseline\">\n<td style=\"margin: 0px;padding: 9px 8px 11px 18px;border-width: 1px 0px 0px;border-top-style: solid;font-family: inherit;font-style: inherit;font-weight: normal;line-height: 1.42857;font-size: 13px;vertical-align: middle;text-align: left\">Wood<\/td>\n<td style=\"margin: 0px;padding: 9px 8px 11px 18px;border-width: 1px 0px 0px;border-top-style: solid;font-family: inherit;font-style: inherit;font-weight: normal;line-height: 1.42857;font-size: 13px;vertical-align: middle;text-align: left\">Mahogany<\/td>\n<\/tr>\n<tr style=\"margin: 0px;padding: 0px;border: 0px;font-family: inherit;font-style: inherit;font-weight: inherit;line-height: inherit;font-size: 13px;vertical-align: baseline\">\n<td style=\"margin: 0px;padding: 9px 8px 11px 18px;border-width: 1px 0px 0px;border-top-style: solid;font-family: inherit;font-style: inherit;font-weight: normal;line-height: 1.42857;font-size: 13px;vertical-align: middle;text-align: left\">Maximum Impedance<\/td>\n<td style=\"margin: 0px;padding: 9px 8px 11px 18px;border-width: 1px 0px 0px;border-top-style: solid;font-family: inherit;font-style: inherit;font-weight: normal;line-height: 1.42857;font-size: 13px;vertical-align: middle;text-align: left\">500 \u03a9<\/td>\n<\/tr>\n<tr style=\"margin: 0px;padding: 0px;border: 0px;font-family: inherit;font-style: inherit;font-weight: inherit;line-height: inherit;font-size: 13px;vertical-align: baseline\">\n<td style=\"margin: 0px;padding: 9px 8px 11px 18px;border-width: 1px 0px 0px;border-top-style: solid;font-family: inherit;font-style: inherit;font-weight: normal;line-height: 1.42857;font-size: 13px;vertical-align: middle;text-align: left\">Cable<\/td>\n<td style=\"margin: 0px;padding: 9px 8px 11px 18px;border-width: 1px 0px 0px;border-top-style: solid;font-family: inherit;font-style: inherit;font-weight: normal;line-height: 1.42857;font-size: 13px;vertical-align: middle;text-align: left\">\n<p style=\"margin: 0px 0px 1em;padding: 0px;border: 0px;font-family: inherit;font-style: inherit;font-weight: inherit;line-height: inherit;font-size: 13px;vertical-align: baseline;min-height: 1px\">2.5meter \/ 8&#8242;<\/p>\n<\/td>\n<\/tr>\n<\/tbody>\n<\/table>\n","protected":false},"excerpt":{"rendered":"<p>The KNA NG-2 pickup is a&nbsp;piezoelectric pickup for classical and flamenco guitars&nbsp;ideal for those who don&#8217;t want to modify or bore holes in their precious instrument. Wrapped in wood, the KNA NG-2 provides a natural sound to your guitar. The KNA NG-2 installs securely on the string clamp bar of your guitar, using only string [&#8230;]\n","protected":false},"featured_media":4852,"template":"","meta":{"_coblocks_attr":"","_coblocks_dimensions":"","_coblocks_responsive_height":"","_coblocks_accordion_ie_support":"","_crdt_document":"","jetpack_publicize_message":"","jetpack_publicize_feature_enabled":true,"jetpack_social_post_already_shared":true,"jetpack_social_options":{"image_generator_settings":{"template":"highway","default_image_id":0,"font":"","enabled":false},"version":2},"_wpas_customize_per_network":false},"product_brand":[],"product_cat":[50518879,50518881],"product_tag":[],"class_list":{"0":"post-7525","1":"product","2":"type-product","3":"status-publish","4":"has-post-thumbnail","6":"product_cat-guitar-accessories","7":"product_cat-guitar-amplification","8":"product_shipping_class-small-accessories","10":"first","11":"instock","12":"sale","13":"taxable","14":"shipping-taxable","15":"purchasable","16":"product-type-simple"},"bundled_by":[],"bundle_stock_status":"instock","bundle_stock_quantity":null,"bundle_virtual":false,"bundle_layout":"","bundle_add_to_cart_form_location":"","bundle_editable_in_cart":false,"bundle_sold_individually_context":"","bundle_item_grouping":"","bundle_min_size":"","bundle_max_size":"","bundle_price":[],"bundled_items":[],"bundle_sell_ids":[],"group_of_quantity":0,"min_quantity":0,"max_quantity":"","exclude_order_quantity_value_rules":"no","exclude_category_quantity_rules":"no","combine_variations":"no","exclude_global_add_ons":[],"addons":[],"yoast_head":"<!-- This site is optimized with the Yoast SEO plugin v27.4 - https:\/\/yoast.com\/product\/yoast-seo-wordpress\/ -->\n<title>KNA NG-2 pickup for classical and flamenco guitars - LA GUITARRER\u00cdA DE GRANADA<\/title>\n<meta name=\"robots\" content=\"index, follow, max-snippet:-1, max-image-preview:large, max-video-preview:-1\" \/>\n<link rel=\"canonical\" href=\"https:\/\/guitarradegranada.com\/en\/product\/kna-ng-2-pickup-for-classical-and-flamenco-guitars\/\" \/>\n<meta property=\"og:locale\" content=\"en_US\" \/>\n<meta property=\"og:type\" content=\"article\" \/>\n<meta property=\"og:title\" content=\"KNA NG-2 pickup for classical and flamenco guitars - LA GUITARRER\u00cdA DE GRANADA\" \/>\n<meta property=\"og:description\" content=\"The KNA NG-2 pickup is a&nbsp;piezoelectric pickup for classical and flamenco guitars&nbsp;ideal for those who don&#8217;t want to modify or bore holes in their precious instrument. Wrapped in wood, the KNA NG-2 provides a natural sound to your guitar. The KNA NG-2 installs securely on the string clamp bar of your guitar, using only string [...]\" \/>\n<meta property=\"og:url\" content=\"https:\/\/guitarradegranada.com\/en\/product\/kna-ng-2-pickup-for-classical-and-flamenco-guitars\/\" \/>\n<meta property=\"og:site_name\" content=\"LA GUITARRER\u00cdA DE GRANADA\" \/>\n<meta property=\"og:image\" content=\"https:\/\/i0.wp.com\/guitarradegranada.com\/wp-content\/uploads\/2022\/03\/img_5805-1.jpeg?fit=765%2C765&ssl=1\" \/>\n\t<meta property=\"og:image:width\" content=\"765\" \/>\n\t<meta property=\"og:image:height\" content=\"765\" \/>\n\t<meta property=\"og:image:type\" content=\"image\/jpeg\" \/>\n<meta name=\"twitter:card\" content=\"summary_large_image\" \/>\n<meta name=\"twitter:label1\" content=\"Est. reading time\" \/>\n\t<meta name=\"twitter:data1\" content=\"1 minute\" \/>\n<script type=\"application\/ld+json\" class=\"yoast-schema-graph\">{\"@context\":\"https:\\\/\\\/schema.org\",\"@graph\":[{\"@type\":\"WebPage\",\"@id\":\"https:\\\/\\\/guitarradegranada.com\\\/en\\\/product\\\/kna-ng-2-pickup-for-classical-and-flamenco-guitars\\\/\",\"url\":\"https:\\\/\\\/guitarradegranada.com\\\/en\\\/product\\\/kna-ng-2-pickup-for-classical-and-flamenco-guitars\\\/\",\"name\":\"KNA NG-2 pickup for classical and flamenco guitars - LA GUITARRER\u00cdA DE GRANADA\",\"isPartOf\":{\"@id\":\"https:\\\/\\\/guitarradegranada.com\\\/en\\\/#website\"},\"primaryImageOfPage\":{\"@id\":\"https:\\\/\\\/guitarradegranada.com\\\/en\\\/product\\\/kna-ng-2-pickup-for-classical-and-flamenco-guitars\\\/#primaryimage\"},\"image\":{\"@id\":\"https:\\\/\\\/guitarradegranada.com\\\/en\\\/product\\\/kna-ng-2-pickup-for-classical-and-flamenco-guitars\\\/#primaryimage\"},\"thumbnailUrl\":\"https:\\\/\\\/guitarradegranada.com\\\/wp-content\\\/uploads\\\/2022\\\/03\\\/img_5805-1.jpeg\",\"datePublished\":\"2022-03-10T00:17:33+00:00\",\"breadcrumb\":{\"@id\":\"https:\\\/\\\/guitarradegranada.com\\\/en\\\/product\\\/kna-ng-2-pickup-for-classical-and-flamenco-guitars\\\/#breadcrumb\"},\"inLanguage\":\"en-US\",\"potentialAction\":[{\"@type\":\"ReadAction\",\"target\":[\"https:\\\/\\\/guitarradegranada.com\\\/en\\\/product\\\/kna-ng-2-pickup-for-classical-and-flamenco-guitars\\\/\"]}]},{\"@type\":\"ImageObject\",\"inLanguage\":\"en-US\",\"@id\":\"https:\\\/\\\/guitarradegranada.com\\\/en\\\/product\\\/kna-ng-2-pickup-for-classical-and-flamenco-guitars\\\/#primaryimage\",\"url\":\"https:\\\/\\\/guitarradegranada.com\\\/wp-content\\\/uploads\\\/2022\\\/03\\\/img_5805-1.jpeg\",\"contentUrl\":\"https:\\\/\\\/guitarradegranada.com\\\/wp-content\\\/uploads\\\/2022\\\/03\\\/img_5805-1.jpeg\",\"width\":765,\"height\":765},{\"@type\":\"BreadcrumbList\",\"@id\":\"https:\\\/\\\/guitarradegranada.com\\\/en\\\/product\\\/kna-ng-2-pickup-for-classical-and-flamenco-guitars\\\/#breadcrumb\",\"itemListElement\":[{\"@type\":\"ListItem\",\"position\":1,\"name\":\"Portada\",\"item\":\"https:\\\/\\\/guitarradegranada.com\\\/en\\\/\"},{\"@type\":\"ListItem\",\"position\":2,\"name\":\"Store\",\"item\":\"https:\\\/\\\/guitarradegranada.com\\\/en\\\/store\\\/\"},{\"@type\":\"ListItem\",\"position\":3,\"name\":\"KNA NG-2 pickup for classical and flamenco guitars\"}]},{\"@type\":\"WebSite\",\"@id\":\"https:\\\/\\\/guitarradegranada.com\\\/en\\\/#website\",\"url\":\"https:\\\/\\\/guitarradegranada.com\\\/en\\\/\",\"name\":\"LA GUITARRER\u00cdA DE GRANADA\",\"description\":\"La Guitarrer\u00eda de Granada es un taller de lutheria artesano y una tienda d\u00f3nde puedes encontrar guitarras artesanas flamencas, cl\u00e1sicas y todos los accesorios para guitarristas\",\"publisher\":{\"@id\":\"https:\\\/\\\/guitarradegranada.com\\\/en\\\/#organization\"},\"potentialAction\":[{\"@type\":\"SearchAction\",\"target\":{\"@type\":\"EntryPoint\",\"urlTemplate\":\"https:\\\/\\\/guitarradegranada.com\\\/en\\\/?s={search_term_string}\"},\"query-input\":{\"@type\":\"PropertyValueSpecification\",\"valueRequired\":true,\"valueName\":\"search_term_string\"}}],\"inLanguage\":\"en-US\"},{\"@type\":\"Organization\",\"@id\":\"https:\\\/\\\/guitarradegranada.com\\\/en\\\/#organization\",\"name\":\"Guitarra de Granada\",\"url\":\"https:\\\/\\\/guitarradegranada.com\\\/en\\\/\",\"logo\":{\"@type\":\"ImageObject\",\"inLanguage\":\"en-US\",\"@id\":\"https:\\\/\\\/guitarradegranada.com\\\/en\\\/#\\\/schema\\\/logo\\\/image\\\/\",\"url\":\"https:\\\/\\\/guitarradegranada.com\\\/wp-content\\\/uploads\\\/2020\\\/05\\\/Logo-Guitarra-de-Granada.png\",\"contentUrl\":\"https:\\\/\\\/guitarradegranada.com\\\/wp-content\\\/uploads\\\/2020\\\/05\\\/Logo-Guitarra-de-Granada.png\",\"width\":1314,\"height\":219,\"caption\":\"Guitarra de Granada\"},\"image\":{\"@id\":\"https:\\\/\\\/guitarradegranada.com\\\/en\\\/#\\\/schema\\\/logo\\\/image\\\/\"}}]}<\/script>\n<!-- \/ Yoast SEO plugin. -->","yoast_head_json":{"title":"KNA NG-2 pickup for classical and flamenco guitars - LA GUITARRER\u00cdA DE GRANADA","robots":{"index":"index","follow":"follow","max-snippet":"max-snippet:-1","max-image-preview":"max-image-preview:large","max-video-preview":"max-video-preview:-1"},"canonical":"https:\/\/guitarradegranada.com\/en\/product\/kna-ng-2-pickup-for-classical-and-flamenco-guitars\/","og_locale":"en_US","og_type":"article","og_title":"KNA NG-2 pickup for classical and flamenco guitars - LA GUITARRER\u00cdA DE GRANADA","og_description":"The KNA NG-2 pickup is a&nbsp;piezoelectric pickup for classical and flamenco guitars&nbsp;ideal for those who don&#8217;t want to modify or bore holes in their precious instrument. Wrapped in wood, the KNA NG-2 provides a natural sound to your guitar. The KNA NG-2 installs securely on the string clamp bar of your guitar, using only string [...]","og_url":"https:\/\/guitarradegranada.com\/en\/product\/kna-ng-2-pickup-for-classical-and-flamenco-guitars\/","og_site_name":"LA GUITARRER\u00cdA DE GRANADA","og_image":[{"width":765,"height":765,"url":"https:\/\/i0.wp.com\/guitarradegranada.com\/wp-content\/uploads\/2022\/03\/img_5805-1.jpeg?fit=765%2C765&ssl=1","type":"image\/jpeg"}],"twitter_card":"summary_large_image","twitter_misc":{"Est. reading time":"1 minute"},"schema":{"@context":"https:\/\/schema.org","@graph":[{"@type":"WebPage","@id":"https:\/\/guitarradegranada.com\/en\/product\/kna-ng-2-pickup-for-classical-and-flamenco-guitars\/","url":"https:\/\/guitarradegranada.com\/en\/product\/kna-ng-2-pickup-for-classical-and-flamenco-guitars\/","name":"KNA NG-2 pickup for classical and flamenco guitars - LA GUITARRER\u00cdA DE GRANADA","isPartOf":{"@id":"https:\/\/guitarradegranada.com\/en\/#website"},"primaryImageOfPage":{"@id":"https:\/\/guitarradegranada.com\/en\/product\/kna-ng-2-pickup-for-classical-and-flamenco-guitars\/#primaryimage"},"image":{"@id":"https:\/\/guitarradegranada.com\/en\/product\/kna-ng-2-pickup-for-classical-and-flamenco-guitars\/#primaryimage"},"thumbnailUrl":"https:\/\/guitarradegranada.com\/wp-content\/uploads\/2022\/03\/img_5805-1.jpeg","datePublished":"2022-03-10T00:17:33+00:00","breadcrumb":{"@id":"https:\/\/guitarradegranada.com\/en\/product\/kna-ng-2-pickup-for-classical-and-flamenco-guitars\/#breadcrumb"},"inLanguage":"en-US","potentialAction":[{"@type":"ReadAction","target":["https:\/\/guitarradegranada.com\/en\/product\/kna-ng-2-pickup-for-classical-and-flamenco-guitars\/"]}]},{"@type":"ImageObject","inLanguage":"en-US","@id":"https:\/\/guitarradegranada.com\/en\/product\/kna-ng-2-pickup-for-classical-and-flamenco-guitars\/#primaryimage","url":"https:\/\/guitarradegranada.com\/wp-content\/uploads\/2022\/03\/img_5805-1.jpeg","contentUrl":"https:\/\/guitarradegranada.com\/wp-content\/uploads\/2022\/03\/img_5805-1.jpeg","width":765,"height":765},{"@type":"BreadcrumbList","@id":"https:\/\/guitarradegranada.com\/en\/product\/kna-ng-2-pickup-for-classical-and-flamenco-guitars\/#breadcrumb","itemListElement":[{"@type":"ListItem","position":1,"name":"Portada","item":"https:\/\/guitarradegranada.com\/en\/"},{"@type":"ListItem","position":2,"name":"Store","item":"https:\/\/guitarradegranada.com\/en\/store\/"},{"@type":"ListItem","position":3,"name":"KNA NG-2 pickup for classical and flamenco guitars"}]},{"@type":"WebSite","@id":"https:\/\/guitarradegranada.com\/en\/#website","url":"https:\/\/guitarradegranada.com\/en\/","name":"LA GUITARRER\u00cdA DE GRANADA","description":"La Guitarrer\u00eda de Granada es un taller de lutheria artesano y una tienda d\u00f3nde puedes encontrar guitarras artesanas flamencas, cl\u00e1sicas y todos los accesorios para guitarristas","publisher":{"@id":"https:\/\/guitarradegranada.com\/en\/#organization"},"potentialAction":[{"@type":"SearchAction","target":{"@type":"EntryPoint","urlTemplate":"https:\/\/guitarradegranada.com\/en\/?s={search_term_string}"},"query-input":{"@type":"PropertyValueSpecification","valueRequired":true,"valueName":"search_term_string"}}],"inLanguage":"en-US"},{"@type":"Organization","@id":"https:\/\/guitarradegranada.com\/en\/#organization","name":"Guitarra de Granada","url":"https:\/\/guitarradegranada.com\/en\/","logo":{"@type":"ImageObject","inLanguage":"en-US","@id":"https:\/\/guitarradegranada.com\/en\/#\/schema\/logo\/image\/","url":"https:\/\/guitarradegranada.com\/wp-content\/uploads\/2020\/05\/Logo-Guitarra-de-Granada.png","contentUrl":"https:\/\/guitarradegranada.com\/wp-content\/uploads\/2020\/05\/Logo-Guitarra-de-Granada.png","width":1314,"height":219,"caption":"Guitarra de Granada"},"image":{"@id":"https:\/\/guitarradegranada.com\/en\/#\/schema\/logo\/image\/"}}]}},"jetpack_publicize_connections":[],"jetpack_sharing_enabled":true,"amp_enabled":true,"_links":{"self":[{"href":"https:\/\/guitarradegranada.com\/en\/wp-json\/wp\/v2\/product\/7525","targetHints":{"allow":["GET"]}}],"collection":[{"href":"https:\/\/guitarradegranada.com\/en\/wp-json\/wp\/v2\/product"}],"about":[{"href":"https:\/\/guitarradegranada.com\/en\/wp-json\/wp\/v2\/types\/product"}],"wp:featuredmedia":[{"embeddable":true,"href":"https:\/\/guitarradegranada.com\/en\/wp-json\/wp\/v2\/media\/4852"}],"wp:attachment":[{"href":"https:\/\/guitarradegranada.com\/en\/wp-json\/wp\/v2\/media?parent=7525"}],"wp:term":[{"taxonomy":"product_brand","embeddable":true,"href":"https:\/\/guitarradegranada.com\/en\/wp-json\/wp\/v2\/product_brand?post=7525"},{"taxonomy":"product_cat","embeddable":true,"href":"https:\/\/guitarradegranada.com\/en\/wp-json\/wp\/v2\/product_cat?post=7525"},{"taxonomy":"product_tag","embeddable":true,"href":"https:\/\/guitarradegranada.com\/en\/wp-json\/wp\/v2\/product_tag?post=7525"}],"curies":[{"name":"wp","href":"https:\/\/api.w.org\/{rel}","templated":true}]}}