{"id":7471,"date":"2022-03-25T23:49:19","date_gmt":"2022-03-25T23:49:19","guid":{"rendered":"https:\/\/guitarradegranada.com\/producto\/cypress-flamenco-guitar\/"},"modified":"2022-03-25T23:49:19","modified_gmt":"2022-03-25T23:49:19","slug":"cypress-flamenco-guitar","status":"publish","type":"product","link":"https:\/\/guitarradegranada.com\/en\/product\/cypress-flamenco-guitar\/","title":{"rendered":"Cypress Flamenco Guitar"},"content":{"rendered":"<p>Ayman Bitar Cypress and Spruce-Pine-Fir flamenco guitar.<\/p>\n<p><strong>Technical specifications:<\/strong><\/p>\n<ul>\n<li><strong>Top:<\/strong> German Spruce-Pine (Picea abies)<\/li>\n<li><strong>Quality:<\/strong> AA<\/li>\n<li><strong>Back and sides:<\/strong> Cypress <i>(<em>Cupressus sempervirens.).<\/em><br \/><\/i><\/li>\n<li><strong>Fingerboard:<\/strong> African Ebony (Diospyros Crassi ora)<\/li>\n<li><strong>Mast:<\/strong> Cedar (Cedrela Odorata)<strong> <\/strong><\/li>\n<li><strong>Bridge:<\/strong> Indian Palo Santo (Dalbergia latifolia)<\/li>\n<li><strong>Capo:<\/strong> 52 mm<\/li>\n<li><strong>Draft:<\/strong> 650 mm<\/li>\n<li><strong>Depth of the box in the block:<\/strong> 90 mm<\/li>\n<li><strong>Depth of the box in the block:<\/strong> 96 mm<\/li>\n<li><strong>Bone bridge nut: <\/strong>Yes<\/li>\n<li><strong>Bone spade nut:<\/strong> Yes<\/li>\n<li><strong>Finish:<\/strong> Nitro Lacquer<\/li>\n<li><strong>Striker:<\/strong> Yes<\/li>\n<\/ul>\n<p>*The wood of this guitar is FSC certified. This label guarantees that the wood comes from a responsibly managed forest, so by choosing this product, you too are participating in the preservation of forests and biodiversity. <\/p>\n","protected":false},"excerpt":{"rendered":"<p>Cypress and Pine-German Spruce Flamenco Guitar<\/p>\n","protected":false},"featured_media":4905,"template":"","meta":{"_coblocks_attr":"","_coblocks_dimensions":"","_coblocks_responsive_height":"","_coblocks_accordion_ie_support":"","_crdt_document":"","jetpack_publicize_message":"","jetpack_publicize_feature_enabled":true,"jetpack_social_post_already_shared":true,"jetpack_social_options":{"image_generator_settings":{"template":"highway","default_image_id":0,"font":"","enabled":false},"version":2},"_wpas_customize_per_network":false},"product_brand":[],"product_cat":[50518904,50518903,50518898],"product_tag":[50518940],"class_list":{"0":"post-7471","1":"product","2":"type-product","3":"status-publish","4":"has-post-thumbnail","6":"product_cat-flamenco-concert-guitars","7":"product_cat-flamenco-guitars","8":"product_cat-classical-and-flamenco-guitars","9":"product_tag-flamenco-guitar","10":"product_shipping_class-guitar-shipment","12":"first","13":"instock","14":"sale","15":"taxable","16":"shipping-taxable","17":"purchasable","18":"product-type-simple"},"bundled_by":[],"bundle_stock_status":"instock","bundle_stock_quantity":null,"bundle_virtual":false,"bundle_layout":"","bundle_add_to_cart_form_location":"","bundle_editable_in_cart":false,"bundle_sold_individually_context":"","bundle_item_grouping":"","bundle_min_size":"","bundle_max_size":"","bundle_price":[],"bundled_items":[],"bundle_sell_ids":[],"group_of_quantity":0,"min_quantity":0,"max_quantity":"","exclude_order_quantity_value_rules":"no","exclude_category_quantity_rules":"no","combine_variations":"no","exclude_global_add_ons":[],"addons":[],"yoast_head":"<!-- This site is optimized with the Yoast SEO plugin v27.4 - https:\/\/yoast.com\/product\/yoast-seo-wordpress\/ -->\n<title>\u25b7 Cypress Flamenco Guitar - LA GUITARRER\u00cdA DE GRANADA%.<\/title>\n<meta name=\"description\" content=\"Cypress and Pine-German Spruce Flamenco Guitar\" \/>\n<meta name=\"robots\" content=\"index, follow, max-snippet:-1, max-image-preview:large, max-video-preview:-1\" \/>\n<link rel=\"canonical\" href=\"https:\/\/guitarradegranada.com\/en\/product\/cypress-flamenco-guitar\/\" \/>\n<meta property=\"og:locale\" content=\"en_US\" \/>\n<meta property=\"og:type\" content=\"article\" \/>\n<meta property=\"og:title\" content=\"\u25b7 Cypress Flamenco Guitar - LA GUITARRER\u00cdA DE GRANADA%.\" \/>\n<meta property=\"og:description\" content=\"Cypress and Pine-German Spruce Flamenco Guitar\" \/>\n<meta property=\"og:url\" content=\"https:\/\/guitarradegranada.com\/en\/product\/cypress-flamenco-guitar\/\" \/>\n<meta property=\"og:site_name\" content=\"LA GUITARRER\u00cdA DE GRANADA\" \/>\n<meta property=\"og:image\" content=\"https:\/\/i0.wp.com\/guitarradegranada.com\/wp-content\/uploads\/2022\/03\/Flamenca-cipres-basica-8.jpg?fit=926%2C1245&ssl=1\" \/>\n\t<meta property=\"og:image:width\" content=\"926\" \/>\n\t<meta property=\"og:image:height\" content=\"1245\" \/>\n\t<meta property=\"og:image:type\" content=\"image\/jpeg\" \/>\n<meta name=\"twitter:card\" content=\"summary_large_image\" \/>\n<meta name=\"twitter:label1\" content=\"Est. reading time\" \/>\n\t<meta name=\"twitter:data1\" content=\"1 minute\" \/>\n<script type=\"application\/ld+json\" class=\"yoast-schema-graph\">{\"@context\":\"https:\\\/\\\/schema.org\",\"@graph\":[{\"@type\":\"WebPage\",\"@id\":\"https:\\\/\\\/guitarradegranada.com\\\/en\\\/product\\\/cypress-flamenco-guitar\\\/\",\"url\":\"https:\\\/\\\/guitarradegranada.com\\\/en\\\/product\\\/cypress-flamenco-guitar\\\/\",\"name\":\"\u25b7 Cypress Flamenco Guitar - LA GUITARRER\u00cdA DE GRANADA%.\",\"isPartOf\":{\"@id\":\"https:\\\/\\\/guitarradegranada.com\\\/en\\\/#website\"},\"primaryImageOfPage\":{\"@id\":\"https:\\\/\\\/guitarradegranada.com\\\/en\\\/product\\\/cypress-flamenco-guitar\\\/#primaryimage\"},\"image\":{\"@id\":\"https:\\\/\\\/guitarradegranada.com\\\/en\\\/product\\\/cypress-flamenco-guitar\\\/#primaryimage\"},\"thumbnailUrl\":\"https:\\\/\\\/guitarradegranada.com\\\/wp-content\\\/uploads\\\/2022\\\/03\\\/Flamenca-cipres-basica-8.jpg\",\"datePublished\":\"2022-03-25T23:49:19+00:00\",\"description\":\"Cypress and Pine-German Spruce Flamenco Guitar\",\"breadcrumb\":{\"@id\":\"https:\\\/\\\/guitarradegranada.com\\\/en\\\/product\\\/cypress-flamenco-guitar\\\/#breadcrumb\"},\"inLanguage\":\"en-US\",\"potentialAction\":[{\"@type\":\"ReadAction\",\"target\":[\"https:\\\/\\\/guitarradegranada.com\\\/en\\\/product\\\/cypress-flamenco-guitar\\\/\"]}]},{\"@type\":\"ImageObject\",\"inLanguage\":\"en-US\",\"@id\":\"https:\\\/\\\/guitarradegranada.com\\\/en\\\/product\\\/cypress-flamenco-guitar\\\/#primaryimage\",\"url\":\"https:\\\/\\\/guitarradegranada.com\\\/wp-content\\\/uploads\\\/2022\\\/03\\\/Flamenca-cipres-basica-8.jpg\",\"contentUrl\":\"https:\\\/\\\/guitarradegranada.com\\\/wp-content\\\/uploads\\\/2022\\\/03\\\/Flamenca-cipres-basica-8.jpg\",\"width\":926,\"height\":1245,\"caption\":\"Cypress flamenco guitar Ayman Bitar\"},{\"@type\":\"BreadcrumbList\",\"@id\":\"https:\\\/\\\/guitarradegranada.com\\\/en\\\/product\\\/cypress-flamenco-guitar\\\/#breadcrumb\",\"itemListElement\":[{\"@type\":\"ListItem\",\"position\":1,\"name\":\"Portada\",\"item\":\"https:\\\/\\\/guitarradegranada.com\\\/en\\\/\"},{\"@type\":\"ListItem\",\"position\":2,\"name\":\"Store\",\"item\":\"https:\\\/\\\/guitarradegranada.com\\\/en\\\/store\\\/\"},{\"@type\":\"ListItem\",\"position\":3,\"name\":\"Cypress Flamenco Guitar\"}]},{\"@type\":\"WebSite\",\"@id\":\"https:\\\/\\\/guitarradegranada.com\\\/en\\\/#website\",\"url\":\"https:\\\/\\\/guitarradegranada.com\\\/en\\\/\",\"name\":\"LA GUITARRER\u00cdA DE GRANADA\",\"description\":\"La Guitarrer\u00eda de Granada es un taller de lutheria artesano y una tienda d\u00f3nde puedes encontrar guitarras artesanas flamencas, cl\u00e1sicas y todos los accesorios para guitarristas\",\"publisher\":{\"@id\":\"https:\\\/\\\/guitarradegranada.com\\\/en\\\/#organization\"},\"potentialAction\":[{\"@type\":\"SearchAction\",\"target\":{\"@type\":\"EntryPoint\",\"urlTemplate\":\"https:\\\/\\\/guitarradegranada.com\\\/en\\\/?s={search_term_string}\"},\"query-input\":{\"@type\":\"PropertyValueSpecification\",\"valueRequired\":true,\"valueName\":\"search_term_string\"}}],\"inLanguage\":\"en-US\"},{\"@type\":\"Organization\",\"@id\":\"https:\\\/\\\/guitarradegranada.com\\\/en\\\/#organization\",\"name\":\"Guitarra de Granada\",\"url\":\"https:\\\/\\\/guitarradegranada.com\\\/en\\\/\",\"logo\":{\"@type\":\"ImageObject\",\"inLanguage\":\"en-US\",\"@id\":\"https:\\\/\\\/guitarradegranada.com\\\/en\\\/#\\\/schema\\\/logo\\\/image\\\/\",\"url\":\"https:\\\/\\\/guitarradegranada.com\\\/wp-content\\\/uploads\\\/2020\\\/05\\\/Logo-Guitarra-de-Granada.png\",\"contentUrl\":\"https:\\\/\\\/guitarradegranada.com\\\/wp-content\\\/uploads\\\/2020\\\/05\\\/Logo-Guitarra-de-Granada.png\",\"width\":1314,\"height\":219,\"caption\":\"Guitarra de Granada\"},\"image\":{\"@id\":\"https:\\\/\\\/guitarradegranada.com\\\/en\\\/#\\\/schema\\\/logo\\\/image\\\/\"}}]}<\/script>\n<!-- \/ Yoast SEO plugin. -->","yoast_head_json":{"title":"\u25b7 Cypress Flamenco Guitar - LA GUITARRER\u00cdA DE GRANADA%.","description":"Cypress and Pine-German Spruce Flamenco Guitar","robots":{"index":"index","follow":"follow","max-snippet":"max-snippet:-1","max-image-preview":"max-image-preview:large","max-video-preview":"max-video-preview:-1"},"canonical":"https:\/\/guitarradegranada.com\/en\/product\/cypress-flamenco-guitar\/","og_locale":"en_US","og_type":"article","og_title":"\u25b7 Cypress Flamenco Guitar - LA GUITARRER\u00cdA DE GRANADA%.","og_description":"Cypress and Pine-German Spruce Flamenco Guitar","og_url":"https:\/\/guitarradegranada.com\/en\/product\/cypress-flamenco-guitar\/","og_site_name":"LA GUITARRER\u00cdA DE GRANADA","og_image":[{"width":926,"height":1245,"url":"https:\/\/i0.wp.com\/guitarradegranada.com\/wp-content\/uploads\/2022\/03\/Flamenca-cipres-basica-8.jpg?fit=926%2C1245&ssl=1","type":"image\/jpeg"}],"twitter_card":"summary_large_image","twitter_misc":{"Est. reading time":"1 minute"},"schema":{"@context":"https:\/\/schema.org","@graph":[{"@type":"WebPage","@id":"https:\/\/guitarradegranada.com\/en\/product\/cypress-flamenco-guitar\/","url":"https:\/\/guitarradegranada.com\/en\/product\/cypress-flamenco-guitar\/","name":"\u25b7 Cypress Flamenco Guitar - LA GUITARRER\u00cdA DE GRANADA%.","isPartOf":{"@id":"https:\/\/guitarradegranada.com\/en\/#website"},"primaryImageOfPage":{"@id":"https:\/\/guitarradegranada.com\/en\/product\/cypress-flamenco-guitar\/#primaryimage"},"image":{"@id":"https:\/\/guitarradegranada.com\/en\/product\/cypress-flamenco-guitar\/#primaryimage"},"thumbnailUrl":"https:\/\/guitarradegranada.com\/wp-content\/uploads\/2022\/03\/Flamenca-cipres-basica-8.jpg","datePublished":"2022-03-25T23:49:19+00:00","description":"Cypress and Pine-German Spruce Flamenco Guitar","breadcrumb":{"@id":"https:\/\/guitarradegranada.com\/en\/product\/cypress-flamenco-guitar\/#breadcrumb"},"inLanguage":"en-US","potentialAction":[{"@type":"ReadAction","target":["https:\/\/guitarradegranada.com\/en\/product\/cypress-flamenco-guitar\/"]}]},{"@type":"ImageObject","inLanguage":"en-US","@id":"https:\/\/guitarradegranada.com\/en\/product\/cypress-flamenco-guitar\/#primaryimage","url":"https:\/\/guitarradegranada.com\/wp-content\/uploads\/2022\/03\/Flamenca-cipres-basica-8.jpg","contentUrl":"https:\/\/guitarradegranada.com\/wp-content\/uploads\/2022\/03\/Flamenca-cipres-basica-8.jpg","width":926,"height":1245,"caption":"Cypress flamenco guitar Ayman Bitar"},{"@type":"BreadcrumbList","@id":"https:\/\/guitarradegranada.com\/en\/product\/cypress-flamenco-guitar\/#breadcrumb","itemListElement":[{"@type":"ListItem","position":1,"name":"Portada","item":"https:\/\/guitarradegranada.com\/en\/"},{"@type":"ListItem","position":2,"name":"Store","item":"https:\/\/guitarradegranada.com\/en\/store\/"},{"@type":"ListItem","position":3,"name":"Cypress Flamenco Guitar"}]},{"@type":"WebSite","@id":"https:\/\/guitarradegranada.com\/en\/#website","url":"https:\/\/guitarradegranada.com\/en\/","name":"LA GUITARRER\u00cdA DE GRANADA","description":"La Guitarrer\u00eda de Granada es un taller de lutheria artesano y una tienda d\u00f3nde puedes encontrar guitarras artesanas flamencas, cl\u00e1sicas y todos los accesorios para guitarristas","publisher":{"@id":"https:\/\/guitarradegranada.com\/en\/#organization"},"potentialAction":[{"@type":"SearchAction","target":{"@type":"EntryPoint","urlTemplate":"https:\/\/guitarradegranada.com\/en\/?s={search_term_string}"},"query-input":{"@type":"PropertyValueSpecification","valueRequired":true,"valueName":"search_term_string"}}],"inLanguage":"en-US"},{"@type":"Organization","@id":"https:\/\/guitarradegranada.com\/en\/#organization","name":"Guitarra de Granada","url":"https:\/\/guitarradegranada.com\/en\/","logo":{"@type":"ImageObject","inLanguage":"en-US","@id":"https:\/\/guitarradegranada.com\/en\/#\/schema\/logo\/image\/","url":"https:\/\/guitarradegranada.com\/wp-content\/uploads\/2020\/05\/Logo-Guitarra-de-Granada.png","contentUrl":"https:\/\/guitarradegranada.com\/wp-content\/uploads\/2020\/05\/Logo-Guitarra-de-Granada.png","width":1314,"height":219,"caption":"Guitarra de Granada"},"image":{"@id":"https:\/\/guitarradegranada.com\/en\/#\/schema\/logo\/image\/"}}]}},"jetpack_publicize_connections":[],"jetpack_sharing_enabled":true,"amp_enabled":true,"_links":{"self":[{"href":"https:\/\/guitarradegranada.com\/en\/wp-json\/wp\/v2\/product\/7471","targetHints":{"allow":["GET"]}}],"collection":[{"href":"https:\/\/guitarradegranada.com\/en\/wp-json\/wp\/v2\/product"}],"about":[{"href":"https:\/\/guitarradegranada.com\/en\/wp-json\/wp\/v2\/types\/product"}],"wp:featuredmedia":[{"embeddable":true,"href":"https:\/\/guitarradegranada.com\/en\/wp-json\/wp\/v2\/media\/4905"}],"wp:attachment":[{"href":"https:\/\/guitarradegranada.com\/en\/wp-json\/wp\/v2\/media?parent=7471"}],"wp:term":[{"taxonomy":"product_brand","embeddable":true,"href":"https:\/\/guitarradegranada.com\/en\/wp-json\/wp\/v2\/product_brand?post=7471"},{"taxonomy":"product_cat","embeddable":true,"href":"https:\/\/guitarradegranada.com\/en\/wp-json\/wp\/v2\/product_cat?post=7471"},{"taxonomy":"product_tag","embeddable":true,"href":"https:\/\/guitarradegranada.com\/en\/wp-json\/wp\/v2\/product_tag?post=7471"}],"curies":[{"name":"wp","href":"https:\/\/api.w.org\/{rel}","templated":true}]}}