{"id":7426,"date":"2022-07-28T14:34:25","date_gmt":"2022-07-28T14:34:25","guid":{"rendered":"https:\/\/guitarradegranada.com\/producto\/neumann-tlm-103\/"},"modified":"2026-03-23T16:00:34","modified_gmt":"2026-03-23T16:00:34","slug":"neumann-tlm-103","status":"publish","type":"product","link":"https:\/\/guitarradegranada.com\/en\/product\/neumann-tlm-103\/","title":{"rendered":"Neumann TLM 103"},"content":{"rendered":"<p><strong>So Neumann TLM 103<\/strong> large diaphragm condenser <strong>microphone<\/strong>.<br \/>The TLM 103 has quickly become one of the biggest hits in Neumann&#8217;s history. Its flawless, clear sound is a modern update of the classic U87. The TLM 103 is a transformerless cardioid condenser microphone with a smooth presence boost for an incredibly direct sound with impressive definition and ultra-low noise.  <\/p>\n<p>Introduced in 1997 as an affordable alternative to the venerable U 87, the TLM 103 has become a modern classic in its own right. Today, the TLM 103 defines the standard by which contemporary studio microphones are measured. Its classic tapered head design gives the TLM 103 a distinctive Neumann look.  <\/p>\n<p>The TLM 103 is a cardioid microphone with a large diaphragm condenser capsule derived from the classic K67 \/ 87 capsule of the legendary Neumann U 87. However, the TLM 103 has a slightly more modern voice with a wide presence boost for frequencies above 5 kHz. Its very direct yet refined sound is perfect for vocals and solo instruments that come out of the mix effortlessly. Of course, the TLM 103 also has the famous authoritative midrange that has become the hallmark of Neumann microphones and has made them the number one choice in studios around the world. A unique feature of the TLM 103 is its impressive yet deep yet controlled bass, perfect for sonorous vocals and powerful bass instruments.    <\/p>\n<p>The TLM 103 has also set new standards for technical performance. With an incredibly low self-noise of only 7 dB-A, it is among the quietest microphones available. And its high sensitivity of 23 mV \/ Pa guarantees ultra-low noise even with low-budget preamplifiers and audio interfaces or classic tube equipment. At the same time, the TLM 103 can handle enormous sound pressure levels of up to 138 dB without the need for pre-attenuation. Its wide dynamic range of 131 dB makes the TLM 103 a very easy-to-use studio microphone, as it will capture anything from a soft whisper to a thunderous kick drum without adding noise or distortion.    <\/p>\n<p>As a member of Neumann&#8217;s TLM series, the TLM 103 operates with a transformerless output stage, which minimizes transmission losses and guarantees a very immediate, true-to-the-original colorless sound as well as a clear and powerful bass response, even at the highest signal levels.<\/p>\n<p>The TLM 103 was primarily designed for project studio and broadcast use, but due to its excellent performance it was soon accepted by renowned studios as a more modern sounding alternative to the U87, e.g. for vocals, vocals, drums, guitar and piano amps. The TLM 103 is also often used as a spot microphone on classical recordings, e.g. for cello and double bass.   <\/p>\n<p><b>Main characteristics:<\/b><\/p>\n<ul>\n<li>Cardioid directional pattern.<\/li>\n<li>Frequency range 20 Hz to 20 kHz<\/li>\n<li>Sensitivity (at 1kHz at 1 kohm) of 23 mV\/Pa = -32.5 dBV \u00b1 1 dB<\/li>\n<li>50 ohms nominal impedance<\/li>\n<li>Maximum SPL for THD 0.5% of 138 dB<\/li>\n<li>XLR connector<\/li>\n<li>Weight 450 grams<\/li>\n<li>Length of 13.2 cm x diameter of 6.0 cm.<\/li>\n<li>Includes SG 2 stand adapter and wooden case.<\/li>\n<\/ul>\n<p><span class=\"embed-youtube\" style=\"text-align:center; display: block;\"><iframe loading=\"lazy\" class=\"youtube-player\" width=\"1020\" height=\"574\" src=\"https:\/\/www.youtube.com\/embed\/aivxxQLK9Qw?version=3&#038;rel=1&#038;showsearch=0&#038;showinfo=1&#038;iv_load_policy=1&#038;fs=1&#038;hl=en-US&#038;autohide=2&#038;wmode=transparent\" allowfullscreen=\"true\" style=\"border:0;\" sandbox=\"allow-scripts allow-same-origin allow-popups allow-presentation allow-popups-to-escape-sandbox\"><\/iframe><\/span><\/p>\n","protected":false},"excerpt":{"rendered":"<p><a href=\"https:\/\/guitarradegranada.com\/wp-content\/uploads\/2022\/07\/neumann-berlin-logo-vector.png\"><img loading=\"lazy\" decoding=\"async\" class=\"size-medium wp-image-5143\" src=\"https:\/\/guitarradegranada.com\/wp-content\/uploads\/2022\/07\/neumann-berlin-logo-vector-300x81.png\" alt=\"Neumann\" width=\"300\" height=\"81\" srcset=\"https:\/\/guitarradegranada.com\/wp-content\/uploads\/2022\/07\/neumann-berlin-logo-vector-300x81.png 300w, https:\/\/guitarradegranada.com\/wp-content\/uploads\/2022\/07\/neumann-berlin-logo-vector-629x170.png 629w, https:\/\/guitarradegranada.com\/wp-content\/uploads\/2022\/07\/neumann-berlin-logo-vector-64x17.png 64w, https:\/\/guitarradegranada.com\/wp-content\/uploads\/2022\/07\/neumann-berlin-logo-vector-768x207.png 768w, https:\/\/guitarradegranada.com\/wp-content\/uploads\/2022\/07\/neumann-berlin-logo-vector-560x151.png 560w, https:\/\/guitarradegranada.com\/wp-content\/uploads\/2022\/07\/neumann-berlin-logo-vector-190x51.png 190w, https:\/\/guitarradegranada.com\/wp-content\/uploads\/2022\/07\/neumann-berlin-logo-vector-334x90.png 334w, https:\/\/guitarradegranada.com\/wp-content\/uploads\/2022\/07\/neumann-berlin-logo-vector.png 898w\" sizes=\"auto, (max-width: 300px) 100vw, 300px\" \/><\/a><\/p>\n<div class=\"product-info-metatitle\">\n<h5><strong>NEUMANN TLM 103 LARGE DIAPHRAGM CONDENSER MICROPHONE NICKEL<\/strong><\/h5>\n<\/div>\n","protected":false},"featured_media":5157,"template":"","meta":{"_coblocks_attr":"","_coblocks_dimensions":"","_coblocks_responsive_height":"","_coblocks_accordion_ie_support":"","_crdt_document":"","jetpack_publicize_message":"","jetpack_publicize_feature_enabled":true,"jetpack_social_post_already_shared":true,"jetpack_social_options":{"image_generator_settings":{"template":"highway","default_image_id":0,"font":"","enabled":false},"version":2},"_wpas_customize_per_network":false},"product_brand":[],"product_cat":[50518879,50518881],"product_tag":[50518942,50518944],"class_list":{"0":"post-7426","1":"product","2":"type-product","3":"status-publish","4":"has-post-thumbnail","6":"product_cat-guitar-accessories","7":"product_cat-guitar-amplification","8":"product_tag-neumann","9":"product_tag-tlm103","10":"product_shipping_class-free-shipping","12":"first","13":"instock","14":"sale","15":"taxable","16":"shipping-taxable","17":"purchasable","18":"product-type-simple"},"bundled_by":[],"bundle_stock_status":"instock","bundle_stock_quantity":null,"bundle_virtual":false,"bundle_layout":"","bundle_add_to_cart_form_location":"","bundle_editable_in_cart":false,"bundle_sold_individually_context":"","bundle_item_grouping":"","bundle_min_size":"","bundle_max_size":"","bundle_price":[],"bundled_items":[],"bundle_sell_ids":[],"group_of_quantity":0,"min_quantity":0,"max_quantity":"","exclude_order_quantity_value_rules":"no","exclude_category_quantity_rules":"no","combine_variations":"no","exclude_global_add_ons":[],"addons":[],"yoast_head":"<!-- This site is optimized with the Yoast SEO plugin v27.4 - https:\/\/yoast.com\/product\/yoast-seo-wordpress\/ -->\n<title>\u25b7 Neumann TLM 103 - LA GUITARRER\u00cdA DE GRANADA%.<\/title>\n<meta name=\"description\" content=\"DISCOUNTS!!! Neumann TLM 103 has quickly become one of the biggest hits in Neumann&#039;s history. Free shipping.\" \/>\n<meta name=\"robots\" content=\"index, follow, max-snippet:-1, max-image-preview:large, max-video-preview:-1\" \/>\n<link rel=\"canonical\" href=\"https:\/\/guitarradegranada.com\/en\/product\/neumann-tlm-103\/\" \/>\n<meta property=\"og:locale\" content=\"en_US\" \/>\n<meta property=\"og:type\" content=\"article\" \/>\n<meta property=\"og:title\" content=\"\u25b7 Neumann TLM 103 - LA GUITARRER\u00cdA DE GRANADA%.\" \/>\n<meta property=\"og:description\" content=\"DISCOUNTS!!! Neumann TLM 103 has quickly become one of the biggest hits in Neumann&#039;s history. Free shipping.\" \/>\n<meta property=\"og:url\" content=\"https:\/\/guitarradegranada.com\/en\/product\/neumann-tlm-103\/\" \/>\n<meta property=\"og:site_name\" content=\"LA GUITARRER\u00cdA DE GRANADA\" \/>\n<meta property=\"article:modified_time\" content=\"2026-03-23T16:00:34+00:00\" \/>\n<meta property=\"og:image\" content=\"https:\/\/i0.wp.com\/guitarradegranada.com\/wp-content\/uploads\/2022\/07\/neumann-103.jpg?fit=600%2C600&ssl=1\" \/>\n\t<meta property=\"og:image:width\" content=\"600\" \/>\n\t<meta property=\"og:image:height\" content=\"600\" \/>\n\t<meta property=\"og:image:type\" content=\"image\/jpeg\" \/>\n<meta name=\"twitter:card\" content=\"summary_large_image\" \/>\n<meta name=\"twitter:label1\" content=\"Est. reading time\" \/>\n\t<meta name=\"twitter:data1\" content=\"2 minutes\" \/>\n<script type=\"application\/ld+json\" class=\"yoast-schema-graph\">{\"@context\":\"https:\\\/\\\/schema.org\",\"@graph\":[{\"@type\":\"WebPage\",\"@id\":\"https:\\\/\\\/guitarradegranada.com\\\/en\\\/product\\\/neumann-tlm-103\\\/\",\"url\":\"https:\\\/\\\/guitarradegranada.com\\\/en\\\/product\\\/neumann-tlm-103\\\/\",\"name\":\"\u25b7 Neumann TLM 103 - LA GUITARRER\u00cdA DE GRANADA%.\",\"isPartOf\":{\"@id\":\"https:\\\/\\\/guitarradegranada.com\\\/en\\\/#website\"},\"primaryImageOfPage\":{\"@id\":\"https:\\\/\\\/guitarradegranada.com\\\/en\\\/product\\\/neumann-tlm-103\\\/#primaryimage\"},\"image\":{\"@id\":\"https:\\\/\\\/guitarradegranada.com\\\/en\\\/product\\\/neumann-tlm-103\\\/#primaryimage\"},\"thumbnailUrl\":\"https:\\\/\\\/guitarradegranada.com\\\/wp-content\\\/uploads\\\/2022\\\/07\\\/neumann-103.jpg\",\"datePublished\":\"2022-07-28T14:34:25+00:00\",\"dateModified\":\"2026-03-23T16:00:34+00:00\",\"description\":\"DISCOUNTS!!! Neumann TLM 103 has quickly become one of the biggest hits in Neumann's history. Free shipping.\",\"breadcrumb\":{\"@id\":\"https:\\\/\\\/guitarradegranada.com\\\/en\\\/product\\\/neumann-tlm-103\\\/#breadcrumb\"},\"inLanguage\":\"en-US\",\"potentialAction\":[{\"@type\":\"ReadAction\",\"target\":[\"https:\\\/\\\/guitarradegranada.com\\\/en\\\/product\\\/neumann-tlm-103\\\/\"]}]},{\"@type\":\"ImageObject\",\"inLanguage\":\"en-US\",\"@id\":\"https:\\\/\\\/guitarradegranada.com\\\/en\\\/product\\\/neumann-tlm-103\\\/#primaryimage\",\"url\":\"https:\\\/\\\/guitarradegranada.com\\\/wp-content\\\/uploads\\\/2022\\\/07\\\/neumann-103.jpg\",\"contentUrl\":\"https:\\\/\\\/guitarradegranada.com\\\/wp-content\\\/uploads\\\/2022\\\/07\\\/neumann-103.jpg\",\"width\":600,\"height\":600,\"caption\":\"Neumann TLM 103\"},{\"@type\":\"BreadcrumbList\",\"@id\":\"https:\\\/\\\/guitarradegranada.com\\\/en\\\/product\\\/neumann-tlm-103\\\/#breadcrumb\",\"itemListElement\":[{\"@type\":\"ListItem\",\"position\":1,\"name\":\"Portada\",\"item\":\"https:\\\/\\\/guitarradegranada.com\\\/en\\\/\"},{\"@type\":\"ListItem\",\"position\":2,\"name\":\"Store\",\"item\":\"https:\\\/\\\/guitarradegranada.com\\\/en\\\/store\\\/\"},{\"@type\":\"ListItem\",\"position\":3,\"name\":\"Neumann TLM 103\"}]},{\"@type\":\"WebSite\",\"@id\":\"https:\\\/\\\/guitarradegranada.com\\\/en\\\/#website\",\"url\":\"https:\\\/\\\/guitarradegranada.com\\\/en\\\/\",\"name\":\"LA GUITARRER\u00cdA DE GRANADA\",\"description\":\"La Guitarrer\u00eda de Granada es un taller de lutheria artesano y una tienda d\u00f3nde puedes encontrar guitarras artesanas flamencas, cl\u00e1sicas y todos los accesorios para guitarristas\",\"publisher\":{\"@id\":\"https:\\\/\\\/guitarradegranada.com\\\/en\\\/#organization\"},\"potentialAction\":[{\"@type\":\"SearchAction\",\"target\":{\"@type\":\"EntryPoint\",\"urlTemplate\":\"https:\\\/\\\/guitarradegranada.com\\\/en\\\/?s={search_term_string}\"},\"query-input\":{\"@type\":\"PropertyValueSpecification\",\"valueRequired\":true,\"valueName\":\"search_term_string\"}}],\"inLanguage\":\"en-US\"},{\"@type\":\"Organization\",\"@id\":\"https:\\\/\\\/guitarradegranada.com\\\/en\\\/#organization\",\"name\":\"Guitarra de Granada\",\"url\":\"https:\\\/\\\/guitarradegranada.com\\\/en\\\/\",\"logo\":{\"@type\":\"ImageObject\",\"inLanguage\":\"en-US\",\"@id\":\"https:\\\/\\\/guitarradegranada.com\\\/en\\\/#\\\/schema\\\/logo\\\/image\\\/\",\"url\":\"https:\\\/\\\/guitarradegranada.com\\\/wp-content\\\/uploads\\\/2020\\\/05\\\/Logo-Guitarra-de-Granada.png\",\"contentUrl\":\"https:\\\/\\\/guitarradegranada.com\\\/wp-content\\\/uploads\\\/2020\\\/05\\\/Logo-Guitarra-de-Granada.png\",\"width\":1314,\"height\":219,\"caption\":\"Guitarra de Granada\"},\"image\":{\"@id\":\"https:\\\/\\\/guitarradegranada.com\\\/en\\\/#\\\/schema\\\/logo\\\/image\\\/\"}}]}<\/script>\n<!-- \/ Yoast SEO plugin. -->","yoast_head_json":{"title":"\u25b7 Neumann TLM 103 - LA GUITARRER\u00cdA DE GRANADA%.","description":"DISCOUNTS!!! Neumann TLM 103 has quickly become one of the biggest hits in Neumann's history. Free shipping.","robots":{"index":"index","follow":"follow","max-snippet":"max-snippet:-1","max-image-preview":"max-image-preview:large","max-video-preview":"max-video-preview:-1"},"canonical":"https:\/\/guitarradegranada.com\/en\/product\/neumann-tlm-103\/","og_locale":"en_US","og_type":"article","og_title":"\u25b7 Neumann TLM 103 - LA GUITARRER\u00cdA DE GRANADA%.","og_description":"DISCOUNTS!!! Neumann TLM 103 has quickly become one of the biggest hits in Neumann's history. Free shipping.","og_url":"https:\/\/guitarradegranada.com\/en\/product\/neumann-tlm-103\/","og_site_name":"LA GUITARRER\u00cdA DE GRANADA","article_modified_time":"2026-03-23T16:00:34+00:00","og_image":[{"width":600,"height":600,"url":"https:\/\/i0.wp.com\/guitarradegranada.com\/wp-content\/uploads\/2022\/07\/neumann-103.jpg?fit=600%2C600&ssl=1","type":"image\/jpeg"}],"twitter_card":"summary_large_image","twitter_misc":{"Est. reading time":"2 minutes"},"schema":{"@context":"https:\/\/schema.org","@graph":[{"@type":"WebPage","@id":"https:\/\/guitarradegranada.com\/en\/product\/neumann-tlm-103\/","url":"https:\/\/guitarradegranada.com\/en\/product\/neumann-tlm-103\/","name":"\u25b7 Neumann TLM 103 - LA GUITARRER\u00cdA DE GRANADA%.","isPartOf":{"@id":"https:\/\/guitarradegranada.com\/en\/#website"},"primaryImageOfPage":{"@id":"https:\/\/guitarradegranada.com\/en\/product\/neumann-tlm-103\/#primaryimage"},"image":{"@id":"https:\/\/guitarradegranada.com\/en\/product\/neumann-tlm-103\/#primaryimage"},"thumbnailUrl":"https:\/\/guitarradegranada.com\/wp-content\/uploads\/2022\/07\/neumann-103.jpg","datePublished":"2022-07-28T14:34:25+00:00","dateModified":"2026-03-23T16:00:34+00:00","description":"DISCOUNTS!!! Neumann TLM 103 has quickly become one of the biggest hits in Neumann's history. Free shipping.","breadcrumb":{"@id":"https:\/\/guitarradegranada.com\/en\/product\/neumann-tlm-103\/#breadcrumb"},"inLanguage":"en-US","potentialAction":[{"@type":"ReadAction","target":["https:\/\/guitarradegranada.com\/en\/product\/neumann-tlm-103\/"]}]},{"@type":"ImageObject","inLanguage":"en-US","@id":"https:\/\/guitarradegranada.com\/en\/product\/neumann-tlm-103\/#primaryimage","url":"https:\/\/guitarradegranada.com\/wp-content\/uploads\/2022\/07\/neumann-103.jpg","contentUrl":"https:\/\/guitarradegranada.com\/wp-content\/uploads\/2022\/07\/neumann-103.jpg","width":600,"height":600,"caption":"Neumann TLM 103"},{"@type":"BreadcrumbList","@id":"https:\/\/guitarradegranada.com\/en\/product\/neumann-tlm-103\/#breadcrumb","itemListElement":[{"@type":"ListItem","position":1,"name":"Portada","item":"https:\/\/guitarradegranada.com\/en\/"},{"@type":"ListItem","position":2,"name":"Store","item":"https:\/\/guitarradegranada.com\/en\/store\/"},{"@type":"ListItem","position":3,"name":"Neumann TLM 103"}]},{"@type":"WebSite","@id":"https:\/\/guitarradegranada.com\/en\/#website","url":"https:\/\/guitarradegranada.com\/en\/","name":"LA GUITARRER\u00cdA DE GRANADA","description":"La Guitarrer\u00eda de Granada es un taller de lutheria artesano y una tienda d\u00f3nde puedes encontrar guitarras artesanas flamencas, cl\u00e1sicas y todos los accesorios para guitarristas","publisher":{"@id":"https:\/\/guitarradegranada.com\/en\/#organization"},"potentialAction":[{"@type":"SearchAction","target":{"@type":"EntryPoint","urlTemplate":"https:\/\/guitarradegranada.com\/en\/?s={search_term_string}"},"query-input":{"@type":"PropertyValueSpecification","valueRequired":true,"valueName":"search_term_string"}}],"inLanguage":"en-US"},{"@type":"Organization","@id":"https:\/\/guitarradegranada.com\/en\/#organization","name":"Guitarra de Granada","url":"https:\/\/guitarradegranada.com\/en\/","logo":{"@type":"ImageObject","inLanguage":"en-US","@id":"https:\/\/guitarradegranada.com\/en\/#\/schema\/logo\/image\/","url":"https:\/\/guitarradegranada.com\/wp-content\/uploads\/2020\/05\/Logo-Guitarra-de-Granada.png","contentUrl":"https:\/\/guitarradegranada.com\/wp-content\/uploads\/2020\/05\/Logo-Guitarra-de-Granada.png","width":1314,"height":219,"caption":"Guitarra de Granada"},"image":{"@id":"https:\/\/guitarradegranada.com\/en\/#\/schema\/logo\/image\/"}}]}},"jetpack_publicize_connections":[],"jetpack_sharing_enabled":true,"amp_enabled":true,"_links":{"self":[{"href":"https:\/\/guitarradegranada.com\/en\/wp-json\/wp\/v2\/product\/7426","targetHints":{"allow":["GET"]}}],"collection":[{"href":"https:\/\/guitarradegranada.com\/en\/wp-json\/wp\/v2\/product"}],"about":[{"href":"https:\/\/guitarradegranada.com\/en\/wp-json\/wp\/v2\/types\/product"}],"wp:featuredmedia":[{"embeddable":true,"href":"https:\/\/guitarradegranada.com\/en\/wp-json\/wp\/v2\/media\/5157"}],"wp:attachment":[{"href":"https:\/\/guitarradegranada.com\/en\/wp-json\/wp\/v2\/media?parent=7426"}],"wp:term":[{"taxonomy":"product_brand","embeddable":true,"href":"https:\/\/guitarradegranada.com\/en\/wp-json\/wp\/v2\/product_brand?post=7426"},{"taxonomy":"product_cat","embeddable":true,"href":"https:\/\/guitarradegranada.com\/en\/wp-json\/wp\/v2\/product_cat?post=7426"},{"taxonomy":"product_tag","embeddable":true,"href":"https:\/\/guitarradegranada.com\/en\/wp-json\/wp\/v2\/product_tag?post=7426"}],"curies":[{"name":"wp","href":"https:\/\/api.w.org\/{rel}","templated":true}]}}