{"id":7414,"date":"2022-08-22T15:32:35","date_gmt":"2022-08-22T15:32:35","guid":{"rendered":"https:\/\/guitarradegranada.com\/producto\/neumann-tlm67\/"},"modified":"2026-03-23T16:00:22","modified_gmt":"2026-03-23T16:00:22","slug":"neumann-tlm67","status":"publish","type":"product","link":"https:\/\/guitarradegranada.com\/en\/product\/neumann-tlm67\/","title":{"rendered":"Neumann TLM67"},"content":{"rendered":"<p><strong>NEUMANN TLM67 NIMicrophone Multipattern Wide Diaphragm<\/strong><\/p>\n<p>In the world of studio microphones, the numbers &#8220;47&#8221;, &#8220;67&#8221; and &#8220;87&#8221; have implications that inspire enthusiasm among professionals in the field. It is, of course, no coincidence that the name of the new TLM 67 contains the number &#8220;67&#8221;. In many respects, the TLM 67 is based on the workhorse of the 1960s, the legendary U 67. Like the U 67, the TLM 67 incorporates the K 67 capsule. In addition, the special design of the new circuit closely reproduces the characteristic sound of the classic U 67, without the use of tubes. Similar Neumann circuit technology has already been proven very successful in the TLM 49.<br \/>The TLM 67 is extremely versatile. Its three switchable directivity patterns (omnidirectional, cardioid and figure-8), selectable 10 dB pre-attenuation and high-pass filter allow detailed adjustments, depending on the specific recording situation.      <\/p>\n<p><strong>EXTERIOR DESIGN<\/strong><\/p>\n<p>The TLM 67 is a large-diaphragm condenser microphone in the classic Neumann style, with a unique dual color design. The elegant pearl gray of the microphone body combined with the classic Neumann nickel gives the microphone a touch of distinctive uniqueness.<br \/>The legendary and often imitated Neumann U 67 design was the first to be developed by Neumann employees in collaboration with the famous German designer, Wilhelm Braun-Feldweg. The TLM 67 design represents a contemporary development of the U 67, transferring its positive impact into the present era. The enhanced exterior design therefore unites past and future microphone design trends.<br \/>On the occasion of its 80th anniversary, the Neumann company honors its founder, Georg Neumann, with a three-dimensional metal emblem on the front of the TLM 67. The particular appeal of Neumann is conveyed in every detail of the microphone.    <\/p>\n<p><strong>APPLICATIONS<\/strong><\/p>\n<p>Due to its wide control characteristics, the TLM 67 is suitable for a wide range of applications. In addition to its primary role as a vocal microphone for all types of music and spoken word, in orchestral recordings the TLM 67 can be used as a main microphone and as a proximity microphone for individual instruments. <\/p>\n<p><strong>ACOUSTIC CHARACTERISTICS<\/strong><\/p>\n<p>The microphone is directed from the side on which the Neumann logo is located.<br \/>A large metal mesh grille encloses the elastically mounted dual-diaphragm capsule. Omnidirectional, cardioid or figure-8 directivity patterns can be selected by a switch below the grille. The selected setting is indicated by a symbol displayed in a window above the switch.  <br \/><strong><br \/>ELECTRICAL FEATURES<br \/><\/strong><br \/> The letters &#8220;TLM&#8221; stand for &#8220;transformerless microphone&#8221;. In the TLM 67, an electronic circuit is used in place of a conventional output transformer. Like a transformer, the circuit ensures good common-mode rejection, effectively suppressing interfering signals affecting the balanced modulation line. The microphone can operate at sound pressure levels up to 105 dB without distortion, and has a dynamic range of 94 dB (A-weighted), without the use of the pre-attenuation switch.   <\/p>\n<p><strong>FILTER AND PRE-ATTENUATION<\/strong><\/p>\n<p>The pre-attenuation switch on the rear of the microphone can be used to reduce transmission levels by approx. 10 dB. It should be used only when there is a risk of overloading downstream devices due to very high sound pressure levels. The use of the switch does not increase the dynamic range of the microphone, but moves it by 10 dB, for higher sound pressure levels. The other switch on the rear of the microphone can be used to change the cutoff frequency of the built-in high-pass filter, to suppress the effects of impact sound and wind noise, or to compensate for proximity effect.    <\/p>\n<p><strong>OPERATIONAL RELIABILITY<\/strong><\/p>\n<p>The elastic mounting of the capsule provides protection from structure-borne noise transmission. If required, the EA 87 elastic suspension and WS 87 windshield are available as accessories, for further structure-borne noise and wind noise suppression. PS 15 or PS 20 pop shields can be used if the microphone is located in close proximity.  <br \/><strong>Features<br \/><\/strong><\/p>\n<ul>\n<li>  Acoustic principle &#8230;&#8230;&#8230;&#8230;&#8230;&#8230;&#8230;&#8230;&#8230;&#8230;&#8230;&#8230;&#8230;&#8230;&#8230;&#8230;&#8230;&#8230;&#8230;&#8230;&#8230;&#8230; Pressure gradient transducer<\/li>\n<li>  Directivity pattern &#8230;&#8230;&#8230;&#8230;&#8230;&#8230;&#8230;&#8230;&#8230;&#8230;&#8230;&#8230;&#8230;&#8230;&#8230;&#8230;&#8230;&#8230;&#8230;.. Omni\/cardioid\/figure-8<\/li>\n<li>  Frequency response &#8230;&#8230;&#8230;&#8230;&#8230;&#8230;&#8230;&#8230;&#8230;&#8230;&#8230;&#8230;&#8230;&#8230;&#8230;&#8230;&#8230;&#8230;.. 20 Hz&#8230;20 kHz<\/li>\n<li>  Sensitivity at 1 kHz and 1 kohm &#8230;&#8230;&#8230;&#8230;&#8230;&#8230;&#8230;&#8230;&#8230;&#8230;&#8230;&#8230;&#8230;&#8230;&#8230;.. 10\/18\/9 mV\/Pa<\/li>\n<li>  Nominal impedance &#8230;&#8230;&#8230;&#8230;&#8230;&#8230;&#8230;&#8230;&#8230;&#8230;&#8230;&#8230;&#8230;&#8230;&#8230;&#8230;&#8230;&#8230;&#8230;&#8230;. 50 ohms <\/li>\n<li>  Nominal load impedance &#8230;&#8230;&#8230;&#8230;&#8230;&#8230;&#8230;&#8230;&#8230;&#8230;&#8230;&#8230;&#8230;&#8230;&#8230;&#8230;.. 1 kohms<\/li>\n<li>  Signal-to-noise ratio, CCIR1) (rel. 94 dB SPL) &#8230;&#8230;&#8230;&#8230;&#8230;&#8230;&#8230;&#8230;&#8230; 65\/70\/64 dB<\/li>\n<li>  Signal-to-noise ratio, A1 weighted) (rel. 94 dB SPL) &#8230;&#8230;&#8230;&#8230;. 78\/83\/77 dB <\/li>\n<li>  Equivalent noise level, CCIR1) &#8230;&#8230;&#8230;&#8230;&#8230;&#8230;&#8230;&#8230;&#8230;&#8230;&#8230;&#8230;&#8230;&#8230; 29\/24\/30 dB<\/li>\n<li>  Equivalent noise level, A1-weighted) &#8230;&#8230;&#8230;&#8230;&#8230;&#8230;&#8230;&#8230;&#8230;.. 16\/11\/17 dB-A<\/li>\n<li>  Maximum SPL (valve characteristics)2):<\/li>\n<li>  for THD &lt; 0.5 % &#8230;&#8230;&#8230;&#8230;&#8230;&#8230;&#8230;&#8230;&#8230;&#8230;&#8230;&#8230;&#8230;&#8230;&#8230;&#8230;&#8230;&#8230;&#8230;&#8230;&#8230;&#8230;&#8230; 110\/105\/111 dB<\/li>\n<li>  for THD &lt; 5 % &#8230;&#8230;&#8230;&#8230;&#8230;&#8230;&#8230;&#8230;&#8230;&#8230;&#8230;&#8230;&#8230;&#8230;&#8230;&#8230;&#8230;&#8230;&#8230;&#8230;&#8230;&#8230;&#8230;&#8230; 130\/125\/131 dB<\/li>\n<li>  Maximum output voltage &#8230;&#8230;&#8230;&#8230;&#8230;&#8230;&#8230;&#8230;&#8230;&#8230;&#8230;&#8230;&#8230;&#8230;&#8230;&#8230;&#8230;&#8230;&#8230; ?1 dBu<\/li>\n<li>  Amplifier dynamic range:<\/li>\n<li>  (A-weighted) for &lt; 0.5% THD (for &lt; 5% THD) &#8230;&#8230;&#8230;&#8230;&#8230;&#8230;. 94(104) dB <\/li>\n<li>  Power supply &#8230;&#8230;&#8230;&#8230;&#8230;&#8230;&#8230;&#8230;&#8230;&#8230;&#8230;&#8230;&#8230;&#8230;&#8230;&#8230;&#8230;&#8230;&#8230;&#8230; P48<\/li>\n<li>  Microphone connector ????????&#8230;&#8230;&#8230;&#8230;&#8230;&#8230;&#8230;&#8230;&#8230;&#8230;&#8230;&#8230;&#8230;&#8230;.. XLR3F<\/li>\n<li>  Weight &#8230;&#8230;&#8230;&#8230;&#8230;&#8230;&#8230;&#8230;&#8230;&#8230;&#8230;&#8230;&#8230;&#8230;&#8230;&#8230;&#8230;&#8230;&#8230;&#8230;&#8230;&#8230;&#8230;&#8230;&#8230;&#8230;&#8230;&#8230;&#8230;&#8230;. 490 g <\/li>\n<li>  Diameter\/Length &#8230;&#8230;&#8230;&#8230;&#8230;&#8230;&#8230;&#8230;&#8230;&#8230;&#8230;&#8230;&#8230;&#8230;&#8230;&#8230;&#8230;&#8230;&#8230;&#8230;&#8230;&#8230;.. 56\/200 mm<\/li>\n<\/ul>\n<p>1) according to IEC 60268-1; CCIR 468-3 weighting, quasi-peak; A-weighting according to IEC 61672-1, RMS<br \/>2) measured as equivalent electric input signal<\/p>\n","protected":false},"excerpt":{"rendered":"<p><a href=\"https:\/\/guitarradegranada.com\/wp-content\/uploads\/2022\/07\/neumann-berlin-logo-vector.png\"><img loading=\"lazy\" decoding=\"async\" class=\"size-medium wp-image-5143\" src=\"https:\/\/guitarradegranada.com\/wp-content\/uploads\/2022\/07\/neumann-berlin-logo-vector-300x81.png\" alt=\"Neumann\" width=\"300\" height=\"81\" srcset=\"https:\/\/guitarradegranada.com\/wp-content\/uploads\/2022\/07\/neumann-berlin-logo-vector-300x81.png 300w, https:\/\/guitarradegranada.com\/wp-content\/uploads\/2022\/07\/neumann-berlin-logo-vector-629x170.png 629w, https:\/\/guitarradegranada.com\/wp-content\/uploads\/2022\/07\/neumann-berlin-logo-vector-64x17.png 64w, https:\/\/guitarradegranada.com\/wp-content\/uploads\/2022\/07\/neumann-berlin-logo-vector-768x207.png 768w, https:\/\/guitarradegranada.com\/wp-content\/uploads\/2022\/07\/neumann-berlin-logo-vector-560x151.png 560w, https:\/\/guitarradegranada.com\/wp-content\/uploads\/2022\/07\/neumann-berlin-logo-vector-190x51.png 190w, https:\/\/guitarradegranada.com\/wp-content\/uploads\/2022\/07\/neumann-berlin-logo-vector-334x90.png 334w, https:\/\/guitarradegranada.com\/wp-content\/uploads\/2022\/07\/neumann-berlin-logo-vector.png 898w\" sizes=\"auto, (max-width: 300px) 100vw, 300px\" \/><\/a><\/p>\n<h5><strong>NEUMANN TLM67 LARGE DIAPHRAGM MULTIPATTERN MICROPHONE NICKEL<\/strong><\/h5>\n","protected":false},"featured_media":5216,"template":"","meta":{"_coblocks_attr":"","_coblocks_dimensions":"","_coblocks_responsive_height":"","_coblocks_accordion_ie_support":"","_crdt_document":"","jetpack_publicize_message":"","jetpack_publicize_feature_enabled":true,"jetpack_social_post_already_shared":true,"jetpack_social_options":{"image_generator_settings":{"template":"highway","default_image_id":0,"font":"","enabled":false},"version":2},"_wpas_customize_per_network":false},"product_brand":[],"product_cat":[50518879,50518881],"product_tag":[50518942,50518943],"class_list":{"0":"post-7414","1":"product","2":"type-product","3":"status-publish","4":"has-post-thumbnail","6":"product_cat-guitar-accessories","7":"product_cat-guitar-amplification","8":"product_tag-neumann","9":"product_tag-tlm67","10":"product_shipping_class-free-shipping","12":"first","13":"outofstock","14":"sale","15":"taxable","16":"shipping-taxable","17":"purchasable","18":"product-type-simple"},"bundled_by":[],"bundle_stock_status":"outofstock","bundle_stock_quantity":null,"bundle_virtual":false,"bundle_layout":"","bundle_add_to_cart_form_location":"","bundle_editable_in_cart":false,"bundle_sold_individually_context":"","bundle_item_grouping":"","bundle_min_size":"","bundle_max_size":"","bundle_price":[],"bundled_items":[],"bundle_sell_ids":[],"group_of_quantity":0,"min_quantity":0,"max_quantity":"","exclude_order_quantity_value_rules":"no","exclude_category_quantity_rules":"no","combine_variations":"no","exclude_global_add_ons":[],"addons":[],"yoast_head":"<!-- This site is optimized with the Yoast SEO plugin v27.5 - https:\/\/yoast.com\/product\/yoast-seo-wordpress\/ -->\n<title>\u25b7 Neumann TLM67 - LA GUITARRER\u00cdA DE GRANADA%.<\/title>\n<meta name=\"description\" content=\"DISCOUNTS!!! Neumann TLM67 versatile studio microphone with three polar patterns. Faithful, elegant and very clean sound. Free shipping\" \/>\n<meta name=\"robots\" content=\"index, follow, max-snippet:-1, max-image-preview:large, max-video-preview:-1\" \/>\n<link rel=\"canonical\" href=\"https:\/\/guitarradegranada.com\/en\/product\/neumann-tlm67\/\" \/>\n<meta property=\"og:locale\" content=\"en_US\" \/>\n<meta property=\"og:type\" content=\"article\" \/>\n<meta property=\"og:title\" content=\"\u25b7 Neumann TLM67 - LA GUITARRER\u00cdA DE GRANADA%.\" \/>\n<meta property=\"og:description\" content=\"DISCOUNTS!!! Neumann TLM67 versatile studio microphone with three polar patterns. Faithful, elegant and very clean sound. Free shipping\" \/>\n<meta property=\"og:url\" content=\"https:\/\/guitarradegranada.com\/en\/product\/neumann-tlm67\/\" \/>\n<meta property=\"og:site_name\" content=\"LA GUITARRER\u00cdA DE GRANADA\" \/>\n<meta property=\"article:modified_time\" content=\"2026-03-23T16:00:22+00:00\" \/>\n<meta property=\"og:image\" content=\"https:\/\/i0.wp.com\/guitarradegranada.com\/wp-content\/uploads\/2022\/08\/Neumann-TLM67.jpg?fit=600%2C600&ssl=1\" \/>\n\t<meta property=\"og:image:width\" content=\"600\" \/>\n\t<meta property=\"og:image:height\" content=\"600\" \/>\n\t<meta property=\"og:image:type\" content=\"image\/jpeg\" \/>\n<meta name=\"twitter:card\" content=\"summary_large_image\" \/>\n<meta name=\"twitter:label1\" content=\"Est. reading time\" \/>\n\t<meta name=\"twitter:data1\" content=\"4 minutes\" \/>\n<script type=\"application\/ld+json\" class=\"yoast-schema-graph\">{\"@context\":\"https:\\\/\\\/schema.org\",\"@graph\":[{\"@type\":\"WebPage\",\"@id\":\"https:\\\/\\\/guitarradegranada.com\\\/en\\\/product\\\/neumann-tlm67\\\/\",\"url\":\"https:\\\/\\\/guitarradegranada.com\\\/en\\\/product\\\/neumann-tlm67\\\/\",\"name\":\"\u25b7 Neumann TLM67 - LA GUITARRER\u00cdA DE GRANADA%.\",\"isPartOf\":{\"@id\":\"https:\\\/\\\/guitarradegranada.com\\\/en\\\/#website\"},\"primaryImageOfPage\":{\"@id\":\"https:\\\/\\\/guitarradegranada.com\\\/en\\\/product\\\/neumann-tlm67\\\/#primaryimage\"},\"image\":{\"@id\":\"https:\\\/\\\/guitarradegranada.com\\\/en\\\/product\\\/neumann-tlm67\\\/#primaryimage\"},\"thumbnailUrl\":\"https:\\\/\\\/guitarradegranada.com\\\/wp-content\\\/uploads\\\/2022\\\/08\\\/Neumann-TLM67.jpg\",\"datePublished\":\"2022-08-22T15:32:35+00:00\",\"dateModified\":\"2026-03-23T16:00:22+00:00\",\"description\":\"DISCOUNTS!!! Neumann TLM67 versatile studio microphone with three polar patterns. Faithful, elegant and very clean sound. Free shipping\",\"breadcrumb\":{\"@id\":\"https:\\\/\\\/guitarradegranada.com\\\/en\\\/product\\\/neumann-tlm67\\\/#breadcrumb\"},\"inLanguage\":\"en-US\",\"potentialAction\":[{\"@type\":\"ReadAction\",\"target\":[\"https:\\\/\\\/guitarradegranada.com\\\/en\\\/product\\\/neumann-tlm67\\\/\"]}]},{\"@type\":\"ImageObject\",\"inLanguage\":\"en-US\",\"@id\":\"https:\\\/\\\/guitarradegranada.com\\\/en\\\/product\\\/neumann-tlm67\\\/#primaryimage\",\"url\":\"https:\\\/\\\/guitarradegranada.com\\\/wp-content\\\/uploads\\\/2022\\\/08\\\/Neumann-TLM67.jpg\",\"contentUrl\":\"https:\\\/\\\/guitarradegranada.com\\\/wp-content\\\/uploads\\\/2022\\\/08\\\/Neumann-TLM67.jpg\",\"width\":600,\"height\":600,\"caption\":\"Neumann TLM67\"},{\"@type\":\"BreadcrumbList\",\"@id\":\"https:\\\/\\\/guitarradegranada.com\\\/en\\\/product\\\/neumann-tlm67\\\/#breadcrumb\",\"itemListElement\":[{\"@type\":\"ListItem\",\"position\":1,\"name\":\"Portada\",\"item\":\"https:\\\/\\\/guitarradegranada.com\\\/en\\\/\"},{\"@type\":\"ListItem\",\"position\":2,\"name\":\"Store\",\"item\":\"https:\\\/\\\/guitarradegranada.com\\\/en\\\/store\\\/\"},{\"@type\":\"ListItem\",\"position\":3,\"name\":\"Neumann TLM67\"}]},{\"@type\":\"WebSite\",\"@id\":\"https:\\\/\\\/guitarradegranada.com\\\/en\\\/#website\",\"url\":\"https:\\\/\\\/guitarradegranada.com\\\/en\\\/\",\"name\":\"LA GUITARRER\u00cdA DE GRANADA\",\"description\":\"La Guitarrer\u00eda de Granada es un taller de lutheria artesano y una tienda d\u00f3nde puedes encontrar guitarras artesanas flamencas, cl\u00e1sicas y todos los accesorios para guitarristas\",\"publisher\":{\"@id\":\"https:\\\/\\\/guitarradegranada.com\\\/en\\\/#organization\"},\"potentialAction\":[{\"@type\":\"SearchAction\",\"target\":{\"@type\":\"EntryPoint\",\"urlTemplate\":\"https:\\\/\\\/guitarradegranada.com\\\/en\\\/?s={search_term_string}\"},\"query-input\":{\"@type\":\"PropertyValueSpecification\",\"valueRequired\":true,\"valueName\":\"search_term_string\"}}],\"inLanguage\":\"en-US\"},{\"@type\":\"Organization\",\"@id\":\"https:\\\/\\\/guitarradegranada.com\\\/en\\\/#organization\",\"name\":\"Guitarra de Granada\",\"url\":\"https:\\\/\\\/guitarradegranada.com\\\/en\\\/\",\"logo\":{\"@type\":\"ImageObject\",\"inLanguage\":\"en-US\",\"@id\":\"https:\\\/\\\/guitarradegranada.com\\\/en\\\/#\\\/schema\\\/logo\\\/image\\\/\",\"url\":\"https:\\\/\\\/guitarradegranada.com\\\/wp-content\\\/uploads\\\/2020\\\/05\\\/Logo-Guitarra-de-Granada.png\",\"contentUrl\":\"https:\\\/\\\/guitarradegranada.com\\\/wp-content\\\/uploads\\\/2020\\\/05\\\/Logo-Guitarra-de-Granada.png\",\"width\":1314,\"height\":219,\"caption\":\"Guitarra de Granada\"},\"image\":{\"@id\":\"https:\\\/\\\/guitarradegranada.com\\\/en\\\/#\\\/schema\\\/logo\\\/image\\\/\"}}]}<\/script>\n<!-- \/ Yoast SEO plugin. -->","yoast_head_json":{"title":"\u25b7 Neumann TLM67 - LA GUITARRER\u00cdA DE GRANADA%.","description":"DISCOUNTS!!! Neumann TLM67 versatile studio microphone with three polar patterns. Faithful, elegant and very clean sound. Free shipping","robots":{"index":"index","follow":"follow","max-snippet":"max-snippet:-1","max-image-preview":"max-image-preview:large","max-video-preview":"max-video-preview:-1"},"canonical":"https:\/\/guitarradegranada.com\/en\/product\/neumann-tlm67\/","og_locale":"en_US","og_type":"article","og_title":"\u25b7 Neumann TLM67 - LA GUITARRER\u00cdA DE GRANADA%.","og_description":"DISCOUNTS!!! Neumann TLM67 versatile studio microphone with three polar patterns. Faithful, elegant and very clean sound. Free shipping","og_url":"https:\/\/guitarradegranada.com\/en\/product\/neumann-tlm67\/","og_site_name":"LA GUITARRER\u00cdA DE GRANADA","article_modified_time":"2026-03-23T16:00:22+00:00","og_image":[{"width":600,"height":600,"url":"https:\/\/i0.wp.com\/guitarradegranada.com\/wp-content\/uploads\/2022\/08\/Neumann-TLM67.jpg?fit=600%2C600&ssl=1","type":"image\/jpeg"}],"twitter_card":"summary_large_image","twitter_misc":{"Est. reading time":"4 minutes"},"schema":{"@context":"https:\/\/schema.org","@graph":[{"@type":"WebPage","@id":"https:\/\/guitarradegranada.com\/en\/product\/neumann-tlm67\/","url":"https:\/\/guitarradegranada.com\/en\/product\/neumann-tlm67\/","name":"\u25b7 Neumann TLM67 - LA GUITARRER\u00cdA DE GRANADA%.","isPartOf":{"@id":"https:\/\/guitarradegranada.com\/en\/#website"},"primaryImageOfPage":{"@id":"https:\/\/guitarradegranada.com\/en\/product\/neumann-tlm67\/#primaryimage"},"image":{"@id":"https:\/\/guitarradegranada.com\/en\/product\/neumann-tlm67\/#primaryimage"},"thumbnailUrl":"https:\/\/guitarradegranada.com\/wp-content\/uploads\/2022\/08\/Neumann-TLM67.jpg","datePublished":"2022-08-22T15:32:35+00:00","dateModified":"2026-03-23T16:00:22+00:00","description":"DISCOUNTS!!! Neumann TLM67 versatile studio microphone with three polar patterns. Faithful, elegant and very clean sound. Free shipping","breadcrumb":{"@id":"https:\/\/guitarradegranada.com\/en\/product\/neumann-tlm67\/#breadcrumb"},"inLanguage":"en-US","potentialAction":[{"@type":"ReadAction","target":["https:\/\/guitarradegranada.com\/en\/product\/neumann-tlm67\/"]}]},{"@type":"ImageObject","inLanguage":"en-US","@id":"https:\/\/guitarradegranada.com\/en\/product\/neumann-tlm67\/#primaryimage","url":"https:\/\/guitarradegranada.com\/wp-content\/uploads\/2022\/08\/Neumann-TLM67.jpg","contentUrl":"https:\/\/guitarradegranada.com\/wp-content\/uploads\/2022\/08\/Neumann-TLM67.jpg","width":600,"height":600,"caption":"Neumann TLM67"},{"@type":"BreadcrumbList","@id":"https:\/\/guitarradegranada.com\/en\/product\/neumann-tlm67\/#breadcrumb","itemListElement":[{"@type":"ListItem","position":1,"name":"Portada","item":"https:\/\/guitarradegranada.com\/en\/"},{"@type":"ListItem","position":2,"name":"Store","item":"https:\/\/guitarradegranada.com\/en\/store\/"},{"@type":"ListItem","position":3,"name":"Neumann TLM67"}]},{"@type":"WebSite","@id":"https:\/\/guitarradegranada.com\/en\/#website","url":"https:\/\/guitarradegranada.com\/en\/","name":"LA GUITARRER\u00cdA DE GRANADA","description":"La Guitarrer\u00eda de Granada es un taller de lutheria artesano y una tienda d\u00f3nde puedes encontrar guitarras artesanas flamencas, cl\u00e1sicas y todos los accesorios para guitarristas","publisher":{"@id":"https:\/\/guitarradegranada.com\/en\/#organization"},"potentialAction":[{"@type":"SearchAction","target":{"@type":"EntryPoint","urlTemplate":"https:\/\/guitarradegranada.com\/en\/?s={search_term_string}"},"query-input":{"@type":"PropertyValueSpecification","valueRequired":true,"valueName":"search_term_string"}}],"inLanguage":"en-US"},{"@type":"Organization","@id":"https:\/\/guitarradegranada.com\/en\/#organization","name":"Guitarra de Granada","url":"https:\/\/guitarradegranada.com\/en\/","logo":{"@type":"ImageObject","inLanguage":"en-US","@id":"https:\/\/guitarradegranada.com\/en\/#\/schema\/logo\/image\/","url":"https:\/\/guitarradegranada.com\/wp-content\/uploads\/2020\/05\/Logo-Guitarra-de-Granada.png","contentUrl":"https:\/\/guitarradegranada.com\/wp-content\/uploads\/2020\/05\/Logo-Guitarra-de-Granada.png","width":1314,"height":219,"caption":"Guitarra de Granada"},"image":{"@id":"https:\/\/guitarradegranada.com\/en\/#\/schema\/logo\/image\/"}}]}},"jetpack_publicize_connections":[],"jetpack_sharing_enabled":true,"amp_enabled":true,"_links":{"self":[{"href":"https:\/\/guitarradegranada.com\/en\/wp-json\/wp\/v2\/product\/7414","targetHints":{"allow":["GET"]}}],"collection":[{"href":"https:\/\/guitarradegranada.com\/en\/wp-json\/wp\/v2\/product"}],"about":[{"href":"https:\/\/guitarradegranada.com\/en\/wp-json\/wp\/v2\/types\/product"}],"wp:featuredmedia":[{"embeddable":true,"href":"https:\/\/guitarradegranada.com\/en\/wp-json\/wp\/v2\/media\/5216"}],"wp:attachment":[{"href":"https:\/\/guitarradegranada.com\/en\/wp-json\/wp\/v2\/media?parent=7414"}],"wp:term":[{"taxonomy":"product_brand","embeddable":true,"href":"https:\/\/guitarradegranada.com\/en\/wp-json\/wp\/v2\/product_brand?post=7414"},{"taxonomy":"product_cat","embeddable":true,"href":"https:\/\/guitarradegranada.com\/en\/wp-json\/wp\/v2\/product_cat?post=7414"},{"taxonomy":"product_tag","embeddable":true,"href":"https:\/\/guitarradegranada.com\/en\/wp-json\/wp\/v2\/product_tag?post=7414"}],"curies":[{"name":"wp","href":"https:\/\/api.w.org\/{rel}","templated":true}]}}