{"id":7384,"date":"2022-11-29T16:15:38","date_gmt":"2022-11-29T16:15:38","guid":{"rendered":"https:\/\/guitarradegranada.com\/producto\/neumann-tlm-49\/"},"modified":"2026-03-23T16:00:10","modified_gmt":"2026-03-23T16:00:10","slug":"neumann-tlm-49","status":"publish","type":"product","link":"https:\/\/guitarradegranada.com\/en\/product\/neumann-tlm-49\/","title":{"rendered":"Neumann TLM 49"},"content":{"rendered":"<p>Studio microphone with &#8220;retro&#8221; design. Characteristic &#8220;warm&#8221; voice presentation, ideal for singing. Legendary M 49 and U 47 capsules with cardioid characteristic. The package includes a flexible hanger.   <\/p>\n<p>The TLM 49 is a new retro-style large-diaphragm microphone. It has a cardioid pickup characteristic and a &#8220;warm&#8221; sound presentation, especially suited for vocal pickup.<\/p>\n<p>The external design of the microphone is inspired by the legendary M 49 and M 50 types of the 1950s, with the typical &#8220;matt nickel&#8221; color. The pickup system uses the quality of the famous K 47 microphone capsule, which is also used in the M 49 and U 47 types. The sound color is therefore also similar to that of these microphones.  <\/p>\n<p>The combination of retro design with proven Neumann technology ensures that the microphone has a low self-noise and high gain. The TLM 49 was developed as a vocal microphone, but is also suitable for picking up instruments in professional studios. <\/p>\n<p>It is available in matte nickel.<\/p>\n<p>Characteristics:<\/p>\n<p>&#8211; Optimized for voice capture.<\/p>\n<p>&#8211; Pressure gradient transducer with large diaphragm capsule of the legendary type U 47<\/p>\n<p>&#8211; Cardioid directional characteristic<\/p>\n<p>&#8211; Retro&#8221; design<\/p>\n<p>&#8211; Transformerless circuits<\/p>\n<p>&#8211; Acoustically open grille design<\/p>\n<p>&#8211; The packaging includes the EA 3 flexible suspension<\/p>\n<p>Specifications:<\/p>\n<p>&#8211; Acoustic system: pressure gradient<\/p>\n<p>&#8211; Sensitivity at 1 kHz\/1 kOhm: 13 mV\/Pa<\/p>\n<p>&#8211; Minimum load impedance: 1 000 ohms<\/p>\n<p>&#8211; CCIR noise level: 23 dB<\/p>\n<p>&#8211; Noise level A: 12 dB-A<\/p>\n<p>&#8211; CCIR signal-to-noise ratio: 71 dB<\/p>\n<p>&#8211; Signal-to-noise ratio A: 82 dB<\/p>\n<p>&#8211; Max. Sound Pressure Level (SPL) at &lt; 0.5% distortion: 110 dB <\/p>\n<p>&#8211; Maximum output voltage: 11 dBu<\/p>\n<p>&#8211; Microphone amplifier dynamic range, 0.5%: 98 dB<\/p>\n<p>&#8211; Supply voltage (P48, IEC 61938): 48 V \u00b1 4 V<\/p>\n<p>&#8211; Supply current (P48, IEC 61938): 3.2 mA<\/p>\n<p>&#8211; Connector: XLR 3M<\/p>\n<p>&#8211; Diameter: 78 mm<\/p>\n<p>&#8211; Length: 165 mm<\/p>\n<p>Basic accessories:<\/p>\n<p>&#8211; Swivel joint SG 1<\/p>\n<p>&#8211; Anti-popular filter PS 15 \/ PS 20<\/p>\n","protected":false},"excerpt":{"rendered":"<p>Neumann TLM 49 Set Microphone<\/p>\n","protected":false},"featured_media":5401,"template":"","meta":{"_coblocks_attr":"","_coblocks_dimensions":"","_coblocks_responsive_height":"","_coblocks_accordion_ie_support":"","_crdt_document":"","jetpack_post_was_ever_published":false,"jetpack_publicize_message":"","jetpack_publicize_feature_enabled":true,"jetpack_social_post_already_shared":true,"jetpack_social_options":{"image_generator_settings":{"template":"highway","default_image_id":0,"font":"","enabled":false},"version":2},"_wpas_customize_per_network":false},"product_brand":[],"product_cat":[50518879,50518881],"product_tag":[],"class_list":{"0":"post-7384","1":"product","2":"type-product","3":"status-publish","4":"has-post-thumbnail","6":"product_cat-guitar-accessories","7":"product_cat-guitar-amplification","8":"product_shipping_class-free-shipping","10":"first","11":"instock","12":"sale","13":"taxable","14":"shipping-taxable","15":"purchasable","16":"product-type-simple"},"bundled_by":[],"bundle_stock_status":"instock","bundle_stock_quantity":null,"bundle_virtual":false,"bundle_layout":"","bundle_add_to_cart_form_location":"","bundle_editable_in_cart":false,"bundle_sold_individually_context":"","bundle_item_grouping":"","bundle_min_size":"","bundle_max_size":"","bundle_price":[],"bundled_items":[],"bundle_sell_ids":[],"group_of_quantity":0,"min_quantity":0,"max_quantity":"","exclude_order_quantity_value_rules":"no","exclude_category_quantity_rules":"no","combine_variations":"no","exclude_global_add_ons":[],"addons":[],"yoast_head":"<!-- This site is optimized with the Yoast SEO plugin v27.3 - https:\/\/yoast.com\/product\/yoast-seo-wordpress\/ -->\n<title>\u25b7Neumann TLM 49% -% LA GUITARRER\u00cdA DE GRANADA%.<\/title>\n<meta name=\"description\" content=\"The TLM 49 has a fixed cardioid pattern and is designed primarily as a microphone for vocalists Neumann TLM 49 Microphone Set | \u2708\ufe0f Free Shipping\" \/>\n<meta name=\"robots\" content=\"index, follow, max-snippet:-1, max-image-preview:large, max-video-preview:-1\" \/>\n<link rel=\"canonical\" href=\"https:\/\/guitarradegranada.com\/en\/product\/neumann-tlm-49\/\" \/>\n<meta property=\"og:locale\" content=\"en_US\" \/>\n<meta property=\"og:type\" content=\"article\" \/>\n<meta property=\"og:title\" content=\"\u25b7Neumann TLM 49% -% LA GUITARRER\u00cdA DE GRANADA%.\" \/>\n<meta property=\"og:description\" content=\"The TLM 49 has a fixed cardioid pattern and is designed primarily as a microphone for vocalists Neumann TLM 49 Microphone Set | \u2708\ufe0f Free Shipping\" \/>\n<meta property=\"og:url\" content=\"https:\/\/guitarradegranada.com\/en\/product\/neumann-tlm-49\/\" \/>\n<meta property=\"og:site_name\" content=\"LA GUITARRER\u00cdA DE GRANADA\" \/>\n<meta property=\"article:modified_time\" content=\"2026-03-23T16:00:10+00:00\" \/>\n<meta property=\"og:image\" content=\"https:\/\/i0.wp.com\/guitarradegranada.com\/wp-content\/uploads\/2022\/11\/img_2589.jpeg?fit=600%2C600&ssl=1\" \/>\n\t<meta property=\"og:image:width\" content=\"600\" \/>\n\t<meta property=\"og:image:height\" content=\"600\" \/>\n\t<meta property=\"og:image:type\" content=\"image\/jpeg\" \/>\n<meta name=\"twitter:card\" content=\"summary_large_image\" \/>\n<meta name=\"twitter:label1\" content=\"Est. reading time\" \/>\n\t<meta name=\"twitter:data1\" content=\"1 minute\" \/>\n<script type=\"application\/ld+json\" class=\"yoast-schema-graph\">{\"@context\":\"https:\\\/\\\/schema.org\",\"@graph\":[{\"@type\":\"WebPage\",\"@id\":\"https:\\\/\\\/guitarradegranada.com\\\/en\\\/product\\\/neumann-tlm-49\\\/\",\"url\":\"https:\\\/\\\/guitarradegranada.com\\\/en\\\/product\\\/neumann-tlm-49\\\/\",\"name\":\"\u25b7Neumann TLM 49% -% LA GUITARRER\u00cdA DE GRANADA%.\",\"isPartOf\":{\"@id\":\"https:\\\/\\\/guitarradegranada.com\\\/en\\\/#website\"},\"primaryImageOfPage\":{\"@id\":\"https:\\\/\\\/guitarradegranada.com\\\/en\\\/product\\\/neumann-tlm-49\\\/#primaryimage\"},\"image\":{\"@id\":\"https:\\\/\\\/guitarradegranada.com\\\/en\\\/product\\\/neumann-tlm-49\\\/#primaryimage\"},\"thumbnailUrl\":\"https:\\\/\\\/i0.wp.com\\\/guitarradegranada.com\\\/wp-content\\\/uploads\\\/2022\\\/11\\\/img_2589.jpeg?fit=600%2C600&ssl=1\",\"datePublished\":\"2022-11-29T16:15:38+00:00\",\"dateModified\":\"2026-03-23T16:00:10+00:00\",\"description\":\"The TLM 49 has a fixed cardioid pattern and is designed primarily as a microphone for vocalists Neumann TLM 49 Microphone Set | \u2708\ufe0f Free Shipping\",\"breadcrumb\":{\"@id\":\"https:\\\/\\\/guitarradegranada.com\\\/en\\\/product\\\/neumann-tlm-49\\\/#breadcrumb\"},\"inLanguage\":\"en-US\",\"potentialAction\":[{\"@type\":\"ReadAction\",\"target\":[\"https:\\\/\\\/guitarradegranada.com\\\/en\\\/product\\\/neumann-tlm-49\\\/\"]}]},{\"@type\":\"ImageObject\",\"inLanguage\":\"en-US\",\"@id\":\"https:\\\/\\\/guitarradegranada.com\\\/en\\\/product\\\/neumann-tlm-49\\\/#primaryimage\",\"url\":\"https:\\\/\\\/i0.wp.com\\\/guitarradegranada.com\\\/wp-content\\\/uploads\\\/2022\\\/11\\\/img_2589.jpeg?fit=600%2C600&ssl=1\",\"contentUrl\":\"https:\\\/\\\/i0.wp.com\\\/guitarradegranada.com\\\/wp-content\\\/uploads\\\/2022\\\/11\\\/img_2589.jpeg?fit=600%2C600&ssl=1\",\"width\":600,\"height\":600},{\"@type\":\"BreadcrumbList\",\"@id\":\"https:\\\/\\\/guitarradegranada.com\\\/en\\\/product\\\/neumann-tlm-49\\\/#breadcrumb\",\"itemListElement\":[{\"@type\":\"ListItem\",\"position\":1,\"name\":\"Portada\",\"item\":\"https:\\\/\\\/guitarradegranada.com\\\/en\\\/\"},{\"@type\":\"ListItem\",\"position\":2,\"name\":\"Store\",\"item\":\"https:\\\/\\\/guitarradegranada.com\\\/en\\\/store\\\/\"},{\"@type\":\"ListItem\",\"position\":3,\"name\":\"Neumann TLM 49\"}]},{\"@type\":\"WebSite\",\"@id\":\"https:\\\/\\\/guitarradegranada.com\\\/en\\\/#website\",\"url\":\"https:\\\/\\\/guitarradegranada.com\\\/en\\\/\",\"name\":\"LA GUITARRER\u00cdA DE GRANADA\",\"description\":\"La Guitarrer\u00eda de Granada es un taller de lutheria artesano y una tienda d\u00f3nde puedes encontrar guitarras artesanas flamencas, cl\u00e1sicas y todos los accesorios para guitarristas\",\"publisher\":{\"@id\":\"https:\\\/\\\/guitarradegranada.com\\\/en\\\/#organization\"},\"potentialAction\":[{\"@type\":\"SearchAction\",\"target\":{\"@type\":\"EntryPoint\",\"urlTemplate\":\"https:\\\/\\\/guitarradegranada.com\\\/en\\\/?s={search_term_string}\"},\"query-input\":{\"@type\":\"PropertyValueSpecification\",\"valueRequired\":true,\"valueName\":\"search_term_string\"}}],\"inLanguage\":\"en-US\"},{\"@type\":\"Organization\",\"@id\":\"https:\\\/\\\/guitarradegranada.com\\\/en\\\/#organization\",\"name\":\"Guitarra de Granada\",\"url\":\"https:\\\/\\\/guitarradegranada.com\\\/en\\\/\",\"logo\":{\"@type\":\"ImageObject\",\"inLanguage\":\"en-US\",\"@id\":\"https:\\\/\\\/guitarradegranada.com\\\/en\\\/#\\\/schema\\\/logo\\\/image\\\/\",\"url\":\"https:\\\/\\\/guitarradegranada.com\\\/wp-content\\\/uploads\\\/2020\\\/05\\\/Logo-Guitarra-de-Granada.png\",\"contentUrl\":\"https:\\\/\\\/guitarradegranada.com\\\/wp-content\\\/uploads\\\/2020\\\/05\\\/Logo-Guitarra-de-Granada.png\",\"width\":1314,\"height\":219,\"caption\":\"Guitarra de Granada\"},\"image\":{\"@id\":\"https:\\\/\\\/guitarradegranada.com\\\/en\\\/#\\\/schema\\\/logo\\\/image\\\/\"}}]}<\/script>\n<!-- \/ Yoast SEO plugin. -->","yoast_head_json":{"title":"\u25b7Neumann TLM 49% -% LA GUITARRER\u00cdA DE GRANADA%.","description":"The TLM 49 has a fixed cardioid pattern and is designed primarily as a microphone for vocalists Neumann TLM 49 Microphone Set | \u2708\ufe0f Free Shipping","robots":{"index":"index","follow":"follow","max-snippet":"max-snippet:-1","max-image-preview":"max-image-preview:large","max-video-preview":"max-video-preview:-1"},"canonical":"https:\/\/guitarradegranada.com\/en\/product\/neumann-tlm-49\/","og_locale":"en_US","og_type":"article","og_title":"\u25b7Neumann TLM 49% -% LA GUITARRER\u00cdA DE GRANADA%.","og_description":"The TLM 49 has a fixed cardioid pattern and is designed primarily as a microphone for vocalists Neumann TLM 49 Microphone Set | \u2708\ufe0f Free Shipping","og_url":"https:\/\/guitarradegranada.com\/en\/product\/neumann-tlm-49\/","og_site_name":"LA GUITARRER\u00cdA DE GRANADA","article_modified_time":"2026-03-23T16:00:10+00:00","og_image":[{"width":600,"height":600,"url":"https:\/\/i0.wp.com\/guitarradegranada.com\/wp-content\/uploads\/2022\/11\/img_2589.jpeg?fit=600%2C600&ssl=1","type":"image\/jpeg"}],"twitter_card":"summary_large_image","twitter_misc":{"Est. reading time":"1 minute"},"schema":{"@context":"https:\/\/schema.org","@graph":[{"@type":"WebPage","@id":"https:\/\/guitarradegranada.com\/en\/product\/neumann-tlm-49\/","url":"https:\/\/guitarradegranada.com\/en\/product\/neumann-tlm-49\/","name":"\u25b7Neumann TLM 49% -% LA GUITARRER\u00cdA DE GRANADA%.","isPartOf":{"@id":"https:\/\/guitarradegranada.com\/en\/#website"},"primaryImageOfPage":{"@id":"https:\/\/guitarradegranada.com\/en\/product\/neumann-tlm-49\/#primaryimage"},"image":{"@id":"https:\/\/guitarradegranada.com\/en\/product\/neumann-tlm-49\/#primaryimage"},"thumbnailUrl":"https:\/\/i0.wp.com\/guitarradegranada.com\/wp-content\/uploads\/2022\/11\/img_2589.jpeg?fit=600%2C600&ssl=1","datePublished":"2022-11-29T16:15:38+00:00","dateModified":"2026-03-23T16:00:10+00:00","description":"The TLM 49 has a fixed cardioid pattern and is designed primarily as a microphone for vocalists Neumann TLM 49 Microphone Set | \u2708\ufe0f Free Shipping","breadcrumb":{"@id":"https:\/\/guitarradegranada.com\/en\/product\/neumann-tlm-49\/#breadcrumb"},"inLanguage":"en-US","potentialAction":[{"@type":"ReadAction","target":["https:\/\/guitarradegranada.com\/en\/product\/neumann-tlm-49\/"]}]},{"@type":"ImageObject","inLanguage":"en-US","@id":"https:\/\/guitarradegranada.com\/en\/product\/neumann-tlm-49\/#primaryimage","url":"https:\/\/i0.wp.com\/guitarradegranada.com\/wp-content\/uploads\/2022\/11\/img_2589.jpeg?fit=600%2C600&ssl=1","contentUrl":"https:\/\/i0.wp.com\/guitarradegranada.com\/wp-content\/uploads\/2022\/11\/img_2589.jpeg?fit=600%2C600&ssl=1","width":600,"height":600},{"@type":"BreadcrumbList","@id":"https:\/\/guitarradegranada.com\/en\/product\/neumann-tlm-49\/#breadcrumb","itemListElement":[{"@type":"ListItem","position":1,"name":"Portada","item":"https:\/\/guitarradegranada.com\/en\/"},{"@type":"ListItem","position":2,"name":"Store","item":"https:\/\/guitarradegranada.com\/en\/store\/"},{"@type":"ListItem","position":3,"name":"Neumann TLM 49"}]},{"@type":"WebSite","@id":"https:\/\/guitarradegranada.com\/en\/#website","url":"https:\/\/guitarradegranada.com\/en\/","name":"LA GUITARRER\u00cdA DE GRANADA","description":"La Guitarrer\u00eda de Granada es un taller de lutheria artesano y una tienda d\u00f3nde puedes encontrar guitarras artesanas flamencas, cl\u00e1sicas y todos los accesorios para guitarristas","publisher":{"@id":"https:\/\/guitarradegranada.com\/en\/#organization"},"potentialAction":[{"@type":"SearchAction","target":{"@type":"EntryPoint","urlTemplate":"https:\/\/guitarradegranada.com\/en\/?s={search_term_string}"},"query-input":{"@type":"PropertyValueSpecification","valueRequired":true,"valueName":"search_term_string"}}],"inLanguage":"en-US"},{"@type":"Organization","@id":"https:\/\/guitarradegranada.com\/en\/#organization","name":"Guitarra de Granada","url":"https:\/\/guitarradegranada.com\/en\/","logo":{"@type":"ImageObject","inLanguage":"en-US","@id":"https:\/\/guitarradegranada.com\/en\/#\/schema\/logo\/image\/","url":"https:\/\/guitarradegranada.com\/wp-content\/uploads\/2020\/05\/Logo-Guitarra-de-Granada.png","contentUrl":"https:\/\/guitarradegranada.com\/wp-content\/uploads\/2020\/05\/Logo-Guitarra-de-Granada.png","width":1314,"height":219,"caption":"Guitarra de Granada"},"image":{"@id":"https:\/\/guitarradegranada.com\/en\/#\/schema\/logo\/image\/"}}]}},"jetpack_publicize_connections":[],"jetpack_sharing_enabled":true,"amp_enabled":true,"_links":{"self":[{"href":"https:\/\/guitarradegranada.com\/en\/wp-json\/wp\/v2\/product\/7384","targetHints":{"allow":["GET"]}}],"collection":[{"href":"https:\/\/guitarradegranada.com\/en\/wp-json\/wp\/v2\/product"}],"about":[{"href":"https:\/\/guitarradegranada.com\/en\/wp-json\/wp\/v2\/types\/product"}],"wp:featuredmedia":[{"embeddable":true,"href":"https:\/\/guitarradegranada.com\/en\/wp-json\/wp\/v2\/media\/5401"}],"wp:attachment":[{"href":"https:\/\/guitarradegranada.com\/en\/wp-json\/wp\/v2\/media?parent=7384"}],"wp:term":[{"taxonomy":"product_brand","embeddable":true,"href":"https:\/\/guitarradegranada.com\/en\/wp-json\/wp\/v2\/product_brand?post=7384"},{"taxonomy":"product_cat","embeddable":true,"href":"https:\/\/guitarradegranada.com\/en\/wp-json\/wp\/v2\/product_cat?post=7384"},{"taxonomy":"product_tag","embeddable":true,"href":"https:\/\/guitarradegranada.com\/en\/wp-json\/wp\/v2\/product_tag?post=7384"}],"curies":[{"name":"wp","href":"https:\/\/api.w.org\/{rel}","templated":true}]}}