{"id":7363,"date":"2022-12-20T14:26:59","date_gmt":"2022-12-20T14:26:59","guid":{"rendered":"https:\/\/guitarradegranada.com\/producto\/cejilla-flamenca-handmade-carved-flamenco-capo\/"},"modified":"2022-12-20T14:26:59","modified_gmt":"2022-12-20T14:26:59","slug":"cejilla-flamenca-handmade-carved-flamenco-capo","status":"publish","type":"product","link":"https:\/\/guitarradegranada.com\/en\/product\/cejilla-flamenca-handmade-carved-flamenco-capo\/","title":{"rendered":"Cejilla flamenca handmade carved flamenco capo"},"content":{"rendered":"<p>The Cejilla Flamenca Artesana Tallada is a traditional handmade accessory, which stands out for its high quality. Designed specifically for the flamenco guitar, this capo is able to provide the perfect tension required on the strings, allowing for an authentic and vibrant sound. Its craftsmanship guarantees a durable and resistant product, ideal for professional and amateur flamenco musicians.<\/p>\n","protected":false},"excerpt":{"rendered":"<p>The Cejilla Flamenca Artesana Tallada is a traditional handmade accessory, which stands out for its high quality. Designed specifically for the flamenco guitar, this capo is able to provide the perfect tension required on the strings, allowing for an authentic and vibrant sound. Its craftsmanship guarantees a durable and resistant product, ideal for professional and [&#8230;]\n","protected":false},"featured_media":5480,"template":"","meta":{"_coblocks_attr":"","_coblocks_dimensions":"","_coblocks_responsive_height":"","_coblocks_accordion_ie_support":"","_crdt_document":"","jetpack_post_was_ever_published":false,"jetpack_publicize_message":"","jetpack_publicize_feature_enabled":true,"jetpack_social_post_already_shared":true,"jetpack_social_options":{"image_generator_settings":{"template":"highway","default_image_id":0,"font":"","enabled":false},"version":2},"_wpas_customize_per_network":false},"product_brand":[],"product_cat":[50518893,50518909,50518896],"product_tag":[],"class_list":{"0":"post-7363","1":"product","2":"type-product","3":"status-publish","4":"has-post-thumbnail","6":"product_cat-handmade-eyebrows","7":"product_cat-other-instruments","8":"product_cat-special-capos","10":"first","11":"outofstock","12":"sale","13":"taxable","14":"shipping-taxable","15":"purchasable","16":"product-type-simple"},"bundled_by":[],"bundle_stock_status":"outofstock","bundle_stock_quantity":null,"bundle_virtual":false,"bundle_layout":"","bundle_add_to_cart_form_location":"","bundle_editable_in_cart":false,"bundle_sold_individually_context":"","bundle_item_grouping":"","bundle_min_size":"","bundle_max_size":"","bundle_price":[],"bundled_items":[],"bundle_sell_ids":[],"group_of_quantity":0,"min_quantity":0,"max_quantity":"","exclude_order_quantity_value_rules":"no","exclude_category_quantity_rules":"no","combine_variations":"no","exclude_global_add_ons":[],"addons":[],"yoast_head":"<!-- This site is optimized with the Yoast SEO plugin v27.3 - https:\/\/yoast.com\/product\/yoast-seo-wordpress\/ -->\n<title>Cejilla flamenca handmade carved flamenco capo - LA GUITARRER\u00cdA DE GRANADA<\/title>\n<meta name=\"robots\" content=\"index, follow, max-snippet:-1, max-image-preview:large, max-video-preview:-1\" \/>\n<link rel=\"canonical\" href=\"https:\/\/guitarradegranada.com\/en\/product\/cejilla-flamenca-handmade-carved-flamenco-capo\/\" \/>\n<meta property=\"og:locale\" content=\"en_US\" \/>\n<meta property=\"og:type\" content=\"article\" \/>\n<meta property=\"og:title\" content=\"Cejilla flamenca handmade carved flamenco capo - LA GUITARRER\u00cdA DE GRANADA\" \/>\n<meta property=\"og:description\" content=\"The Cejilla Flamenca Artesana Tallada is a traditional handmade accessory, which stands out for its high quality. Designed specifically for the flamenco guitar, this capo is able to provide the perfect tension required on the strings, allowing for an authentic and vibrant sound. Its craftsmanship guarantees a durable and resistant product, ideal for professional and [...]\" \/>\n<meta property=\"og:url\" content=\"https:\/\/guitarradegranada.com\/en\/product\/cejilla-flamenca-handmade-carved-flamenco-capo\/\" \/>\n<meta property=\"og:site_name\" content=\"LA GUITARRER\u00cdA DE GRANADA\" \/>\n<meta property=\"og:image\" content=\"https:\/\/i0.wp.com\/guitarradegranada.com\/wp-content\/uploads\/2022\/12\/img_3395.jpeg?fit=3000%2C2250&ssl=1\" \/>\n\t<meta property=\"og:image:width\" content=\"3000\" \/>\n\t<meta property=\"og:image:height\" content=\"2250\" \/>\n\t<meta property=\"og:image:type\" content=\"image\/jpeg\" \/>\n<meta name=\"twitter:card\" content=\"summary_large_image\" \/>\n<script type=\"application\/ld+json\" class=\"yoast-schema-graph\">{\"@context\":\"https:\\\/\\\/schema.org\",\"@graph\":[{\"@type\":\"WebPage\",\"@id\":\"https:\\\/\\\/guitarradegranada.com\\\/en\\\/product\\\/cejilla-flamenca-handmade-carved-flamenco-capo\\\/\",\"url\":\"https:\\\/\\\/guitarradegranada.com\\\/en\\\/product\\\/cejilla-flamenca-handmade-carved-flamenco-capo\\\/\",\"name\":\"Cejilla flamenca handmade carved flamenco capo - LA GUITARRER\u00cdA DE GRANADA\",\"isPartOf\":{\"@id\":\"https:\\\/\\\/guitarradegranada.com\\\/en\\\/#website\"},\"primaryImageOfPage\":{\"@id\":\"https:\\\/\\\/guitarradegranada.com\\\/en\\\/product\\\/cejilla-flamenca-handmade-carved-flamenco-capo\\\/#primaryimage\"},\"image\":{\"@id\":\"https:\\\/\\\/guitarradegranada.com\\\/en\\\/product\\\/cejilla-flamenca-handmade-carved-flamenco-capo\\\/#primaryimage\"},\"thumbnailUrl\":\"https:\\\/\\\/i0.wp.com\\\/guitarradegranada.com\\\/wp-content\\\/uploads\\\/2022\\\/12\\\/img_3395.jpeg?fit=3000%2C2250&ssl=1\",\"datePublished\":\"2022-12-20T14:26:59+00:00\",\"breadcrumb\":{\"@id\":\"https:\\\/\\\/guitarradegranada.com\\\/en\\\/product\\\/cejilla-flamenca-handmade-carved-flamenco-capo\\\/#breadcrumb\"},\"inLanguage\":\"en-US\",\"potentialAction\":[{\"@type\":\"ReadAction\",\"target\":[\"https:\\\/\\\/guitarradegranada.com\\\/en\\\/product\\\/cejilla-flamenca-handmade-carved-flamenco-capo\\\/\"]}]},{\"@type\":\"ImageObject\",\"inLanguage\":\"en-US\",\"@id\":\"https:\\\/\\\/guitarradegranada.com\\\/en\\\/product\\\/cejilla-flamenca-handmade-carved-flamenco-capo\\\/#primaryimage\",\"url\":\"https:\\\/\\\/i0.wp.com\\\/guitarradegranada.com\\\/wp-content\\\/uploads\\\/2022\\\/12\\\/img_3395.jpeg?fit=3000%2C2250&ssl=1\",\"contentUrl\":\"https:\\\/\\\/i0.wp.com\\\/guitarradegranada.com\\\/wp-content\\\/uploads\\\/2022\\\/12\\\/img_3395.jpeg?fit=3000%2C2250&ssl=1\",\"width\":3000,\"height\":2250},{\"@type\":\"BreadcrumbList\",\"@id\":\"https:\\\/\\\/guitarradegranada.com\\\/en\\\/product\\\/cejilla-flamenca-handmade-carved-flamenco-capo\\\/#breadcrumb\",\"itemListElement\":[{\"@type\":\"ListItem\",\"position\":1,\"name\":\"Portada\",\"item\":\"https:\\\/\\\/guitarradegranada.com\\\/en\\\/\"},{\"@type\":\"ListItem\",\"position\":2,\"name\":\"Store\",\"item\":\"https:\\\/\\\/guitarradegranada.com\\\/en\\\/store\\\/\"},{\"@type\":\"ListItem\",\"position\":3,\"name\":\"Cejilla flamenca handmade carved flamenco capo\"}]},{\"@type\":\"WebSite\",\"@id\":\"https:\\\/\\\/guitarradegranada.com\\\/en\\\/#website\",\"url\":\"https:\\\/\\\/guitarradegranada.com\\\/en\\\/\",\"name\":\"LA GUITARRER\u00cdA DE GRANADA\",\"description\":\"La Guitarrer\u00eda de Granada es un taller de lutheria artesano y una tienda d\u00f3nde puedes encontrar guitarras artesanas flamencas, cl\u00e1sicas y todos los accesorios para guitarristas\",\"publisher\":{\"@id\":\"https:\\\/\\\/guitarradegranada.com\\\/en\\\/#organization\"},\"potentialAction\":[{\"@type\":\"SearchAction\",\"target\":{\"@type\":\"EntryPoint\",\"urlTemplate\":\"https:\\\/\\\/guitarradegranada.com\\\/en\\\/?s={search_term_string}\"},\"query-input\":{\"@type\":\"PropertyValueSpecification\",\"valueRequired\":true,\"valueName\":\"search_term_string\"}}],\"inLanguage\":\"en-US\"},{\"@type\":\"Organization\",\"@id\":\"https:\\\/\\\/guitarradegranada.com\\\/en\\\/#organization\",\"name\":\"Guitarra de Granada\",\"url\":\"https:\\\/\\\/guitarradegranada.com\\\/en\\\/\",\"logo\":{\"@type\":\"ImageObject\",\"inLanguage\":\"en-US\",\"@id\":\"https:\\\/\\\/guitarradegranada.com\\\/en\\\/#\\\/schema\\\/logo\\\/image\\\/\",\"url\":\"https:\\\/\\\/guitarradegranada.com\\\/wp-content\\\/uploads\\\/2020\\\/05\\\/Logo-Guitarra-de-Granada.png\",\"contentUrl\":\"https:\\\/\\\/guitarradegranada.com\\\/wp-content\\\/uploads\\\/2020\\\/05\\\/Logo-Guitarra-de-Granada.png\",\"width\":1314,\"height\":219,\"caption\":\"Guitarra de Granada\"},\"image\":{\"@id\":\"https:\\\/\\\/guitarradegranada.com\\\/en\\\/#\\\/schema\\\/logo\\\/image\\\/\"}}]}<\/script>\n<!-- \/ Yoast SEO plugin. -->","yoast_head_json":{"title":"Cejilla flamenca handmade carved flamenco capo - LA GUITARRER\u00cdA DE GRANADA","robots":{"index":"index","follow":"follow","max-snippet":"max-snippet:-1","max-image-preview":"max-image-preview:large","max-video-preview":"max-video-preview:-1"},"canonical":"https:\/\/guitarradegranada.com\/en\/product\/cejilla-flamenca-handmade-carved-flamenco-capo\/","og_locale":"en_US","og_type":"article","og_title":"Cejilla flamenca handmade carved flamenco capo - LA GUITARRER\u00cdA DE GRANADA","og_description":"The Cejilla Flamenca Artesana Tallada is a traditional handmade accessory, which stands out for its high quality. Designed specifically for the flamenco guitar, this capo is able to provide the perfect tension required on the strings, allowing for an authentic and vibrant sound. Its craftsmanship guarantees a durable and resistant product, ideal for professional and [...]","og_url":"https:\/\/guitarradegranada.com\/en\/product\/cejilla-flamenca-handmade-carved-flamenco-capo\/","og_site_name":"LA GUITARRER\u00cdA DE GRANADA","og_image":[{"width":3000,"height":2250,"url":"https:\/\/i0.wp.com\/guitarradegranada.com\/wp-content\/uploads\/2022\/12\/img_3395.jpeg?fit=3000%2C2250&ssl=1","type":"image\/jpeg"}],"twitter_card":"summary_large_image","schema":{"@context":"https:\/\/schema.org","@graph":[{"@type":"WebPage","@id":"https:\/\/guitarradegranada.com\/en\/product\/cejilla-flamenca-handmade-carved-flamenco-capo\/","url":"https:\/\/guitarradegranada.com\/en\/product\/cejilla-flamenca-handmade-carved-flamenco-capo\/","name":"Cejilla flamenca handmade carved flamenco capo - LA GUITARRER\u00cdA DE GRANADA","isPartOf":{"@id":"https:\/\/guitarradegranada.com\/en\/#website"},"primaryImageOfPage":{"@id":"https:\/\/guitarradegranada.com\/en\/product\/cejilla-flamenca-handmade-carved-flamenco-capo\/#primaryimage"},"image":{"@id":"https:\/\/guitarradegranada.com\/en\/product\/cejilla-flamenca-handmade-carved-flamenco-capo\/#primaryimage"},"thumbnailUrl":"https:\/\/i0.wp.com\/guitarradegranada.com\/wp-content\/uploads\/2022\/12\/img_3395.jpeg?fit=3000%2C2250&ssl=1","datePublished":"2022-12-20T14:26:59+00:00","breadcrumb":{"@id":"https:\/\/guitarradegranada.com\/en\/product\/cejilla-flamenca-handmade-carved-flamenco-capo\/#breadcrumb"},"inLanguage":"en-US","potentialAction":[{"@type":"ReadAction","target":["https:\/\/guitarradegranada.com\/en\/product\/cejilla-flamenca-handmade-carved-flamenco-capo\/"]}]},{"@type":"ImageObject","inLanguage":"en-US","@id":"https:\/\/guitarradegranada.com\/en\/product\/cejilla-flamenca-handmade-carved-flamenco-capo\/#primaryimage","url":"https:\/\/i0.wp.com\/guitarradegranada.com\/wp-content\/uploads\/2022\/12\/img_3395.jpeg?fit=3000%2C2250&ssl=1","contentUrl":"https:\/\/i0.wp.com\/guitarradegranada.com\/wp-content\/uploads\/2022\/12\/img_3395.jpeg?fit=3000%2C2250&ssl=1","width":3000,"height":2250},{"@type":"BreadcrumbList","@id":"https:\/\/guitarradegranada.com\/en\/product\/cejilla-flamenca-handmade-carved-flamenco-capo\/#breadcrumb","itemListElement":[{"@type":"ListItem","position":1,"name":"Portada","item":"https:\/\/guitarradegranada.com\/en\/"},{"@type":"ListItem","position":2,"name":"Store","item":"https:\/\/guitarradegranada.com\/en\/store\/"},{"@type":"ListItem","position":3,"name":"Cejilla flamenca handmade carved flamenco capo"}]},{"@type":"WebSite","@id":"https:\/\/guitarradegranada.com\/en\/#website","url":"https:\/\/guitarradegranada.com\/en\/","name":"LA GUITARRER\u00cdA DE GRANADA","description":"La Guitarrer\u00eda de Granada es un taller de lutheria artesano y una tienda d\u00f3nde puedes encontrar guitarras artesanas flamencas, cl\u00e1sicas y todos los accesorios para guitarristas","publisher":{"@id":"https:\/\/guitarradegranada.com\/en\/#organization"},"potentialAction":[{"@type":"SearchAction","target":{"@type":"EntryPoint","urlTemplate":"https:\/\/guitarradegranada.com\/en\/?s={search_term_string}"},"query-input":{"@type":"PropertyValueSpecification","valueRequired":true,"valueName":"search_term_string"}}],"inLanguage":"en-US"},{"@type":"Organization","@id":"https:\/\/guitarradegranada.com\/en\/#organization","name":"Guitarra de Granada","url":"https:\/\/guitarradegranada.com\/en\/","logo":{"@type":"ImageObject","inLanguage":"en-US","@id":"https:\/\/guitarradegranada.com\/en\/#\/schema\/logo\/image\/","url":"https:\/\/guitarradegranada.com\/wp-content\/uploads\/2020\/05\/Logo-Guitarra-de-Granada.png","contentUrl":"https:\/\/guitarradegranada.com\/wp-content\/uploads\/2020\/05\/Logo-Guitarra-de-Granada.png","width":1314,"height":219,"caption":"Guitarra de Granada"},"image":{"@id":"https:\/\/guitarradegranada.com\/en\/#\/schema\/logo\/image\/"}}]}},"jetpack_publicize_connections":[],"jetpack_sharing_enabled":true,"amp_enabled":true,"_links":{"self":[{"href":"https:\/\/guitarradegranada.com\/en\/wp-json\/wp\/v2\/product\/7363","targetHints":{"allow":["GET"]}}],"collection":[{"href":"https:\/\/guitarradegranada.com\/en\/wp-json\/wp\/v2\/product"}],"about":[{"href":"https:\/\/guitarradegranada.com\/en\/wp-json\/wp\/v2\/types\/product"}],"wp:featuredmedia":[{"embeddable":true,"href":"https:\/\/guitarradegranada.com\/en\/wp-json\/wp\/v2\/media\/5480"}],"wp:attachment":[{"href":"https:\/\/guitarradegranada.com\/en\/wp-json\/wp\/v2\/media?parent=7363"}],"wp:term":[{"taxonomy":"product_brand","embeddable":true,"href":"https:\/\/guitarradegranada.com\/en\/wp-json\/wp\/v2\/product_brand?post=7363"},{"taxonomy":"product_cat","embeddable":true,"href":"https:\/\/guitarradegranada.com\/en\/wp-json\/wp\/v2\/product_cat?post=7363"},{"taxonomy":"product_tag","embeddable":true,"href":"https:\/\/guitarradegranada.com\/en\/wp-json\/wp\/v2\/product_tag?post=7363"}],"curies":[{"name":"wp","href":"https:\/\/api.w.org\/{rel}","templated":true}]}}